{"id":56435,"date":"2026-03-25T11:17:33","date_gmt":"2026-03-25T10:17:33","guid":{"rendered":"https:\/\/go-microdose.com\/bestellstatus-uk\/"},"modified":"2026-03-25T11:18:47","modified_gmt":"2026-03-25T10:18:47","slug":"bestellstatus-uk","status":"publish","type":"page","link":"https:\/\/go-microdose.com\/de\/bestellstatus-uk\/","title":{"rendered":"Bestellstatus (UK)"},"content":{"rendered":"<div class=\"wpb-content-wrapper\"><p>[vc_section full_width=&#8220;stretch_row_content&#8220; el_class=&#8220;contact-main-section-with-af&#8220;][vc_row el_class=&#8220;contact-section&#8220;][vc_column el_class=&#8220;container&#8220;][vc_row_inner][vc_column_inner width=&#8220;2\/3&#8243;][vc_custom_heading text=&#8220;Optimierter Versand &amp; rechtliche Hinweise&#8220; font_container=&#8220;tag:h5|text_align:left&#8220; use_theme_fonts=&#8220;yes&#8220; css=&#8220;&#8220; el_class=&#8220;pr-tag&#8220;][vc_custom_heading text=&#8220;Bestellstatus (UK)&#8220; use_theme_fonts=&#8220;yes&#8220; el_class=&#8220;contact-text&#8220;][vc_column_text css=&#8220;&#8220; el_class=&#8220;contact-column&#8220;]<\/p>\n<div class=\"footer-social\">\n<p class=\"p1\"><b>Update zu UK-Lieferungen<\/b><b><\/b><\/p>\n<p class=\"p1\">Wir freuen uns, dir mitteilen zu k\u00f6nnen, dass unsere Versandprozesse mit der Deutschen Post &amp; Royal Mail erfolgreich optimiert wurden und somit schnellere und zuverl\u00e4ssigere Lieferdienste ins Vereinigte K\u00f6nigreich bieten. Seit Februar 2024 haben wir bei allen Bestellungen eine 100%ige Ankunftsrate an den T\u00fcren unserer Kunden erreicht und stellen so sicher, dass unsere Sendungen reibungslos und p\u00fcnktlich bei unseren Kunden ankommen. <\/p>\n<p class=\"p1\"><b>Aktueller Versandstatus:<\/b><b><\/b><\/p>\n<p class=\"p4\">\u2022<b>Erh\u00f6hte Effizienz:<\/b> Unsere Partnerschaft mit der Deutschen Post &amp; Royal Mail hat sich erheblich verbessert, sodass alle Bestellungen schnell und effizient bearbeitet werden. Dies hat seit Anfang 2024 zu einer perfekten Lieferbilanz gef\u00fchrt. <\/p>\n<p class=\"p4\">\u2022<b>Zuverl\u00e4ssige Sendungsverfolgung:<\/b> Wir haben unsere Integration des Sendungsverfolgungssystems verbessert, sodass du deine Bestellung vom Versand bis zur Lieferung zuverl\u00e4ssig verfolgen kannst. Bleibe mit regelm\u00e4\u00dfigen und genauen Updates auf dem Laufenden, indem du unsere Tracking-Seite besuchst: <strong><a href=\"https:\/\/packet.deutschepost.com\/public\/packet_traceit.xhtml\" target=\"_blank\" rel=\"noopener\">Verfolge deine Bestellung<\/a><\/strong>. <\/p>\n<p class=\"p4\">\u2022<b>Engagement f\u00fcr P\u00fcnktlichkeit:<\/b> Das Versandumfeld ist st\u00e4ndig im Wandel, aber unser Engagement f\u00fcr p\u00fcnktliche Lieferung bleibt unersch\u00fctterlich. Wir optimieren kontinuierlich jeden Schritt des Lieferprozesses, um Effizienz und Zuverl\u00e4ssigkeit zu gew\u00e4hrleisten. <\/p>\n<p class=\"p1\"><b>Rechtliche Hinweise:<\/b><b><\/b><\/p>\n<p class=\"p1\">Bevor du eine Bestellung aufgibst, empfehlen wir dir, den rechtlichen Status von Tr\u00fcffeln in deiner Region zu \u00fcberpr\u00fcfen. Detaillierte Informationen zum rechtlichen Status unserer Produkte findest du unter: <a href=\"https:\/\/go-microdose.com\/legal-status-of-truffles\/\"><strong>Rechtlicher Status von Tr\u00fcffeln<\/strong><\/a>. Es ist wichtig, gut informiert zu sein, um Entscheidungen bez\u00fcglich deiner Eink\u00e4ufe zu treffen.  <\/p>\n<p class=\"p1\">Wir wissen, wie wichtig eine p\u00fcnktliche Lieferung ist, und setzen alles daran, dein Erlebnis bei uns so reibungslos und zufriedenstellend wie m\u00f6glich zu gestalten. Sollte es zu unerwarteten Verz\u00f6gerungen kommen, versprechen wir, dich auf dem Laufenden zu halten und proaktive Schritte zur L\u00f6sung etwaiger Probleme zu unternehmen. <\/p>\n<p class=\"p1\">Vielen Dank f\u00fcr dein anhaltendes Vertrauen in GO Microdose. Unser Team steht dir jederzeit f\u00fcr Fragen oder Anliegen zur Verf\u00fcgung. Z\u00f6gere nicht, uns jederzeit zu kontaktieren. Wir freuen uns darauf, dich zu bedienen und deine Zufriedenheit bei jeder Bestellung sicherzustellen.   <\/p>\n<p class=\"p1\"><b>Dein Team GO Microdose<\/b><b><\/b><\/p>\n<\/div>\n<p>[\/vc_column_text][\/vc_column_inner][vc_column_inner width=&#8220;1\/3&#8243;][\/vc_column_inner][\/vc_row_inner][\/vc_column][\/vc_row][\/vc_section]<\/p>\n<\/div>","protected":false},"excerpt":{"rendered":"<p>[vc_section full_width=&#8220;stretch_row_content&#8220; el_class=&#8220;contact-main-section-with-af&#8220;][vc_row el_class=&#8220;contact-section&#8220;][vc_column el_class=&#8220;container&#8220;][vc_row_inner][vc_column_inner width=&#8220;2\/3&#8243;][vc_custom_heading text=&#8220;Optimierter Versand &amp; rechtliche Hinweise&#8220; font_container=&#8220;tag:h5|text_align:left&#8220; use_theme_fonts=&#8220;yes&#8220; css=&#8220;&#8220; el_class=&#8220;pr-tag&#8220;][vc_custom_heading text=&#8220;Bestellstatus (UK)&#8220; use_theme_fonts=&#8220;yes&#8220; el_class=&#8220;contact-text&#8220;][vc_column_text css=&#8220;&#8220; el_class=&#8220;contact-column&#8220;] Update zu UK-Lieferungen Wir freuen uns, dir mitteilen zu k\u00f6nnen, dass unsere Versandprozesse mit der Deutschen Post &amp; Royal Mail erfolgreich optimiert wurden und somit schnellere und zuverl\u00e4ssigere Lieferdienste ins Vereinigte K\u00f6nigreich bieten. Seit [&hellip;]<\/p>\n","protected":false},"author":5548,"featured_media":0,"parent":0,"menu_order":0,"comment_status":"closed","ping_status":"closed","template":"","meta":{"_acf_changed":false,"footnotes":""},"class_list":["post-56435","page","type-page","status-publish","hentry"],"acf":[],"_links":{"self":[{"href":"https:\/\/go-microdose.com\/de\/wp-json\/wp\/v2\/pages\/56435","targetHints":{"allow":["GET"]}}],"collection":[{"href":"https:\/\/go-microdose.com\/de\/wp-json\/wp\/v2\/pages"}],"about":[{"href":"https:\/\/go-microdose.com\/de\/wp-json\/wp\/v2\/types\/page"}],"author":[{"embeddable":true,"href":"https:\/\/go-microdose.com\/de\/wp-json\/wp\/v2\/users\/5548"}],"replies":[{"embeddable":true,"href":"https:\/\/go-microdose.com\/de\/wp-json\/wp\/v2\/comments?post=56435"}],"version-history":[{"count":0,"href":"https:\/\/go-microdose.com\/de\/wp-json\/wp\/v2\/pages\/56435\/revisions"}],"wp:attachment":[{"href":"https:\/\/go-microdose.com\/de\/wp-json\/wp\/v2\/media?parent=56435"}],"curies":[{"name":"wp","href":"https:\/\/api.w.org\/{rel}","templated":true}]}}