{"id":56493,"date":"2026-03-25T11:18:41","date_gmt":"2026-03-25T10:18:41","guid":{"rendered":"https:\/\/go-microdose.com\/der-vollstaendige-microdosing-leitfaden\/"},"modified":"2026-04-07T09:14:24","modified_gmt":"2026-04-07T07:14:24","slug":"der-vollstaendige-microdosing-leitfaden","status":"publish","type":"page","link":"https:\/\/go-microdose.com\/de\/der-vollstaendige-microdosing-leitfaden\/","title":{"rendered":"Der vollst\u00e4ndige Microdosing-Leitfaden"},"content":{"rendered":"<div class=\"wpb-content-wrapper\"><p>[vc_section full_width=&#8220;stretch_row_content&#8220; full_height=&#8220;yes&#8220; content_placement=&#8220;middle&#8220; el_class=&#8220;button-section product-copy-page&#8220; css=&#8220;.vc_custom_1640248080539{padding-bottom: 0px !important;}&#8220;][vc_row full_height=&#8220;yes&#8220; css_animation=&#8220;none&#8220;][vc_column el_class=&#8220;container&#8220;][vc_row_inner content_placement=&#8220;middle&#8220; el_class=&#8220;row-reverse s-magazine-banner&#8220;][vc_column_inner width=&#8220;1\/2&#8243;][vc_single_image image=&#8220;56371&#8243; img_size=&#8220;full&#8220; css=&#8220;&#8220;][\/vc_column_inner][vc_column_inner el_class=&#8220;about-text-column&#8220; width=&#8220;1\/2&#8243;][vc_custom_heading text=&#8220;Dein Leitfaden&#8220; font_container=&#8220;tag:h5|text_align:left&#8220; use_theme_fonts=&#8220;yes&#8220; css=&#8220;&#8220; el_class=&#8220;pr-tag&#8220;][vc_custom_heading text=&#8220;Der vollst\u00e4ndige<br \/>\nMicrodosing-Leitfaden&#8220; font_container=&#8220;tag:h2|text_align:left|color:%23000000&#8243; use_theme_fonts=&#8220;yes&#8220; css=&#8220;&#8220;][vc_column_text css=&#8220;&#8220; el_class=&#8220;product-copy-description mb-0&#8243;]Entfessle die transformative Kraft des Microdosings mit unserem umfassenden Leitfaden, der sowohl f\u00fcr Anf\u00e4nger als auch f\u00fcr erfahrene Entdecker konzipiert wurde. Diese unverzichtbare Ressource taucht tief in die Wissenschaft hinter dem Microdosing ein und erkl\u00e4rt, wie es Kreativit\u00e4t, Fokus und das allgemeine Wohlbefinden steigern kann. <\/p>\n<p>Du lernst Schritt-f\u00fcr-Schritt-Protokolle kennen, entdeckst Tipps zur Bestimmung deiner optimalen Dosis und erkundest die Vorteile der Integration von Microdosing in deinen Alltag. Wir behandeln auch potenzielle Herausforderungen und wie man sie bew\u00e4ltigt, damit du alle Werkzeuge hast, die du f\u00fcr eine erfolgreiche Reise ben\u00f6tigst. Egal, ob du deine Produktivit\u00e4t steigern, Stress bew\u00e4ltigen oder deine Selbsterkenntnis vertiefen m\u00f6chtest \u2013 unser Leitfaden bietet dir alles, was du brauchst.[\/vc_column_text][vc_column_text css=&#8220;&#8220;]                <div class=\"ml-embedded\" data-form=\"tcAR2l\"><\/div>\n            [\/vc_column_text][\/vc_column_inner][\/vc_row_inner][\/vc_column][\/vc_row][vc_row el_class=&#8220;move-next-section&#8220;][vc_column el_class=&#8220;container&#8220;][vc_btn title=&#8220;Mehr erfahren&#8220; style=&#8220;flat&#8220; color=&#8220;black&#8220; css=&#8220;&#8220; link=&#8220;url:%23more|&#8220; el_class=&#8220;discover-more&#8220;][\/vc_column][\/vc_row][\/vc_section][vc_section full_width=&#8220;stretch_row_content&#8220; content_placement=&#8220;middle&#8220; css=&#8220;.vc_custom_1648641388106{background-image: url(https:\/\/go-microdose.com\/wp-content\/uploads\/2021\/12\/background-01.png?id=962) !important;background-position: center !important;background-repeat: no-repeat !important;background-size: cover !important;}&#8220; el_class=&#8220;effect-main-section&#8220; el_id=&#8220;more&#8220;][vc_row][vc_column el_class=&#8220;container&#8220;][vc_row_inner content_placement=&#8220;middle&#8220; el_class=&#8220;row-reverse effect-section&#8220;][vc_column_inner width=&#8220;1\/2&#8243;][vc_single_image image=&#8220;56496&#8243; img_size=&#8220;full&#8220; css=&#8220;&#8220; el_class=&#8220;image-with-shadow&#8220;][\/vc_column_inner][vc_column_inner width=&#8220;1\/2&#8243;][vc_custom_heading text=&#8220;Das Dokument&#8220; font_container=&#8220;tag:h3|text_align:left|color:%23696764&#8243; use_theme_fonts=&#8220;yes&#8220; css=&#8220;&#8220;][vc_custom_heading text=&#8220;Alle notwendigen Informationen&#8220; font_container=&#8220;tag:h2|text_align:left|color:%23000000&#8243; use_theme_fonts=&#8220;yes&#8220; css=&#8220;&#8220; el_class=&#8220;effect-title&#8220;][vc_column_text css=&#8220;&#8220; el_class=&#8220;effect-description&#8220;]Was dich im Inneren erwartet:<\/p>\n<ul>\n<li><strong>Einf\u00fchrung in das Microdosing:<\/strong> Entdecke, was Microdosing ist und wie es funktioniert, um geistige Klarheit, Kreativit\u00e4t und emotionales Wohlbefinden zu f\u00f6rdern.<\/li>\n<li><strong>Vorteile und potenzielle Risiken:<\/strong> Erhalte Einblicke in die Vorz\u00fcge und m\u00f6glichen Nachteile, um eine ausgewogene Sichtweise f\u00fcr fundierte Entscheidungen zu gewinnen.<\/li>\n<li><strong>Finde deinen \u201eSweet Spot\u201c:<\/strong> Lerne, wie du die Dosis auf deine individuellen Bed\u00fcrfnisse abstimmst, um optimale Ergebnisse bei minimalem Risiko zu erzielen.<\/li>\n<li><strong>T\u00e4gliche Protokolle:<\/strong> Folge Schritt-f\u00fcr-Schritt-Anleitungen f\u00fcr Anf\u00e4nger und Fortgeschrittene, die darauf ausgelegt sind, Microdosing nahtlos in deinen Alltag zu integrieren.<\/li>\n<li><strong>Journaling und Integrations-Tipps:<\/strong> Praktische Ratschl\u00e4ge, wie du die Vorteile des Microdosings dokumentieren und in dein Leben integrieren kannst.<\/li>\n<li><strong>Sicherheit und Best Practices:<\/strong> Essenzielle Richtlinien, um eine sichere und effektive Microdosing-Erfahrung zu gew\u00e4hrleisten.<\/li>\n<li><strong>H\u00e4ufig gestellte Fragen:<\/strong> Antworten auf g\u00e4ngige Fragen, von der rechtlichen Lage bis hin zu potenziellen Nebenwirkungen.<\/li>\n<\/ul>\n<p>[\/vc_column_text][\/vc_column_inner][\/vc_row_inner][\/vc_column][\/vc_row][\/vc_section]<\/p>\n<\/div>","protected":false},"excerpt":{"rendered":"<p>[vc_section full_width=&#8220;stretch_row_content&#8220; full_height=&#8220;yes&#8220; content_placement=&#8220;middle&#8220; el_class=&#8220;button-section product-copy-page&#8220; css=&#8220;.vc_custom_1640248080539{padding-bottom: 0px !important;}&#8220;][vc_row full_height=&#8220;yes&#8220; css_animation=&#8220;none&#8220;][vc_column el_class=&#8220;container&#8220;][vc_row_inner content_placement=&#8220;middle&#8220; el_class=&#8220;row-reverse s-magazine-banner&#8220;][vc_column_inner width=&#8220;1\/2&#8243;][vc_single_image image=&#8220;56371&#8243; img_size=&#8220;full&#8220; css=&#8220;&#8220;][\/vc_column_inner][vc_column_inner el_class=&#8220;about-text-column&#8220; width=&#8220;1\/2&#8243;][vc_custom_heading text=&#8220;Dein Leitfaden&#8220; font_container=&#8220;tag:h5|text_align:left&#8220; use_theme_fonts=&#8220;yes&#8220; css=&#8220;&#8220; el_class=&#8220;pr-tag&#8220;][vc_custom_heading text=&#8220;Der vollst\u00e4ndige Microdosing-Leitfaden&#8220; font_container=&#8220;tag:h2|text_align:left|color:%23000000&#8243; use_theme_fonts=&#8220;yes&#8220; css=&#8220;&#8220;][vc_column_text css=&#8220;&#8220; el_class=&#8220;product-copy-description mb-0&#8243;]Entfessle die transformative Kraft des Microdosings mit unserem umfassenden Leitfaden, der sowohl f\u00fcr Anf\u00e4nger als auch f\u00fcr erfahrene Entdecker konzipiert [&hellip;]<\/p>\n","protected":false},"author":5548,"featured_media":0,"parent":0,"menu_order":0,"comment_status":"closed","ping_status":"closed","template":"","meta":{"_acf_changed":false,"footnotes":""},"class_list":["post-56493","page","type-page","status-publish","hentry"],"acf":[],"_links":{"self":[{"href":"https:\/\/go-microdose.com\/de\/wp-json\/wp\/v2\/pages\/56493","targetHints":{"allow":["GET"]}}],"collection":[{"href":"https:\/\/go-microdose.com\/de\/wp-json\/wp\/v2\/pages"}],"about":[{"href":"https:\/\/go-microdose.com\/de\/wp-json\/wp\/v2\/types\/page"}],"author":[{"embeddable":true,"href":"https:\/\/go-microdose.com\/de\/wp-json\/wp\/v2\/users\/5548"}],"replies":[{"embeddable":true,"href":"https:\/\/go-microdose.com\/de\/wp-json\/wp\/v2\/comments?post=56493"}],"version-history":[{"count":0,"href":"https:\/\/go-microdose.com\/de\/wp-json\/wp\/v2\/pages\/56493\/revisions"}],"wp:attachment":[{"href":"https:\/\/go-microdose.com\/de\/wp-json\/wp\/v2\/media?parent=56493"}],"curies":[{"name":"wp","href":"https:\/\/api.w.org\/{rel}","templated":true}]}}