{"id":56539,"date":"2026-03-25T11:19:15","date_gmt":"2026-03-25T10:19:15","guid":{"rendered":"https:\/\/go-microdose.com\/dosierungsrechner\/"},"modified":"2026-03-27T13:10:50","modified_gmt":"2026-03-27T12:10:50","slug":"dosierungsrechner","status":"publish","type":"page","link":"https:\/\/go-microdose.com\/de\/dosierungsrechner\/","title":{"rendered":"Dosierungsrechner"},"content":{"rendered":"<div class=\"wpb-content-wrapper\"><p>[vc_row equal_height=&#8220;yes&#8220; el_class=&#8220;s-mushroom&#8220;][vc_column width=&#8220;5\/12&#8243;][vc_row_inner el_class=&#8220;d-only&#8220;][vc_column_inner][vc_custom_heading text=&#8220;DOSIERUNGSRECHNER&#8220; font_container=&#8220;tag:div|text_align:left&#8220; use_theme_fonts=&#8220;yes&#8220; el_class=&#8220;pr-tag&#8220;][vc_custom_heading source=&#8220;post_title&#8220; font_container=&#8220;tag:h1|text_align:left&#8220; use_theme_fonts=&#8220;yes&#8220; el_class=&#8220;effect-title&#8220;][vc_column_text]Nutze unseren Dosierungsrechner, um die optimale Dosis von Zauberpilzen\/Tr\u00fcffeln basierend auf deinem K\u00f6rpergewicht zu ermitteln.[\/vc_column_text][\/vc_column_inner][\/vc_row_inner][vc_column_text css=&#8220;&#8220; el_id=&#8220;more&#8220;]<strong>Anleitung zur Nutzung des Dosierungsrechners<\/strong><br \/>\nKombiniere die zuvor gegebenen Ratschl\u00e4ge mit unserem Dosierungsrechner, um die perfekte Dosis f\u00fcr ein einzigartiges und sicheres Erlebnis genau zu bestimmen. So gehst du vor: <\/p>\n<p><strong>Dein K\u00f6rpergewicht<\/strong><br \/>\nDein Gewicht spielt eine wichtige Rolle bei der Bestimmung der geeigneten Dosis. Klinische Studien verwenden oft Dosen von etwa 200\u2013300 mg (0,2\u20130,3 Gramm) Psilocybin f\u00fcr Personen mit einem Gewicht von 70 kg als Standardreferenz. Die Dosierungen werden dann basierend auf Gewichten \u00fcber oder unter 70 kg angepasst. Denke daran, dass das Gewicht eines Psilocybin-Extrakts sich von dem frischer oder getrockneter Pilze unterscheidet, was bedeutet, dass deine Dosis mehr als 20 mg betragen wird.   <\/p>\n<p>Gib dein K\u00f6rpergewicht in Kilogramm in den Rechner ein, um eine ma\u00dfgeschneiderte Dosierung zu erhalten.<\/p>\n<p><strong>Wahl zwischen Zauberpilzen oder Tr\u00fcffeln<\/strong><br \/>\nObwohl beide Psilocybin enthalten, weisen Zauberpilze und Tr\u00fcffel erhebliche Unterschiede auf, beginnend mit ihren Wachstumsmustern. W\u00e4hrend Pilze \u00fcber der Erde sprie\u00dfen, sind Tr\u00fcffel unterirdisch. Diese Unterschiede, zusammen mit Unterschieden in der Feuchtigkeitsspeicherung, beeinflussen die Dosierung. Unabh\u00e4ngig von deiner Wahl \u2013 Pilze, Tr\u00fcffel, frisch oder getrocknet \u2013 kann der Rechner deine Dosis genau bestimmen.   <\/p>\n<p><strong>Frische oder getrocknete Pilze\/Tr\u00fcffel<\/strong><br \/>\nDer physikalische Zustand deiner Pilze oder Tr\u00fcffel \u2013 frisch oder getrocknet \u2013 beeinflusst die Dosierung erheblich. Der Rechner ber\u00fccksichtigt dies bei der Bestimmung deiner Dosis. <\/p>\n<p>Als Referenz wird das Gewicht frischer Pilze im Allgemeinen durch 10 geteilt, um das Gewicht der getrockneten Sorte zu ermitteln. F\u00fcr Tr\u00fcffel gilt eine \u00e4hnliche Regel. Unser Rechner kann beide Formen effektiv verarbeiten und dir eine genaue Dosierung liefern.  <\/p>\n<p><strong>Bevorzugte Intensit\u00e4t des Trips<\/strong><br \/>\nNachdem du deine Psilocybin-Art gew\u00e4hlt hast, \u00fcberlege, welche Intensit\u00e4t des Erlebnisses du suchst. Unser Rechner kann dich anleiten, egal ob du eine Mikrodosis oder eine hohe Dosis anstrebst. <\/p>\n<p>Wenn du ein intensives Erlebnis w\u00fcnschst, w\u00e4hle die Option \u201ehohe Dosis\u201c f\u00fcr eine starke Dosis. Anf\u00e4nger oder weniger Erfahrene bevorzugen m\u00f6glicherweise eine niedrigere Dosis. Mit dem zunehmenden Trend zum Mikrodosieren k\u00f6nnte jetzt der perfekte Zeitpunkt sein, es auszuprobieren. Die Wahl liegt bei dir, aber denke daran: Gehe mit Respekt und Vorsicht vor.[\/vc_column_text][\/vc_column][vc_column width=&#8220;1\/12&#8243;][\/vc_column][vc_column width=&#8220;6\/12&#8243; el_class=&#8220;mo-1&#8243;][vc_row_inner el_class=&#8220;m-only&#8220;][vc_column_inner][vc_custom_heading text=&#8220;DOSIERUNGSRECHNER&#8220; font_container=&#8220;tag:div|text_align:left&#8220; use_theme_fonts=&#8220;yes&#8220; el_class=&#8220;pr-tag&#8220;][vc_custom_heading source=&#8220;post_title&#8220; font_container=&#8220;tag:h1|text_align:left&#8220; use_theme_fonts=&#8220;yes&#8220; el_class=&#8220;effect-title&#8220;][vc_column_text]Nutze unseren Zauberpilz-Rechner, um eine Dosierung f\u00fcr Zauberpilze\/Tr\u00fcffel basierend auf deinem Gewicht zu bestimmen. Unterst\u00fctzt werden Pilze, Tr\u00fcffel, frisch und getrocknet.[\/vc_column_text][\/vc_column_inner][\/vc_row_inner][vc_raw_html el_class=&#8220;image-with-shadow gray&#8220;]W211c2hyb29tY2FsY3VsYXRvcl0=[\/vc_raw_html][\/vc_column][\/vc_row][vc_section full_width=&#8220;stretch_row_content&#8220; el_class=&#8220;button-section&#8220; css=&#8220;.vc_custom_1685278442884{background-color: #ffffff !important;}&#8220;][vc_row el_class=&#8220;only-text-content&#8220;][vc_column el_class=&#8220;container&#8220;][vc_row_inner el_class=&#8220;about-text-column&#8220;][vc_column_inner width=&#8220;1\/2&#8243;][vc_custom_heading text=&#8220;Ratschl\u00e4ge&#8220; font_container=&#8220;tag:h5|text_align:left&#8220; use_theme_fonts=&#8220;yes&#8220; el_class=&#8220;pr-tag&#8220;][vc_custom_heading text=&#8220;Die Bedeutung der richtigen Dosierung&#8220; font_container=&#8220;tag:h2|text_align:left|color:%23000000&#8243; use_theme_fonts=&#8220;yes&#8220;][vc_column_text el_class=&#8220;product-copy-description&#8220;]Die Wahl der richtigen Dosierung f\u00fcr deine psychedelische Reise ist entscheidend. Eine \u00fcberm\u00e4\u00dfige Dosis kann zu einem unangenehmen Erlebnis f\u00fchren, w\u00e4hrend eine zu geringe Dosis m\u00f6glicherweise nicht die gew\u00fcnschten Effekte erzielt. F\u00fcr Erstkonsumenten ist es entscheidend, mit einer niedrigen Dosis zu beginnen. W\u00e4hrend die Reaktionen von Personen auf Zauberpilze oder Tr\u00fcffel variieren, ist die Ermittlung der richtigen Dosierung der Schl\u00fcssel zu einem lohnenden Erlebnis.   <\/p>\n<p><strong>Erh\u00f6hung der Dosierungsgenauigkeit<\/strong><br \/>\nUm die Pr\u00e4zision der Dosierung zu erh\u00f6hen, solltest du die Potenz deiner Quelle mitteln. Kombiniere verschiedene Chargen und mahle sie zusammen, um ein gleichm\u00e4\u00dfiges Potenzniveau zu erreichen. Diese Methode vereinfacht und standardisiert die Dosierung.[\/vc_column_text][\/vc_column_inner][vc_column_inner width=&#8220;1\/2&#8243;][vc_custom_heading text=&#8220;Einblicke&#8220; font_container=&#8220;tag:h5|text_align:left&#8220; use_theme_fonts=&#8220;yes&#8220; el_class=&#8220;pr-tag&#8220;][vc_custom_heading text=&#8220;Pilztoleranz verstehen&#8220; font_container=&#8220;tag:h2|text_align:left|color:%23000000&#8243; use_theme_fonts=&#8220;yes&#8220;][vc_column_text el_class=&#8220;effect-description&#8220;]Im Laufe der Zeit kann der h\u00e4ufige Konsum von Pilzen oder Tr\u00fcffeln zu einer entwickelten Toleranz f\u00fchren, was bedeutet, dass du m\u00f6glicherweise h\u00f6here Dosen ben\u00f6tigst, um die gleichen Effekte wie zuvor zu erzielen. Wenn du feststellst, dass die Potenz mit der Zeit abnimmt, ziehe eine Toleranzpause in Betracht. Dies beinhaltet typischerweise eine 2-w\u00f6chige Konsumpause, die deinem K\u00f6rper erm\u00f6glicht, sich zu erholen und eventuelles Rest-Psilocybin vollst\u00e4ndig zu verarbeiten.  <\/p>\n<p>Obwohl Toleranz ein wichtiger Faktor ist, ber\u00fccksichtigt unser Rechner sie nicht und geht davon aus, dass Nutzer keine aufgebaute Toleranz haben. Wenn du in den letzten zwei Wochen Pilze oder Tr\u00fcffel konsumiert hast, warte den Rest der zweiw\u00f6chigen Pause ab, bevor du den Rechner verwendest. Alternativ k\u00f6nntest du die Dosierung leicht erh\u00f6hen, um eine m\u00f6gliche Toleranz auszugleichen.[\/vc_column_text][\/vc_column_inner][\/vc_row_inner][\/vc_column][\/vc_row][\/vc_section][vc_section full_width=&#8220;stretch_row&#8220; el_class=&#8220;related-products show-m&#8220;][vc_row el_class=&#8220;s-our-products&#8220;][vc_column][vc_custom_heading text=&#8220;Produkte&#8220; font_container=&#8220;tag:div|text_align:center&#8220; use_theme_fonts=&#8220;yes&#8220; el_class=&#8220;pr-tag&#8220;][vc_custom_heading text=&#8220;Unsere Produkte&#8220; font_container=&#8220;tag:h3|text_align:center&#8220; use_theme_fonts=&#8220;yes&#8220; el_class=&#8220;effect-title&#8220;][vc_single_image image=&#8220;56338&#8243; img_size=&#8220;full&#8220; el_class=&#8220;fix-image&#8220;]<div class=\"woocommerce columns-3 \"><ul class=\"products columns-3\">\n<li class=\"product type-product post-61244 status-publish first instock product_cat-zubehor has-post-thumbnail taxable shipping-taxable purchasable product-type-simple\"   >\n\t<a href=\"https:\/\/go-microdose.com\/de\/produkt\/praezisionswaage\/\" class=\"woocommerce-LoopProduct-link woocommerce-loop-product__link\"><div class=\"image-wrap\"><img decoding=\"async\" width=\"500\" height=\"410\" src=\"https:\/\/go-microdose.com\/wp-content\/uploads\/2022\/11\/PS1-500x410.png\" class=\"attachment-woocommerce_thumbnail size-woocommerce_thumbnail\" alt=\"Pr\u00e4zisionswaage 2\" srcset=\"https:\/\/go-microdose.com\/wp-content\/uploads\/2022\/11\/PS1-500x410.png 500w, https:\/\/go-microdose.com\/wp-content\/uploads\/2022\/11\/PS1-200x164.png 200w, https:\/\/go-microdose.com\/wp-content\/uploads\/2022\/11\/PS1-1000x820.png 1000w, https:\/\/go-microdose.com\/wp-content\/uploads\/2022\/11\/PS1-300x246.png 300w, https:\/\/go-microdose.com\/wp-content\/uploads\/2022\/11\/PS1-1024x839.png 1024w, https:\/\/go-microdose.com\/wp-content\/uploads\/2022\/11\/PS1-768x630.png 768w, https:\/\/go-microdose.com\/wp-content\/uploads\/2022\/11\/PS1-1536x1259.png 1536w, https:\/\/go-microdose.com\/wp-content\/uploads\/2022\/11\/PS1-2048x1679.png 2048w\" sizes=\"(max-width: 500px) 100vw, 500px\" \/><\/div><div class=\"info-wrap\"><h2 class=\"woocommerce-loop-product__title\">Pr\u00e4zisionswaage<\/h2><\/a>\n\t<div class=\"woocommerce-product-rating\">\n\t\t<div class=\"star-rating\" role=\"img\" aria-label=\"Bewertet mit 5.00 von 5\"><span style=\"width:100%\">Bewertet mit <strong class=\"rating\">5.00<\/strong> von 5, basierend auf <span class=\"rating\">1<\/span> Kundenbewertung<\/span><\/div>\t\t\t\t\t\t\t\t<a href=\"#reviews\" class=\"woocommerce-review-link\" rel=\"nofollow\"><span class=\"count\">1<\/span>\u00a0Rezension<\/a>\n\t\t\t\t\t\t<\/div>\n\n<div class=\"short-description\"><ul>\n<li>0 bis 500 Gramm mit einer Genauigkeit von 0,01 Gramm<\/li>\n<li>blau hintergrundbeleuchtetes 6-stelliges Display<\/li>\n<li>Anzeige in Gramm, oz, tl oder ct<\/li>\n<li>schaltet sich nach 30 Sekunden automatisch aus<\/li>\n<li>Tara- und Z\u00e4hlfunktion<\/li>\n<li>Abmessungen: L\u00e4nge 11,5 cm (B) 6 cm (T) 1,8 cm<\/li>\n<li>funktioniert mit 2 AAA-Batterien (enthalten)<\/li>\n<li>englische Anleitung<\/li>\n<\/ul>\n<ul class=\"more\"><li>&amp; mehr<\/li><\/ul><\/div><\/div><\/a><div class=\"addto-wrap\">\n\t<span class=\"price\"><span class=\"woocommerce-Price-amount amount\"><bdi><span class=\"woocommerce-Price-currencySymbol\">&#36;<\/span>27,50<\/bdi><\/span><\/span>\n<a href=\"\/de\/wp-json\/wp\/v2\/pages\/56539?add-to-cart=61244\" aria-describedby=\"woocommerce_loop_add_to_cart_link_describedby_61244\" data-quantity=\"1\" class=\"button product_type_simple add_to_cart_button ajax_add_to_cart\" data-product_id=\"61244\" data-product_sku=\"\" aria-label=\"In den Warenkorb legen: \u201ePr\u00e4zisionswaage\u201c\" rel=\"nofollow\" data-success_message=\"\u201ePr\u00e4zisionswaage\u201c wurde deinem Warenkorb hinzugef\u00fcgt\" role=\"button\">+ Hinzuf\u00fcgen<\/a>\t<span id=\"woocommerce_loop_add_to_cart_link_describedby_61244\" class=\"screen-reader-text\">\n\t\t\t<\/span>\n<span class=\"gtm4wp_productdata\" style=\"display:none; visibility:hidden;\" data-gtm4wp_product_data=\"{&quot;internal_id&quot;:61244,&quot;item_id&quot;:61244,&quot;item_name&quot;:&quot;Pr\\u00e4zisionswaage&quot;,&quot;sku&quot;:61244,&quot;price&quot;:27.5,&quot;stocklevel&quot;:null,&quot;stockstatus&quot;:&quot;instock&quot;,&quot;google_business_vertical&quot;:&quot;retail&quot;,&quot;item_category&quot;:&quot;&quot;,&quot;id&quot;:61244,&quot;productlink&quot;:&quot;https:\\\/\\\/go-microdose.com\\\/de\\\/produkt\\\/praezisionswaage\\\/&quot;,&quot;item_list_name&quot;:&quot;General Product List&quot;,&quot;index&quot;:1,&quot;product_type&quot;:&quot;simple&quot;,&quot;item_brand&quot;:&quot;&quot;}\"><\/span><div class=\"more-info\"><a href=https:\/\/go-microdose.com\/de\/produkt\/praezisionswaage\/>Sicht<\/a><\/div><\/div><\/li>\n<li class=\"product type-product post-61371 status-publish instock product_cat-microdosing has-post-thumbnail taxable shipping-taxable purchasable product-type-simple\"   >\n\t<a href=\"https:\/\/go-microdose.com\/de\/produkt\/starte-wie-du-moechtest\/\" class=\"woocommerce-LoopProduct-link woocommerce-loop-product__link\"><div class=\"image-wrap\"><img decoding=\"async\" width=\"500\" height=\"410\" src=\"https:\/\/go-microdose.com\/wp-content\/uploads\/2022\/11\/start-as-you-wisht-1-500x410.png\" class=\"attachment-woocommerce_thumbnail size-woocommerce_thumbnail\" alt=\"Microdose starte, wie du m\u00f6chtest\" srcset=\"https:\/\/go-microdose.com\/wp-content\/uploads\/2022\/11\/start-as-you-wisht-1-500x410.png 500w, https:\/\/go-microdose.com\/wp-content\/uploads\/2022\/11\/start-as-you-wisht-1-300x246.png 300w, https:\/\/go-microdose.com\/wp-content\/uploads\/2022\/11\/start-as-you-wisht-1-1024x839.png 1024w, https:\/\/go-microdose.com\/wp-content\/uploads\/2022\/11\/start-as-you-wisht-1-768x630.png 768w, https:\/\/go-microdose.com\/wp-content\/uploads\/2022\/11\/start-as-you-wisht-1-1536x1259.png 1536w, https:\/\/go-microdose.com\/wp-content\/uploads\/2022\/11\/start-as-you-wisht-1-2048x1679.png 2048w, https:\/\/go-microdose.com\/wp-content\/uploads\/2022\/11\/start-as-you-wisht-1-1000x820.png 1000w, https:\/\/go-microdose.com\/wp-content\/uploads\/2022\/11\/start-as-you-wisht-1-200x164.png 200w\" sizes=\"(max-width: 500px) 100vw, 500px\" \/><\/div><div class=\"info-wrap\"><h2 class=\"woocommerce-loop-product__title\">Starte, wie du m\u00f6chtest<\/h2><\/a>\n\t<div class=\"woocommerce-product-rating\">\n\t\t<div class=\"star-rating\" role=\"img\" aria-label=\"Bewertet mit 5.00 von 5\"><span style=\"width:100%\">Bewertet mit <strong class=\"rating\">5.00<\/strong> von 5, basierend auf <span class=\"rating\">14<\/span> Kundenbewertung<\/span><\/div>\t\t\t\t\t\t\t\t<a href=\"#reviews\" class=\"woocommerce-review-link\" rel=\"nofollow\"><span class=\"count\">14<\/span> Bewertungen<\/a>\n\t\t\t\t\t\t<\/div>\n\n<div class=\"short-description\"><ul>\n<li>Ein Strip enth\u00e4lt 6 Tr\u00fcffel-Microdoses \u00e0 1 Gramm<\/li>\n<li>Tr\u00fcffel: Sklerotien des Mexicana-Tr\u00fcffels<\/li>\n<li>100 % biologisch in den Niederlanden produziert<\/li>\n<li>Im K\u00fchlschrank sind versiegelte Tr\u00fcffel 2 bis 3 Monate haltbar<\/li>\n<li>1 Strip reicht f\u00fcr etwa 2 Wochen<\/li>\n<li>Microdose-Benutzerhandbuch enthalten<\/li>\n<li>Wir versenden in viele L\u00e4nder <strong><a href=\"https:\/\/go-microdose.com\/shipping\/\">(mehr erfahren)<\/a><\/strong><\/li>\n<li>Diskrete Lieferung m\u00f6glich<\/li>\n<\/ul>\n<ul class=\"more\"><li>&amp; mehr<\/li><\/ul><\/div><\/div><\/a><div class=\"addto-wrap\">\n\t<span class=\"price\"><span class=\"woocommerce-Price-amount amount\"><bdi><span class=\"woocommerce-Price-currencySymbol\">&#36;<\/span>21,75<\/bdi><\/span><\/span>\n<span class=\"icon-vegan\">Vegan<\/span><a href=\"\/de\/wp-json\/wp\/v2\/pages\/56539?add-to-cart=61371\" aria-describedby=\"woocommerce_loop_add_to_cart_link_describedby_61371\" data-quantity=\"1\" class=\"button product_type_simple add_to_cart_button ajax_add_to_cart\" data-product_id=\"61371\" data-product_sku=\"PSB01\" aria-label=\"In den Warenkorb legen: \u201eStarte, wie du m\u00f6chtest\u201c\" rel=\"nofollow\" data-success_message=\"\u201eStarte, wie du m\u00f6chtest\u201c wurde deinem Warenkorb hinzugef\u00fcgt\" role=\"button\">+ Hinzuf\u00fcgen<\/a>\t<span id=\"woocommerce_loop_add_to_cart_link_describedby_61371\" class=\"screen-reader-text\">\n\t\t\t<\/span>\n<span class=\"gtm4wp_productdata\" style=\"display:none; visibility:hidden;\" data-gtm4wp_product_data=\"{&quot;internal_id&quot;:61371,&quot;item_id&quot;:61371,&quot;item_name&quot;:&quot;Starte, wie du m\\u00f6chtest&quot;,&quot;sku&quot;:&quot;PSB01&quot;,&quot;price&quot;:21.75,&quot;stocklevel&quot;:null,&quot;stockstatus&quot;:&quot;instock&quot;,&quot;google_business_vertical&quot;:&quot;retail&quot;,&quot;item_category&quot;:&quot;Microdosing&quot;,&quot;id&quot;:61371,&quot;productlink&quot;:&quot;https:\\\/\\\/go-microdose.com\\\/de\\\/produkt\\\/starte-wie-du-moechtest\\\/&quot;,&quot;item_list_name&quot;:&quot;General Product List&quot;,&quot;index&quot;:2,&quot;product_type&quot;:&quot;simple&quot;,&quot;item_brand&quot;:&quot;&quot;}\"><\/span><div class=\"more-info\"><a href=https:\/\/go-microdose.com\/de\/produkt\/starte-wie-du-moechtest\/>Sicht<\/a><\/div><\/div><\/li>\n<li class=\"product type-product post-61210 status-publish last instock product_cat-zubehor has-post-thumbnail taxable shipping-taxable purchasable product-type-simple\"   >\n\t<a href=\"https:\/\/go-microdose.com\/de\/produkt\/taschenbehaelter\/\" class=\"woocommerce-LoopProduct-link woocommerce-loop-product__link\"><div class=\"image-wrap\"><img decoding=\"async\" width=\"500\" height=\"410\" src=\"https:\/\/go-microdose.com\/wp-content\/uploads\/2023\/03\/SH3-Copy-500x410.png\" class=\"attachment-woocommerce_thumbnail size-woocommerce_thumbnail\" alt=\"Taschenbeh\u00e4lter\" srcset=\"https:\/\/go-microdose.com\/wp-content\/uploads\/2023\/03\/SH3-Copy-500x410.png 500w, https:\/\/go-microdose.com\/wp-content\/uploads\/2023\/03\/SH3-Copy-200x164.png 200w, https:\/\/go-microdose.com\/wp-content\/uploads\/2023\/03\/SH3-Copy-1000x820.png 1000w, https:\/\/go-microdose.com\/wp-content\/uploads\/2023\/03\/SH3-Copy-300x246.png 300w, https:\/\/go-microdose.com\/wp-content\/uploads\/2023\/03\/SH3-Copy-1024x839.png 1024w, https:\/\/go-microdose.com\/wp-content\/uploads\/2023\/03\/SH3-Copy-768x630.png 768w, https:\/\/go-microdose.com\/wp-content\/uploads\/2023\/03\/SH3-Copy.png 1220w\" sizes=\"(max-width: 500px) 100vw, 500px\" \/><\/div><div class=\"info-wrap\"><h2 class=\"woocommerce-loop-product__title\">Taschenbeh\u00e4lter<\/h2><\/a><div class=\"short-description\"><ul>\n<li>Taschenbeh\u00e4lter zum Aufteilen deiner Tagesdosen<\/li>\n<li>Enth\u00e4lt 3 abschraubbare F\u00e4cher<\/li>\n<li>Wasser- &#038; feuchtigkeitsbest\u00e4ndig<\/li>\n<li>Aus robustem Aluminium gefertigt<\/li>\n<\/ul>\n<ul class=\"more\"><li>&amp; mehr<\/li><\/ul><\/div><\/div><\/a><div class=\"addto-wrap\">\n\t<span class=\"price\"><span class=\"woocommerce-Price-amount amount\"><bdi><span class=\"woocommerce-Price-currencySymbol\">&#36;<\/span>15,75<\/bdi><\/span><\/span>\n<a href=\"\/de\/wp-json\/wp\/v2\/pages\/56539?add-to-cart=61210\" aria-describedby=\"woocommerce_loop_add_to_cart_link_describedby_61210\" data-quantity=\"1\" class=\"button product_type_simple add_to_cart_button ajax_add_to_cart\" data-product_id=\"61210\" data-product_sku=\"\" aria-label=\"In den Warenkorb legen: \u201eTaschenbeh\u00e4lter\u201c\" rel=\"nofollow\" data-success_message=\"\u201eTaschenbeh\u00e4lter\u201c wurde deinem Warenkorb hinzugef\u00fcgt\" role=\"button\">+ Hinzuf\u00fcgen<\/a>\t<span id=\"woocommerce_loop_add_to_cart_link_describedby_61210\" class=\"screen-reader-text\">\n\t\t\t<\/span>\n<span class=\"gtm4wp_productdata\" style=\"display:none; visibility:hidden;\" data-gtm4wp_product_data=\"{&quot;internal_id&quot;:61210,&quot;item_id&quot;:61210,&quot;item_name&quot;:&quot;Taschenbeh\\u00e4lter&quot;,&quot;sku&quot;:61210,&quot;price&quot;:15.75,&quot;stocklevel&quot;:null,&quot;stockstatus&quot;:&quot;instock&quot;,&quot;google_business_vertical&quot;:&quot;retail&quot;,&quot;item_category&quot;:&quot;Zubeh\\u00f6r&quot;,&quot;id&quot;:61210,&quot;productlink&quot;:&quot;https:\\\/\\\/go-microdose.com\\\/de\\\/produkt\\\/taschenbehaelter\\\/&quot;,&quot;item_list_name&quot;:&quot;General Product List&quot;,&quot;index&quot;:3,&quot;product_type&quot;:&quot;simple&quot;,&quot;item_brand&quot;:&quot;&quot;}\"><\/span><div class=\"more-info\"><a href=https:\/\/go-microdose.com\/de\/produkt\/taschenbehaelter\/>Sicht<\/a><\/div><\/div><\/li>\n<\/ul>\n<\/div>[\/vc_column][\/vc_row][\/vc_section]<\/p>\n<\/div>","protected":false},"excerpt":{"rendered":"<p>[vc_row equal_height=&#8220;yes&#8220; el_class=&#8220;s-mushroom&#8220;][vc_column width=&#8220;5\/12&#8243;][vc_row_inner el_class=&#8220;d-only&#8220;][vc_column_inner][vc_custom_heading text=&#8220;DOSIERUNGSRECHNER&#8220; font_container=&#8220;tag:div|text_align:left&#8220; use_theme_fonts=&#8220;yes&#8220; el_class=&#8220;pr-tag&#8220;][vc_custom_heading source=&#8220;post_title&#8220; font_container=&#8220;tag:h1|text_align:left&#8220; use_theme_fonts=&#8220;yes&#8220; el_class=&#8220;effect-title&#8220;][vc_column_text]Nutze unseren Dosierungsrechner, um die optimale Dosis von Zauberpilzen\/Tr\u00fcffeln basierend auf deinem K\u00f6rpergewicht zu ermitteln.[\/vc_column_text][\/vc_column_inner][\/vc_row_inner][vc_column_text css=&#8220;&#8220; el_id=&#8220;more&#8220;]Anleitung zur Nutzung des Dosierungsrechners Kombiniere die zuvor gegebenen Ratschl\u00e4ge mit unserem Dosierungsrechner, um die perfekte Dosis f\u00fcr ein einzigartiges und sicheres Erlebnis genau zu bestimmen. So [&hellip;]<\/p>\n","protected":false},"author":5548,"featured_media":0,"parent":0,"menu_order":0,"comment_status":"closed","ping_status":"closed","template":"","meta":{"_acf_changed":false,"footnotes":""},"class_list":["post-56539","page","type-page","status-publish","hentry"],"acf":[],"_links":{"self":[{"href":"https:\/\/go-microdose.com\/de\/wp-json\/wp\/v2\/pages\/56539","targetHints":{"allow":["GET"]}}],"collection":[{"href":"https:\/\/go-microdose.com\/de\/wp-json\/wp\/v2\/pages"}],"about":[{"href":"https:\/\/go-microdose.com\/de\/wp-json\/wp\/v2\/types\/page"}],"author":[{"embeddable":true,"href":"https:\/\/go-microdose.com\/de\/wp-json\/wp\/v2\/users\/5548"}],"replies":[{"embeddable":true,"href":"https:\/\/go-microdose.com\/de\/wp-json\/wp\/v2\/comments?post=56539"}],"version-history":[{"count":0,"href":"https:\/\/go-microdose.com\/de\/wp-json\/wp\/v2\/pages\/56539\/revisions"}],"wp:attachment":[{"href":"https:\/\/go-microdose.com\/de\/wp-json\/wp\/v2\/media?parent=56539"}],"curies":[{"name":"wp","href":"https:\/\/api.w.org\/{rel}","templated":true}]}}