{"id":56602,"date":"2026-03-25T11:19:57","date_gmt":"2026-03-25T10:19:57","guid":{"rendered":"https:\/\/go-microdose.com\/medizinischer-haftungsausschluss\/"},"modified":"2026-03-27T09:11:52","modified_gmt":"2026-03-27T08:11:52","slug":"medizinischer-haftungsausschluss","status":"publish","type":"page","link":"https:\/\/go-microdose.com\/de\/medizinischer-haftungsausschluss\/","title":{"rendered":"Medizinischer Haftungsausschluss"},"content":{"rendered":"<div class=\"wpb-content-wrapper\"><p>[vc_section][vc_row][vc_column][vc_custom_heading text=&#8220;Medizinischer Haftungsausschluss&#8220; font_container=&#8220;tag:h1|text_align:center&#8220; use_theme_fonts=&#8220;yes&#8220; el_class=&#8220;effect-title&#8220;][vc_column_text]Die auf dieser Website bereitgestellten Informationen dienen ausschlie\u00dflich Bildungs- und Informationszwecken und sind nicht als Ersatz f\u00fcr professionelle medizinische Beratung, Diagnose oder Behandlung gedacht. Die Anwendung von Tr\u00fcffel-Mikrodosierung oder jeglicher anderer Gesundheitsma\u00dfnahmen sollte immer mit einem qualifizierten Arzt besprochen werden. <\/p>\n<p>Die Inhalte dieser Website sind nicht als Ersatz f\u00fcr professionelle medizinische Beratung, Diagnose oder Behandlung gedacht. Hole dir immer den Rat deines Arztes oder eines anderen qualifizierten Gesundheitsdienstleisters ein, wenn du Fragen zu einer medizinischen Erkrankung oder Behandlung hast, und bevor du eine neue Gesundheitsma\u00dfnahme beginnst. <\/p>\n<p>Die Informationen auf dieser Website stellen keine medizinische Beratung dar und sind nicht dazu gedacht, Krankheiten zu diagnostizieren, zu behandeln, zu heilen oder zu verhindern. Die Anwendung von Tr\u00fcffel-Mikrodosierung oder jeglicher anderer Gesundheitsma\u00dfnahmen kann potenzielle Risiken bergen und sollte nur unter Anleitung eines qualifizierten Mediziners erfolgen. <\/p>\n<p>Jegliches Vertrauen, das du in die auf dieser Website pr\u00e4sentierten Informationen setzt, erfolgt auf eigenes Risiko. Der Website-Betreiber und seine Mitwirkenden haften nicht f\u00fcr Fehler, Auslassungen oder Ungenauigkeiten im Inhalt oder f\u00fcr Handlungen, die im Vertrauen darauf vorgenommen werden. <\/p>\n<p>Konsultiere immer einen qualifizierten Arzt, bevor du \u00c4nderungen an deiner Ern\u00e4hrung, deinem Trainingsprogramm oder deiner Medikation vornimmst. Ignoriere keine professionelle medizinische Beratung und z\u00f6gere sie nicht hinaus, nur weil du etwas auf dieser Website gelesen hast. <\/p>\n<p>Durch die Nutzung dieser Website best\u00e4tigst du, dass du diesen Haftungsausschluss gelesen hast und seinen Bedingungen zustimmst.[\/vc_column_text][\/vc_column][\/vc_row][\/vc_section]<\/p>\n<\/div>","protected":false},"excerpt":{"rendered":"<p>[vc_section][vc_row][vc_column][vc_custom_heading text=&#8220;Medizinischer Haftungsausschluss&#8220; font_container=&#8220;tag:h1|text_align:center&#8220; use_theme_fonts=&#8220;yes&#8220; el_class=&#8220;effect-title&#8220;][vc_column_text]Die auf dieser Website bereitgestellten Informationen dienen ausschlie\u00dflich Bildungs- und Informationszwecken und sind nicht als Ersatz f\u00fcr professionelle medizinische Beratung, Diagnose oder Behandlung gedacht. Die Anwendung von Tr\u00fcffel-Mikrodosierung oder jeglicher anderer Gesundheitsma\u00dfnahmen sollte immer mit einem qualifizierten Arzt besprochen werden. Die Inhalte dieser Website sind nicht als Ersatz f\u00fcr professionelle [&hellip;]<\/p>\n","protected":false},"author":5548,"featured_media":0,"parent":0,"menu_order":0,"comment_status":"closed","ping_status":"open","template":"page-content.php","meta":{"_acf_changed":false,"footnotes":""},"class_list":["post-56602","page","type-page","status-publish","hentry"],"acf":[],"_links":{"self":[{"href":"https:\/\/go-microdose.com\/de\/wp-json\/wp\/v2\/pages\/56602","targetHints":{"allow":["GET"]}}],"collection":[{"href":"https:\/\/go-microdose.com\/de\/wp-json\/wp\/v2\/pages"}],"about":[{"href":"https:\/\/go-microdose.com\/de\/wp-json\/wp\/v2\/types\/page"}],"author":[{"embeddable":true,"href":"https:\/\/go-microdose.com\/de\/wp-json\/wp\/v2\/users\/5548"}],"replies":[{"embeddable":true,"href":"https:\/\/go-microdose.com\/de\/wp-json\/wp\/v2\/comments?post=56602"}],"version-history":[{"count":0,"href":"https:\/\/go-microdose.com\/de\/wp-json\/wp\/v2\/pages\/56602\/revisions"}],"wp:attachment":[{"href":"https:\/\/go-microdose.com\/de\/wp-json\/wp\/v2\/media?parent=56602"}],"curies":[{"name":"wp","href":"https:\/\/api.w.org\/{rel}","templated":true}]}}