{"id":56627,"date":"2026-03-25T11:20:14","date_gmt":"2026-03-25T10:20:14","guid":{"rendered":"https:\/\/go-microdose.com\/allgemeine-geschaeftsbedingungen\/"},"modified":"2026-03-30T09:24:16","modified_gmt":"2026-03-30T07:24:16","slug":"nutzungsbedingungen-des-go-partnerprogramms","status":"publish","type":"page","link":"https:\/\/go-microdose.com\/de\/nutzungsbedingungen-des-go-partnerprogramms\/","title":{"rendered":"Nutzungsbedingungen des GO-Partnerprogramms"},"content":{"rendered":"<h1>Nutzungsbedingungen des GO-Partnerprogramms<\/h1>\n<h2>Vereinbarung<\/h2>\n<p>Mit deiner Anmeldung als Affiliate im GO-Partnerprogramm (\u201eProgramm\u201c) erkl\u00e4rst du dich damit einverstanden, an die folgenden Bedingungen (\u201eNutzungsbedingungen\u201c) gebunden zu sein.<\/p>\n<p><strong>GO<\/strong> beh\u00e4lt sich das Recht vor, die Nutzungsbedingungen von Zeit zu Zeit ohne vorherige Ank\u00fcndigung zu aktualisieren und zu \u00e4ndern. Alle neuen Funktionen, die das aktuelle Programm erweitern oder verbessern, einschlie\u00dflich der Ver\u00f6ffentlichung neuer Tools und Ressourcen, unterliegen den Nutzungsbedingungen. Die fortgesetzte Nutzung des Programms nach solchen \u00c4nderungen gilt als deine Zustimmung zu diesen \u00c4nderungen.<\/p>\n<p>Ein Versto\u00df gegen eine der untenstehenden Bedingungen f\u00fchrt zur K\u00fcndigung deines Kontos und zum Verfall aller ausstehenden Affiliate-Provisionszahlungen, die w\u00e4hrend des Versto\u00dfes verdient wurden. Du erkl\u00e4rst dich damit einverstanden, das Partnerprogramm auf eigenes Risiko zu nutzen.<\/p>\n<h2>Kontobedingungen<\/h2>\n<ul>\n<li>Du musst mindestens 18 Jahre alt sein, um an diesem Programm teilzunehmen.<\/li>\n<li>Du musst in den Vereinigten Staaten leben, um Affiliate zu sein.<\/li>\n<li>Du musst ein Mensch sein. Konten, die von \u201eBots\u201c oder anderen automatisierten Methoden registriert werden, sind nicht erlaubt.<\/li>\n<li>Du musst deinen vollst\u00e4ndigen rechtlichen Namen, eine g\u00fcltige E-Mail-Adresse und alle weiteren angeforderten Informationen angeben, um den Anmeldeprozess abzuschlie\u00dfen.<\/li>\n<li>Dein Login darf nur von einer Person genutzt werden \u2013 ein einzelner Login, der von mehreren Personen geteilt wird, ist nicht erlaubt.<\/li>\n<li>Du bist daf\u00fcr verantwortlich, die Sicherheit deines Kontos und Passworts zu gew\u00e4hrleisten. <strong>GO<\/strong> kann und wird nicht f\u00fcr Verluste oder Sch\u00e4den haftbar gemacht werden, die daraus entstehen, dass du dieser Sicherheitsverpflichtung nicht nachkommst.<\/li>\n<li>Du bist verantwortlich f\u00fcr alle Inhalte, die ver\u00f6ffentlicht werden, sowie f\u00fcr alle Aktivit\u00e4ten, die unter deinem Konto stattfinden.<\/li>\n<li>Eine Person oder juristische Person darf nicht mehr als ein Konto f\u00fchren.<\/li>\n<li>Du darfst das Partnerprogramm nicht f\u00fcr illegale oder nicht autorisierte Zwecke nutzen. Du darfst bei der Nutzung des Services keine Gesetze in deiner Rechtsordnung verletzen (einschlie\u00dflich, aber nicht beschr\u00e4nkt auf Urheberrechtsgesetze).<\/li>\n<li>Du darfst das Partnerprogramm nicht nutzen, um mit deinen eigenen <strong>GO<\/strong>-Produktkonten Geld zu verdienen.<\/li>\n<\/ul>\n<h2>Links\/Grafiken auf deiner Website, in deinen E-Mails oder anderen Mitteilungen<\/h2>\n<p>Sobald du dich f\u00fcr das Partnerprogramm angemeldet hast, wird dir ein eindeutiger Affiliate-Code zugewiesen. Du darfst Links, Banner oder andere Grafiken, die wir dir zusammen mit deinem Affiliate-Code bereitstellen, auf deiner Website, in deinen E-Mails oder in anderen Mitteilungen platzieren. Wir stellen dir Richtlinien, Link-Styles und grafisches Material zur Verf\u00fcgung, um auf <strong>GO<\/strong> zu verlinken. Wir k\u00f6nnen das Design des Materials jederzeit ohne Ank\u00fcndigung \u00e4ndern, aber wir werden die Abmessungen der Bilder nicht ohne angemessene Vorank\u00fcndigung \u00e4ndern.<\/p>\n<p>Um eine genaue Nachverfolgung, Berichterstattung und das Anfallen von Empfehlungsgeb\u00fchren zu erm\u00f6glichen, stellen wir dir spezielle Linkformate zur Verf\u00fcgung, die in allen Links zwischen deiner Website und <strong>GO<\/strong> zu verwenden sind. Du musst sicherstellen, dass jeder Link zwischen deiner Website und <strong>GO<\/strong> diese speziellen Linkformate korrekt nutzt. Links zu <strong>GO<\/strong>, die gem\u00e4\u00df dieser Vereinbarung auf deiner Website platziert werden und diese speziellen Linkformate korrekt verwenden, werden als \u201eSpezielle Links\u201c bezeichnet. Du verdienst Empfehlungsgeb\u00fchren nur in Bezug auf Verk\u00e4ufe eines <strong>GO<\/strong>-Produkts, die direkt \u00fcber Spezielle Links erfolgen; wir haften dir gegen\u00fcber nicht f\u00fcr ein Vers\u00e4umnis von dir oder einer von dir geworbenen Person, Spezielle Links zu verwenden oder deinen Affiliate-Code falsch einzugeben, auch soweit ein solches Vers\u00e4umnis zu einer Verringerung von Betr\u00e4gen f\u00fchren kann, die dir andernfalls gem\u00e4\u00df dieser Vereinbarung gezahlt w\u00fcrden.<\/p>\n<p>Affiliate-Links sollten auf die Seite des beworbenen Produkts verweisen.<\/p>\n<h2>Empfehlungsgeb\u00fchren\/Provisionen und Auszahlung<\/h2>\n<p>Damit ein Produktverkauf f\u00fcr eine Empfehlungsgeb\u00fchr berechtigt ist, muss der Kunde \u00fcber einen Speziellen Link von deiner Website, E-Mail oder anderen Mitteilungen zu <strong>https:\/\/go-microdose.com<\/strong> klicken und w\u00e4hrend derselben Sitzung eine Bestellung f\u00fcr ein Produkt abschlie\u00dfen.<\/p>\n<p>Wir zahlen Provisionen nur f\u00fcr Links, die von unseren Systemen automatisch nachverfolgt und gemeldet werden. Wir zahlen keine Provisionen, wenn jemand behauptet, gekauft zu haben, oder jemand sagt, er habe einen Empfehlungscode eingegeben, wenn dies nicht von unserem System erfasst wurde. Wir k\u00f6nnen Provisionen nur f\u00fcr Gesch\u00e4ft zahlen, das \u00fcber korrekt formatierte Spezielle Links generiert wurde, die von unseren Systemen automatisch nachverfolgt wurden.<\/p>\n<p>Wir behalten uns das Recht vor, Provisionen zu disqualifizieren, die durch betr\u00fcgerische, illegale oder \u00fcberm\u00e4\u00dfig aggressive bzw. fragw\u00fcrdige Verkaufs- oder Marketingmethoden erzielt wurden.<\/p>\n<p>Auszahlungen beginnen erst, wenn du mehr als <strong>$20<\/strong> an Affiliate-Einnahmen verdient hast. Wenn dein Affiliate-Konto die Schwelle von <strong>$20<\/strong> nie \u00fcberschreitet, werden deine Provisionen nicht f\u00e4llig oder ausgezahlt. Wir sind nur daf\u00fcr verantwortlich, an Konten auszuzahlen, die die Schwelle von <strong>$20<\/strong> \u00fcberschritten haben.<\/p>\n<h2>Dich als GO-Affiliate ausweisen<\/h2>\n<p>Du darfst keine Pressemitteilung in Bezug auf diese Vereinbarung oder deine Teilnahme am Programm herausgeben; eine solche Handlung kann zu deiner Entfernung aus dem Programm f\u00fchren. Au\u00dferdem darfst du in keiner Weise die Beziehung zwischen uns und dir falsch darstellen oder ausschm\u00fccken, behaupten, du w\u00fcrdest unsere Produkte entwickeln, behaupten, du seist Teil von <strong>GO<\/strong>, oder irgendeine Beziehung oder Zugeh\u00f6rigkeit zwischen uns und dir oder einer anderen Person oder Organisation ausdr\u00fccken oder andeuten, au\u00dfer soweit dies ausdr\u00fccklich durch diese Vereinbarung erlaubt ist (einschlie\u00dflich durch das Ausdr\u00fccken oder Andeuten, dass wir eine Wohlt\u00e4tigkeitsorganisation oder einen anderen Zweck unterst\u00fctzen, sponsern, bef\u00fcrworten oder Geld spenden).<\/p>\n<p>Du darfst keine Produkte \u00fcber deine Affiliate-Links f\u00fcr den eigenen Gebrauch kaufen. Solche K\u00e4ufe k\u00f6nnen (nach unserem alleinigen Ermessen) dazu f\u00fchren, dass Empfehlungsgeb\u00fchren einbehalten werden und\/oder diese Vereinbarung beendet wird.<\/p>\n<h2>Auszahlungsplan<\/h2>\n<p>Solange deine aktuellen Affiliate-Einnahmen \u00fcber <strong>$20<\/strong> liegen, wirst du jeden Monat ausgezahlt. Wenn du seit deiner letzten Auszahlung keine <strong>$20<\/strong> verdient hast, zahlen wir dich im folgenden Monat aus, nachdem du die Schwelle \u00fcberschritten hast.<\/p>\n<h2>Definition \u201eKunde\u201c<\/h2>\n<p>Kunden, die \u00fcber dieses Programm Produkte kaufen, gelten als unsere Kunden. Entsprechend gelten f\u00fcr diese Kunden all unsere Regeln, Richtlinien und Betriebsabl\u00e4ufe in Bezug auf Kundenbestellungen, Kundenservice und Produktverk\u00e4ufe. Wir k\u00f6nnen unsere Richtlinien und Betriebsabl\u00e4ufe jederzeit \u00e4ndern. Beispielsweise legen wir die Preise f\u00fcr Produkte, die im Rahmen dieses Programms verkauft werden, gem\u00e4\u00df unseren eigenen Preisrichtlinien fest. Produktpreise und Verf\u00fcgbarkeit k\u00f6nnen sich von Zeit zu Zeit \u00e4ndern. Da Preis\u00e4nderungen Produkte betreffen k\u00f6nnen, die du auf deiner Website gelistet hast, solltest du keine Produktpreise auf deiner Website anzeigen. Wir werden wirtschaftlich angemessene Anstrengungen unternehmen, um korrekte Informationen bereitzustellen, k\u00f6nnen jedoch die Verf\u00fcgbarkeit oder den Preis eines bestimmten Produkts nicht garantieren.<\/p>\n<h2>Deine Verantwortlichkeiten<\/h2>\n<p>Du bist allein verantwortlich f\u00fcr die Entwicklung, den Betrieb und die Wartung deiner Website sowie f\u00fcr alle Materialien, die auf deiner Website erscheinen. Zum Beispiel bist du allein verantwortlich f\u00fcr:<\/p>\n<p>\u2013 den technischen Betrieb deiner Website und aller dazugeh\u00f6rigen Ger\u00e4te<br \/>\n\u2013 sicherzustellen, dass die Anzeige von Speziellen Links auf deiner Website keine Vereinbarung zwischen dir und Dritten verletzt (einschlie\u00dflich, ohne Einschr\u00e4nkung, etwaiger Beschr\u00e4nkungen oder Anforderungen, die dir von einem Dritten auferlegt werden, der deine Website hostet)<br \/>\n\u2013 die Genauigkeit, Wahrhaftigkeit und Angemessenheit der auf deiner Website ver\u00f6ffentlichten Materialien (einschlie\u00dflich u. a. aller produktbezogenen Materialien und aller Informationen, die du in Spezielle Links einf\u00fcgst oder mit ihnen verkn\u00fcpfst)<br \/>\n\u2013 sicherzustellen, dass die auf deiner Website ver\u00f6ffentlichten Materialien keine Rechte Dritter verletzen oder beeintr\u00e4chtigen (einschlie\u00dflich z. B. Urheberrechte, Markenrechte, Datenschutz oder andere pers\u00f6nliche oder Eigentumsrechte)<br \/>\n\u2013 sicherzustellen, dass die auf deiner Website ver\u00f6ffentlichten Materialien nicht verleumderisch oder anderweitig illegal sind<br \/>\n\u2013 sicherzustellen, dass deine Website transparent und angemessen offenlegt \u2013 entweder durch eine Datenschutzerkl\u00e4rung oder anderweitig \u2013, wie du Daten von Besuchern erhebst, nutzt, speicherst und weitergibst, einschlie\u00dflich, soweit zutreffend, dass Dritte (einschlie\u00dflich Werbetreibende) Inhalte und\/oder Werbung ausspielen und Informationen direkt von Besuchern erheben k\u00f6nnen und Cookies im Browser der Besucher platzieren oder erkennen k\u00f6nnen.<\/p>\n<h2>Einhaltung von Gesetzen<\/h2>\n<p>Als Voraussetzung f\u00fcr deine Teilnahme am Programm erkl\u00e4rst du dich damit einverstanden, dass du w\u00e4hrend deiner Teilnahme am Programm alle Gesetze, Verordnungen, Regeln, Vorschriften, Anordnungen, Lizenzen, Genehmigungen, Urteile, Entscheidungen oder sonstigen Anforderungen einer staatlichen Stelle einh\u00e4ltst, die f\u00fcr dich zust\u00e4ndig ist \u2013 unabh\u00e4ngig davon, ob diese Gesetze usw. bereits in Kraft sind oder erst w\u00e4hrend deiner Teilnahme am Programm in Kraft treten. Ohne die vorstehende Verpflichtung einzuschr\u00e4nken, erkl\u00e4rst du dich damit einverstanden, dass du als Voraussetzung f\u00fcr deine Teilnahme am Programm alle anwendbaren Gesetze (bundesstaatlich, einzelstaatlich oder anderweitig) einh\u00e4ltst, die Marketing-E-Mails regeln, einschlie\u00dflich, ohne Einschr\u00e4nkung, des CAN-SPAM Act von 2003 und aller anderen Anti-Spam-Gesetze.<\/p>\n<h2>Laufzeit der Vereinbarung und des Programms<\/h2>\n<p>Die Laufzeit dieser Vereinbarung beginnt mit unserer Annahme deiner Programmbewerbung und endet, wenn sie von einer der Parteien beendet wird. Du oder wir k\u00f6nnen diese Vereinbarung jederzeit, mit oder ohne Grund, durch schriftliche K\u00fcndigungsmitteilung an die andere Partei beenden. Mit der Beendigung dieser Vereinbarung aus irgendeinem Grund stellst du die Nutzung unverz\u00fcglich ein und entfernst von deiner Website alle Links zu <strong>https:\/\/go-microdose.com<\/strong> sowie alle unsere Marken, Trade Dress und Logos und alle sonstigen Materialien, die wir dir gem\u00e4\u00df dieser Vereinbarung oder im Zusammenhang mit dem Programm bereitgestellt haben. <strong>GO<\/strong> beh\u00e4lt sich das Recht vor, das Programm jederzeit zu beenden. Bei Beendigung des Programms zahlt <strong>GO<\/strong> alle ausstehenden Einnahmen aus, die \u00fcber <strong>$20<\/strong> hinaus angesammelt wurden.<\/p>\n<h2>K\u00fcndigung<\/h2>\n<p><strong>GO<\/strong> hat nach eigenem Ermessen das Recht, dein Konto zu sperren oder zu k\u00fcndigen und jede aktuelle oder zuk\u00fcnftige Nutzung des Programms oder eines anderen <strong>GO<\/strong>-Services aus beliebigem Grund jederzeit zu verweigern. Eine solche Beendigung des Services f\u00fchrt zur Deaktivierung oder L\u00f6schung deines Kontos bzw. deines Zugriffs auf dein Konto sowie zum Verfall und zur Aufgabe aller potenziellen oder noch auszuzahlenden Provisionen in deinem Konto, sofern diese durch betr\u00fcgerische, illegale oder \u00fcberm\u00e4\u00dfig aggressive bzw. fragw\u00fcrdige Verkaufs- oder Marketingmethoden verdient wurden. <strong>GO<\/strong> beh\u00e4lt sich das Recht vor, den Service jederzeit aus beliebigem Grund gegen\u00fcber jeder Person zu verweigern.<\/p>\n<h2>Verh\u00e4ltnis der Parteien<\/h2>\n<p>Du und wir sind unabh\u00e4ngige Auftragnehmer, und nichts in dieser Vereinbarung begr\u00fcndet eine Partnerschaft, ein Joint Venture, eine Agentur, ein Franchise, eine Handelsvertretung oder ein Arbeitsverh\u00e4ltnis zwischen den Parteien. Du bist nicht befugt, in unserem Namen Angebote zu machen oder anzunehmen oder Zusicherungen abzugeben. Du wirst keine Aussage machen \u2013 weder auf deiner Website noch anderweitig \u2013, die vern\u00fcnftigerweise irgendetwas in diesem Abschnitt widersprechen w\u00fcrde.<\/p>\n<h2>Haftungsbeschr\u00e4nkungen<\/h2>\n<p>Wir haften nicht f\u00fcr indirekte, besondere oder Folgesch\u00e4den (oder f\u00fcr entgangene Einnahmen, Gewinne oder Daten), die im Zusammenhang mit dieser Vereinbarung oder dem Programm entstehen, selbst wenn wir auf die M\u00f6glichkeit solcher Sch\u00e4den hingewiesen wurden. Dar\u00fcber hinaus \u00fcbersteigt unsere Gesamthaftung im Zusammenhang mit dieser Vereinbarung und dem Programm nicht die gesamten Empfehlungsgeb\u00fchren, die dir im Rahmen dieser Vereinbarung gezahlt wurden oder zu zahlen sind.<\/p>\n<h2>Haftungsausschl\u00fcsse<\/h2>\n<p>Wir geben keine ausdr\u00fccklichen oder stillschweigenden Garantien oder Zusicherungen in Bezug auf das Programm oder Produkte, die \u00fcber das Programm verkauft werden (einschlie\u00dflich, ohne Einschr\u00e4nkung, Garantien der Eignung, der Marktg\u00e4ngigkeit, der Nichtverletzung von Rechten oder stillschweigender Garantien, die sich aus einer bisherigen Leistungserbringung, Gesch\u00e4ftsbeziehung oder Handels\u00fcblichkeit ergeben). Au\u00dferdem geben wir keine Zusicherung, dass der Betrieb von <strong>GO<\/strong> ununterbrochen oder fehlerfrei sein wird, und wir haften nicht f\u00fcr die Folgen von Unterbrechungen oder Fehlern.<\/p>\n<h2>Unabh\u00e4ngige Pr\u00fcfung<\/h2>\n<p>DU BEST\u00c4TIGST, DASS DU DIESE VEREINBARUNG GELESEN HAST UND ALLEN IHREN BEDINGUNGEN ZUSTIMMST. DU VERSTEHST, DASS WIR JEDERZEIT (DIREKT ODER INDIREKT) KUNDENEMPFEHLUNGEN ZU BEDINGUNGEN EINWERBEN K\u00d6NNEN, DIE VON DEN IN DIESER VEREINBARUNG ENTHALTENEN BEDINGUNGEN ABWEICHEN, ODER WEBSITES BETREIBEN K\u00d6NNEN, DIE DEINER WEBSITE \u00c4HNLICH SIND ODER MIT IHR KONKURRIEREN. DU HAST DIE W\u00dcNSCHENSWERTIGKEIT DER TEILNAHME AM PROGRAMM UNABH\u00c4NGIG BEWERTET UND VERL\u00c4SST DICH NICHT AUF IRGENDEINE ZUSICHERUNG, GARANTIE ODER AUSSAGE, AUSSER WIE IN DIESER VEREINBARUNG FESTGELEGT.<\/p>\n<h2>Schiedsverfahren<\/h2>\n<p>Jeder Streit, der in irgendeiner Weise mit dieser Vereinbarung zusammenh\u00e4ngt (einschlie\u00dflich eines tats\u00e4chlichen oder behaupteten Versto\u00dfes gegen diese Vereinbarung), mit Transaktionen oder Aktivit\u00e4ten im Rahmen dieser Vereinbarung oder mit deiner Beziehung zu uns oder zu einem unserer verbundenen Unternehmen, wird einem vertraulichen Schiedsverfahren unterworfen; ausgenommen ist, dass wir, soweit du in irgendeiner Weise unsere Rechte an geistigem Eigentum verletzt hast oder zu verletzen drohst, eine einstweilige Verf\u00fcgung oder andere angemessene Rechtsmittel bei einem einzelstaatlichen oder bundesstaatlichen Gericht beantragen k\u00f6nnen (und du stimmst einer nicht ausschlie\u00dflichen Zust\u00e4ndigkeit und dem Gerichtsstand dieser Gerichte zu) oder bei jedem anderen zust\u00e4ndigen Gericht. Das Schiedsverfahren nach dieser Vereinbarung wird nach den jeweils geltenden Regeln der American Arbitration Association durchgef\u00fchrt. Der Schiedsspruch ist bindend und kann als Urteil bei jedem zust\u00e4ndigen Gericht eingetragen werden. Soweit nach anwendbarem Recht zul\u00e4ssig, darf kein Schiedsverfahren nach dieser Vereinbarung mit einem Schiedsverfahren verbunden werden, an dem eine andere Partei beteiligt ist, die dieser Vereinbarung unterliegt \u2013 weder durch Sammelschiedsverfahren noch auf andere Weise.<\/p>\n<h2>Sonstiges<\/h2>\n<p>Diese Vereinbarung unterliegt dem Recht der Vereinigten Staaten, ohne Bezugnahme auf Kollisionsnormen. Du darfst diese Vereinbarung weder kraft Gesetzes noch anderweitig ohne unsere vorherige schriftliche Zustimmung abtreten. Vorbehaltlich dieser Einschr\u00e4nkung ist diese Vereinbarung f\u00fcr die Parteien und ihre jeweiligen Rechtsnachfolger und Abtretungsempf\u00e4nger bindend, kommt ihnen zugute und ist ihnen gegen\u00fcber durchsetzbar. Dass wir es unterlassen, deine strikte Erf\u00fcllung einer Bestimmung dieser Vereinbarung durchzusetzen, stellt keinen Verzicht auf unser Recht dar, diese Bestimmung oder eine andere Bestimmung dieser Vereinbarung sp\u00e4ter durchzusetzen.<\/p>\n<p>Dass <strong>GO<\/strong> ein Recht oder eine Bestimmung der Nutzungsbedingungen nicht aus\u00fcbt oder durchsetzt, stellt keinen Verzicht auf dieses Recht oder diese Bestimmung dar. Die Nutzungsbedingungen stellen die gesamte Vereinbarung zwischen dir und <strong>GO<\/strong> dar und regeln deine Nutzung des Services und ersetzen alle fr\u00fcheren Vereinbarungen zwischen dir und <strong>GO<\/strong> (einschlie\u00dflich, aber nicht beschr\u00e4nkt auf fr\u00fchere Versionen der Nutzungsbedingungen).<\/p>\n","protected":false},"excerpt":{"rendered":"<p>Nutzungsbedingungen des GO-Partnerprogramms Vereinbarung Mit deiner Anmeldung als Affiliate im GO-Partnerprogramm (\u201eProgramm\u201c) erkl\u00e4rst du dich damit einverstanden, an die folgenden Bedingungen (\u201eNutzungsbedingungen\u201c) gebunden zu sein. GO beh\u00e4lt sich das Recht vor, die Nutzungsbedingungen von Zeit zu Zeit ohne vorherige Ank\u00fcndigung zu aktualisieren und zu \u00e4ndern. Alle neuen Funktionen, die das aktuelle Programm erweitern oder verbessern, [&hellip;]<\/p>\n","protected":false},"author":5548,"featured_media":0,"parent":0,"menu_order":0,"comment_status":"closed","ping_status":"closed","template":"","meta":{"_acf_changed":false,"footnotes":""},"class_list":["post-56627","page","type-page","status-publish","hentry"],"acf":[],"_links":{"self":[{"href":"https:\/\/go-microdose.com\/de\/wp-json\/wp\/v2\/pages\/56627","targetHints":{"allow":["GET"]}}],"collection":[{"href":"https:\/\/go-microdose.com\/de\/wp-json\/wp\/v2\/pages"}],"about":[{"href":"https:\/\/go-microdose.com\/de\/wp-json\/wp\/v2\/types\/page"}],"author":[{"embeddable":true,"href":"https:\/\/go-microdose.com\/de\/wp-json\/wp\/v2\/users\/5548"}],"replies":[{"embeddable":true,"href":"https:\/\/go-microdose.com\/de\/wp-json\/wp\/v2\/comments?post=56627"}],"version-history":[{"count":0,"href":"https:\/\/go-microdose.com\/de\/wp-json\/wp\/v2\/pages\/56627\/revisions"}],"wp:attachment":[{"href":"https:\/\/go-microdose.com\/de\/wp-json\/wp\/v2\/media?parent=56627"}],"curies":[{"name":"wp","href":"https:\/\/api.w.org\/{rel}","templated":true}]}}