{"id":56659,"date":"2026-03-25T11:20:35","date_gmt":"2026-03-25T10:20:35","guid":{"rendered":"https:\/\/go-microdose.com\/so-funktioniert-es\/"},"modified":"2026-03-27T09:13:45","modified_gmt":"2026-03-27T08:13:45","slug":"so-funktioniert-es","status":"publish","type":"page","link":"https:\/\/go-microdose.com\/de\/so-funktioniert-es\/","title":{"rendered":"So funktioniert es"},"content":{"rendered":"<div class=\"wpb-content-wrapper\"><p>[vc_section full_width=&#8220;stretch_row_content&#8220; full_height=&#8220;yes&#8220; el_class=&#8220;effect-main-section hoe-het-main-section&#8220; css=&#8220;.vc_custom_1640248116192{padding-bottom: 0px !important;}&#8220;][vc_row full_height=&#8220;yes&#8220; css_animation=&#8220;none&#8220; el_class=&#8220;hoe-het-werkt-row&#8220;][vc_column el_class=&#8220;container&#8220;][vc_row_inner content_placement=&#8220;middle&#8220; el_class=&#8220;row-reverse&#8220;][vc_column_inner el_class=&#8220;hoe-het-werkt-image-column&#8220; width=&#8220;1\/2&#8243;][vc_single_image image=&#8220;56668&#8243; img_size=&#8220;full&#8220; css_animation=&#8220;none&#8220; el_class=&#8220;image-with-shadow&#8220;][vc_single_image image=&#8220;56338&#8243; img_size=&#8220;248X248&#8243; el_class=&#8220;fix-image&#8220;][\/vc_column_inner][vc_column_inner width=&#8220;1\/2&#8243;][vc_custom_heading text=&#8220;Erkl\u00e4rung&#8220; font_container=&#8220;tag:h5|text_align:left|color:%23b1aca7&#8243; use_theme_fonts=&#8220;yes&#8220; css_animation=&#8220;none&#8220; el_class=&#8220;pr-tag&#8220;][vc_custom_heading text=&#8220;Wie funktioniert Microdosing?&#8220; font_container=&#8220;tag:h2|text_align:left|color:%23000000&#8243; use_theme_fonts=&#8220;yes&#8220; css_animation=&#8220;none&#8220; el_class=&#8220;effect-title&#8220;][vc_column_text css_animation=&#8220;none&#8220; el_class=&#8220;effect-description&#8220;]Bist du neugierig auf Microdosing mit Tr\u00fcffeln? Unser strukturierter Ansatz macht es einfach. W\u00e4hle aus unseren drei Kursen, die auf Anf\u00e4nger, Erfahrene und Fortgeschrittene zugeschnitten sind und jeweils einen Weg bieten, die Vorteile von Microdosing zu erkunden. Egal, ob du eine gesteigerte Produktivit\u00e4t suchst oder deine Leistung steigern m\u00f6chtest \u2013 unsere Kurse bieten den Rahmen, um deine Ziele zu erreichen.   <\/p>\n<p>Entdecke in unseren Kursen den optimalen Zeitplan f\u00fcr Microdosing- und Nicht-Microdosing-Tage. Lege nach Abschluss von 2 Monaten des Kurses eine Ruhepause von 2 bis 4 Wochen ein, um eine Toleranzbildung zu vermeiden und sicherzustellen, dass du die verj\u00fcngende Wirkung bei der Wiederaufnahme voll erleben kannst. <\/p>\n<p>W\u00e4hrend die Anmeldung f\u00fcr einen Kurs die umfassendste Erfahrung bietet, sind auch einzelne Produkte erh\u00e4ltlich, was dir die Flexibilit\u00e4t gibt, deine Microdosing-Reise nach deinen Vorlieben zu gestalten. W\u00e4hle zwischen unseren Einzeloptionen oder entscheide dich f\u00fcr einen 6- oder 12-Monats-Kurs f\u00fcr erweiterten Support und zus\u00e4tzliche Vorteile.[\/vc_column_text][\/vc_column_inner][\/vc_row_inner][\/vc_column][\/vc_row][vc_row el_class=&#8220;move-next-section&#8220;][vc_column el_class=&#8220;container&#8220;][vc_btn title=&#8220;Welcher Kurs passt zu dir?&#8220; style=&#8220;flat&#8220; color=&#8220;black&#8220; link=&#8220;url:%23choices|&#8220;][\/vc_column][\/vc_row][\/vc_section][vc_section full_width=&#8220;stretch_row_content&#8220; el_class=&#8220;button-section pdf-section&#8220; css=&#8220;.vc_custom_1640248169497{background-image: url(https:\/\/go-microdose.com\/wp-content\/uploads\/2021\/12\/background-01.png?id=962) !important;background-position: center !important;background-repeat: no-repeat !important;background-size: cover !important;}&#8220; el_id=&#8220;choices&#8220;][vc_row][vc_column el_class=&#8220;container&#8220;][vc_row_inner content_placement=&#8220;middle&#8220; el_class=&#8220;row-reverse about-us-row&#8220;][vc_column_inner width=&#8220;5\/12&#8243;][vc_raw_html]PGRpdiBjbGFzcz0icHJvZHVjdC1hdHQiPgogICAgPHVsIGNsYXNzPSJwci1vcHRpb24iPgogICAgICAgIDxsaSBjbGFzcz0iYmVnaW5uZXJzIj4KICAgICAgICAgICAgPGRpdiBjbGFzcz0ibGlzdGluZyI+CiAgICAgICAgICAgICAgICA8aDM+S3VyczwvaDM+CiAgICAgICAgICAgICAgICA8aDI+QW5mw6RuZ2VyPC9oMj4KICAgICAgICAgICAgICAgIDxkaXYgY2xhc3M9InZjX2J0bjMtY29udGFpbmVyIGNzdG0tYnRuIHZjX2J0bjMtbGVmdCI+CiAgICAgICAgICAgICAgICAgICAgPGEgaHJlZj0iaHR0cHM6Ly9nby1taWNyb2Rvc2UuY29tL25sL3Byb2R1a3QvYmVnaW5uZXJzLWt1dXIvIj5NZWhyIGxlc2VuPC9hPgogICAgICAgICAgICAgICAgPC9kaXY+CiAgICAgICAgICAgIDwvZGl2PgogICAgICAgIDwvbGk+CiAgICAgICAgPGxpIGNsYXNzPSJleHBlcmllbmNlZCI+CiAgICAgICAgICAgIDxkaXYgY2xhc3M9Imxpc3RpbmciPgogICAgICAgICAgICAgICAgPGgzPkt1cnM8L2gzPgogICAgICAgICAgICAgICAgPGgyPkVyZmFocmVuPC9oMj4KICAgICAgICAgICAgICAgIDxkaXYgY2xhc3M9InZjX2J0bjMtY29udGFpbmVyIGNzdG0tYnRuIHZjX2J0bjMtbGVmdCI+CiAgICAgICAgICAgICAgICAgICAgPGEgaHJlZj0iaHR0cHM6Ly9nby1taWNyb2Rvc2UuY29tL25sL3Byb2R1a3QvZXJ2YXJlbi1rdXVyLyI+TWVociBsZXNlbjwvYT4KICAgICAgICAgICAgICAgIDwvZGl2PgogICAgICAgICAgICA8L2Rpdj4KICAgICAgICA8L2xpPgogICAgICAgIDxsaSBjbGFzcz0iYWR2YW5jZWQiPgogICAgICAgICAgICA8ZGl2IGNsYXNzPSJsaXN0aW5nIj4KICAgICAgICAgICAgICAgIDxoMz5LdXJzPC9oMz4KICAgICAgICAgICAgICAgIDxoMj5Gb3J0Z2VzY2hyaXR0ZW48L2gyPgogICAgICAgICAgICAgICAgPGRpdiBjbGFzcz0idmNfYnRuMy1jb250YWluZXIgY3N0bS1idG4gdmNfYnRuMy1sZWZ0Ij4KICAgICAgICAgICAgICAgICAgICA8YSBocmVmPSJodHRwczovL2dvLW1pY3JvZG9zZS5jb20vbmwvcHJvZHVrdC9nZXZvcmRlcmRlbi1rdXVyLyI+TWVociBsZXNlbjwvYT4KICAgICAgICAgICAgICAgIDwvZGl2PgogICAgICAgICAgICA8L2Rpdj4KICAgICAgICA8L2xpPgogICAgPC91bD4KPC9kaXY+[\/vc_raw_html][\/vc_column_inner][vc_column_inner el_class=&#8220;about-text-column&#8220; width=&#8220;7\/12&#8243;][vc_custom_heading text=&#8220;Speziell f\u00fcr dich&#8220; font_container=&#8220;tag:h5|text_align:left&#8220; use_theme_fonts=&#8220;yes&#8220; el_class=&#8220;pr-tag&#8220;][vc_custom_heading text=&#8220;Wie m\u00f6chtest du microdosen?&#8220; font_container=&#8220;tag:h2|text_align:left|color:%23000000&#8243; use_theme_fonts=&#8220;yes&#8220;][vc_column_text el_class=&#8220;product-copy-description&#8220;]Der Beginn einer auf deine Bed\u00fcrfnisse zugeschnittenen Microdosing-Reise f\u00e4ngt mit der Auswahl des idealen Kurses an. Unser Anf\u00e4ngerkurs dient als perfekter Einstieg und erm\u00f6glicht es dir, in die Wirkungen des Microdosings einzutauchen, w\u00e4hrend du deine Beobachtungen und Erfahrungen akribisch dokumentierst. Egal, ob du dich f\u00fcr unseren Kurs f\u00fcr Anf\u00e4nger, Erfahrene oder Fortgeschrittene entscheidest: Wenn du deine Fortschritte in einem Tagebuch oder einer App verfolgst, kannst du die Nuancen zwischen Tagen mit und ohne Microdosing erkennen. Auf diese Weise kannst du genau den Kurs finden, der am besten zu deinen Zielen und Vorlieben passt, und so maximale, exklusiv auf dich zugeschnittene Vorteile sicherstellen.[\/vc_column_text][vc_btn title=&#8220;Lade unser PDF herunter&#8220; style=&#8220;outline&#8220; color=&#8220;black&#8220; size=&#8220;lg&#8220; align=&#8220;left&#8220; link=&#8220;url:https%3A%2F%2Fgo-microdose.com%2Fwp-content%2Fuploads%2F2022%2F08%2FGO-Microdose-manual.pdf|target:_blank|&#8220;][\/vc_column_inner][\/vc_row_inner][\/vc_column][\/vc_row][\/vc_section][vc_section full_width=&#8220;stretch_row_content&#8220; el_class=&#8220;button-section bottom-visible&#8220; css=&#8220;.vc_custom_1635766573746{background-color: #ffffff !important;}&#8220;][vc_row el_class=&#8220;only-text-content&#8220;][vc_column el_class=&#8220;container&#8220;][vc_row_inner el_class=&#8220;about-text-column&#8220;][vc_column_inner width=&#8220;1\/2&#8243;][vc_custom_heading text=&#8220;Tipp&#8220; font_container=&#8220;tag:h5|text_align:left&#8220; use_theme_fonts=&#8220;yes&#8220; el_class=&#8220;pr-tag&#8220;][vc_column_text el_class=&#8220;product-copy-description&#8220;]<\/p>\n<h2>Regelm\u00e4\u00dfige Pausen einbauen<\/h2>\n<p>Auch wenn die Versuchung gro\u00df sein mag, t\u00e4glich zu microdosen, ist es wichtig, Pausen f\u00fcr optimale Ergebnisse einzulegen. Kontinuierliches Microdosing kann deine F\u00e4higkeit verringern, Verbesserungen bei Produktivit\u00e4t, Kreativit\u00e4t und Stimmung im Vergleich zu deinem Normalzustand wahrzunehmen. \u00c4hnlich wie bei der Wirkung von Koffein kann dein K\u00f6rper mit der Zeit eine Toleranz gegen\u00fcber Microdosing aufbauen, was dessen Wirksamkeit und Vorteile reduziert.  <\/p>\n<p>Um die Wirksamkeit des Microdosings aufrechtzuerhalten, empfehlen wir, nach 2 Monaten Microdosing eine Pause von mindestens 2 bis 4 Wochen einzulegen. Diese Pause erm\u00f6glicht es deinem K\u00f6rper, sich zur\u00fcckzusetzen, sodass du langfristig weiterhin die volle St\u00e4rke und die Vorteile des Microdosings erlebst.[\/vc_column_text][\/vc_column_inner][vc_column_inner width=&#8220;1\/2&#8243;][vc_custom_heading text=&#8220;Bitte beachten&#8220; font_container=&#8220;tag:h5|text_align:left&#8220; use_theme_fonts=&#8220;yes&#8220; el_class=&#8220;pr-tag&#8220;][vc_custom_heading text=&#8220;Betreibe kein Microdosing, wenn du&#8230;&#8220; font_container=&#8220;tag:h2|text_align:left|color:%23000000&#8243; use_theme_fonts=&#8220;yes&#8220;][vc_column_text el_class=&#8220;effect-description no-checkbox&#8220;]<\/p>\n<ul>\n<li>unter 18 Jahre alt bist<\/li>\n<li>Alkohol oder andere Drogen konsumierst<\/li>\n<li>an einer psychischen oder k\u00f6rperlichen Verfassung oder Krankheit leidest<\/li>\n<li>unvorhersehbare Herausforderungen in deinem Leben erlebst<\/li>\n<li>Lithiumcarbonat einnimmst<\/li>\n<li>eine Vorgeschichte von Psychosen hast<\/li>\n<li>an einer Herzerkrankung leidest<\/li>\n<li>schwere Maschinen bedienst<\/li>\n<\/ul>\n<p>[\/vc_column_text][\/vc_column_inner][\/vc_row_inner][\/vc_column][\/vc_row][vc_row el_class=&#8220;contact-statc-section&#8220;][vc_column el_class=&#8220;container&#8220;][vc_row_inner gap=&#8220;35&#8243; el_class=&#8220;innr-row-drk&#8220; css=&#8220;.vc_custom_1640088405088{background-position: 0 0 !important;background-repeat: no-repeat !important;}&#8220;][vc_column_inner width=&#8220;1\/2&#8243;][vc_custom_heading text=&#8220;KONTAKT&#8220; font_container=&#8220;tag:h5|text_align:left&#8220; use_theme_fonts=&#8220;yes&#8220; el_class=&#8220;small-dark&#8220;][vc_custom_heading text=&#8220;Hast du Fragen zu GO Microdose oder dessen Anwendung?&#8220; font_container=&#8220;tag:h4|text_align:left|color:%23ffffff&#8220; use_theme_fonts=&#8220;yes&#8220; el_class=&#8220;title-light&#8220;][\/vc_column_inner][vc_column_inner width=&#8220;1\/2&#8243;][vc_column_text el_class=&#8220;light-text&#8220;]Die Antwort findest du wahrscheinlich in den <a href=\"https:\/\/go-microdose.com\/de\/faq\/\">h\u00e4ufig gestellten Fragen.<\/a><br \/>\nHast du eine andere Frage? Bitte <a href=\"https:\/\/go-microdose.com\/de\/kontakt\/\">kontaktiere uns<\/a>.[\/vc_column_text][vc_btn title=&#8220;Zu unseren FAQ&#8220; style=&#8220;outline&#8220; color=&#8220;white&#8220; size=&#8220;lg&#8220; align=&#8220;left&#8220; link=&#8220;url:https%3A%2F%2Fgo-microdose.com%2Fde%2Ffaq%2F|&#8220;][\/vc_column_inner][\/vc_row_inner][\/vc_column][\/vc_row][\/vc_section]<\/p>\n<\/div>","protected":false},"excerpt":{"rendered":"<p>[vc_section full_width=&#8220;stretch_row_content&#8220; full_height=&#8220;yes&#8220; el_class=&#8220;effect-main-section hoe-het-main-section&#8220; css=&#8220;.vc_custom_1640248116192{padding-bottom: 0px !important;}&#8220;][vc_row full_height=&#8220;yes&#8220; css_animation=&#8220;none&#8220; el_class=&#8220;hoe-het-werkt-row&#8220;][vc_column el_class=&#8220;container&#8220;][vc_row_inner content_placement=&#8220;middle&#8220; el_class=&#8220;row-reverse&#8220;][vc_column_inner el_class=&#8220;hoe-het-werkt-image-column&#8220; width=&#8220;1\/2&#8243;][vc_single_image image=&#8220;56668&#8243; img_size=&#8220;full&#8220; css_animation=&#8220;none&#8220; el_class=&#8220;image-with-shadow&#8220;][vc_single_image image=&#8220;56338&#8243; img_size=&#8220;248X248&#8243; el_class=&#8220;fix-image&#8220;][\/vc_column_inner][vc_column_inner width=&#8220;1\/2&#8243;][vc_custom_heading text=&#8220;Erkl\u00e4rung&#8220; font_container=&#8220;tag:h5|text_align:left|color:%23b1aca7&#8243; use_theme_fonts=&#8220;yes&#8220; css_animation=&#8220;none&#8220; el_class=&#8220;pr-tag&#8220;][vc_custom_heading text=&#8220;Wie funktioniert Microdosing?&#8220; font_container=&#8220;tag:h2|text_align:left|color:%23000000&#8243; use_theme_fonts=&#8220;yes&#8220; css_animation=&#8220;none&#8220; el_class=&#8220;effect-title&#8220;][vc_column_text css_animation=&#8220;none&#8220; el_class=&#8220;effect-description&#8220;]Bist du neugierig auf Microdosing mit Tr\u00fcffeln? Unser strukturierter Ansatz macht es einfach. W\u00e4hle aus unseren drei Kursen, [&hellip;]<\/p>\n","protected":false},"author":5548,"featured_media":0,"parent":0,"menu_order":0,"comment_status":"closed","ping_status":"closed","template":"","meta":{"_acf_changed":false,"footnotes":""},"class_list":["post-56659","page","type-page","status-publish","hentry"],"acf":[],"_links":{"self":[{"href":"https:\/\/go-microdose.com\/de\/wp-json\/wp\/v2\/pages\/56659","targetHints":{"allow":["GET"]}}],"collection":[{"href":"https:\/\/go-microdose.com\/de\/wp-json\/wp\/v2\/pages"}],"about":[{"href":"https:\/\/go-microdose.com\/de\/wp-json\/wp\/v2\/types\/page"}],"author":[{"embeddable":true,"href":"https:\/\/go-microdose.com\/de\/wp-json\/wp\/v2\/users\/5548"}],"replies":[{"embeddable":true,"href":"https:\/\/go-microdose.com\/de\/wp-json\/wp\/v2\/comments?post=56659"}],"version-history":[{"count":0,"href":"https:\/\/go-microdose.com\/de\/wp-json\/wp\/v2\/pages\/56659\/revisions"}],"wp:attachment":[{"href":"https:\/\/go-microdose.com\/de\/wp-json\/wp\/v2\/media?parent=56659"}],"curies":[{"name":"wp","href":"https:\/\/api.w.org\/{rel}","templated":true}]}}