{"id":56716,"date":"2026-03-25T11:21:05","date_gmt":"2026-03-25T10:21:05","guid":{"rendered":"https:\/\/go-microdose.com\/kurse\/"},"modified":"2026-03-27T13:09:57","modified_gmt":"2026-03-27T12:09:57","slug":"kurse","status":"publish","type":"page","link":"https:\/\/go-microdose.com\/de\/kurse\/","title":{"rendered":"Kurse"},"content":{"rendered":"<div class=\"wpb-content-wrapper\"><p>[vc_section full_width=&#8220;stretch_row_content&#8220; content_placement=&#8220;middle&#8220; css=&#8220;.vc_custom_1667893842628{padding-bottom: 0px !important;}&#8220;][vc_row css_animation=&#8220;none&#8220;][vc_column el_class=&#8220;container&#8220;][vc_row_inner content_placement=&#8220;middle&#8220; el_class=&#8220;row-reverse&#8220;][vc_column_inner width=&#8220;1\/2&#8243;][vc_single_image image=&#8220;56723&#8243; img_size=&#8220;full&#8220;][\/vc_column_inner][vc_column_inner el_class=&#8220;about-text-column&#8220; width=&#8220;1\/2&#8243;][vc_custom_heading source=&#8220;post_title&#8220; font_container=&#8220;tag:h5|text_align:left&#8220; use_theme_fonts=&#8220;yes&#8220; el_class=&#8220;pr-tag&#8220;][vc_custom_heading text=&#8220;Entdecke unsere Mikrodosierungs-Kurse&#8220; font_container=&#8220;tag:h2|text_align:left|color:%23000000&#8243; use_theme_fonts=&#8220;yes&#8220;][vc_column_text el_class=&#8220;product-copy-description&#8220;]Der beste Weg, um dich mit Mikrodosierung vertraut zu machen, sind unsere Kurse. Unsere Programme eignen sich sowohl f\u00fcr Anf\u00e4nger als auch f\u00fcr erfahrene Anwender. Mithilfe unserer Dokumentation helfen wir dir, das Beste aus deiner Mikrodosierungs-Erfahrung herauszuholen. Wir bieten drei verschiedene Kurse an, die jeweils f\u00fcr 6 und 12 Monate verf\u00fcgbar sind: Anf\u00e4nger, Fortgeschrittene &amp; Experten.[\/vc_column_text][vc_btn title=&#8220;Kurs starten&#8220; color=&#8220;warning&#8220; size=&#8220;lg&#8220; align=&#8220;left&#8220; link=&#8220;url:%23start-course|&#8220;][\/vc_column_inner][\/vc_row_inner][\/vc_column][\/vc_row][\/vc_section][vc_row el_id=&#8220;kurs-starten&#8220;][vc_column][vc_column_text el_class=&#8220;mb-0&#8243;]    <div class=\"related-products\" id=\"kuur-starten\">\n        <div class=\"col-full\">\n            <div class=\"home-product-form b-to-t\">\n                <span class=\"pr-tag\">Abonnements<\/span>\n                <h3>Starte deinen Kurs<\/h3>\n                <div class='short_description'>\n                    Erhalte alle 3 Monate frische Tr\u00fcffel. W\u00e4hle die Laufzeit deines Abos:                 <\/div>\n                <fieldset class=\"radio-switch\">\n                    <input type=\"radio\" name=\"first-switch\" value=\"6-monate\" id=\"radio-a\" checked=\"checked\">\n                    <label for=\"radio-a\">\n                        6 Monate                    <\/label>\n\n                    <input type=\"radio\" name=\"first-switch\" value=\"12-monate\" id=\"radio-b\">\n                    <label for=\"radio-b\">\n                        12 Monate                    <\/label>\n                <\/fieldset>\n            <\/div>\n            <div class=\"related-product b-to-t\">\n                <div class=\"inner-class\">\n                                                        <div class=\"box-variations product-65351\">\n                                        <div class=\"variation-title\" style=\"background:#ba6d4f\">\n                                            <h3>Fortgeschrittener Kurs<\/h3>\n                                        <\/div>\n                                        <div class=\"variation-box-hightlite\">\n                                            <div class=\"single_variation_wrap\">\n                                                <div class=\"default-price\">\n                                                    <h3 style=\"color:#ba6d4f\">\n                                                        <del aria-hidden=\"true\"><span class=\"woocommerce-Price-amount amount\"><bdi><span class=\"woocommerce-Price-currencySymbol\">&#36;<\/span>258,50<\/bdi><\/span><\/del> <span class=\"screen-reader-text\">Urspr\u00fcnglicher Preis war: &#036;258,50<\/span><ins aria-hidden=\"true\"><span class=\"woocommerce-Price-amount amount\"><bdi><span class=\"woocommerce-Price-currencySymbol\">&#36;<\/span>207<\/bdi><\/span><\/ins><span class=\"screen-reader-text\">Aktueller Preis ist: &#036;207.<\/span>                                                    <\/h3>\n                                                    <span class=\"shipping-excluded\">\ud83d\ude9a Versandkosten nicht enthalten.<\/span>\n                                                    <span class=\"shipping-excluded\">\u2744\ufe0f Gek\u00fchlt lagern.<\/span>\n                                                <\/div>\n                                                <hr>\n                                                <div class=\"default-description\">\n                                                    <ul><li>Erhalte <strong>20 % Rabatt<\/strong><\/li>\n<li>Erhalte 12 Strips GO Microdose<\/li>\n<li>Erhalte alle <strong>3 Monate<\/strong> frische Tr\u00fcffel<\/li>\n<li>Nach zwei Monaten einen Monat Pause einlegen<\/li>\n<li>Ausf\u00fchrlicher Benutzerguide<\/li>\n<li>Diskrete Lieferung m\u00f6glich<\/li>\n<li>Lieferung am n\u00e4chsten Tag (innerhalb NL)<\/li>\n<li><strong>Kostenlose<\/strong> Pr\u00e4zisionswaage<\/li>\n<\/ul>                                                <\/div>\n                                                <div class=\"dafault-buttons\">\n                                                    <div class=\"cstm-btn with-bg\">\n                                                        <form class=\"cart\" action=\"\" method=\"post\" enctype='multipart\/form-data'>\n                                                            <button type=\"submit\" name=\"add-to-cart\" value=\"65351\"\n                                                                class=\"single_add_to_cart_button button\">In den Warenkorb<\/button>\n                                                            <input type=\"hidden\" name=\"variation_id\" class=\"variation_id\"\n                                                                value=\"57790\">\n                                                        <\/form>\n                                                    <\/div>\n                                                    <div class=\"more-info\">\n                                                        <a href=\"https:\/\/go-microdose.com\/de\/produkt\/fortgeschrittener-kurs\/\">WEITERE INFORMATIONEN<\/a>\n                                                    <\/div>\n                                                <\/div>\n                                            <\/div>\n                                        <\/div>\n                                    <\/div>\n                                                                        <div class=\"box-variations product-61387\">\n                                        <div class=\"variation-title\" style=\"background:#2b4856\">\n                                            <h3>Kurs f\u00fcr Fortgeschrittene<\/h3>\n                                        <\/div>\n                                        <div class=\"variation-box-hightlite\">\n                                            <div class=\"single_variation_wrap\">\n                                                <div class=\"default-price\">\n                                                    <h3 style=\"color:#2b4856\">\n                                                        <del aria-hidden=\"true\"><span class=\"woocommerce-Price-amount amount\"><bdi><span class=\"woocommerce-Price-currencySymbol\">&#36;<\/span>215,50<\/bdi><\/span><\/del> <span class=\"screen-reader-text\">Urspr\u00fcnglicher Preis war: &#036;215,50<\/span><ins aria-hidden=\"true\"><span class=\"woocommerce-Price-amount amount\"><bdi><span class=\"woocommerce-Price-currencySymbol\">&#36;<\/span>172,25<\/bdi><\/span><\/ins><span class=\"screen-reader-text\">Aktueller Preis ist: &#036;172,25.<\/span>                                                    <\/h3>\n                                                    <span class=\"shipping-excluded\">\ud83d\ude9a Versandkosten nicht enthalten.<\/span>\n                                                    <span class=\"shipping-excluded\">\u2744\ufe0f Gek\u00fchlt lagern.<\/span>\n                                                <\/div>\n                                                <hr>\n                                                <div class=\"default-description\">\n                                                    <ul><li>Erhalte <strong>20 % Rabatt<\/strong><\/li>\n<li>Erhalte 10 Streifen GO Microdose<\/li>\n<li>Erhalte alle <strong>3 Monate<\/strong> frische Tr\u00fcffel<\/li>\n<li>Nach zwei Monaten einen Monat Pause einlegen<\/li>\n<li>Ausf\u00fchrlicher Benutzerguide<\/li>\n<li>Diskrete Lieferung m\u00f6glich<\/li>\n<li>Lieferung am n\u00e4chsten Tag (innerhalb NL)<\/li>\n<\/ul>                                                <\/div>\n                                                <div class=\"dafault-buttons\">\n                                                    <div class=\"cstm-btn with-bg\">\n                                                        <form class=\"cart\" action=\"\" method=\"post\" enctype='multipart\/form-data'>\n                                                            <button type=\"submit\" name=\"add-to-cart\" value=\"61387\"\n                                                                class=\"single_add_to_cart_button button\">In den Warenkorb<\/button>\n                                                            <input type=\"hidden\" name=\"variation_id\" class=\"variation_id\"\n                                                                value=\"57792\">\n                                                        <\/form>\n                                                    <\/div>\n                                                    <div class=\"more-info\">\n                                                        <a href=\"https:\/\/go-microdose.com\/de\/produkt\/kurs-fuer-fortgeschrittene\/\">WEITERE INFORMATIONEN<\/a>\n                                                    <\/div>\n                                                <\/div>\n                                            <\/div>\n                                        <\/div>\n                                    <\/div>\n                                                                        <div class=\"box-variations product-65322\">\n                                        <div class=\"variation-title\" style=\"background:#8c9c90\">\n                                            <h3>Anf\u00e4ngerkurs<\/h3>\n                                        <\/div>\n                                        <div class=\"variation-box-hightlite\">\n                                            <div class=\"single_variation_wrap\">\n                                                <div class=\"default-price\">\n                                                    <h3 style=\"color:#8c9c90\">\n                                                        <del aria-hidden=\"true\"><span class=\"woocommerce-Price-amount amount\"><bdi><span class=\"woocommerce-Price-currencySymbol\">&#36;<\/span>129,25<\/bdi><\/span><\/del> <span class=\"screen-reader-text\">Urspr\u00fcnglicher Preis war: &#036;129,25<\/span><ins aria-hidden=\"true\"><span class=\"woocommerce-Price-amount amount\"><bdi><span class=\"woocommerce-Price-currencySymbol\">&#36;<\/span>104,25<\/bdi><\/span><\/ins><span class=\"screen-reader-text\">Aktueller Preis ist: &#036;104,25.<\/span>                                                    <\/h3>\n                                                    <span class=\"shipping-excluded\">\ud83d\ude9a Versandkosten nicht enthalten.<\/span>\n                                                    <span class=\"shipping-excluded\">\u2744\ufe0f Gek\u00fchlt lagern.<\/span>\n                                                <\/div>\n                                                <hr>\n                                                <div class=\"default-description\">\n                                                    <ul><li>Erhalte <strong>20 % Rabatt<\/strong><\/li>\n<li>Erhalte 6 Streifen GO Microdose<\/li>\n<li>Erhalte alle <strong>3 Monate<\/strong> frische Tr\u00fcffel<\/li>\n<li>Nach zwei Monaten einen Monat Pause einlegen<\/li>\n<li>Ausf\u00fchrlicher Benutzerguide<\/li>\n<li>Diskrete Lieferung m\u00f6glich<\/li>\n<li>Lieferung am n\u00e4chsten Tag (innerhalb NL)<\/li>\n<\/ul>                                                <\/div>\n                                                <div class=\"dafault-buttons\">\n                                                    <div class=\"cstm-btn with-bg\">\n                                                        <form class=\"cart\" action=\"\" method=\"post\" enctype='multipart\/form-data'>\n                                                            <button type=\"submit\" name=\"add-to-cart\" value=\"65322\"\n                                                                class=\"single_add_to_cart_button button\">In den Warenkorb<\/button>\n                                                            <input type=\"hidden\" name=\"variation_id\" class=\"variation_id\"\n                                                                value=\"57870\">\n                                                        <\/form>\n                                                    <\/div>\n                                                    <div class=\"more-info\">\n                                                        <a href=\"https:\/\/go-microdose.com\/de\/produkt\/anfaengerkurs\/\">WEITERE INFORMATIONEN<\/a>\n                                                    <\/div>\n                                                <\/div>\n                                            <\/div>\n                                        <\/div>\n                                    <\/div>\n                                                    <\/div>\n            <\/div>\n        <\/div>\n    <\/div>\n    [\/vc_column_text][\/vc_column][\/vc_row]<\/p>\n<\/div>","protected":false},"excerpt":{"rendered":"<p>[vc_section full_width=&#8220;stretch_row_content&#8220; content_placement=&#8220;middle&#8220; css=&#8220;.vc_custom_1667893842628{padding-bottom: 0px !important;}&#8220;][vc_row css_animation=&#8220;none&#8220;][vc_column el_class=&#8220;container&#8220;][vc_row_inner content_placement=&#8220;middle&#8220; el_class=&#8220;row-reverse&#8220;][vc_column_inner width=&#8220;1\/2&#8243;][vc_single_image image=&#8220;56723&#8243; img_size=&#8220;full&#8220;][\/vc_column_inner][vc_column_inner el_class=&#8220;about-text-column&#8220; width=&#8220;1\/2&#8243;][vc_custom_heading source=&#8220;post_title&#8220; font_container=&#8220;tag:h5|text_align:left&#8220; use_theme_fonts=&#8220;yes&#8220; el_class=&#8220;pr-tag&#8220;][vc_custom_heading text=&#8220;Entdecke unsere Mikrodosierungs-Kurse&#8220; font_container=&#8220;tag:h2|text_align:left|color:%23000000&#8243; use_theme_fonts=&#8220;yes&#8220;][vc_column_text el_class=&#8220;product-copy-description&#8220;]Der beste Weg, um dich mit Mikrodosierung vertraut zu machen, sind unsere Kurse. Unsere Programme eignen sich sowohl f\u00fcr Anf\u00e4nger als auch f\u00fcr erfahrene Anwender. Mithilfe unserer Dokumentation helfen wir dir, [&hellip;]<\/p>\n","protected":false},"author":5548,"featured_media":0,"parent":0,"menu_order":0,"comment_status":"closed","ping_status":"closed","template":"","meta":{"_acf_changed":false,"footnotes":""},"class_list":["post-56716","page","type-page","status-publish","hentry"],"acf":[],"_links":{"self":[{"href":"https:\/\/go-microdose.com\/de\/wp-json\/wp\/v2\/pages\/56716","targetHints":{"allow":["GET"]}}],"collection":[{"href":"https:\/\/go-microdose.com\/de\/wp-json\/wp\/v2\/pages"}],"about":[{"href":"https:\/\/go-microdose.com\/de\/wp-json\/wp\/v2\/types\/page"}],"author":[{"embeddable":true,"href":"https:\/\/go-microdose.com\/de\/wp-json\/wp\/v2\/users\/5548"}],"replies":[{"embeddable":true,"href":"https:\/\/go-microdose.com\/de\/wp-json\/wp\/v2\/comments?post=56716"}],"version-history":[{"count":0,"href":"https:\/\/go-microdose.com\/de\/wp-json\/wp\/v2\/pages\/56716\/revisions"}],"wp:attachment":[{"href":"https:\/\/go-microdose.com\/de\/wp-json\/wp\/v2\/media?parent=56716"}],"curies":[{"name":"wp","href":"https:\/\/api.w.org\/{rel}","templated":true}]}}