{"id":56732,"date":"2026-03-25T11:21:17","date_gmt":"2026-03-25T10:21:17","guid":{"rendered":"https:\/\/go-microdose.com\/affiliate-programm\/"},"modified":"2026-03-27T13:05:13","modified_gmt":"2026-03-27T12:05:13","slug":"affiliate-programm","status":"publish","type":"page","link":"https:\/\/go-microdose.com\/de\/affiliate-programm\/","title":{"rendered":"Affiliate-Programm"},"content":{"rendered":"<div class=\"wpb-content-wrapper\"><p>[vc_section full_width=&#8220;stretch_row_content&#8220; full_height=&#8220;yes&#8220; el_class=&#8220;effect-main-section hoe-het-main-section&#8220; css=&#8220;.vc_custom_1640248116192{padding-bottom: 0px !important;}&#8220;][vc_row full_height=&#8220;yes&#8220; css_animation=&#8220;none&#8220; el_class=&#8220;hoe-het-werkt-row&#8220;][vc_column el_class=&#8220;container&#8220;][vc_row_inner content_placement=&#8220;top&#8220; el_class=&#8220;row-reverse&#8220;][vc_column_inner el_class=&#8220;hoe-het-werkt-image-column&#8220; width=&#8220;1\/2&#8243;][vc_single_image image=&#8220;56736&#8243; img_size=&#8220;full&#8220; css_animation=&#8220;none&#8220; el_class=&#8220;image-with-shadow&#8220;][vc_single_image image=&#8220;56338&#8243; img_size=&#8220;248X248&#8243; el_class=&#8220;fix-image&#8220;][\/vc_column_inner][vc_column_inner width=&#8220;1\/2&#8243;][vc_custom_heading text=&#8220;Affiliate-Programm&#8220; font_container=&#8220;tag:h5|text_align:left|color:%23b1aca7&#8243; use_theme_fonts=&#8220;yes&#8220; css_animation=&#8220;none&#8220; el_class=&#8220;pr-tag&#8220;][vc_custom_heading text=&#8220;Hilfst du uns zu wachsen?&#8220; font_container=&#8220;tag:h2|text_align:left|color:%23000000&#8243; use_theme_fonts=&#8220;yes&#8220; css_animation=&#8220;none&#8220; el_class=&#8220;effect-title&#8220;][vc_column_text css_animation=&#8220;none&#8220; el_class=&#8220;effect-description&#8220;]Sch\u00f6n, dass du dich daf\u00fcr interessierst, Affiliate bei uns zu werden!<br \/>\nWir suchen st\u00e4ndig nach M\u00f6glichkeiten, GO Microdose noch mehr Menschen bekannt zu machen.[\/vc_column_text][vc_btn title=&#8220;Registrieren&#8220; color=&#8220;warning&#8220; link=&#8220;url:%23signup|&#8220;][\/vc_column_inner][\/vc_row_inner][\/vc_column][\/vc_row][vc_row el_class=&#8220;move-next-section&#8220;][vc_column el_class=&#8220;container&#8220;][vc_btn title=&#8220;Unser Programm ansehen&#8220; style=&#8220;flat&#8220; color=&#8220;black&#8220; link=&#8220;url:%23program|&#8220;][\/vc_column][\/vc_row][\/vc_section][vc_section full_width=&#8220;stretch_row_content&#8220; el_class=&#8220;button-section pdf-section&#8220; css=&#8220;.vc_custom_1667543734559{background-image: url(https:\/\/go-microdose.com\/wp-content\/uploads\/2021\/12\/background-01.png?id=962) !important;background-position: center !important;background-repeat: no-repeat !important;background-size: cover !important;}&#8220; el_id=&#8220;program&#8220;][vc_row][vc_column el_class=&#8220;container&#8220;][vc_row_inner content_placement=&#8220;middle&#8220; el_class=&#8220;about-us-row&#8220;][vc_column_inner width=&#8220;6\/12&#8243;][vc_single_image image=&#8220;56737&#8243; img_size=&#8220;full&#8220; css_animation=&#8220;none&#8220; el_class=&#8220;image-with-shadow white&#8220;][\/vc_column_inner][vc_column_inner el_class=&#8220;about-text-column&#8220; width=&#8220;1\/12&#8243;][\/vc_column_inner][vc_column_inner el_class=&#8220;about-text-column&#8220; width=&#8220;5\/12&#8243;][vc_custom_heading text=&#8220;Affiliate-Programm&#8220; font_container=&#8220;tag:h5|text_align:left&#8220; use_theme_fonts=&#8220;yes&#8220; el_class=&#8220;pr-tag&#8220;][vc_custom_heading text=&#8220;Was wir bieten&#8220; font_container=&#8220;tag:h2|text_align:left|color:%23000000&#8243; use_theme_fonts=&#8220;yes&#8220;][vc_custom_heading text=&#8220;Werbematerial&#8220; font_container=&#8220;tag:h3|text_align:left&#8220; use_theme_fonts=&#8220;yes&#8220;][vc_column_text]Wir erstellen das gesamte Werbematerial \u2013 inklusive Banner in den gew\u00fcnschten Formaten.[\/vc_column_text][vc_custom_heading text=&#8220;Die Verg\u00fctung&#8220; font_container=&#8220;tag:h3|text_align:left&#8220; use_theme_fonts=&#8220;yes&#8220;][vc_column_text]<\/p>\n<ul>\n<li>Wir arbeiten mit einem PPS-Modell (Pay per Sale). <\/li>\n<li>Jeder Verkauf bringt dem Affiliate 20 % des Nettoverkaufspreises ein.<\/li>\n<li>Der Affiliate kann den Preis erh\u00f6hen, die Provision bleibt gleich.<\/li>\n<li>Der Preis darf niemals niedriger sein als auf unserer eigenen Website.<\/li>\n<li>Die Auszahlung an den Affiliate erfolgt, nachdem die Widerrufsfrist f\u00fcr die Kundenzahlung abgelaufen ist. (Bei einigen Zahlungsmethoden kann der Kunde innerhalb von X Zeit eine R\u00fcckerstattung anfordern). <\/li>\n<li>GO Microdose kann eine R\u00fcckerstattung ablehnen, wenn (der Verdacht auf) Betrug besteht.<\/li>\n<li>Die Auszahlung an den Affiliate erfolgt alle 1 oder 3 Monate per Gutschrift.<\/li>\n<li>GO Microdose teilt Verkaufsdaten transparent mit dem Affiliate.<\/li>\n<\/ul>\n<p>[\/vc_column_text][\/vc_column_inner][\/vc_row_inner][\/vc_column][\/vc_row][\/vc_section][vc_section full_width=&#8220;stretch_row_content&#8220; el_class=&#8220;button-section bottom-visible&#8220; el_id=&#8220;signup&#8220;][vc_row el_class=&#8220;only-text-content&#8220;][vc_column el_class=&#8220;container&#8220;][vc_row_inner el_class=&#8220;about-text-column&#8220;][vc_column_inner width=&#8220;6\/12&#8243;][vc_custom_heading text=&#8220;Vertrag&#8220; font_container=&#8220;tag:h5|text_align:left&#8220; use_theme_fonts=&#8220;yes&#8220; el_class=&#8220;pr-tag&#8220;][vc_custom_heading text=&#8220;Die Spielregeln&#8220; use_theme_fonts=&#8220;yes&#8220;][vc_column_text css=&#8220;&#8220; el_class=&#8220;product-copy-description&#8220;]<\/p>\n<ul>\n<li>\n<p class=\"p1\">Programmumfang. GO Microdose betreibt ein fortlaufendes Affiliate-Programm. Beide Parteien k\u00f6nnen die Partnerschaft jederzeit mit schriftlicher Mitteilung beenden.  <\/p>\n<\/li>\n<li>\n<p class=\"p1\">Provisionss\u00e4tze. 20 % auf Verk\u00e4ufe, die \u00fcber deinen Affiliate-Link erfasst werden. 10 % auf Verk\u00e4ufe, die \u00fcber deinen pers\u00f6nlichen Rabattcode erfasst werden.  <\/p>\n<\/li>\n<li>\n<p class=\"p1\">Kundenrabatt. Dein Code gibt Kunden 10 % Rabatt. Der Rabatt gilt auch dann, wenn der Verkauf \u00fcber den Link erfasst wird. Deine Provision bleibt pro Bestellung auf eine einzige Provision begrenzt.   <\/p>\n<\/li>\n<li>\n<p class=\"p1\">K\u00fcndigung. Wenn das Programm oder dein Account beendet wird, werden bis zum K\u00fcndigungsdatum aufgelaufene, freigegebene Provisionen im n\u00e4chsten Zyklus weiterhin ausgezahlt. <\/p>\n<\/li>\n<li>\n<p class=\"p1\">Markennutzung. Du darfst unsere freigegebenen Logos, Produktfotos und Texte verwenden. Stelle die Marke nicht falsch dar und mache keine falschen Aussagen.  <\/p>\n<\/li>\n<li>\n<p class=\"p1\">Traffic-Regeln. Kein Spam, Cookie Stuffing, Toolbars oder Adware. Kein Bieten auf unsere Markenbegriffe oder Domainnamen. Keine Fake-Coupons oder irref\u00fchrenden Countdowns.   <\/p>\n<\/li>\n<li>\n<p class=\"p1\">Rechtliches und Geografie. Du bist daf\u00fcr verantwortlich, die lokalen Werbe- und Produktgesetze dort einzuhalten, wo du wirbst. <\/p>\n<\/li>\n<li>\n<p class=\"p1\">\u00c4nderungen der Konditionen. GO Microdose kann Provisionss\u00e4tze, Regeln oder berechtigte Produkte anpassen. Bei wesentlichen \u00c4nderungen informieren wir dich rechtzeitig.  <\/p>\n<\/li>\n<li>\n<p class=\"p1\">Support. Fragen oder individuelle Kampagnen kannst du per E-Mail an info@go-microdose.com besprechen. <\/p>\n<\/li>\n<\/ul>\n<p>[\/vc_column_text][\/vc_column_inner][vc_column_inner width=&#8220;1\/12&#8243;][\/vc_column_inner][vc_column_inner width=&#8220;4\/12&#8243;]\n<div class=\"wpcf7 no-js\" id=\"wpcf7-f57943-o1\" lang=\"de-DE\" dir=\"ltr\" data-wpcf7-id=\"57943\">\n<div class=\"screen-reader-response\"><p role=\"status\" aria-live=\"polite\" aria-atomic=\"true\"><\/p> <ul><\/ul><\/div>\n<form action=\"\/de\/wp-json\/wp\/v2\/pages\/56732#wpcf7-f57943-o1\" method=\"post\" class=\"wpcf7-form init\" aria-label=\"Kontaktformular\" novalidate=\"novalidate\" data-status=\"init\">\n<fieldset class=\"hidden-fields-container\"><input type=\"hidden\" name=\"_wpcf7\" value=\"57943\" \/><input type=\"hidden\" name=\"_wpcf7_version\" value=\"6.1.5\" \/><input type=\"hidden\" name=\"_wpcf7_locale\" value=\"de_DE\" \/><input type=\"hidden\" name=\"_wpcf7_unit_tag\" value=\"wpcf7-f57943-o1\" \/><input type=\"hidden\" name=\"_wpcf7_container_post\" value=\"0\" \/><input type=\"hidden\" name=\"_wpcf7_posted_data_hash\" value=\"\" \/><input type=\"hidden\" name=\"_wpcf7_recaptcha_response\" value=\"\" \/>\n<\/fieldset>\n<div class=\"contact-form image-with-shadow\">\n\t<h2>Anmelden!\n\t<\/h2>\n\t<div class=\"form-row\">\n\t\t<p><span class=\"wpcf7-form-control-wrap\" data-name=\"Naam\"><input size=\"40\" maxlength=\"400\" class=\"wpcf7-form-control wpcf7-text form-field\" aria-invalid=\"false\" placeholder=\"Name\" value=\"\" type=\"text\" name=\"Naam\" \/><\/span>\n\t\t<\/p>\n\t<\/div>\n\t<div class=\"form-row\">\n\t\t<p><span class=\"wpcf7-form-control-wrap\" data-name=\"Email\"><input size=\"40\" maxlength=\"400\" class=\"wpcf7-form-control wpcf7-email wpcf7-validates-as-required wpcf7-text wpcf7-validates-as-email form-field\" aria-required=\"true\" aria-invalid=\"false\" placeholder=\"E-Mail\" value=\"\" type=\"email\" name=\"Email\" \/><\/span>\n\t\t<\/p>\n\t<\/div>\n\t<div class=\"form-row\">\n\t\t<p><span class=\"wpcf7-form-control-wrap\" data-name=\"Instagram\"><input size=\"40\" maxlength=\"400\" class=\"wpcf7-form-control wpcf7-text wpcf7-validates-as-required form-field\" aria-required=\"true\" aria-invalid=\"false\" placeholder=\"Social-Media-Konto\" value=\"\" type=\"text\" name=\"Instagram\" \/><\/span>\n\t\t<\/p>\n\t<\/div>\n\t<div class=\"form-row checkbox\">\n\t\t<p><span class=\"wpcf7-form-control-wrap\" data-name=\"agree\"><span class=\"wpcf7-form-control wpcf7-acceptance\"><span class=\"wpcf7-list-item\"><label><input type=\"checkbox\" name=\"agree\" value=\"1\" aria-invalid=\"false\" \/><span class=\"wpcf7-list-item-label\">Ich stimme dem <a href=\"\/privacy-policy\/\" target=\"_blank\">Datenschutzhinweis<\/a> zu<\/span><\/label><\/span><\/span><\/span>\n\t\t<\/p>\n\t<\/div>\n\t<div class=\"form-row\">\n\t<span class=\"wpcf7-form-control-wrap recaptcha\" data-name=\"recaptcha\"><span data-sitekey=\"6LcxYnAUAAAAAK0N-eell9CfBJrJukJ8yVIG3u5S\" class=\"wpcf7-form-control wpcf7-recaptcha g-recaptcha\"><\/span>\r\n<noscript>\r\n\t<div class=\"grecaptcha-noscript\">\r\n\t\t<iframe src=\"https:\/\/www.google.com\/recaptcha\/api\/fallback?k=6LcxYnAUAAAAAK0N-eell9CfBJrJukJ8yVIG3u5S\" frameborder=\"0\" scrolling=\"no\" width=\"310\" height=\"430\">\r\n\t\t<\/iframe>\r\n\t\t<textarea name=\"g-recaptcha-response\" rows=\"3\" cols=\"40\" placeholder=\"reCaptcha Response Here\">\r\n\t\t<\/textarea>\r\n\t<\/div>\r\n<\/noscript>\r\n<\/span>\n\t<\/div>\n\t<div class=\"form-row submit\">\n\t\t<p><button class=\"button vc_btn3-style-modern\"><input class=\"wpcf7-form-control wpcf7-submit has-spinner\" type=\"submit\" value=\"Senden\" \/><\/button>\n\t\t<\/p>\n\t<\/div>\n<\/div><div class=\"wpcf7-response-output\" aria-hidden=\"true\"><\/div>\n<\/form>\n<\/div>\n[\/vc_column_inner][vc_column_inner width=&#8220;1\/12&#8243;][\/vc_column_inner][\/vc_row_inner][\/vc_column][\/vc_row][\/vc_section]<\/p>\n<\/div>","protected":false},"excerpt":{"rendered":"<p>[vc_section full_width=&#8220;stretch_row_content&#8220; full_height=&#8220;yes&#8220; el_class=&#8220;effect-main-section hoe-het-main-section&#8220; css=&#8220;.vc_custom_1640248116192{padding-bottom: 0px !important;}&#8220;][vc_row full_height=&#8220;yes&#8220; css_animation=&#8220;none&#8220; el_class=&#8220;hoe-het-werkt-row&#8220;][vc_column el_class=&#8220;container&#8220;][vc_row_inner content_placement=&#8220;top&#8220; el_class=&#8220;row-reverse&#8220;][vc_column_inner el_class=&#8220;hoe-het-werkt-image-column&#8220; width=&#8220;1\/2&#8243;][vc_single_image image=&#8220;56736&#8243; img_size=&#8220;full&#8220; css_animation=&#8220;none&#8220; el_class=&#8220;image-with-shadow&#8220;][vc_single_image image=&#8220;56338&#8243; img_size=&#8220;248X248&#8243; el_class=&#8220;fix-image&#8220;][\/vc_column_inner][vc_column_inner width=&#8220;1\/2&#8243;][vc_custom_heading text=&#8220;Affiliate-Programm&#8220; font_container=&#8220;tag:h5|text_align:left|color:%23b1aca7&#8243; use_theme_fonts=&#8220;yes&#8220; css_animation=&#8220;none&#8220; el_class=&#8220;pr-tag&#8220;][vc_custom_heading text=&#8220;Hilfst du uns zu wachsen?&#8220; font_container=&#8220;tag:h2|text_align:left|color:%23000000&#8243; use_theme_fonts=&#8220;yes&#8220; css_animation=&#8220;none&#8220; el_class=&#8220;effect-title&#8220;][vc_column_text css_animation=&#8220;none&#8220; el_class=&#8220;effect-description&#8220;]Sch\u00f6n, dass du dich daf\u00fcr interessierst, Affiliate bei uns zu werden! Wir suchen st\u00e4ndig nach M\u00f6glichkeiten, [&hellip;]<\/p>\n","protected":false},"author":5548,"featured_media":0,"parent":0,"menu_order":0,"comment_status":"closed","ping_status":"closed","template":"","meta":{"_acf_changed":false,"footnotes":""},"class_list":["post-56732","page","type-page","status-publish","hentry"],"acf":[],"_links":{"self":[{"href":"https:\/\/go-microdose.com\/de\/wp-json\/wp\/v2\/pages\/56732","targetHints":{"allow":["GET"]}}],"collection":[{"href":"https:\/\/go-microdose.com\/de\/wp-json\/wp\/v2\/pages"}],"about":[{"href":"https:\/\/go-microdose.com\/de\/wp-json\/wp\/v2\/types\/page"}],"author":[{"embeddable":true,"href":"https:\/\/go-microdose.com\/de\/wp-json\/wp\/v2\/users\/5548"}],"replies":[{"embeddable":true,"href":"https:\/\/go-microdose.com\/de\/wp-json\/wp\/v2\/comments?post=56732"}],"version-history":[{"count":0,"href":"https:\/\/go-microdose.com\/de\/wp-json\/wp\/v2\/pages\/56732\/revisions"}],"wp:attachment":[{"href":"https:\/\/go-microdose.com\/de\/wp-json\/wp\/v2\/media?parent=56732"}],"curies":[{"name":"wp","href":"https:\/\/api.w.org\/{rel}","templated":true}]}}