{"id":56789,"date":"2026-03-25T11:22:06","date_gmt":"2026-03-25T10:22:06","guid":{"rendered":"https:\/\/go-microdose.com\/versand\/"},"modified":"2026-03-25T11:23:19","modified_gmt":"2026-03-25T10:23:19","slug":"versand","status":"publish","type":"page","link":"https:\/\/go-microdose.com\/de\/versand\/","title":{"rendered":"Versand"},"content":{"rendered":"<div class=\"wpb-content-wrapper\"><p>[vc_row][vc_column width=&#8220;1\/2&#8243;][vc_custom_heading text=&#8220;Alles, was du wissen musst&#8220; font_container=&#8220;tag:div|text_align:left&#8220; use_theme_fonts=&#8220;yes&#8220; css=&#8220;&#8220; el_class=&#8220;pr-tag&#8220;][\/vc_column][vc_column width=&#8220;1\/2&#8243;][\/vc_column][\/vc_row][vc_row][vc_column width=&#8220;1\/2&#8243;][vc_custom_heading text=&#8220;Versand&#8220; font_container=&#8220;tag:h1|text_align:left&#8220; use_theme_fonts=&#8220;yes&#8220;][vc_column_text css=&#8220;&#8220;]<\/p>\n<p class=\"p1\">Bei GO Microdose bem\u00fchen wir uns, dass deine Bestellung schnell, sicher und unkompliziert bei dir ankommt. Wir versenden in die meisten L\u00e4nder weltweit und haben unsere Versandmethoden sorgf\u00e4ltig auf Zuverl\u00e4ssigkeit und Diskretion optimiert. Wenn du unten dein Land ausw\u00e4hlst, findest du detaillierte Versandinformationen, einschlie\u00dflich voraussichtlicher Lieferzeiten, Tracking-Optionen und rechtlicher Hinweise.  <\/p>\n<p class=\"p1\">Bestellungen werden in der Regel innerhalb eines Werktages bearbeitet, und die Lieferzeiten variieren je nach Standort. Obwohl wir mit vertrauensw\u00fcrdigen Versandpartnern zusammenarbeiten, kann es manchmal zu Verz\u00f6gerungen durch Zollabfertigung oder lokale Postdienste kommen. Wenn du Fragen zu deiner Sendung hast, kontaktiere gerne unser Support-Team \u2013 wir helfen dir gerne weiter!  <\/p>\n<p>[\/vc_column_text][\/vc_column][vc_column width=&#8220;1\/2&#8243;][vc_raw_html css=&#8220;&#8220; el_id=&#8220;mapsvg-search&#8220;]PGgzPlN1Y2hlIG9kZXIgd8OkaGxlIGRlaW4gTGFuZDwvaDM+CjxpbnB1dCB0eXBlPSJ0ZXh0IiBpZD0ic2VhcmNoQm94IiBwbGFjZWhvbGRlcj0iU3VjaGUgZGVpbiBMYW5kIj4=[\/vc_raw_html][\/vc_column][\/vc_row][vc_row el_class=&#8220;pb-50&#8243;][vc_column][vc_raw_html]W21hcHN2ZyBpZD0iMSJd[\/vc_raw_html][vc_tta_accordion style=&#8220;outline&#8220; shape=&#8220;square&#8220; color=&#8220;black&#8220; c_icon=&#8220;&#8220; active_section=&#8220;100&#8243; no_fill=&#8220;true&#8220; collapsible_all=&#8220;true&#8220; el_class=&#8220;accordion-list-a-z&#8220;][vc_tta_section title=&#8220;Liste von A bis Z&#8220; tab_id=&#8220;a-to-z1a95-6a3f&#8220;][vc_raw_html css=&#8220;&#8220; el_id=&#8220;block-list&#8220;][\/vc_raw_html][\/vc_tta_section][\/vc_tta_accordion][\/vc_column][\/vc_row][vc_row el_class=&#8220;pb-80&#8243;][vc_column][vc_custom_heading text=&#8220;mehr Informationen&#8220; font_container=&#8220;tag:div|text_align:left&#8220; use_theme_fonts=&#8220;yes&#8220; el_class=&#8220;pr-tag&#8220;][vc_tta_accordion style=&#8220;flat&#8220; shape=&#8220;square&#8220; color=&#8220;white&#8220; c_icon=&#8220;&#8220; active_section=&#8220;100&#8243; no_fill=&#8220;true&#8220; collapsible_all=&#8220;true&#8220; title=&#8220;Allgemeine Versandinfos&#8220;][vc_tta_section title=&#8220;Wie lange dauert der Versand?&#8220; tab_id=&#8220;1737187665459-72042fcd-1c331a95-6a3f&#8220;][vc_column_text css=&#8220;&#8220;]<\/p>\n<p class=\"p1\">Die Versandzeiten variieren je nach Standort und der beim Checkout gew\u00e4hlten Versandmethode. Wir bem\u00fchen uns, alle Bestellungen innerhalb eines Werktages zu bearbeiten und zu versenden. <\/p>\n<ul>\n<li class=\"p2\">Innerhalb der Niederlande:<span class=\"s1\"> 1\u20132 Werktage<\/span><\/li>\n<li class=\"p2\"><span class=\"s2\">EU-L\u00e4nder:<\/span> In der Regel 3\u20137 Werktage<\/li>\n<li class=\"p2\"><span class=\"s2\">Vereinigtes K\u00f6nigreich:<\/span> 5\u20137 Werktage<\/li>\n<li class=\"p2\">USA und andere internationale Ziele:<span class=\"s1\"> 6\u201310 Werktage<\/span><\/li>\n<\/ul>\n<p class=\"p1\">Bitte beachte, dass die Lieferzeiten durch Faktoren wie Verz\u00f6gerungen bei lokalen Postdiensten oder Feiertage beeinflusst werden k\u00f6nnen. F\u00fcr detaillierte Versandzeiten in dein Land besuche die oben verlinkte l\u00e4nderspezifische Seite. <\/p>\n<p>[\/vc_column_text][\/vc_tta_section][vc_tta_section title=&#8220;Wo kann ich meine Bestellung verfolgen?&#8220; tab_id=&#8220;1737187665466-5703fda6-be481a95-6a3f&#8220;][vc_column_text css=&#8220;&#8220;]<\/p>\n<p class=\"p1\">Du kannst deine Bestellung mit dem Trackingcode verfolgen, der in deiner Versandbest\u00e4tigungs-E-Mail enthalten ist. Die Tracking-Methode h\u00e4ngt von deinem Land und dem verwendeten Versandservice ab. F\u00fcr die genauesten Tracking-Optionen in deiner Region besuche bitte die oben verlinkte l\u00e4nderspezifische Seite.  <\/p>\n<p>[\/vc_column_text][\/vc_tta_section][vc_tta_section title=&#8220;Was sind die Versandkosten und -methoden?&#8220; tab_id=&#8220;1737188614232-01a47c52-44d41a95-6a3f&#8220;][vc_column_text css=&#8220;&#8220;]<\/p>\n<p class=\"p1\">Die Versandkosten und verf\u00fcgbaren Versandmethoden h\u00e4ngen von deinem Land und den Versandoptionen ab, die wir f\u00fcr diese Region anbieten. Die exakten Versandkosten und -methoden siehst du beim Checkout. F\u00fcr eine vollst\u00e4ndige \u00dcbersicht der verf\u00fcgbaren Versandoptionen und Preise in deinem Land besuche bitte die oben verlinkte l\u00e4nderspezifische Seite.  <\/p>\n<p>[\/vc_column_text][\/vc_tta_section][vc_tta_section title=&#8220;Wie kann ich meine Bestellung bezahlen?&#8220; tab_id=&#8220;1737188637035-b7eae861-e6271a95-6a3f&#8220;][vc_column_text css=&#8220;&#8220;]<\/p>\n<p class=\"p1\">Wir bieten verschiedene sichere Zahlungsmethoden an, um deinen Checkout-Prozess einfach und bequem zu gestalten. Du kannst bezahlen mit: <\/p>\n<ul>\n<li>(Kredit-)Karte<\/li>\n<li>PayPal<\/li>\n<li>Revolut<\/li>\n<li>iDEAL<\/li>\n<li>Kryptow\u00e4hrung<\/li>\n<li>Przelewy24<\/li>\n<li>Bancontact<\/li>\n<li>SEPA-Bank\u00fcberweisung<\/li>\n<li>Online \u00dcberweisen<\/li>\n<li><span class=\"s1\">Sofortbanking<\/span><\/li>\n<li>Manuelle Bank\u00fcberweisungen<\/li>\n<\/ul>\n<p>[\/vc_column_text][\/vc_tta_section][vc_tta_section title=&#8220;Garantie und Reklamationen&#8220; tab_id=&#8220;1737188651466-1dfecdda-bebe1a95-6a3f&#8220;][vc_column_text css=&#8220;&#8220;]<\/p>\n<p class=\"p1\">Wir achten sehr darauf, dass unsere Produkte in einwandfreiem Zustand bei dir ankommen. Solltest du jedoch einen Artikel erhalten, der w\u00e4hrend des Transports besch\u00e4digt wurde oder einen anderen Mangel aufweist, hast du m\u00f6glicherweise Anspruch auf eine Garantieleistung. <\/p>\n<p class=\"p3\"><b>Garantieanspr\u00fcche<br \/><\/b><b><\/b>Wenn du ein Problem mit deiner Bestellung feststellst, kontaktiere uns bitte innerhalb einer angemessenen Frist \u2013 idealerweise innerhalb von <span class=\"s1\">1 Tag<\/span> nach Erhalt deines Pakets. Wir werden die Situation pr\u00fcfen und die beste L\u00f6sung finden. <\/p>\n<p class=\"p3\"><b>Reklamationen<br \/><\/b><b><\/b>Wenn etwas nicht wie erwartet l\u00e4uft, sind wir f\u00fcr dich da. Kontaktiere uns bitte unter <span class=\"s1\">info@go-microdose.com<\/span>, und wir werden unser Bestes tun, um das Problem zu l\u00f6sen. <\/p>\n<p>[\/vc_column_text][\/vc_tta_section][vc_tta_section title=&#8220;R\u00fccksendungen&#8220; tab_id=&#8220;1737188666632-9ee3fe40-46091a95-6a3f&#8220;][vc_column_text css=&#8220;&#8220;]<\/p>\n<p class=\"p1\">Aufgrund der Beschaffenheit unserer Produkte sind <span class=\"s1\"><b>R\u00fccksendungen nicht m\u00f6glich<\/b><\/span>. Unsere Tr\u00fcffel und andere frische Produkte haben eine <span class=\"s1\">begrenzte Haltbarkeit von etwa 2 Monaten<\/span>, was bedeutet, dass sie nach einer R\u00fccksendung nicht weiterverkauft werden k\u00f6nnen. Diese Richtlinie stellt sicher, dass alle Kunden frische und hochwertige Produkte erhalten.  <\/p>\n<p class=\"p3\"><b>Umtauschrichtlinie<br \/><\/b><b><\/b>Wenn du ein Produkt umtauschen m\u00f6chtest, kontaktiere uns bitte unter <span class=\"s1\">info@go-microdose.com<\/span>. W\u00e4hrend ein Umtausch bei bestimmten nicht verderblichen Artikeln m\u00f6glich sein kann, <span class=\"s1\">tragen Kunden die Kosten f\u00fcr den R\u00fcckversand<\/span>. <\/p>\n<p class=\"p3\"><b>Falsche Lieferadresse<br \/><\/b><b><\/b>Wenn du eine falsche Versandadresse angegeben hast, kontaktiere uns bitte so schnell wie m\u00f6glich. Wir werden versuchen, deine Bestellung zu aktualisieren, bevor sie versendet wird. Sobald die Bestellung jedoch versandt wurde, sind \u00c4nderungen nicht mehr m\u00f6glich.  <\/p>\n<p>[\/vc_column_text][\/vc_tta_section][vc_tta_section title=&#8220;Kontakt&#8220; tab_id=&#8220;1737188682135-ea9d8e7b-ed3c1a95-6a3f&#8220;][vc_column_text]<\/p>\n<p>Wir geben unser Bestes f\u00fcr dich als Kunde. Das bedeutet, dass du uns ganz einfach kontaktieren kannst.<br \/>Wenn du Fragen dazu hast, erreichst du uns \u00fcber folgende Kontaktdaten: <\/p>\n<p><strong>GO-Microdose.com<\/strong><br \/>E-Mail: <a href=\"mailto:info@go-microdose.com\">info@go-microdose.com<\/a><br \/>Der Handelsname unseres Unternehmens lautet: GK Health B.V.<br \/>Unser Domainname ist GO-Microdose.com<br \/>Unsere Postanschrift: Joop Geesinkweg 601, 1114AB Amsterdam<br \/>Handelskammer: 87887274<br \/>USt-IdNr.: NL864437584B01<\/p>\n<p>[\/vc_column_text][\/vc_tta_section][\/vc_tta_accordion][\/vc_column][\/vc_row][vc_row el_class=&#8220;pb-220&#8243;][vc_column width=&#8220;1\/2&#8243;][vc_custom_heading text=&#8220;Kontakt&#8220; font_container=&#8220;tag:div|text_align:left&#8220; use_theme_fonts=&#8220;yes&#8220; el_class=&#8220;pr-tag&#8220;][vc_custom_heading text=&#8220;Fragen oder Anmerkungen?&#8220; use_theme_fonts=&#8220;yes&#8220;]\n<div class=\"wpcf7 no-js\" id=\"wpcf7-f57948-o1\" lang=\"de-DE\" dir=\"ltr\" data-wpcf7-id=\"57948\">\n<div class=\"screen-reader-response\"><p role=\"status\" aria-live=\"polite\" aria-atomic=\"true\"><\/p> <ul><\/ul><\/div>\n<form action=\"\/de\/wp-json\/wp\/v2\/pages\/56789#wpcf7-f57948-o1\" method=\"post\" class=\"wpcf7-form init\" aria-label=\"Kontaktformular\" novalidate=\"novalidate\" data-status=\"init\">\n<fieldset class=\"hidden-fields-container\"><input type=\"hidden\" name=\"_wpcf7\" value=\"57948\" \/><input type=\"hidden\" name=\"_wpcf7_version\" value=\"6.1.5\" \/><input type=\"hidden\" name=\"_wpcf7_locale\" value=\"de_DE\" \/><input type=\"hidden\" name=\"_wpcf7_unit_tag\" value=\"wpcf7-f57948-o1\" \/><input type=\"hidden\" name=\"_wpcf7_container_post\" value=\"0\" \/><input type=\"hidden\" name=\"_wpcf7_posted_data_hash\" value=\"\" \/><input type=\"hidden\" name=\"_wpcf7_recaptcha_response\" value=\"\" \/>\n<\/fieldset>\n<div class=\"contact-form\">\n\t<div class=\"form-row\">\n\t\t<p><span class=\"wpcf7-form-control-wrap\" data-name=\"Naam\"><input size=\"40\" maxlength=\"400\" class=\"wpcf7-form-control wpcf7-text form-field\" aria-invalid=\"false\" placeholder=\"Name\" value=\"\" type=\"text\" name=\"Naam\" \/><\/span>\n\t\t<\/p>\n\t<\/div>\n\t<div class=\"form-row\">\n\t\t<p><span class=\"wpcf7-form-control-wrap\" data-name=\"Email\"><input size=\"40\" maxlength=\"400\" class=\"wpcf7-form-control wpcf7-email wpcf7-validates-as-required wpcf7-text wpcf7-validates-as-email form-field\" aria-required=\"true\" aria-invalid=\"false\" placeholder=\"E-Mail\" value=\"\" type=\"email\" name=\"Email\" \/><\/span>\n\t\t<\/p>\n\t<\/div>\n\t<div class=\"form-row\">\n\t\t<p><span class=\"wpcf7-form-control-wrap\" data-name=\"your-message\"><textarea cols=\"40\" rows=\"10\" maxlength=\"2000\" class=\"wpcf7-form-control wpcf7-textarea form-field\" aria-invalid=\"false\" placeholder=\"Frage oder Anmerkung\u2026\" name=\"your-message\"><\/textarea><\/span>\n\t\t<\/p>\n\t<\/div>\n\t<div class=\"form-row checkbox\">\n\t\t<p><span class=\"wpcf7-form-control-wrap\" data-name=\"agree\"><span class=\"wpcf7-form-control wpcf7-acceptance\"><span class=\"wpcf7-list-item\"><label><input type=\"checkbox\" name=\"agree\" value=\"1\" aria-invalid=\"false\" \/><span class=\"wpcf7-list-item-label\">Ich stimme dem <a href=\"\/privacy-policy\/\" target=\"_blank\">Datenschutzhinweis<\/a> zu.<\/span><\/label><\/span><\/span><\/span>\n\t\t<\/p>\n\t<\/div>\n\t<div class=\"form-row\">\n\t<span class=\"wpcf7-form-control-wrap recaptcha\" data-name=\"recaptcha\"><span data-sitekey=\"6LcxYnAUAAAAAK0N-eell9CfBJrJukJ8yVIG3u5S\" class=\"wpcf7-form-control wpcf7-recaptcha g-recaptcha\"><\/span>\r\n<noscript>\r\n\t<div class=\"grecaptcha-noscript\">\r\n\t\t<iframe src=\"https:\/\/www.google.com\/recaptcha\/api\/fallback?k=6LcxYnAUAAAAAK0N-eell9CfBJrJukJ8yVIG3u5S\" frameborder=\"0\" scrolling=\"no\" width=\"310\" height=\"430\">\r\n\t\t<\/iframe>\r\n\t\t<textarea name=\"g-recaptcha-response\" rows=\"3\" cols=\"40\" placeholder=\"reCaptcha Response Here\">\r\n\t\t<\/textarea>\r\n\t<\/div>\r\n<\/noscript>\r\n<\/span>\n\t<\/div>\n\t<div class=\"form-row submit\">\n\t\t<p><button class=\"button vc_btn3-style-modern\"><input class=\"wpcf7-form-control wpcf7-submit has-spinner\" type=\"submit\" value=\"Senden\" \/><\/button>\n\t\t<\/p>\n\t<\/div>\n<\/div><div class=\"wpcf7-response-output\" aria-hidden=\"true\"><\/div>\n<\/form>\n<\/div>\n[\/vc_column][vc_column width=&#8220;1\/2&#8243;][\/vc_column][\/vc_row]<\/p>\n<\/div>","protected":false},"excerpt":{"rendered":"<p>[vc_row][vc_column width=&#8220;1\/2&#8243;][vc_custom_heading text=&#8220;Alles, was du wissen musst&#8220; font_container=&#8220;tag:div|text_align:left&#8220; use_theme_fonts=&#8220;yes&#8220; css=&#8220;&#8220; el_class=&#8220;pr-tag&#8220;][\/vc_column][vc_column width=&#8220;1\/2&#8243;][\/vc_column][\/vc_row][vc_row][vc_column width=&#8220;1\/2&#8243;][vc_custom_heading text=&#8220;Versand&#8220; font_container=&#8220;tag:h1|text_align:left&#8220; use_theme_fonts=&#8220;yes&#8220;][vc_column_text css=&#8220;&#8220;] Bei GO Microdose bem\u00fchen wir uns, dass deine Bestellung schnell, sicher und unkompliziert bei dir ankommt. Wir versenden in die meisten L\u00e4nder weltweit und haben unsere Versandmethoden sorgf\u00e4ltig auf Zuverl\u00e4ssigkeit und Diskretion optimiert. Wenn du unten dein Land [&hellip;]<\/p>\n","protected":false},"author":5548,"featured_media":0,"parent":0,"menu_order":0,"comment_status":"closed","ping_status":"closed","template":"","meta":{"_acf_changed":false,"footnotes":""},"class_list":["post-56789","page","type-page","status-publish","hentry"],"acf":[],"_links":{"self":[{"href":"https:\/\/go-microdose.com\/de\/wp-json\/wp\/v2\/pages\/56789","targetHints":{"allow":["GET"]}}],"collection":[{"href":"https:\/\/go-microdose.com\/de\/wp-json\/wp\/v2\/pages"}],"about":[{"href":"https:\/\/go-microdose.com\/de\/wp-json\/wp\/v2\/types\/page"}],"author":[{"embeddable":true,"href":"https:\/\/go-microdose.com\/de\/wp-json\/wp\/v2\/users\/5548"}],"replies":[{"embeddable":true,"href":"https:\/\/go-microdose.com\/de\/wp-json\/wp\/v2\/comments?post=56789"}],"version-history":[{"count":0,"href":"https:\/\/go-microdose.com\/de\/wp-json\/wp\/v2\/pages\/56789\/revisions"}],"wp:attachment":[{"href":"https:\/\/go-microdose.com\/de\/wp-json\/wp\/v2\/media?parent=56789"}],"curies":[{"name":"wp","href":"https:\/\/api.w.org\/{rel}","templated":true}]}}