{"id":56952,"date":"2026-03-25T11:23:33","date_gmt":"2026-03-25T10:23:33","guid":{"rendered":"https:\/\/go-microdose.com\/informationen\/"},"modified":"2026-03-27T09:13:59","modified_gmt":"2026-03-27T08:13:59","slug":"informationen","status":"publish","type":"page","link":"https:\/\/go-microdose.com\/de\/informationen\/","title":{"rendered":"Informationen"},"content":{"rendered":"<div class=\"wpb-content-wrapper\"><p>[vc_section full_width=&#8220;stretch_row&#8220; el_class=&#8220;main-myaccount&#8220;][vc_row el_class=&#8220;downloads-title&#8220;][vc_column][vc_custom_heading text=&#8220;Informationen&#8220; font_container=&#8220;tag:div|text_align:left&#8220; use_theme_fonts=&#8220;yes&#8220; el_class=&#8220;pr-tag&#8220;][vc_custom_heading text=&#8220;Downloads&#8220; font_container=&#8220;tag:h1|text_align:left&#8220; use_theme_fonts=&#8220;yes&#8220; el_class=&#8220;effect-title&#8220;][\/vc_column][\/vc_row][vc_row equal_height=&#8220;yes&#8220; el_class=&#8220;section-downloads&#8220;][vc_column width=&#8220;2\/3&#8243;][vc_row_inner el_class=&#8220;item&#8220;][vc_column_inner][vc_single_image image=&#8220;56452&#8243; img_size=&#8220;full&#8220;][vc_column_text]<\/p>\n<h2>Anwendung &amp; Dosierung<\/h2>\n<p>Hilft dir dabei, die perfekte Dosis f\u00fcr dich zu finden.[\/vc_column_text][vc_btn title=&#8220;Download&#8220; link=&#8220;url:https%3A%2F%2Fgo-microdose.com%2Fwp-content%2Fuploads%2F2022%2F11%2FHow-to-use-dose.pdf|target:_blank|&#8220; el_class=&#8220;btn-download&#8220;][\/vc_column_inner][\/vc_row_inner][vc_row_inner el_class=&#8220;item&#8220;][vc_column_inner][vc_single_image image=&#8220;56452&#8243; img_size=&#8220;full&#8220;][vc_column_text]<\/p>\n<h2>Schritt-f\u00fcr-Schritt-Kursanleitung<\/h2>\n<p>Entdecke den Schritt-f\u00fcr-Schritt-Plan f\u00fcr Anf\u00e4nger und Experten.[\/vc_column_text][vc_btn title=&#8220;Download&#8220; link=&#8220;url:https%3A%2F%2Fgo-microdose.com%2Fwp-content%2Fuploads%2F2022%2F08%2FGO-Microdose-manual.pdf|target:_blank|&#8220; el_class=&#8220;btn-download&#8220;][\/vc_column_inner][\/vc_row_inner][vc_row_inner el_class=&#8220;item&#8220;][vc_column_inner][vc_single_image image=&#8220;56452&#8243; img_size=&#8220;full&#8220;][vc_column_text]<\/p>\n<h2>Growkit-Anleitung<\/h2>\n<p>Z\u00fcchte deine eigenen Pilze mit unserer Growkit-Anleitung.[\/vc_column_text][vc_btn title=&#8220;Download&#8220; link=&#8220;url:https%3A%2F%2Fgo-microdose.com%2Fde%2Fanbauanleitung%2F|target:_blank|&#8220; el_class=&#8220;btn-download&#8220;][\/vc_column_inner][\/vc_row_inner][vc_row_inner el_class=&#8220;item&#8220;][vc_column_inner][vc_single_image image=&#8220;56452&#8243; img_size=&#8220;full&#8220;][vc_column_text]<\/p>\n<h2>Pers\u00f6nlicher Auswertungsplan (bald verf\u00fcgbar)<\/h2>\n<p>Behalte deine Erfahrungen im Blick.[\/vc_column_text][vc_btn title=&#8220;Download&#8220; link=&#8220;url:%23|target:_blank|&#8220; el_class=&#8220;btn-download&#8220;][\/vc_column_inner][\/vc_row_inner][\/vc_column][vc_column width=&#8220;1\/3&#8243;][vc_wp_text title=&#8220;Dosierungsrechner&#8220; el_class=&#8220;b-dosage-calculator&#8220;]Nutze unseren Dosierungsrechner, um die optimale Dosierung von Zauberpilzen\/Tr\u00fcffeln basierend auf deinem K\u00f6rpergewicht zu ermitteln.<\/p>\n<p><a class=\"button vc_btn3-style-modern\" href=\"https:\/\/go-microdose.com\/de\/dosierungsrechner\/\">Jetzt berechnen<\/a><\/p>\n<p><img decoding=\"async\" class=\"alignnone size-full wp-image-17597\" src=\"https:\/\/go-microdose.com\/wp-content\/uploads\/2024\/02\/IPHONE-MOCKUP.png\" alt=\"\" width=\"548\" height=\"700\" srcset=\"https:\/\/go-microdose.com\/wp-content\/uploads\/2024\/02\/IPHONE-MOCKUP.png 548w, https:\/\/go-microdose.com\/wp-content\/uploads\/2024\/02\/IPHONE-MOCKUP-235x300.png 235w, https:\/\/go-microdose.com\/wp-content\/uploads\/2024\/02\/IPHONE-MOCKUP-391x500.png 391w, https:\/\/go-microdose.com\/wp-content\/uploads\/2024\/02\/IPHONE-MOCKUP-157x200.png 157w\" sizes=\"(max-width: 548px) 100vw, 548px\" \/>[\/vc_wp_text][\/vc_column][\/vc_row][vc_row el_class=&#8220;s-download-full-guide&#8220;][vc_column width=&#8220;1\/2&#8243;][vc_single_image image=&#8220;56371&#8243; img_size=&#8220;full&#8220; onclick=&#8220;custom_link&#8220; css=&#8220;&#8220; link=&#8220;https:\/\/go-microdose.com\/de\/der-vollstaendige-microdosing-leitfaden\/&#8220;][\/vc_column][vc_column width=&#8220;1\/2&#8243; el_class=&#8220;form&#8220;][vc_custom_heading text=&#8220;Lade unseren kompletten Microdosing-Leitfaden <em>kostenlos herunter!<\/em>&#8220; use_theme_fonts=&#8220;yes&#8220; css=&#8220;&#8220; el_class=&#8220;sh2&#8243;][vc_column_text css=&#8220;&#8220;]<strong>Dieser Leitfaden<\/strong> fasst Best Practices und essenzielles Wissen zusammen, um dir zu helfen, Microdosing effektiv in deine Wellness-Routine zu integrieren.[\/vc_column_text][vc_raw_html css=&#8220;&#8220;]W21haWxlcmxpdGVfZm9ybSBmb3JtX2lkPSIyIl0=[\/vc_raw_html][\/vc_column][\/vc_row][\/vc_section]<\/p>\n<\/div>","protected":false},"excerpt":{"rendered":"<p>[vc_section full_width=&#8220;stretch_row&#8220; el_class=&#8220;main-myaccount&#8220;][vc_row el_class=&#8220;downloads-title&#8220;][vc_column][vc_custom_heading text=&#8220;Informationen&#8220; font_container=&#8220;tag:div|text_align:left&#8220; use_theme_fonts=&#8220;yes&#8220; el_class=&#8220;pr-tag&#8220;][vc_custom_heading text=&#8220;Downloads&#8220; font_container=&#8220;tag:h1|text_align:left&#8220; use_theme_fonts=&#8220;yes&#8220; el_class=&#8220;effect-title&#8220;][\/vc_column][\/vc_row][vc_row equal_height=&#8220;yes&#8220; el_class=&#8220;section-downloads&#8220;][vc_column width=&#8220;2\/3&#8243;][vc_row_inner el_class=&#8220;item&#8220;][vc_column_inner][vc_single_image image=&#8220;56452&#8243; img_size=&#8220;full&#8220;][vc_column_text] Anwendung &amp; Dosierung Hilft dir dabei, die perfekte Dosis f\u00fcr dich zu finden.[\/vc_column_text][vc_btn title=&#8220;Download&#8220; link=&#8220;url:https%3A%2F%2Fgo-microdose.com%2Fwp-content%2Fuploads%2F2022%2F11%2FHow-to-use-dose.pdf|target:_blank|&#8220; el_class=&#8220;btn-download&#8220;][\/vc_column_inner][\/vc_row_inner][vc_row_inner el_class=&#8220;item&#8220;][vc_column_inner][vc_single_image image=&#8220;56452&#8243; img_size=&#8220;full&#8220;][vc_column_text] Schritt-f\u00fcr-Schritt-Kursanleitung Entdecke den Schritt-f\u00fcr-Schritt-Plan f\u00fcr Anf\u00e4nger und Experten.[\/vc_column_text][vc_btn title=&#8220;Download&#8220; link=&#8220;url:https%3A%2F%2Fgo-microdose.com%2Fwp-content%2Fuploads%2F2022%2F08%2FGO-Microdose-manual.pdf|target:_blank|&#8220; el_class=&#8220;btn-download&#8220;][\/vc_column_inner][\/vc_row_inner][vc_row_inner el_class=&#8220;item&#8220;][vc_column_inner][vc_single_image image=&#8220;56452&#8243; img_size=&#8220;full&#8220;][vc_column_text] Growkit-Anleitung Z\u00fcchte deine eigenen [&hellip;]<\/p>\n","protected":false},"author":5548,"featured_media":0,"parent":0,"menu_order":0,"comment_status":"closed","ping_status":"closed","template":"","meta":{"_acf_changed":false,"footnotes":""},"class_list":["post-56952","page","type-page","status-publish","hentry"],"acf":[],"_links":{"self":[{"href":"https:\/\/go-microdose.com\/de\/wp-json\/wp\/v2\/pages\/56952","targetHints":{"allow":["GET"]}}],"collection":[{"href":"https:\/\/go-microdose.com\/de\/wp-json\/wp\/v2\/pages"}],"about":[{"href":"https:\/\/go-microdose.com\/de\/wp-json\/wp\/v2\/types\/page"}],"author":[{"embeddable":true,"href":"https:\/\/go-microdose.com\/de\/wp-json\/wp\/v2\/users\/5548"}],"replies":[{"embeddable":true,"href":"https:\/\/go-microdose.com\/de\/wp-json\/wp\/v2\/comments?post=56952"}],"version-history":[{"count":0,"href":"https:\/\/go-microdose.com\/de\/wp-json\/wp\/v2\/pages\/56952\/revisions"}],"wp:attachment":[{"href":"https:\/\/go-microdose.com\/de\/wp-json\/wp\/v2\/media?parent=56952"}],"curies":[{"name":"wp","href":"https:\/\/api.w.org\/{rel}","templated":true}]}}