{"id":56960,"date":"2026-03-25T11:23:40","date_gmt":"2026-03-25T10:23:40","guid":{"rendered":"https:\/\/go-microdose.com\/microdosing\/"},"modified":"2026-03-27T09:38:14","modified_gmt":"2026-03-27T08:38:14","slug":"microdosing","status":"publish","type":"page","link":"https:\/\/go-microdose.com\/de\/microdosing\/","title":{"rendered":"Microdosing"},"content":{"rendered":"<div class=\"wpb-content-wrapper\"><p>[vc_section full_width=&#8220;stretch_row_content&#8220; full_height=&#8220;yes&#8220; content_placement=&#8220;middle&#8220; el_class=&#8220;button-section product-copy-page&#8220; css=&#8220;.vc_custom_1640248080539{padding-bottom: 0px !important;}&#8220;][vc_row full_height=&#8220;yes&#8220; css_animation=&#8220;none&#8220;][vc_column el_class=&#8220;container&#8220;][vc_row_inner content_placement=&#8220;middle&#8220; el_class=&#8220;row-reverse&#8220;][vc_column_inner width=&#8220;1\/2&#8243;][vc_single_image image=&#8220;56723&#8243; img_size=&#8220;full&#8220;][\/vc_column_inner][vc_column_inner el_class=&#8220;about-text-column&#8220; width=&#8220;1\/2&#8243;][vc_custom_heading source=&#8220;post_title&#8220; font_container=&#8220;tag:h5|text_align:left&#8220; use_theme_fonts=&#8220;yes&#8220; el_class=&#8220;pr-tag&#8220;][vc_custom_heading text=&#8220;Was ist Mikrodosierung?&#8220; font_container=&#8220;tag:h2|text_align:left|color:%23000000&#8243; use_theme_fonts=&#8220;yes&#8220;][vc_column_text el_class=&#8220;product-copy-description&#8220;]Mikrodosierung von Tr\u00fcffeln wurde 2015 weltweit bekannt und schnell popul\u00e4r. Du nimmst 1\/10 der Trip-Dosis. Das verhindert das Trippen und sch\u00e4dliche Effekte, w\u00e4hrend du subtile Vorteile genie\u00dft. Du erlebst Effekte auf einer subperzeptuellen Ebene, ohne die visuellen St\u00f6rungen. Durch Mikrodosierung erlebst du die Vorteile, ohne die Nachteile psychedelischer Substanzen.    <\/p>\n<p>Bei dem von uns verkauften Tr\u00fcffel handelt es sich um den \u201eSklerotien\u201c-Tr\u00fcffel (unterirdisches Substrat der \u201eMexicana\u201c). Dieser darf in den Niederlanden frei produziert, gehandelt und exportiert werden. Es handelt sich in den Niederlanden um ein legales Produkt, solange es keiner \u201eaktiven Verarbeitung\u201c unterzogen wurde, und kann daher gem\u00e4\u00df dem <strong><a href=\"https:\/\/ec.europa.eu\/growth\/single-market\/goods\/free-movement-sectors\/mutual-recognition_en\" target=\"_blank\" rel=\"noopener\">Prinzip der gegenseitigen Anerkennung von Waren<\/a><\/strong> der Europ\u00e4ischen Kommission in alle EU-L\u00e4nder versandt werden.[\/vc_column_text][vc_btn title=&#8220;Hier bestellen&#8220; color=&#8220;warning&#8220; size=&#8220;lg&#8220; align=&#8220;left&#8220; link=&#8220;url:https%3A%2F%2Fgo-microdose.com%2Fde%2Fshop%2F|&#8220;][\/vc_column_inner][\/vc_row_inner][\/vc_column][\/vc_row][vc_row el_class=&#8220;move-next-section&#8220;][vc_column el_class=&#8220;container&#8220;][vc_btn title=&#8220;Was sind die Vorteile?&#8220; style=&#8220;flat&#8220; color=&#8220;black&#8220; link=&#8220;url:%23more|&#8220; el_class=&#8220;discover-more&#8220;][\/vc_column][\/vc_row][\/vc_section][vc_section full_width=&#8220;stretch_row_content&#8220; content_placement=&#8220;middle&#8220; css=&#8220;.vc_custom_1648641388106{background-image: url(https:\/\/go-microdose.com\/wp-content\/uploads\/2021\/12\/background-01.png?id=962) !important;background-position: center !important;background-repeat: no-repeat !important;background-size: cover !important;}&#8220; el_class=&#8220;effect-main-section&#8220; el_id=&#8220;more&#8220;][vc_row][vc_column el_class=&#8220;container&#8220;][vc_row_inner content_placement=&#8220;middle&#8220; el_class=&#8220;row-reverse effect-section&#8220;][vc_column_inner width=&#8220;1\/2&#8243;][vc_single_image image=&#8220;56989&#8243; img_size=&#8220;full&#8220; el_class=&#8220;image-with-shadow&#8220;][\/vc_column_inner][vc_column_inner width=&#8220;1\/2&#8243;][vc_custom_heading text=&#8220;Die Vorteile&#8220; font_container=&#8220;tag:h3|text_align:left|color:%23696764&#8243; use_theme_fonts=&#8220;yes&#8220;][vc_custom_heading text=&#8220;Warum Mikrodosierung?&#8220; font_container=&#8220;tag:h2|text_align:left|color:%23000000&#8243; use_theme_fonts=&#8220;yes&#8220; el_class=&#8220;effect-title&#8220;][vc_column_text el_class=&#8220;effect-description&#8220;]Unsere Kunden mikrodosieren aus allen m\u00f6glichen pers\u00f6nlichen Gr\u00fcnden. Manche f\u00fchlen sich kreativer, andere sind produktiver, und wieder andere erleben weniger medizinische Probleme. F\u00fcr sie ist Mikrodosierung ein Mittel, das ihnen bei verschiedenen Herausforderungen und Problemen hilft. Du kannst einen oder mehrere der folgenden Vorteile erleben:   <\/p>\n<ul>\n<li><strong>Mehr Energie:<\/strong> F\u00fchle dich den ganzen Tag \u00fcber lebendiger und produktiver.<\/li>\n<li><strong>Sch\u00e4rferer Fokus:<\/strong> Erlebe klareres Denken und verbesserte Probleml\u00f6sung.<\/li>\n<li><strong>Gesteigerte Kreativit\u00e4t:<\/strong> Entdecke neue Ebenen der Inspiration und innovativen Denkens.<\/li>\n<li><strong>Verbesserte Konzentration:<\/strong> Bleibe m\u00fchelos l\u00e4nger bei Aufgaben fokussiert.<\/li>\n<li><strong>Reduzierte Angst:<\/strong> Genie\u00dfe einen ruhigeren, ausgeglicheneren Geisteszustand.<\/li>\n<li><strong>Gehobene Stimmung:<\/strong> F\u00fchle dich aufgehoben und positiver dem Leben gegen\u00fcber.<\/li>\n<\/ul>\n<p>Mikrodosierung bietet einen einfachen, aber wirkungsvollen Weg, verschiedene Aspekte deines Lebens zu verbessern. Probiere es heute aus und entfalte dein volles Potenzial.[\/vc_column_text][\/vc_column_inner][\/vc_row_inner][\/vc_column][\/vc_row][vc_row][vc_column el_class=&#8220;container&#8220;][vc_btn title=&#8220;Wie funktioniert es?&#8220; style=&#8220;flat&#8220; color=&#8220;black&#8220; link=&#8220;url:%23research|&#8220; el_class=&#8220;discover-more&#8220;][\/vc_column][\/vc_row][\/vc_section][vc_section full_width=&#8220;stretch_row_content&#8220; el_class=&#8220;button-section&#8220; el_id=&#8220;research&#8220;][vc_row el_class=&#8220;only-text-content&#8220;][vc_column el_class=&#8220;container&#8220;][vc_row_inner el_class=&#8220;about-text-column&#8220;][vc_column_inner width=&#8220;1\/2&#8243;][vc_custom_heading text=&#8220;Die Wirkung&#8220; font_container=&#8220;tag:h5|text_align:left&#8220; use_theme_fonts=&#8220;yes&#8220; el_class=&#8220;pr-tag&#8220;][vc_custom_heading text=&#8220;Was passiert in deinem Gehirn?&#8220; font_container=&#8220;tag:h2|text_align:left|color:%23000000&#8243; use_theme_fonts=&#8220;yes&#8220;][vc_column_text el_class=&#8220;product-copy-description&#8220;]Die genaue Wirkungsweise der Mikrodosierung ist neurowissenschaftlich und daher \u00e4u\u00dferst komplex. Es handelt sich um psychedelische Substanzen, die in Mikrodosis eine wirksame Wirkung auf Serotoninrezeptoren (5-Hydroxytryptamin oder 5-HT) im Gehirn haben. Dieses System reguliert den Geist und die Art, wie du lernst.  <\/p>\n<p>Das Nervensystem enth\u00e4lt alle m\u00f6glichen Serotoninrezeptoren, die zusammen Funktionen regulieren, die von deiner Stimmung und deinem Ged\u00e4chtnis bis hin zum Denken und der Darmbewegung reichen. Die 5-HT1A-, 5-HT2A-, 5-HT3-, 5-HT4-, 5-HT6- und 5-HT7-Rezeptoren sind f\u00fcr dein Ged\u00e4chtnis und deine Denkf\u00e4higkeit verantwortlich. Mikrodosierung erzeugt einen kognitiven Schub durch ihre Wirkung auf den 5-HT2-Rezeptor.[\/vc_column_text][vc_btn title=&#8220;Hier bestellen&#8220; color=&#8220;warning&#8220; size=&#8220;lg&#8220; align=&#8220;left&#8220; el_class=&#8220;cstm-btn with-bg&#8220; link=&#8220;url:https%3A%2F%2Fgo-microdose.com%2Fde%2Fshop%2F|&#8220;][\/vc_column_inner][vc_column_inner width=&#8220;1\/2&#8243;][vc_custom_heading text=&#8220;Kundenerfahrungen&#8220; font_container=&#8220;tag:h5|text_align:left&#8220; use_theme_fonts=&#8220;yes&#8220; el_class=&#8220;pr-tag&#8220;][vc_custom_heading text=&#8220;Von unseren Nutzern berichtete Erfahrungen:&#8220; font_container=&#8220;tag:h2|text_align:left|color:%23000000&#8243; use_theme_fonts=&#8220;yes&#8220;][vc_column_text el_class=&#8220;effect-description&#8220;]<\/p>\n<ul>\n<li><strong>Verbesserte Klarheit:<\/strong> Gesch\u00e4rftes Denken &amp; verbesserte Probleml\u00f6sungsf\u00e4higkeiten.<\/li>\n<li><strong>Verbesserter Fokus:<\/strong> Bessere Konzentration, auch wenn du mit ADHS zu k\u00e4mpfen hast.<\/li>\n<li><strong>Reduzierte Angst:<\/strong> Finde Linderung bei \u00c4ngsten und angstbezogenen Problemen.<\/li>\n<li><strong>Mehr Energie:<\/strong> F\u00fchle dich energiegeladener, kreativer und produktiver.<\/li>\n<li><strong>Gehobene Stimmung:<\/strong> Genie\u00dfe bessere Schlafqualit\u00e4t und eine positivere Lebenseinstellung.<\/li>\n<li><strong>Menstruationslinderung:<\/strong> Bemerke eine Verringerung der PMS-Symptome.<\/li>\n<li><strong>Suchtunterst\u00fctzung:<\/strong> Leichteres \u00dcberwinden von Rauchen und anderen S\u00fcchten.<\/li>\n<li><strong>Verbesserte Kommunikation:<\/strong> Weniger Probleme mit Stottern &amp; Sprachproblemen.<\/li>\n<li><strong>Tiefere Verbindungen:<\/strong> F\u00f6rdere st\u00e4rkere emotionale Bindungen zu den Menschen um dich herum.<\/li>\n<li><strong>Erh\u00f6hte Pr\u00e4senz:<\/strong> Werde selbstbewusster und pr\u00e4senter im Moment.<\/li>\n<\/ul>\n<p>Beginne deine Mikrodosierungs-Reise und entdecke eine Welt positiver Ver\u00e4nderungen.[\/vc_column_text][\/vc_column_inner][\/vc_row_inner][\/vc_column][\/vc_row][vc_row][vc_column el_class=&#8220;container&#8220;][vc_btn title=&#8220;Woher kommen sie?&#8220; style=&#8220;flat&#8220; color=&#8220;black&#8220; link=&#8220;url:%23thenetherlands|&#8220; el_class=&#8220;discover-more&#8220;][\/vc_column][\/vc_row][\/vc_section][vc_section full_width=&#8220;stretch_row_content&#8220; el_class=&#8220;button-section&#8220; el_id=&#8220;thenetherlands&#8220; css=&#8220;.vc_custom_1664213380375{background-color: rgba(206,198,187,0.4) !important;*background-color: rgb(206,198,187) !important;}&#8220;][vc_row el_class=&#8220;only-text-content&#8220;][vc_column el_class=&#8220;container&#8220;][vc_row_inner el_class=&#8220;about-text-column&#8220;][vc_column_inner width=&#8220;1\/2&#8243;][vc_custom_heading text=&#8220;Die Farm&#8220; font_container=&#8220;tag:h5|text_align:left&#8220; use_theme_fonts=&#8220;yes&#8220; el_class=&#8220;pr-tag&#8220;][vc_custom_heading text=&#8220;Entdecke unsere Wurzeln&#8220; font_container=&#8220;tag:h2|text_align:left|color:%23000000&#8243; use_theme_fonts=&#8220;yes&#8220;][vc_column_text el_class=&#8220;product-copy-description&#8220;]Hast du dich jemals gefragt, woher unsere Tr\u00fcffel stammen? Unsere Farm, eingebettet im Herzen der Niederlande, ist der Ort, wo alles beginnt. Mit \u00fcber 30 Jahren Expertise haben wir ein tiefes Verst\u00e4ndnis f\u00fcr den Tr\u00fcffelanbau entwickelt und garantieren so h\u00f6chste Produktqualit\u00e4t f\u00fcr unsere Kunden. Vom Samen bis zur Ernte wird jeder Schritt des Prozesses sorgf\u00e4ltig \u00fcberwacht, um optimales Wachstum und Potenz zu gew\u00e4hrleisten. Neugierig, einen Blick hinter die Kulissen zu werfen? Erkunde unsere Farm und erlebe aus erster Hand die Hingabe und Sorgfalt, die in jede Charge unserer Premium-Tr\u00fcffel flie\u00dft.[\/vc_column_text][vc_btn title=&#8220;Unsere Geschichte&#8220; color=&#8220;warning&#8220; size=&#8220;lg&#8220; align=&#8220;left&#8220; el_class=&#8220;cstm-btn with-bg&#8220; link=&#8220;url:https%3A%2F%2Fgo-microdose.com%2Fde%2Funsere-geschichte%2F|&#8220; css=&#8220;.vc_custom_1667941871095{padding-top: 0px !important;}&#8220;][\/vc_column_inner][vc_column_inner width=&#8220;1\/2&#8243;][vc_single_image image=&#8220;56969&#8243; img_size=&#8220;full&#8220; el_class=&#8220;image-with-shadow&#8220;][\/vc_column_inner][\/vc_row_inner][vc_row_inner el_class=&#8220;about-text-column&#8220;][vc_column_inner][vc_custom_heading text=&#8220;Mehr Bilder&#8220; font_container=&#8220;tag:h5|text_align:left&#8220; use_theme_fonts=&#8220;yes&#8220; el_class=&#8220;pr-tag&#8220;][vc_custom_heading text=&#8220;Wo alles passiert&#8220; font_container=&#8220;tag:h2|text_align:left|color:%23000000&#8243; use_theme_fonts=&#8220;yes&#8220;][vc_images_carousel images=&#8220;56968,56967,56966,56971,56979,56974,56973,56982,56980,56978&#8243; img_size=&#8220;large&#8220; slides_per_view=&#8220;10&#8243;][\/vc_column_inner][\/vc_row_inner][\/vc_column][\/vc_row][\/vc_section]<\/p>\n<\/div>","protected":false},"excerpt":{"rendered":"<p>[vc_section full_width=&#8220;stretch_row_content&#8220; full_height=&#8220;yes&#8220; content_placement=&#8220;middle&#8220; el_class=&#8220;button-section product-copy-page&#8220; css=&#8220;.vc_custom_1640248080539{padding-bottom: 0px !important;}&#8220;][vc_row full_height=&#8220;yes&#8220; css_animation=&#8220;none&#8220;][vc_column el_class=&#8220;container&#8220;][vc_row_inner content_placement=&#8220;middle&#8220; el_class=&#8220;row-reverse&#8220;][vc_column_inner width=&#8220;1\/2&#8243;][vc_single_image image=&#8220;56723&#8243; img_size=&#8220;full&#8220;][\/vc_column_inner][vc_column_inner el_class=&#8220;about-text-column&#8220; width=&#8220;1\/2&#8243;][vc_custom_heading source=&#8220;post_title&#8220; font_container=&#8220;tag:h5|text_align:left&#8220; use_theme_fonts=&#8220;yes&#8220; el_class=&#8220;pr-tag&#8220;][vc_custom_heading text=&#8220;Was ist Mikrodosierung?&#8220; font_container=&#8220;tag:h2|text_align:left|color:%23000000&#8243; use_theme_fonts=&#8220;yes&#8220;][vc_column_text el_class=&#8220;product-copy-description&#8220;]Mikrodosierung von Tr\u00fcffeln wurde 2015 weltweit bekannt und schnell popul\u00e4r. Du nimmst 1\/10 der Trip-Dosis. Das verhindert das Trippen und sch\u00e4dliche Effekte, w\u00e4hrend du subtile Vorteile genie\u00dft. [&hellip;]<\/p>\n","protected":false},"author":5548,"featured_media":0,"parent":0,"menu_order":0,"comment_status":"closed","ping_status":"closed","template":"","meta":{"_acf_changed":false,"footnotes":""},"class_list":["post-56960","page","type-page","status-publish","hentry"],"acf":[],"_links":{"self":[{"href":"https:\/\/go-microdose.com\/de\/wp-json\/wp\/v2\/pages\/56960","targetHints":{"allow":["GET"]}}],"collection":[{"href":"https:\/\/go-microdose.com\/de\/wp-json\/wp\/v2\/pages"}],"about":[{"href":"https:\/\/go-microdose.com\/de\/wp-json\/wp\/v2\/types\/page"}],"author":[{"embeddable":true,"href":"https:\/\/go-microdose.com\/de\/wp-json\/wp\/v2\/users\/5548"}],"replies":[{"embeddable":true,"href":"https:\/\/go-microdose.com\/de\/wp-json\/wp\/v2\/comments?post=56960"}],"version-history":[{"count":0,"href":"https:\/\/go-microdose.com\/de\/wp-json\/wp\/v2\/pages\/56960\/revisions"}],"wp:attachment":[{"href":"https:\/\/go-microdose.com\/de\/wp-json\/wp\/v2\/media?parent=56960"}],"curies":[{"name":"wp","href":"https:\/\/api.w.org\/{rel}","templated":true}]}}