{"id":57017,"date":"2026-03-25T11:24:05","date_gmt":"2026-03-25T10:24:05","guid":{"rendered":"https:\/\/go-microdose.com\/datenschutzerklaerung\/"},"modified":"2026-03-25T11:24:26","modified_gmt":"2026-03-25T10:24:26","slug":"datenschutzerklaerung","status":"publish","type":"page","link":"https:\/\/go-microdose.com\/de\/datenschutzerklaerung\/","title":{"rendered":"Datenschutzerkl\u00e4rung"},"content":{"rendered":"<div class=\"wpb-content-wrapper\"><p>[vc_section][vc_row][vc_column][vc_custom_heading text=&#8220;Datenschutzerkl\u00e4rung&#8220; font_container=&#8220;tag:h1|text_align:center&#8220; use_theme_fonts=&#8220;yes&#8220; el_class=&#8220;effect-title&#8220;][vc_column_text]GK Health B.V. ist f\u00fcr die Verarbeitung personenbezogener Daten verantwortlich, wie in dieser Datenschutzerkl\u00e4rung beschrieben.<\/p>\n<p>Kontaktdaten:<br \/>\nwww.go-microdose.com<br \/>\ninfo@go-microdose.com<\/p>\n<p>Personenbezogene Daten, die wir verarbeiten<br \/>\nGK Health B.V. verarbeitet deine personenbezogenen Daten, weil du unsere Dienstleistungen nutzt und\/oder weil du uns diese Daten selbst zur Verf\u00fcgung stellst.<\/p>\n<p>Unten findest du eine \u00dcbersicht der personenbezogenen Daten, die wir verarbeiten:<br \/>\n\u2013 Vor- und Nachname<br \/>\n\u2013 Adressdaten<br \/>\n\u2013 Telefonnummer<br \/>\n\u2013 E-Mail-Adresse<br \/>\n\u2013 Sonstige personenbezogene Daten, die du aktiv angibst, z. B. durch das Erstellen eines Profils auf dieser Website, in Korrespondenz und telefonisch<br \/>\n\u2013 Informationen \u00fcber deine Aktivit\u00e4ten auf unserer Website<br \/>\n\u2013 Internetbrowser und Ger\u00e4tetyp<\/p>\n<p>Besondere und\/oder sensible personenbezogene Daten, die wir verarbeiten<br \/>\nUnsere Website und\/oder unser Service beabsichtigt nicht, Daten von Website-Besuchern zu erfassen, die j\u00fcnger als 16 Jahre sind. Es sei denn, sie haben die Erlaubnis eines Elternteils oder Erziehungsberechtigten. Wir k\u00f6nnen jedoch nicht \u00fcberpr\u00fcfen, ob ein Besucher \u00e4lter als 16 ist. Daher raten wir Eltern, die Online-Aktivit\u00e4ten ihrer Kinder zu begleiten, um zu verhindern, dass Daten \u00fcber Kinder ohne elterliche Zustimmung erhoben werden. Wenn du davon \u00fcberzeugt bist, dass wir ohne diese Erlaubnis personenbezogene Daten eines Minderj\u00e4hrigen erfasst haben, kontaktiere uns bitte unter info@go-microdose.com, und wir werden diese Informationen l\u00f6schen.    <\/p>\n<p>Zu welchem Zweck und auf welcher Grundlage wir personenbezogene Daten verarbeiten<br \/>\nGK Health B.V. verarbeitet deine personenbezogenen Daten zu folgenden Zwecken:<br \/>\n\u2013 Abwicklung deiner Zahlung<br \/>\n\u2013 Versand unseres Newsletters und\/oder Werbeprospekts<br \/>\n\u2013 Dir die M\u00f6glichkeit bieten, ein Konto zu erstellen<br \/>\n\u2013 Um dir Waren und Dienstleistungen zu liefern<br \/>\n\u2013 GK Health B.V. analysiert dein Verhalten auf der Website, um die Website zu verbessern und das Angebot an Produkten und Dienstleistungen auf deine Pr\u00e4ferenzen abzustimmen.<br \/>\n\u2013 GK Health B.V. verfolgt dein Surfverhalten auf verschiedenen Websites, um unsere Produkte und Dienstleistungen auf deine Bed\u00fcrfnisse zuzuschneiden.<\/p>\n<p>Wie lange wir personenbezogene Daten aufbewahren<br \/>\nGK Health B.V. speichert deine personenbezogenen Daten nicht l\u00e4nger, als es strikt erforderlich ist, um die Zwecke zu erf\u00fcllen, f\u00fcr die deine Daten erhoben werden. Wir verwenden die folgenden Aufbewahrungsfristen f\u00fcr personenbezogene Daten: <\/p>\n<p>12 Monate<\/p>\n<p>Weitergabe personenbezogener Daten an Dritte<br \/>\nGK Health B.V. gibt deine Daten nur an Dritte weiter, und nur wenn dies f\u00fcr die Durchf\u00fchrung unserer Vereinbarung mit dir erforderlich ist oder um einer gesetzlichen Verpflichtung nachzukommen.<\/p>\n<p>Cookies oder \u00e4hnliche Techniken, die wir verwenden<br \/>\nGK Health B.V. verwendet funktionale, analytische und Tracking-Cookies. Ein Cookie ist eine kleine Textdatei, die beim ersten Besuch dieser Website im Browser deines Computers, Tablets oder Smartphones gespeichert wird. GK Health B.V. verwendet Cookies mit rein technischer Funktionalit\u00e4t. Diese sorgen daf\u00fcr, dass die Website ordnungsgem\u00e4\u00df funktioniert und z. B. deine bevorzugten Einstellungen gespeichert werden. Diese Cookies werden auch verwendet, um die Website korrekt zu betreiben und zu optimieren. Au\u00dferdem setzen wir Cookies, die dein Surfverhalten verfolgen, damit wir dir ma\u00dfgeschneiderte Inhalte und Werbung anbieten k\u00f6nnen.     <\/p>\n<p>Bei deinem ersten Besuch auf unserer Website haben wir dich bereits \u00fcber diese Cookies informiert und dich um deine Zustimmung gebeten, sie zu setzen.<\/p>\n<p>Du kannst Cookies ablehnen, indem du deinen Internetbrowser so einstellst, dass er keine Cookies mehr speichert. Au\u00dferdem kannst du \u00fcber die Einstellungen deines Browsers alle Informationen l\u00f6schen, die zuvor gespeichert wurden. <\/p>\n<p>Daten einsehen, \u00e4ndern oder l\u00f6schen<br \/>\nDu hast das Recht, deine personenbezogenen Daten einzusehen, zu berichtigen oder zu l\u00f6schen. Au\u00dferdem hast du das Recht, deine Einwilligung zur Datenverarbeitung zu widerrufen oder der Verarbeitung deiner personenbezogenen Daten durch GK Health B.V. zu widersprechen, und du hast das Recht auf Daten\u00fcbertragbarkeit. Das bedeutet, dass du bei uns beantragen kannst, dass wir dir die personenbezogenen Daten, die wir \u00fcber dich haben, in einer Computerdatei an dich oder an eine andere von dir benannte Organisation senden.  <\/p>\n<p>Du kannst einen Antrag auf Auskunft, Berichtigung, L\u00f6schung oder \u00dcbertragung deiner personenbezogenen Daten oder einen Antrag auf Widerruf deiner Einwilligung bzw. Widerspruch gegen die Verarbeitung deiner personenbezogenen Daten an info@go-microdose.com senden.<\/p>\n<p>Um sicherzustellen, dass der Antrag auf Auskunft von dir gestellt wurde, bitten wir dich, dem Antrag eine Kopie deines Identit\u00e4tsnachweises beizuf\u00fcgen. Schw\u00e4rze in dieser Kopie dein Passfoto, die MRZ (maschinenlesbare Zone, der Zahlenstreifen unten im Pass), die Passnummer und die B\u00fcrgerservicenummer (BSN). Dies dient dem Schutz deiner Privatsph\u00e4re. Wir werden so schnell wie m\u00f6glich, sp\u00e4testens jedoch innerhalb von vier Wochen, auf deinen Antrag reagieren.   <\/p>\n<p>GK Health B.V. m\u00f6chte dich au\u00dferdem darauf hinweisen, dass du die M\u00f6glichkeit hast, eine Beschwerde bei der nationalen Aufsichtsbeh\u00f6rde, der niederl\u00e4ndischen Datenschutzbeh\u00f6rde, einzureichen. Das kannst du \u00fcber den folgenden Link tun: https:\/\/autoriteitpersoonsgegevens.nl\/nl\/contact-met-de-autoriteit- persoonsgegevens\/tip-ons <\/p>\n<p>Wie wir personenbezogene Daten sch\u00fctzen<br \/>\nGK Health B.V. nimmt den Schutz deiner Daten ernst und ergreift geeignete Ma\u00dfnahmen, um Missbrauch, Verlust, unbefugten Zugriff, unerw\u00fcnschte Offenlegung und unbefugte \u00c4nderung zu verhindern. Wenn du das Gef\u00fchl hast, dass deine Daten nicht ausreichend gesch\u00fctzt sind oder es Hinweise auf Missbrauch gibt, kontaktiere bitte unseren Kundenservice oder \u00fcber <a href=\"mailto:info@go-microdose.com\">info@go-microdose.com<\/a> [\/vc_column_text][\/vc_column][\/vc_row][\/vc_section]<\/p>\n<\/div>","protected":false},"excerpt":{"rendered":"<p>[vc_section][vc_row][vc_column][vc_custom_heading text=&#8220;Datenschutzerkl\u00e4rung&#8220; font_container=&#8220;tag:h1|text_align:center&#8220; use_theme_fonts=&#8220;yes&#8220; el_class=&#8220;effect-title&#8220;][vc_column_text]GK Health B.V. ist f\u00fcr die Verarbeitung personenbezogener Daten verantwortlich, wie in dieser Datenschutzerkl\u00e4rung beschrieben. Kontaktdaten: www.go-microdose.com info@go-microdose.com Personenbezogene Daten, die wir verarbeiten GK Health B.V. verarbeitet deine personenbezogenen Daten, weil du unsere Dienstleistungen nutzt und\/oder weil du uns diese Daten selbst zur Verf\u00fcgung stellst. Unten findest du eine \u00dcbersicht der [&hellip;]<\/p>\n","protected":false},"author":5548,"featured_media":0,"parent":0,"menu_order":0,"comment_status":"closed","ping_status":"closed","template":"page-content.php","meta":{"_acf_changed":false,"footnotes":""},"class_list":["post-57017","page","type-page","status-publish","hentry"],"acf":[],"_links":{"self":[{"href":"https:\/\/go-microdose.com\/de\/wp-json\/wp\/v2\/pages\/57017","targetHints":{"allow":["GET"]}}],"collection":[{"href":"https:\/\/go-microdose.com\/de\/wp-json\/wp\/v2\/pages"}],"about":[{"href":"https:\/\/go-microdose.com\/de\/wp-json\/wp\/v2\/types\/page"}],"author":[{"embeddable":true,"href":"https:\/\/go-microdose.com\/de\/wp-json\/wp\/v2\/users\/5548"}],"replies":[{"embeddable":true,"href":"https:\/\/go-microdose.com\/de\/wp-json\/wp\/v2\/comments?post=57017"}],"version-history":[{"count":0,"href":"https:\/\/go-microdose.com\/de\/wp-json\/wp\/v2\/pages\/57017\/revisions"}],"wp:attachment":[{"href":"https:\/\/go-microdose.com\/de\/wp-json\/wp\/v2\/media?parent=57017"}],"curies":[{"name":"wp","href":"https:\/\/api.w.org\/{rel}","templated":true}]}}