{"id":57246,"date":"2026-03-25T11:27:12","date_gmt":"2026-03-25T10:27:12","guid":{"rendered":"https:\/\/go-microdose.com\/unsere-geschichte\/"},"modified":"2026-04-03T10:46:58","modified_gmt":"2026-04-03T08:46:58","slug":"unsere-geschichte","status":"publish","type":"page","link":"https:\/\/go-microdose.com\/de\/unsere-geschichte\/","title":{"rendered":"Unsere Geschichte"},"content":{"rendered":"<div class=\"wpb-content-wrapper\"><p>[vc_section full_width=&#8220;stretch_row_content&#8220; css_animation=&#8220;none&#8220; el_class=&#8220;home home-section-1&#8243;][vc_row][vc_column el_class=&#8220;no-ani&#8220;][vc_single_image image=&#8220;57248&#8243; img_size=&#8220;full&#8220; el_class=&#8220;big-image&#8220;][\/vc_column][\/vc_row][vc_row css_animation=&#8220;none&#8220; el_class=&#8220;home-banner&#8220;][vc_column el_class=&#8220;container no-ani&#8220;][vc_single_image image=&#8220;56338&#8243; img_size=&#8220;full&#8220; el_class=&#8220;fix-image m-only&#8220;][vc_custom_heading text=&#8220;&#8220; use_theme_fonts=&#8220;yes&#8220; el_class=&#8220;blog-main-title&#8220;][vc_custom_heading text=&#8220;Bei GO Microdose streben wir nach einem ges\u00fcnderen und gl\u00fccklicheren Leben mit mehr Kreativit\u00e4t, Konzentration und Energie. Wir bek\u00e4mpfen Depressionen, Angstzust\u00e4nde und Panikbeschwerden. Unser Unternehmen wurde von zwei erfolgreichen Unternehmern aus Amsterdam gegr\u00fcndet, die dank Microdosing mehr Energie versp\u00fcren, klarer denken und das Beste aus ihrem Leben herausholen.  &#8220; font_container=&#8220;tag:h3|text_align:left&#8220; use_theme_fonts=&#8220;yes&#8220; css_animation=&#8220;none&#8220; el_class=&#8220;ml3&#8243;][\/vc_column][\/vc_row][vc_row el_class=&#8220;move-next-section container&#8220;][vc_column el_class=&#8220;no-ani&#8220;][vc_btn title=&#8220;Mehr erfahren&#8220; style=&#8220;flat&#8220; color=&#8220;white&#8220; el_class=&#8220;discover-more b-to-t&#8220; link=&#8220;url:%23static-section|&#8220;][\/vc_column][\/vc_row][\/vc_section][vc_section full_width=&#8220;stretch_row_content&#8220; el_class=&#8220;home home-section-2&#8243;][vc_row full_width=&#8220;stretch_row_content_no_spaces&#8220; css_animation=&#8220;none&#8220; css=&#8220;.vc_custom_1667901485175{background-image: url(https:\/\/go-microdose.com\/wp-content\/uploads\/2021\/12\/background-01.png?id=962) !important;background-position: center !important;background-repeat: no-repeat !important;background-size: cover !important;}&#8220; el_class=&#8220;static-section&#8220; el_id=&#8220;static-section&#8220;][vc_column el_class=&#8220;container no-ani&#8220;][vc_row_inner equal_height=&#8220;yes&#8220;][vc_column_inner el_class=&#8220;static-column-1 b-to-t&#8220; width=&#8220;5\/12&#8243; css=&#8220;.vc_custom_1667900820602{background-position: center !important;background-repeat: no-repeat !important;background-size: contain !important;}&#8220;][vc_custom_heading text=&#8220;\u00dcber uns&#8220; font_container=&#8220;tag:h3|text_align:left&#8220; use_theme_fonts=&#8220;yes&#8220; css_animation=&#8220;none&#8220; el_class=&#8220;sh3&#8243;][vc_custom_heading text=&#8220;Erlebe die Vorteile selbst&#8220; use_theme_fonts=&#8220;yes&#8220; css_animation=&#8220;none&#8220; el_class=&#8220;sh2&#8243;][vc_column_text css_animation=&#8220;none&#8220; el_class=&#8220;static discription&#8220;]Unser Weg zu GO Microdose begann ganz unerwartet, nicht mit der urspr\u00fcnglichen Absicht, ein Unternehmen zu gr\u00fcnden, sondern vielmehr als pers\u00f6nliche Suche nach Selbstverbesserung und Wohlbefinden. Einerseits ging es darum, Kreativit\u00e4t und Konzentration zu steigern, andererseits um den Versuch, Angst und Panik zu bew\u00e4ltigen. Wir beide wurden von dem gemeinsamen Wunsch nach geistiger Klarheit und mehr Energie angetrieben.  <\/p>\n<p>Die tiefgreifenden Vorteile, die wir pers\u00f6nlich erlebten, waren transformativ. Diese Ver\u00e4nderung entfachte eine berufliche Leidenschaft: diese Vorteile an andere weiterzugeben. Wir erkannten, dass das, was wir entdeckt hatten, viele Leben positiv beeinflussen k\u00f6nnte. So wurde das Konzept von GO Microdose geboren \u2013 nicht nur als Gesch\u00e4ft, sondern als Plattform, um das unglaubliche Potenzial von Microdosing mit einem breiteren Publikum zu teilen und zu kultivieren. Unsere Reise von der pers\u00f6nlichen Erkundung zum beruflichen Engagement bildet den Kern dessen, wof\u00fcr GO Microdose heute steht.[\/vc_column_text][vc_btn title=&#8220;Mehr erfahren&#8220; style=&#8220;outline&#8220; color=&#8220;black&#8220; size=&#8220;lg&#8220; align=&#8220;left&#8220; css_animation=&#8220;none&#8220; link=&#8220;url:%23research|&#8220;][\/vc_column_inner][vc_column_inner el_class=&#8220;static-column-2 b-to-t&#8220; width=&#8220;1\/12&#8243; css=&#8220;.vc_custom_1667900813226{background-position: 0 0 !important;background-repeat: no-repeat !important;}&#8220;][\/vc_column_inner][vc_column_inner width=&#8220;6\/12&#8243;][vc_single_image image=&#8220;57250&#8243; img_size=&#8220;500&#215;500&#8243; css=&#8220;&#8220; el_class=&#8220;image-with-shadow&#8220;][\/vc_column_inner][\/vc_row_inner][vc_row_inner el_class=&#8220;fix-image&#8220;][vc_column_inner el_class=&#8220;no-ani&#8220;][vc_single_image image=&#8220;56338&#8243; img_size=&#8220;full&#8220;][\/vc_column_inner][\/vc_row_inner][\/vc_column][\/vc_row][\/vc_section][vc_section full_width=&#8220;stretch_row_content&#8220; el_class=&#8220;button-section&#8220; el_id=&#8220;research&#8220; css=&#8220;.vc_custom_1667902075632{background-color: #ffffff !important;}&#8220;][vc_row el_class=&#8220;only-text-content&#8220;][vc_column el_class=&#8220;container&#8220;][vc_row_inner el_class=&#8220;about-text-column&#8220;][vc_column_inner width=&#8220;1\/2&#8243;][vc_custom_heading text=&#8220;Forschung&#8220; font_container=&#8220;tag:h5|text_align:left&#8220; use_theme_fonts=&#8220;yes&#8220; el_class=&#8220;pr-tag&#8220;][vc_custom_heading text=&#8220;Wissenschaftliche Forschung als wichtige Basis&#8220; font_container=&#8220;tag:h2|text_align:left|color:%23000000&#8243; use_theme_fonts=&#8220;yes&#8220;][vc_column_text el_class=&#8220;product-copy-description&#8220;]Microdosing ist absolut sicher und weltweit auf dem Vormarsch.<br \/>\nDas \u00e4ndert nichts an der Tatsache, dass wir bei GO Microdose alle Erkenntnisse auf wissenschaftliche Forschung st\u00fctzen.<\/p>\n<p>Es zeigt sich zum Beispiel, dass immer mehr Menschen von herk\u00f6mmlichen Medikamenten wegkommen und nach Alternativen suchen. Die Wissenschaft sammelt immer mehr Erkenntnisse und Wissen \u00fcber Microdosing und vergleichbare Behandlungsmethoden. Dies liefert vielversprechende Ergebnisse, die wir genau beobachten und verfolgen.[\/vc_column_text][\/vc_column_inner][vc_column_inner width=&#8220;1\/2&#8243;][vc_custom_heading text=&#8220;Beratung&#8220; font_container=&#8220;tag:h5|text_align:left&#8220; use_theme_fonts=&#8220;yes&#8220; el_class=&#8220;pr-tag&#8220;][vc_custom_heading text=&#8220;Niederl\u00e4ndischer Tr\u00fcffelproduzent&#8220; font_container=&#8220;tag:h2|text_align:left|color:%23000000&#8243; use_theme_fonts=&#8220;yes&#8220;][vc_column_text el_class=&#8220;effect-description&#8220;]Seit 2015 arbeiten wir mit einem niederl\u00e4ndischen Produzenten von Microdosing-Tr\u00fcffeln zusammen, der Basis f\u00fcr unsere Produkte. Der Produzent teilt die gleiche Vision wie wir bei GO Microdose. Gemeinsam wollen wir zu einer ges\u00fcnderen und gl\u00fccklicheren Welt beitragen.  <\/p>\n<p>Nach einer umfangreichen Pilotphase und durch aufmerksames Zuh\u00f6ren beim Feedback unserer Kunden haben wir uns schlie\u00dflich f\u00fcr eine strukturelle Zusammenarbeit entschieden. Dies garantiert uns die beste Kontrolle \u00fcber die Qualit\u00e4t der Tr\u00fcffel als Basis f\u00fcr unsere hochwertigen Produkte.[\/vc_column_text][\/vc_column_inner][\/vc_row_inner][\/vc_column][\/vc_row][\/vc_section][vc_section full_width=&#8220;stretch_row_content&#8220; el_class=&#8220;button-section&#8220; el_id=&#8220;thenetherlands&#8220; css=&#8220;.vc_custom_1664213380375{background-color: rgba(206,198,187,0.4) !important;*background-color: rgb(206,198,187) !important;}&#8220;][vc_row el_class=&#8220;only-text-content&#8220;][vc_column el_class=&#8220;container&#8220;][vc_row_inner el_class=&#8220;about-text-column&#8220;][vc_column_inner width=&#8220;1\/2&#8243;][vc_custom_heading text=&#8220;Die Farm&#8220; font_container=&#8220;tag:h5|text_align:left&#8220; use_theme_fonts=&#8220;yes&#8220; el_class=&#8220;pr-tag&#8220;][vc_custom_heading text=&#8220;Biologische und organische Tr\u00fcffelfarm in den Niederlanden&#8220; font_container=&#8220;tag:h2|text_align:left|color:%23000000&#8243; use_theme_fonts=&#8220;yes&#8220;][vc_column_text el_class=&#8220;product-copy-description&#8220;]Unser Lieferant in den Niederlanden betreibt eine biologische und organische Farm. Die Tr\u00fcffel, die die Farm erntet, kommen direkt und v\u00f6llig unverarbeitet in die Verpackung. Wir bringen Angebot und Nachfrage zusammen. Bei GO Microdose sorgen wir gemeinsam mit unserem Lieferanten daf\u00fcr, dass die Produkte direkt von der Farm zum Kunden gelangen.<br \/>\nDer Lieferant produziert jedes Jahr Millionen von Tr\u00fcffeln und verf\u00fcgt \u00fcber mehr als 25 Jahre Erfahrung. Vor Jahren z\u00fcchtete die Farm viele Pilze. Seit einigen Jahren geht es ausschlie\u00dflich um Microdosing-Tr\u00fcffel.[\/vc_column_text][\/vc_column_inner][vc_column_inner width=&#8220;1\/2&#8243;][vc_gallery type=&#8220;image_grid&#8220; images=&#8220;56969,56968,56967,56966,56979,56974,56973,56982,56980,56978&#8243; img_size=&#8220;full&#8220; onclick=&#8220;&#8220; el_class=&#8220;image-slider image-with-shadow&#8220;][\/vc_column_inner][\/vc_row_inner][\/vc_column][\/vc_row][\/vc_section][vc_section full_width=&#8220;stretch_row_content&#8220; el_class=&#8220;button-section&#8220; css=&#8220;.vc_custom_1667902083294{background-color: #ffffff !important;}&#8220;][vc_row el_class=&#8220;only-text-content&#8220;][vc_column el_class=&#8220;container&#8220;][vc_row_inner el_class=&#8220;about-text-column&#8220;][vc_column_inner width=&#8220;1\/2&#8243;][vc_custom_heading text=&#8220;Forschung&#8220; font_container=&#8220;tag:h5|text_align:left&#8220; use_theme_fonts=&#8220;yes&#8220; el_class=&#8220;pr-tag&#8220;][vc_custom_heading text=&#8220;So viele Menschen wie m\u00f6glich die Vorteile erleben lassen&#8220; font_container=&#8220;tag:h2|text_align:left|color:%23000000&#8243; use_theme_fonts=&#8220;yes&#8220;][vc_column_text el_class=&#8220;product-copy-description&#8220;]Gemeinsam mit unserem Lieferanten haben wir die Mission, so viele Menschen wie m\u00f6glich an die Vorteile von Microdosing heranzuf\u00fchren. Wir m\u00f6chten dies auf eine zug\u00e4ngliche Weise tun, die ganz auf jeden zugeschnitten ist, der noch wenig Erfahrung damit hat. Dar\u00fcber hinaus bieten wir unsere Produkte Menschen an, die bereits mehr Erfahrung haben und einen zuverl\u00e4ssigen Lieferanten suchen.  <\/p>\n<p>Unser Lieferant teilt die gleiche Vision. Gemeinsam wollen wir Microdosing einem m\u00f6glichst breiten Publikum bekannt machen. Und wir streben danach, so vielen Menschen wie m\u00f6glich die wahre Geschichte zu erz\u00e4hlen, einschlie\u00dflich aller Vorteile von Microdosing. In bestimmten Zielgruppen herrscht noch immer ein Tabu bez\u00fcglich der Anwendung. Das ist schade, denn die Anwendung ist v\u00f6llig sicher und nat\u00fcrlich. Und weil viele Menschen jeden Tag die Vorteile davon erleben.[\/vc_column_text][\/vc_column_inner][vc_column_inner width=&#8220;1\/2&#8243;][vc_custom_heading text=&#8220;Beratung&#8220; font_container=&#8220;tag:h5|text_align:left&#8220; use_theme_fonts=&#8220;yes&#8220; el_class=&#8220;pr-tag&#8220;][vc_custom_heading text=&#8220;Wir machen es dir gerne einfach&#8220; font_container=&#8220;tag:h2|text_align:left|color:%23000000&#8243; use_theme_fonts=&#8220;yes&#8220;][vc_column_text el_class=&#8220;effect-description&#8220;]Bei GO Microdose stellen wir fest, dass viele unserer Kunden zum ersten Mal Erfahrungen mit Microdosing sammeln. Wir betrachten es als Ehre, dass sie daf\u00fcr unsere Produkte w\u00e4hlen. Wir m\u00f6chten es den Kunden so einfach wie m\u00f6glich machen, zum Beispiel indem wir erkl\u00e4ren, wie man die Produkte am besten anwendet. Au\u00dferdem denken wir gerne \u00fcber die richtige Struktur und einen gesunden Zeitplan mit.   <\/p>\n<p>Es ist unser Ziel und das der Farm, mit der wir zusammenarbeiten, die Vorteile so vielen Menschen wie m\u00f6glich vorzustellen. Erlebe optimale Kreativit\u00e4t, maximale Konzentration, weniger Angst und Panik sowie so viel Energie und Kapazit\u00e4t, um klar zu denken.[\/vc_column_text][vc_btn title=&#8220;Unser Produkt&#8220; style=&#8220;outline&#8220; color=&#8220;black&#8220; size=&#8220;lg&#8220; css_animation=&#8220;none&#8220; link=&#8220;url:%2Four-product%2F|&#8220;][\/vc_column_inner][\/vc_row_inner][\/vc_column][\/vc_row][\/vc_section][vc_row css_animation=&#8220;none&#8220;][vc_column el_class=&#8220;container&#8220;][vc_widget_sidebar sidebar_id=&#8220;referenties&#8220;][\/vc_column][\/vc_row][vc_section full_width=&#8220;stretch_row_content&#8220; el_class=&#8220;home home-section-5&#8243; css=&#8220;.vc_custom_1633433373596{background-color: #f8f7f6 !important;}&#8220;][vc_row][vc_column el_class=&#8220;container&#8220;][vc_custom_heading text=&#8220;Neuigkeiten&#8220; font_container=&#8220;tag:h6|text_align:center&#8220; use_theme_fonts=&#8220;yes&#8220; css_animation=&#8220;none&#8220; el_class=&#8220;blog-small&#8220;][vc_custom_heading text=&#8220;Die neuesten Nachrichten&#8220; font_container=&#8220;tag:h2|text_align:center&#8220; use_theme_fonts=&#8220;yes&#8220; css_animation=&#8220;none&#8220; el_class=&#8220;blog-main-title&#8220;][\/vc_column][\/vc_row][vc_row full_width=&#8220;stretch_row_content_no_spaces&#8220; el_class=&#8220;product-section&#8220;][vc_column el_class=&#8220;container&#8220;][vc_basic_grid post_type=&#8220;post&#8220; max_items=&#8220;3&#8243; item=&#8220;254&#8243; initial_loading_animation=&#8220;none&#8220; grid_id=&#8220;vc_gid:1732798809452-ed0a7ffc-9c76-8&#8243;][\/vc_column][\/vc_row][vc_row][vc_column el_class=&#8220;container&#8220;][vc_btn title=&#8220;Weitere Artikel&#8220; style=&#8220;outline&#8220; color=&#8220;black&#8220; size=&#8220;lg&#8220; align=&#8220;center&#8220; css_animation=&#8220;none&#8220; link=&#8220;url:%2Fnieuws%2F|&#8220;][vc_single_image image=&#8220;56338&#8243; img_size=&#8220;full&#8220; el_class=&#8220;fix-image&#8220;][\/vc_column][\/vc_row][\/vc_section]<\/p>\n<\/div>","protected":false},"excerpt":{"rendered":"<p>[vc_section full_width=&#8220;stretch_row_content&#8220; css_animation=&#8220;none&#8220; el_class=&#8220;home home-section-1&#8243;][vc_row][vc_column el_class=&#8220;no-ani&#8220;][vc_single_image image=&#8220;57248&#8243; img_size=&#8220;full&#8220; el_class=&#8220;big-image&#8220;][\/vc_column][\/vc_row][vc_row css_animation=&#8220;none&#8220; el_class=&#8220;home-banner&#8220;][vc_column el_class=&#8220;container no-ani&#8220;][vc_single_image image=&#8220;56338&#8243; img_size=&#8220;full&#8220; el_class=&#8220;fix-image m-only&#8220;][vc_custom_heading text=&#8220;&#8220; use_theme_fonts=&#8220;yes&#8220; el_class=&#8220;blog-main-title&#8220;][vc_custom_heading text=&#8220;Bei GO Microdose streben wir nach einem ges\u00fcnderen und gl\u00fccklicheren Leben mit mehr Kreativit\u00e4t, Konzentration und Energie. Wir bek\u00e4mpfen Depressionen, Angstzust\u00e4nde und Panikbeschwerden. Unser Unternehmen wurde von zwei erfolgreichen Unternehmern aus Amsterdam gegr\u00fcndet, die dank [&hellip;]<\/p>\n","protected":false},"author":5548,"featured_media":0,"parent":0,"menu_order":0,"comment_status":"closed","ping_status":"closed","template":"template-homepage.php","meta":{"_acf_changed":false,"footnotes":""},"class_list":["post-57246","page","type-page","status-publish","hentry"],"acf":[],"_links":{"self":[{"href":"https:\/\/go-microdose.com\/de\/wp-json\/wp\/v2\/pages\/57246","targetHints":{"allow":["GET"]}}],"collection":[{"href":"https:\/\/go-microdose.com\/de\/wp-json\/wp\/v2\/pages"}],"about":[{"href":"https:\/\/go-microdose.com\/de\/wp-json\/wp\/v2\/types\/page"}],"author":[{"embeddable":true,"href":"https:\/\/go-microdose.com\/de\/wp-json\/wp\/v2\/users\/5548"}],"replies":[{"embeddable":true,"href":"https:\/\/go-microdose.com\/de\/wp-json\/wp\/v2\/comments?post=57246"}],"version-history":[{"count":0,"href":"https:\/\/go-microdose.com\/de\/wp-json\/wp\/v2\/pages\/57246\/revisions"}],"wp:attachment":[{"href":"https:\/\/go-microdose.com\/de\/wp-json\/wp\/v2\/media?parent=57246"}],"curies":[{"name":"wp","href":"https:\/\/api.w.org\/{rel}","templated":true}]}}