{"id":59846,"date":"2026-03-25T13:35:41","date_gmt":"2026-03-25T12:35:41","guid":{"rendered":"https:\/\/go-microdose.com\/versand\/vereinigte-staaten\/"},"modified":"2026-03-25T13:36:55","modified_gmt":"2026-03-25T12:36:55","slug":"vereinigte-staaten","status":"publish","type":"page","link":"https:\/\/go-microdose.com\/de\/versand\/vereinigte-staaten\/","title":{"rendered":"Vereinigte Staaten"},"content":{"rendered":"<div class=\"wpb-content-wrapper\"><p>[vc_row][vc_column width=&#8220;1\/2&#8243;][vc_btn title=&#8220;Zur\u00fcck zur Versand\u00fcbersicht&#8220; css=&#8220;&#8220; link=&#8220;url:https%3A%2F%2Fgo-microdose.com%2Fde%2Fversand%2F|title:Shipping|&#8220; el_class=&#8220;button-back&#8220;][\/vc_column][vc_column width=&#8220;1\/2&#8243;][\/vc_column][\/vc_row][vc_row el_class=&#8220;pb-40&#8243;][vc_column width=&#8220;1\/2&#8243; el_class=&#8220;pr-80&#8243;][vc_custom_heading text=&#8220;Versand in die Vereinigten Staaten&#8220; font_container=&#8220;tag:h1|text_align:left&#8220; use_theme_fonts=&#8220;yes&#8220; css=&#8220;&#8220; el_class=&#8220;effect-title&#8220;][vc_custom_heading text=&#8220;Magic Mushrooms, Tr\u00fcffel, Microdosing und mehr..&#8220; use_theme_fonts=&#8220;yes&#8220; el_class=&#8220;h3&#8243;][vc_column_text css=&#8220;&#8220;]<\/p>\n<p class=\"p1\">Ja! Wir versenden all unsere Produkte in die Vereinigten Staaten! <\/p>\n<p class=\"p1\">Unsere frischen Tr\u00fcffel, Microdosing-Strips und Growkits werden direkt aus Amsterdam versendet und kommen in der Regel innerhalb von <span class=\"s1\">6\u201310 Werktagen<\/span> an. Wir nutzen <span class=\"s1\">diskrete und zuverl\u00e4ssige Versandmethoden<\/span>, damit deine Bestellung sicher bei dir ankommt. <\/p>\n<p class=\"p1\">Die meisten kleineren Bestellungen, wie Microdosing-Strips und Tr\u00fcffel, passen in eine briefkastenfreundliche Verpackung \u2013 so sinkt das Risiko verpasster Zustellungen. Gr\u00f6\u00dfere Produkte, wie Pilz-Growkits, k\u00f6nnen eine regul\u00e4re Paketzustellung erfordern. <\/p>\n<p class=\"p1\">Wir haben eine <span class=\"s1\">hohe Erfolgsquote beim Versand in die USA<\/span>, aber die Verantwortung, lokale Vorschriften zu verstehen und einzuhalten, <span class=\"s1\">liegt beim Kunden<\/span>.<\/p>\n<p class=\"p1\">Du m\u00f6chtest mehr \u00fcber unsere <span class=\"s1\">Versandoptionen, Lieferzeiten und Methoden<\/span> erfahren? Unten findest du alle Details zu Bestellung und Versand innerhalb der Vereinigten Staaten. <\/p>\n<p>[\/vc_column_text][\/vc_column][vc_column width=&#8220;1\/2&#8243; el_class=&#8220;s-white-box&#8220;][vc_custom_heading text=&#8220;Track &amp; Trace&#8220; font_container=&#8220;tag:h3|text_align:left&#8220; use_theme_fonts=&#8220;yes&#8220;][vc_column_text]Verwende deinen Tracking-Code und nicht deine Bestellnummer.[\/vc_column_text][vc_btn title=&#8220;Deutsche-Post-Tracking&#8220; css=&#8220;&#8220; link=&#8220;url:https%3A%2F%2Fpacket.deutschepost.com%2Fpublic%2Fpacket_traceit.xhtml|target:_blank|&#8220;][vc_btn title=&#8220;USPS-Tracking&#8220; css=&#8220;&#8220; link=&#8220;url:https%3A%2F%2Ftools.usps.com%2Fgo%2FTrackConfirmAction_input|target:_blank|&#8220;][\/vc_column][\/vc_row][vc_row el_class=&#8220;pb-80&#8243;][vc_column][vc_custom_heading text=&#8220;mehr Informationen&#8220; font_container=&#8220;tag:div|text_align:left&#8220; use_theme_fonts=&#8220;yes&#8220; el_class=&#8220;pr-tag&#8220;][vc_tta_accordion style=&#8220;flat&#8220; shape=&#8220;square&#8220; color=&#8220;white&#8220; c_icon=&#8220;&#8220; active_section=&#8220;100&#8243; no_fill=&#8220;true&#8220; collapsible_all=&#8220;true&#8220; title=&#8220;Versandinfos&#8220;][vc_tta_section title=&#8220;Wie ist der rechtliche Status in meinem Land?&#8220; tab_id=&#8220;1737187665466-5703fda6-be48&#8243;][vc_column_text css=&#8220;&#8220;]<\/p>\n<p class=\"p1\">Psilocybinhaltige Pilze werden nach US-Bundesrecht als <span class=\"s1\">Schedule-I-Substanz<\/span> eingestuft. Unsere Tr\u00fcffel befinden sich jedoch in einer <span class=\"s1\">rechtlichen Grauzone<\/span>, da sie ein anderer Teil des Pilzorganismus sind als Pilze. Einige Bundesstaaten und St\u00e4dte haben Psilocybin bereits entkriminalisiert, aber <span class=\"s1\">die Gesetze unterscheiden sich in den USA stark<\/span>.  <\/p>\n<p class=\"p1\">Wir sind <span class=\"s1\">keine Anw\u00e4lte<\/span> und <span class=\"s1\">k\u00f6nnen rechtliche Entwicklungen nicht in jedem Land verfolgen, in das wir versenden<\/span>. Daher liegt es in der <span class=\"s1\">Verantwortung des Kunden<\/span>, die lokalen Vorschriften vor der Bestellung zu verstehen und einzuhalten. <\/p>\n<p class=\"p1\">Auch wenn unsere Sendungen in die USA eine <span class=\"s1\">hohe Ankunftsquote von 94 %<\/span> haben, besteht immer die M\u00f6glichkeit, dass der Zoll das Paket entsorgt. Aufgrund der <span class=\"s1\">rechtlichen Komplexit\u00e4t<\/span> k\u00f6nnen wir <span class=\"s1\">keine R\u00fcckerstattungen oder kostenlosen Neuversand<\/span> anbieten, wenn eine Bestellung beschlagnahmt wird oder nicht ankommt. <\/p>\n<p>[\/vc_column_text][\/vc_tta_section][vc_tta_section title=&#8220;Welche Produkte k\u00f6nnt ihr in mein Land versenden?&#8220; tab_id=&#8220;1737187665459-72042fcd-1c33&#8243;][vc_column_text css=&#8220;&#8220;]<\/p>\n<p class=\"p1\">Wir versenden all unsere Produkte in die USA mit <span class=\"s1\">schneller und diskreter Lieferung<\/span> direkt von unserem Standort in Amsterdam. Ob du <span class=\"s1\">Microdosing-Strips, Magic Truffles oder Pilz-Growkits<\/span> suchst \u2013 wir haben das Passende f\u00fcr dich. <\/p>\n<p class=\"p3\"><span class=\"s2\">Wenn du dich f\u00fcr <\/span>Microdosing f\u00fcr Fokus, Kreativit\u00e4t oder Stimmungsaufhellung interessierst<span class=\"s2\">, sind unsere <\/span>frischen Tr\u00fcffel-Microdosing-Strips<span class=\"s2\">  eine ausgezeichnete Wahl. F\u00fcr alle, die ein   <\/span>intensiveres psychedelisches Erlebnis<span class=\"s2\"> suchen, bieten wir <\/span>hochpotente Magic Truffles<span class=\"s2\"> wie <\/span>Hollandia, Utopia und Galindoi<span class=\"s2\">. Du m\u00f6chtest selbst anbauen? Unsere   <\/span>Pilz-Growkits<span class=\"s2\"> enthalten alles, was du brauchst, um zu Hause Pilze zu z\u00fcchten.<\/span><\/p>\n<p class=\"p1\"><span class=\"s1\">Bestelle noch heute<\/span> und starte deine Reise mit Tr\u00fcffeln und Microdosing-Produkten in Premiumqualit\u00e4t.<\/p>\n<p>[\/vc_column_text][\/vc_tta_section][vc_tta_section title=&#8220;Wie lange dauert der Versand?&#8220; tab_id=&#8220;1737188614232-01a47c52-44d4&#8243;][vc_column_text css=&#8220;&#8220;]<\/p>\n<p class=\"p3\">Der Versand in die USA dauert in der Regel <span class=\"s1\">6\u201310 Werktage<\/span>, abh\u00e4ngig von der Zollabfertigung und den lokalen Postdiensten. Die meisten Bestellungen kommen innerhalb dieses Zeitraums an, gelegentlich kann es jedoch durch Zollkontrollen oder die Postbearbeitung zu Verz\u00f6gerungen kommen. <\/p>\n<p class=\"p3\">Sobald deine Bestellung versendet wurde, erh\u00e4ltst du einen <span class=\"s1\">Tracking-Link<\/span>, um den Status zu verfolgen. Wenn es zu Verz\u00f6gerungen kommt, empfehlen wir etwas zus\u00e4tzliche Zeit einzuplanen, da Tracking-Updates nicht immer sofort erscheinen. <\/p>\n<p class=\"p3\">F\u00fcr die neuesten Versand-Updates und Tracking-Informationen pr\u00fcfe bitte deine E-Mails oder klicke oben auf dieser Seite auf den Tracking-Button.<\/p>\n<p>[\/vc_column_text][\/vc_tta_section][vc_tta_section title=&#8220;Wo kann ich meine Bestellung verfolgen?&#8220; tab_id=&#8220;1737188637035-b7eae861-e627&#8243;][vc_column_text css=&#8220;&#8220;]<\/p>\n<p class=\"p3\">Sobald deine Bestellung versendet wurde, erh\u00e4ltst du per E-Mail einen <span class=\"s1\">Tracking-Link<\/span>. Nutze diesen Link, um den Weg deines Pakets in die USA zu verfolgen. <\/p>\n<p class=\"p3\">Wenn du deine Bestellung manuell verfolgen m\u00f6chtest, besuche die folgende Tracking-Seite und gib deinen Tracking-Code ein<br \/>\n  <a href=\"https:\/\/go-microdose.com\/tracking\/\"><span class=\"s1\"><b>Verfolge deine Bestellung hier<\/b><\/span><\/a><\/p>\n<p class=\"p3\">Bitte beachte, dass Tracking-Updates etwas Zeit ben\u00f6tigen k\u00f6nnen \u2013 besonders w\u00e4hrend der Zollabfertigung. Wenn du Probleme hast, empfehlen wir, etwas mehr Zeit f\u00fcr Updates einzuplanen oder dich direkt an den Versanddienstleister zu wenden. <\/p>\n<p>[\/vc_column_text][\/vc_tta_section][vc_tta_section title=&#8220;Wie hoch sind die Versandkosten und welche Versandarten gibt es?&#8220; tab_id=&#8220;1737188651466-1dfecdda-bebe&#8220;][vc_column_text css=&#8220;&#8220;]<\/p>\n<p class=\"p1\">Wir bieten <span class=\"s1\">sicheren Versand mit Sendungsverfolgung<\/span> in die Vereinigten Staaten \u00fcber <span class=\"s1\">Deutsche Post<\/span> \u2013 f\u00fcr einen reibungslosen und diskreten Lieferprozess.<\/p>\n<p class=\"p3\"><span class=\"s2\">  <\/span>Regul\u00e4re Deutsche-Post-Lieferung<span class=\"s2\"> (Track &amp; Trace | <\/span>5\u20137 Werktage<span class=\"s2\">): 12 $ <\/span>(kann je nach Wechselkurs schwanken)<\/p>\n<p class=\"p3\"><span class=\"s2\">  <\/span>Diskrete Versandoption<span class=\"s2\">: +1,95 $<\/span><\/p>\n<p class=\"p1\">Du m\u00f6chtest extra Privatsph\u00e4re? W\u00e4hle beim Checkout unsere diskrete Versandoption f\u00fcr eine neutrale Verpackung ohne Branding und mit allgemeiner Kennzeichnung. <\/p>\n<p class=\"p1\">Alle Bestellungen werden <span class=\"s1\">aus Amsterdam<\/span> versendet, und die Tracking-Details erh\u00e4ltst du, sobald dein Paket verschickt wurde. Bitte beachte, dass die Lieferzeiten durch die Zollabfertigung variieren k\u00f6nnen. <\/p>\n<p>[\/vc_column_text][\/vc_tta_section][vc_tta_section title=&#8220;Wie kann ich meine Bestellung bezahlen?&#8220; tab_id=&#8220;1739569614085-b2259a37-6ad1&#8243;][vc_column_text css=&#8220;&#8220;]<\/p>\n<p class=\"p1\">Wir bieten eine Vielzahl sicherer und bequemer Zahlungsmethoden f\u00fcr Bestellungen in die Vereinigten Staaten:<\/p>\n<ul>\n<li>(Kredit-)Karte<\/li>\n<li>PayPal<\/li>\n<li>Revolut<\/li>\n<li>iDEAL<\/li>\n<li>Kryptow\u00e4hrung<\/li>\n<li>Przelewy24<\/li>\n<li>Bancontact<\/li>\n<li>SEPA-Bank\u00fcberweisung<\/li>\n<li>Online \u00dcberweisen<\/li>\n<li><span class=\"s1\">Sofortbanking<\/span><\/li>\n<li>Manuelle Bank\u00fcberweisungen<\/li>\n<\/ul>\n<p class=\"p1\">Alle Zahlungen werden sicher verarbeitet und deine Daten sind gesch\u00fctzt. Du erh\u00e4ltst eine Bestellbest\u00e4tigung, sobald deine Zahlung abgeschlossen ist. <\/p>\n<p>[\/vc_column_text][\/vc_tta_section][vc_tta_section title=&#8220;Garantie und Beschwerden&#8220; tab_id=&#8220;1739569639087-ce3e2607-c5c5&#8243;][vc_column_text css=&#8220;&#8220;]<\/p>\n<p class=\"p1\">Wir achten sehr darauf, dass unsere Produkte dich in einwandfreiem Zustand erreichen. Solltest du jedoch einen Artikel erhalten, der beim Transport besch\u00e4digt wurde oder einen anderen Mangel aufweist, kannst du m\u00f6glicherweise einen Garantieanspruch geltend machen. <\/p>\n<p class=\"p3\"><b>Garantieanspr\u00fcche<br \/>\n<\/b><b><\/b>Wenn du ein Problem mit deiner Bestellung feststellst, kontaktiere uns bitte innerhalb einer angemessenen Frist \u2013 idealerweise innerhalb von <span class=\"s1\">1 Tag<\/span> nach Erhalt deines Pakets. Wir pr\u00fcfen die Situation und entscheiden \u00fcber die beste L\u00f6sung. <\/p>\n<p class=\"p3\"><b>Beschwerden<br \/>\n<\/b><b><\/b>Wenn etwas nicht wie erwartet l\u00e4uft, sind wir f\u00fcr dich da. Schreib uns bitte an <span class=\"s1\">info@go-microdose.com<\/span>, und wir tun unser Bestes, um das Problem zu l\u00f6sen. <\/p>\n<p>[\/vc_column_text][\/vc_tta_section][vc_tta_section title=&#8220;R\u00fccksendungen&#8220; tab_id=&#8220;1737188666632-9ee3fe40-4609&#8243;][vc_column_text css=&#8220;&#8220;]<\/p>\n<p class=\"p1\">Aufgrund der Beschaffenheit unserer Produkte sind <span class=\"s1\"><b>R\u00fccksendungen nicht m\u00f6glich<\/b><\/span>. Unsere Tr\u00fcffel und andere frische Produkte haben eine <span class=\"s1\">begrenzte Haltbarkeit von etwa 2 Monaten<\/span> und k\u00f6nnen nach einer R\u00fccksendung nicht weiterverkauft werden. Diese Regelung stellt sicher, dass alle Kunden frische und hochwertige Produkte erhalten.  <\/p>\n<p class=\"p3\"><b>Umtauschrichtlinie<br \/>\n<\/b><b><\/b>Wenn du ein Produkt umtauschen m\u00f6chtest, kontaktiere uns bitte unter <span class=\"s1\">info@go-microdose.com<\/span>. Ein Umtausch kann bei bestimmten nicht verderblichen Artikeln m\u00f6glich sein, <span class=\"s1\">die R\u00fccksendekosten tr\u00e4gt jedoch der Kunde<\/span>. <\/p>\n<p class=\"p3\"><b>Falsche Lieferadresse<br \/>\n<\/b><b><\/b>Wenn du eine falsche Lieferadresse angegeben hast, kontaktiere uns bitte so schnell wie m\u00f6glich. Wir versuchen, deine Bestellung zu aktualisieren, bevor sie versendet wird. Sobald die Bestellung jedoch verschickt wurde, sind \u00c4nderungen nicht mehr m\u00f6glich.  <\/p>\n<p>[\/vc_column_text][\/vc_tta_section][vc_tta_section title=&#8220;Kontakt&#8220; tab_id=&#8220;1737188682135-ea9d8e7b-ed3c&#8220;][vc_column_text css=&#8220;&#8220;]Wir geben als Kundenservice unser Bestes f\u00fcr dich. Das bedeutet, dass du uns ganz einfach kontaktieren kannst.<br \/>\nWenn du dazu Fragen hast, erreichst du uns \u00fcber die folgenden Informationen: <\/p>\n<p><strong>GO-Microdose.com<\/strong><br \/>\nE-Mail: <a href=\"mailto:info@go-microdose.com\">info@go-microdose.com<\/a><br \/>\nDer Handelsname unseres Unternehmens lautet: GK Health B.V.<br \/>\nUnser Domainname ist GO-Microdose.com<br \/>\nUnsere Postanschrift: Joop Geesinkweg 601, 1114AB Amsterdam<br \/>\nHandelskammer: 87887274<br \/>\nUSt-IdNr.: NL864437584B01[\/vc_column_text][\/vc_tta_section][\/vc_tta_accordion][\/vc_column][\/vc_row][vc_row el_class=&#8220;pb-220&#8243;][vc_column width=&#8220;1\/2&#8243;][vc_custom_heading text=&#8220;Kontakt&#8220; font_container=&#8220;tag:div|text_align:left&#8220; use_theme_fonts=&#8220;yes&#8220; el_class=&#8220;pr-tag&#8220;][vc_custom_heading text=&#8220;Fragen oder Anmerkungen?&#8220; use_theme_fonts=&#8220;yes&#8220;]\n<div class=\"wpcf7 no-js\" id=\"wpcf7-f57948-o1\" lang=\"de-DE\" dir=\"ltr\" data-wpcf7-id=\"57948\">\n<div class=\"screen-reader-response\"><p role=\"status\" aria-live=\"polite\" aria-atomic=\"true\"><\/p> <ul><\/ul><\/div>\n<form action=\"\/de\/wp-json\/wp\/v2\/pages\/59846#wpcf7-f57948-o1\" method=\"post\" class=\"wpcf7-form init\" aria-label=\"Kontaktformular\" novalidate=\"novalidate\" data-status=\"init\">\n<fieldset class=\"hidden-fields-container\"><input type=\"hidden\" name=\"_wpcf7\" value=\"57948\" \/><input type=\"hidden\" name=\"_wpcf7_version\" value=\"6.1.5\" \/><input type=\"hidden\" name=\"_wpcf7_locale\" value=\"de_DE\" \/><input type=\"hidden\" name=\"_wpcf7_unit_tag\" value=\"wpcf7-f57948-o1\" \/><input type=\"hidden\" name=\"_wpcf7_container_post\" value=\"0\" \/><input type=\"hidden\" name=\"_wpcf7_posted_data_hash\" value=\"\" \/><input type=\"hidden\" name=\"_wpcf7_recaptcha_response\" value=\"\" \/>\n<\/fieldset>\n<div class=\"contact-form\">\n\t<div class=\"form-row\">\n\t\t<p><span class=\"wpcf7-form-control-wrap\" data-name=\"Naam\"><input size=\"40\" maxlength=\"400\" class=\"wpcf7-form-control wpcf7-text form-field\" aria-invalid=\"false\" placeholder=\"Name\" value=\"\" type=\"text\" name=\"Naam\" \/><\/span>\n\t\t<\/p>\n\t<\/div>\n\t<div class=\"form-row\">\n\t\t<p><span class=\"wpcf7-form-control-wrap\" data-name=\"Email\"><input size=\"40\" maxlength=\"400\" class=\"wpcf7-form-control wpcf7-email wpcf7-validates-as-required wpcf7-text wpcf7-validates-as-email form-field\" aria-required=\"true\" aria-invalid=\"false\" placeholder=\"E-Mail\" value=\"\" type=\"email\" name=\"Email\" \/><\/span>\n\t\t<\/p>\n\t<\/div>\n\t<div class=\"form-row\">\n\t\t<p><span class=\"wpcf7-form-control-wrap\" data-name=\"your-message\"><textarea cols=\"40\" rows=\"10\" maxlength=\"2000\" class=\"wpcf7-form-control wpcf7-textarea form-field\" aria-invalid=\"false\" placeholder=\"Frage oder Anmerkung\u2026\" name=\"your-message\"><\/textarea><\/span>\n\t\t<\/p>\n\t<\/div>\n\t<div class=\"form-row checkbox\">\n\t\t<p><span class=\"wpcf7-form-control-wrap\" data-name=\"agree\"><span class=\"wpcf7-form-control wpcf7-acceptance\"><span class=\"wpcf7-list-item\"><label><input type=\"checkbox\" name=\"agree\" value=\"1\" aria-invalid=\"false\" \/><span class=\"wpcf7-list-item-label\">Ich stimme dem <a href=\"\/privacy-policy\/\" target=\"_blank\">Datenschutzhinweis<\/a> zu.<\/span><\/label><\/span><\/span><\/span>\n\t\t<\/p>\n\t<\/div>\n\t<div class=\"form-row\">\n\t<span class=\"wpcf7-form-control-wrap recaptcha\" data-name=\"recaptcha\"><span data-sitekey=\"6LcxYnAUAAAAAK0N-eell9CfBJrJukJ8yVIG3u5S\" class=\"wpcf7-form-control wpcf7-recaptcha g-recaptcha\"><\/span>\r\n<noscript>\r\n\t<div class=\"grecaptcha-noscript\">\r\n\t\t<iframe src=\"https:\/\/www.google.com\/recaptcha\/api\/fallback?k=6LcxYnAUAAAAAK0N-eell9CfBJrJukJ8yVIG3u5S\" frameborder=\"0\" scrolling=\"no\" width=\"310\" height=\"430\">\r\n\t\t<\/iframe>\r\n\t\t<textarea name=\"g-recaptcha-response\" rows=\"3\" cols=\"40\" placeholder=\"reCaptcha Response Here\">\r\n\t\t<\/textarea>\r\n\t<\/div>\r\n<\/noscript>\r\n<\/span>\n\t<\/div>\n\t<div class=\"form-row submit\">\n\t\t<p><button class=\"button vc_btn3-style-modern\"><input class=\"wpcf7-form-control wpcf7-submit has-spinner\" type=\"submit\" value=\"Senden\" \/><\/button>\n\t\t<\/p>\n\t<\/div>\n<\/div><div class=\"wpcf7-response-output\" aria-hidden=\"true\"><\/div>\n<\/form>\n<\/div>\n[\/vc_column][vc_column width=&#8220;1\/2&#8243;][\/vc_column][\/vc_row]<\/p>\n<\/div>","protected":false},"excerpt":{"rendered":"<p>[vc_row][vc_column width=&#8220;1\/2&#8243;][vc_btn title=&#8220;Zur\u00fcck zur Versand\u00fcbersicht&#8220; css=&#8220;&#8220; link=&#8220;url:https%3A%2F%2Fgo-microdose.com%2Fde%2Fversand%2F|title:Shipping|&#8220; el_class=&#8220;button-back&#8220;][\/vc_column][vc_column width=&#8220;1\/2&#8243;][\/vc_column][\/vc_row][vc_row el_class=&#8220;pb-40&#8243;][vc_column width=&#8220;1\/2&#8243; el_class=&#8220;pr-80&#8243;][vc_custom_heading text=&#8220;Versand in die Vereinigten Staaten&#8220; font_container=&#8220;tag:h1|text_align:left&#8220; use_theme_fonts=&#8220;yes&#8220; css=&#8220;&#8220; el_class=&#8220;effect-title&#8220;][vc_custom_heading text=&#8220;Magic Mushrooms, Tr\u00fcffel, Microdosing und mehr..&#8220; use_theme_fonts=&#8220;yes&#8220; el_class=&#8220;h3&#8243;][vc_column_text css=&#8220;&#8220;] Ja! Wir versenden all unsere Produkte in die Vereinigten Staaten! Unsere frischen Tr\u00fcffel, Microdosing-Strips und Growkits werden direkt aus Amsterdam versendet und kommen in der [&hellip;]<\/p>\n","protected":false},"author":5548,"featured_media":0,"parent":56789,"menu_order":0,"comment_status":"open","ping_status":"open","template":"","meta":{"_acf_changed":false,"footnotes":""},"class_list":["post-59846","page","type-page","status-publish","hentry"],"acf":[],"_links":{"self":[{"href":"https:\/\/go-microdose.com\/de\/wp-json\/wp\/v2\/pages\/59846","targetHints":{"allow":["GET"]}}],"collection":[{"href":"https:\/\/go-microdose.com\/de\/wp-json\/wp\/v2\/pages"}],"about":[{"href":"https:\/\/go-microdose.com\/de\/wp-json\/wp\/v2\/types\/page"}],"author":[{"embeddable":true,"href":"https:\/\/go-microdose.com\/de\/wp-json\/wp\/v2\/users\/5548"}],"replies":[{"embeddable":true,"href":"https:\/\/go-microdose.com\/de\/wp-json\/wp\/v2\/comments?post=59846"}],"version-history":[{"count":0,"href":"https:\/\/go-microdose.com\/de\/wp-json\/wp\/v2\/pages\/59846\/revisions"}],"up":[{"embeddable":true,"href":"https:\/\/go-microdose.com\/de\/wp-json\/wp\/v2\/pages\/56789"}],"wp:attachment":[{"href":"https:\/\/go-microdose.com\/de\/wp-json\/wp\/v2\/media?parent=59846"}],"curies":[{"name":"wp","href":"https:\/\/api.w.org\/{rel}","templated":true}]}}