{"id":59912,"date":"2026-03-25T13:36:38","date_gmt":"2026-03-25T12:36:38","guid":{"rendered":"https:\/\/go-microdose.com\/versand\/schweiz\/"},"modified":"2026-03-25T13:37:54","modified_gmt":"2026-03-25T12:37:54","slug":"schweiz","status":"publish","type":"page","link":"https:\/\/go-microdose.com\/de\/versand\/schweiz\/","title":{"rendered":"Schweiz"},"content":{"rendered":"<div class=\"wpb-content-wrapper\"><p>[vc_row][vc_column width=&#8220;1\/2&#8243;][vc_btn title=&#8220;Zur\u00fcck zur Versand\u00fcbersicht&#8220; css=&#8220;&#8220; link=&#8220;url:https%3A%2F%2Fgo-microdose.com%2Fde%2Fversand%2F|title:Shipping|&#8220; el_class=&#8220;button-back&#8220;][\/vc_column][vc_column width=&#8220;1\/2&#8243;][\/vc_column][\/vc_row][vc_row el_class=&#8220;pb-40&#8243;][vc_column width=&#8220;1\/2&#8243; el_class=&#8220;pr-80&#8243;][vc_custom_heading text=&#8220;Versand in die Schweiz&#8220; font_container=&#8220;tag:h1|text_align:left&#8220; use_theme_fonts=&#8220;yes&#8220; css=&#8220;&#8220; el_class=&#8220;effect-title&#8220;][vc_custom_heading text=&#8220;Magic Mushrooms, Tr\u00fcffel, Microdosing und mehr..&#8220; use_theme_fonts=&#8220;yes&#8220; el_class=&#8220;h3&#8243;][vc_column_text css=&#8220;&#8220;]<\/p>\n<p class=\"p3\">Ja! Wir versenden alle unsere Produkte mit schneller, diskreter und zuverl\u00e4ssiger Lieferung in die <span class=\"s1\">Schweiz<\/span>. <\/p>\n<p class=\"p3\">Alle <span class=\"s1\">Magic Truffles, Microdosing Strips und Grow Kits<\/span> werden direkt aus <span class=\"s1\">Amsterdam<\/span> versandt und kommen normalerweise innerhalb von <span class=\"s1\">5-10 Werktagen<\/span> an. Wir achten besonders darauf, dass deine Bestellung sicher und diskret verpackt ist, um Zollprobleme zu minimieren. <\/p>\n<p class=\"p3\">Die meisten kleineren Produkte, wie <span class=\"s1\">Microdosing Strips und Tr\u00fcffel<\/span>, passen in den Briefkasten, sodass du <span class=\"s1\">nicht zu Hause sein musst, um die Lieferung entgegenzunehmen<\/span>. Gr\u00f6\u00dfere Artikel, wie <span class=\"s1\">Pilz-Grow-Kits<\/span>, werden als Standardpakete mit Sendungsverfolgung verschickt. <\/p>\n<p class=\"p3\">Egal, ob du deine <span class=\"s1\">Konzentration steigern, die Kreativit\u00e4t f\u00f6rdern oder eine tiefere psychedelische Reise erkunden<\/span> m\u00f6chtest, wir bieten die hochwertigsten Tr\u00fcffel- und Microdosing-Produkte f\u00fcr deine Bed\u00fcrfnisse.<\/p>\n<p class=\"p3\">M\u00f6chtest du mehr \u00fcber Lieferzeiten, Sendungsverfolgung und Versandmethoden erfahren? Lies die Details unten zum Bestellen und Versand in die <span class=\"s1\">Schweiz<\/span>. <\/p>\n<p>[\/vc_column_text][\/vc_column][vc_column width=&#8220;1\/2&#8243; el_class=&#8220;s-white-box&#8220;][vc_custom_heading text=&#8220;Sendungsverfolgung&#8220; font_container=&#8220;tag:h3|text_align:left&#8220; use_theme_fonts=&#8220;yes&#8220;][vc_column_text]Verwende deinen Tracking-Code und nicht deine Bestellnummer.[\/vc_column_text][vc_btn title=&#8220;PostNL Sendungsverfolgung&#8220; css=&#8220;&#8220; link=&#8220;url:https%3A%2F%2Ftracking.postnl.nl%2Ftrack-and-trace%2F|target:_blank|&#8220;][vc_btn title=&#8220;Post CH Sendungsverfolgung&#8220; css=&#8220;&#8220; link=&#8220;url:https%3A%2F%2Fwww.post.ch%2Fen%2Freceiving-mail%2Ftrack-consignments|target:_blank|&#8220;][\/vc_column][\/vc_row][vc_row el_class=&#8220;pb-80&#8243;][vc_column][vc_custom_heading text=&#8220;Weitere Informationen&#8220; font_container=&#8220;tag:div|text_align:left&#8220; use_theme_fonts=&#8220;yes&#8220; el_class=&#8220;pr-tag&#8220;][vc_tta_accordion style=&#8220;flat&#8220; shape=&#8220;square&#8220; color=&#8220;white&#8220; c_icon=&#8220;&#8220; active_section=&#8220;100&#8243; no_fill=&#8220;true&#8220; collapsible_all=&#8220;true&#8220; title=&#8220;Versandinformationen&#8220;][vc_tta_section title=&#8220;Wie ist der rechtliche Status in meinem Land?&#8220; tab_id=&#8220;1737187665466-5703fda6-be48&#8243;][vc_column_text css=&#8220;&#8220;]<\/p>\n<p class=\"p1\">Der rechtliche Status von <span class=\"s1\">Magic Truffles, Microdosing Strips und Pilz-Grow-Kits<\/span> in der <span class=\"s1\">Schweiz<\/span> ist komplex. W\u00e4hrend <span class=\"s1\">Psilocybin<\/span> nach Schweizer Recht eine kontrollierte Substanz ist, befinden sich <span class=\"s1\">Magic Truffles<\/span> in einer <span class=\"s1\">rechtlichen Grauzone<\/span> und sind nicht explizit in derselben Kategorie wie Magic Mushrooms eingestuft. <\/p>\n<p class=\"p1\">Das bedeutet, dass wir zwar erfolgreich in die <span class=\"s1\">Schweiz<\/span> versenden, die Verantwortung f\u00fcr das Verst\u00e4ndnis und die Einhaltung der lokalen Vorschriften jedoch <span class=\"s1\">beim Kunden liegt<\/span>. Wir <span class=\"s1\">k\u00f6nnen keine Rechtsberatung anbieten<\/span> und empfehlen dir, die lokalen Gesetze zu recherchieren, bevor du eine Bestellung aufgibst. <\/p>\n<p>[\/vc_column_text][\/vc_tta_section][vc_tta_section title=&#8220;Welche Produkte k\u00f6nnt ihr in mein Land versenden?&#8220; tab_id=&#8220;1737187665459-72042fcd-1c33&#8243;][vc_column_text css=&#8220;&#8220;]<\/p>\n<p class=\"p3\">Wir <span class=\"s1\">versenden alle unsere Produkte<\/span> direkt von unserem Standort in Amsterdam in die Schweiz. Egal, ob du <span class=\"s1\">Magic Truffles<\/span>, <span class=\"s1\">Microdosing Strips<\/span> oder <span class=\"s1\">Pilz-Grow-Kits<\/span> suchst, wir haben das Richtige f\u00fcr dich. Unser gesamtes Sortiment ist f\u00fcr eine schnelle und diskrete Lieferung verf\u00fcgbar und kommt innerhalb von <span class=\"s1\">5-6 Werktagen<\/span> an.  <\/p>\n<p class=\"p3\">Wenn du an <span class=\"s1\">Microdosing<\/span> zur Verbesserung von Konzentration, Kreativit\u00e4t oder Stimmung interessiert bist, sind unsere <span class=\"s1\">frischen Tr\u00fcffel-Microdosing-Strips<\/span> eine gro\u00dfartige Option. F\u00fcr diejenigen, die <span class=\"s1\">eine tiefere psychedelische Erfahrung<\/span> suchen, bieten wir <span class=\"s1\">hochpotente Magic Truffles<\/span> wie <span class=\"s1\">Hollandia, Utopia und Galindoi<\/span> an. M\u00f6chtest du deine eigenen anbauen? Unsere <span class=\"s1\">Pilz-Grow-Kits<\/span> bieten eine einfache und legale M\u00f6glichkeit, deine eigenen Pilze zu Hause zu kultivieren.   <\/p>\n<p class=\"p4\"><span class=\"s2\">Bestelle noch heute und beginne deine Reise mit <\/span>hochwertigen Tr\u00fcffeln und Microdosing-Produkten.<\/p>\n<p>[\/vc_column_text][\/vc_tta_section][vc_tta_section title=&#8220;Wie lange dauert der Versand?&#8220; tab_id=&#8220;1737188614232-01a47c52-44d4&#8243;][vc_column_text css=&#8220;&#8220;]<\/p>\n<p class=\"p1\">Der Versand in die <span class=\"s1\">Schweiz<\/span> ist effizient und sicher, die meisten Bestellungen kommen innerhalb von <span class=\"s1\">5 bis 6 Werktagen<\/span> nach dem Versand an.<\/p>\n<p class=\"p1\">Die meisten kleineren Bestellungen, wie <span class=\"s1\">Microdosing Strips<\/span> und <span class=\"s1\">Magic Truffles<\/span>, sind so konzipiert, dass sie in den Briefkasten passen, sodass du normalerweise nicht zu Hause sein musst, um sie zu empfangen. <span class=\"s1\">Gr\u00f6\u00dfere Artikel<\/span>, wie <span class=\"s1\">Pilz-Grow-Kits<\/span>, erfordern m\u00f6glicherweise eine Standardpaketlieferung.<\/p>\n<p class=\"p1\">Die neuesten Updates zu deiner Bestellung findest du \u00fcber deinen <span class=\"s1\">Tracking-Link<\/span>, der dir zugesandt wird, sobald dein Paket verschickt wurde.<\/p>\n<p>[\/vc_column_text][\/vc_tta_section][vc_tta_section title=&#8220;Wo kann ich meine Bestellung verfolgen?&#8220; tab_id=&#8220;1737188637035-b7eae861-e627&#8243;][vc_column_text css=&#8220;&#8220;]<\/p>\n<p class=\"p1\">Sobald deine Bestellung versandt wurde, erh\u00e4ltst du einen <span class=\"s1\">Tracking-Link<\/span> per E-Mail. Diesen Link kannst du verwenden, um den Weg deines Pakets zu verfolgen. <\/p>\n<p class=\"p1\">Wenn du deine Bestellung manuell verfolgen musst, verwende einen der folgenden Links und gib deinen Tracking-Code ein:<\/p>\n<p class=\"p1\">  <span class=\"s1\"><b>Post CH<\/b><\/span>: <a href=\"https:\/\/www.post.ch\/en\/receiving-mail\/track-consignments\" target=\"_blank\" rel=\"noopener\">Verfolge deine Bestellung hier<\/a><br \/>\n <span class=\"s1\"><b>PostNL<\/b><\/span>: <a href=\"https:\/\/tracking.postnl.nl\/track-and-trace\/\" target=\"_blank\" rel=\"noopener\">Verfolge deine Bestellung hier<\/a><\/p>\n<p class=\"p1\">Es kann einige Zeit dauern, bis Tracking-Updates erscheinen. Wenn deine Tracking-Informationen innerhalb weniger Tage nicht aktualisiert wurden, empfehlen wir dir, es sp\u00e4ter erneut zu versuchen oder dich direkt an den Versanddienstleister zu wenden. <\/p>\n<p>[\/vc_column_text][\/vc_tta_section][vc_tta_section title=&#8220;Was sind die Versandkosten und -methoden?&#8220; tab_id=&#8220;1737188651466-1dfecdda-bebe&#8220;][vc_column_text css=&#8220;&#8220;]<\/p>\n<p class=\"p1\">Wir bieten <span class=\"s1\">zuverl\u00e4ssige und diskrete<\/span> Versandoptionen in die Schweiz an. W\u00e4hle die Methode, die am besten zu deinen Bed\u00fcrfnissen passt: <\/p>\n<p class=\"p4\"><span class=\"s2\">  <\/span><b>Briefkastenpaket (eingeschr\u00e4nkte Sendungsverfolgung)<\/b><span class=\"s2\"> \u2013 8,99 \u20ac<br \/>\n<\/span><span class=\"s2\"> <\/span><b>Einschreiben (Sendungsverfolgung + Unterschrift erforderlich)<\/b><span class=\"s2\"> \u2013 18,00 \u20ac<\/span><\/p>\n<p class=\"p4\"><span class=\"s2\">  <\/span><b>Diskrete Versandoption<\/b><span class=\"s2\"> \u2013 +1,95 \u20ac<\/span><\/p>\n<p class=\"p3\">M\u00f6chtest du zus\u00e4tzliche Privatsph\u00e4re? W\u00e4hle an der Kasse unsere <span class=\"s1\">diskrete Versandoption<\/span> f\u00fcr eine unauff\u00e4llige Verpackung mit neutraler Beschriftung. <\/p>\n<p class=\"p3\">Alle Bestellungen werden <span class=\"s1\">aus Amsterdam versandt<\/span> und kommen normalerweise <span class=\"s1\">innerhalb von 5-6 Werktagen<\/span> an. Deine <span class=\"s1\">Tracking-Details<\/span> werden dir mitgeteilt, sobald deine Bestellung versandt wurde. <\/p>\n<p>[\/vc_column_text][\/vc_tta_section][vc_tta_section title=&#8220;Wie kann ich meine Bestellung bezahlen?&#8220; tab_id=&#8220;1739569614085-b2259a37-6ad1&#8243;][vc_column_text css=&#8220;&#8220;]<\/p>\n<p class=\"p1\">Wir bieten eine Vielzahl sicherer und bequemer Zahlungsmethoden f\u00fcr Bestellungen in die Schweiz an:<\/p>\n<ul>\n<li>(Kredit-)Karte<\/li>\n<li>PayPal<\/li>\n<li>Revolut<\/li>\n<li>iDEAL<\/li>\n<li>Kryptow\u00e4hrung<\/li>\n<li>Przelewy24<\/li>\n<li>Bancontact<\/li>\n<li>SEPA-Bank\u00fcberweisung<\/li>\n<li>Online \u00dcberweisen<\/li>\n<li><span class=\"s1\">Sofortbanking<\/span><\/li>\n<li>Manuelle Bank\u00fcberweisungen<\/li>\n<\/ul>\n<p class=\"p1\">Alle Zahlungen werden sicher verarbeitet und deine Daten sind gesch\u00fctzt. Du erh\u00e4ltst eine Bestellbest\u00e4tigung, sobald deine Zahlung abgeschlossen ist. <\/p>\n<p>[\/vc_column_text][\/vc_tta_section][vc_tta_section title=&#8220;Garantie und Beschwerden&#8220; tab_id=&#8220;1739569639087-ce3e2607-c5c5&#8243;][vc_column_text css=&#8220;&#8220;]<\/p>\n<p class=\"p1\">Wir legen gro\u00dfen Wert darauf, dass unsere Produkte dich in einwandfreiem Zustand erreichen. Solltest du jedoch einen Artikel erhalten, der w\u00e4hrend des Transports besch\u00e4digt wurde oder einen anderen Defekt aufweist, hast du m\u00f6glicherweise Anspruch auf einen Garantieanspruch. <\/p>\n<p class=\"p3\"><b>Garantieanspr\u00fcche<br \/>\n<\/b><b><\/b>Wenn du ein Problem mit deiner Bestellung feststellst, kontaktiere uns bitte innerhalb einer angemessenen Frist \u2013 idealerweise innerhalb <span class=\"s1\">1 Tages<\/span> nach Erhalt deines Pakets. Wir werden die Situation beurteilen und die beste L\u00f6sung finden. <\/p>\n<p class=\"p3\"><b>Beschwerden<br \/>\n<\/b><b><\/b>Wenn etwas nicht wie erwartet l\u00e4uft, sind wir hier, um zu helfen. Bitte kontaktiere uns unter <span class=\"s1\">info@go-microdose.com<\/span>, und wir werden unser Bestes tun, um das Problem zu l\u00f6sen. <\/p>\n<p>[\/vc_column_text][\/vc_tta_section][vc_tta_section title=&#8220;R\u00fccksendungen&#8220; tab_id=&#8220;1737188666632-9ee3fe40-4609&#8243;][vc_column_text css=&#8220;&#8220;]<\/p>\n<p class=\"p1\">Aufgrund der Beschaffenheit unserer Produkte sind <span class=\"s1\"><b>R\u00fccksendungen nicht m\u00f6glich<\/b><\/span>. Unsere Tr\u00fcffel und andere frische Produkte haben eine <span class=\"s1\">begrenzte Haltbarkeit von etwa 2 Monaten<\/span>, was bedeutet, dass sie nach der R\u00fccksendung nicht wiederverkauft werden k\u00f6nnen. Diese Richtlinie stellt sicher, dass alle Kunden frische und hochwertige Produkte erhalten.  <\/p>\n<p class=\"p3\"><b>Umtauschrichtlinie<br \/>\n<\/b><b><\/b>Wenn du ein Produkt umtauschen m\u00f6chtest, kontaktiere uns bitte unter <span class=\"s1\">info@go-microdose.com<\/span>. W\u00e4hrend ein Umtausch f\u00fcr bestimmte nicht verderbliche Artikel m\u00f6glich sein kann, <span class=\"s1\">tr\u00e4gt der Kunde die Kosten f\u00fcr den R\u00fcckversand<\/span>. <\/p>\n<p class=\"p3\"><b>Falsche Lieferadresse<br \/>\n<\/b><b><\/b>Wenn du eine falsche Lieferadresse angegeben hast, kontaktiere uns bitte so schnell wie m\u00f6glich. Wir werden versuchen, deine Bestellung zu aktualisieren, bevor sie versandt wird. Sobald die Bestellung jedoch versandt wurde, sind \u00c4nderungen nicht mehr m\u00f6glich.  <\/p>\n<p>[\/vc_column_text][\/vc_tta_section][vc_tta_section title=&#8220;Kontakt&#8220; tab_id=&#8220;1737188682135-ea9d8e7b-ed3c&#8220;][vc_column_text css=&#8220;&#8220;]Wir tun unser \u00c4u\u00dferstes f\u00fcr dich als Kunden.<br \/>\nDas bedeutet, dass du uns leicht kontaktieren kannst. Wenn du Fragen dazu hast, kannst du uns \u00fcber die folgenden Informationen erreichen: <\/p>\n<p><strong>GO-Microdose.com<\/strong><br \/>\nE-Mail: <a href=\"mailto:info@go-microdose.com\">info@go-microdose.com<\/a><br \/>\nDer Handelsname unseres Unternehmens ist: GK Health B.V.<br \/>\nUnser Domainname ist GO-Microdose.com<br \/>\nUnsere Postanschrift: Joop Geesinkweg 601, 1114AB Amsterdam<br \/>\nHandelskammer: 87887274<br \/>\nUSt-IdNr.: NL864437584B01[\/vc_column_text][\/vc_tta_section][\/vc_tta_accordion][\/vc_column][\/vc_row][vc_row el_class=&#8220;pb-220&#8243;][vc_column width=&#8220;1\/2&#8243;][vc_custom_heading text=&#8220;Kontakt&#8220; font_container=&#8220;tag:div|text_align:left&#8220; use_theme_fonts=&#8220;yes&#8220; el_class=&#8220;pr-tag&#8220;][vc_custom_heading text=&#8220;Fragen oder Anmerkungen?&#8220; use_theme_fonts=&#8220;yes&#8220;]\n<div class=\"wpcf7 no-js\" id=\"wpcf7-f57948-o1\" lang=\"de-DE\" dir=\"ltr\" data-wpcf7-id=\"57948\">\n<div class=\"screen-reader-response\"><p role=\"status\" aria-live=\"polite\" aria-atomic=\"true\"><\/p> <ul><\/ul><\/div>\n<form action=\"\/de\/wp-json\/wp\/v2\/pages\/59912#wpcf7-f57948-o1\" method=\"post\" class=\"wpcf7-form init\" aria-label=\"Kontaktformular\" novalidate=\"novalidate\" data-status=\"init\">\n<fieldset class=\"hidden-fields-container\"><input type=\"hidden\" name=\"_wpcf7\" value=\"57948\" \/><input type=\"hidden\" name=\"_wpcf7_version\" value=\"6.1.5\" \/><input type=\"hidden\" name=\"_wpcf7_locale\" value=\"de_DE\" \/><input type=\"hidden\" name=\"_wpcf7_unit_tag\" value=\"wpcf7-f57948-o1\" \/><input type=\"hidden\" name=\"_wpcf7_container_post\" value=\"0\" \/><input type=\"hidden\" name=\"_wpcf7_posted_data_hash\" value=\"\" \/><input type=\"hidden\" name=\"_wpcf7_recaptcha_response\" value=\"\" \/>\n<\/fieldset>\n<div class=\"contact-form\">\n\t<div class=\"form-row\">\n\t\t<p><span class=\"wpcf7-form-control-wrap\" data-name=\"Naam\"><input size=\"40\" maxlength=\"400\" class=\"wpcf7-form-control wpcf7-text form-field\" aria-invalid=\"false\" placeholder=\"Name\" value=\"\" type=\"text\" name=\"Naam\" \/><\/span>\n\t\t<\/p>\n\t<\/div>\n\t<div class=\"form-row\">\n\t\t<p><span class=\"wpcf7-form-control-wrap\" data-name=\"Email\"><input size=\"40\" maxlength=\"400\" class=\"wpcf7-form-control wpcf7-email wpcf7-validates-as-required wpcf7-text wpcf7-validates-as-email form-field\" aria-required=\"true\" aria-invalid=\"false\" placeholder=\"E-Mail\" value=\"\" type=\"email\" name=\"Email\" \/><\/span>\n\t\t<\/p>\n\t<\/div>\n\t<div class=\"form-row\">\n\t\t<p><span class=\"wpcf7-form-control-wrap\" data-name=\"your-message\"><textarea cols=\"40\" rows=\"10\" maxlength=\"2000\" class=\"wpcf7-form-control wpcf7-textarea form-field\" aria-invalid=\"false\" placeholder=\"Frage oder Anmerkung\u2026\" name=\"your-message\"><\/textarea><\/span>\n\t\t<\/p>\n\t<\/div>\n\t<div class=\"form-row checkbox\">\n\t\t<p><span class=\"wpcf7-form-control-wrap\" data-name=\"agree\"><span class=\"wpcf7-form-control wpcf7-acceptance\"><span class=\"wpcf7-list-item\"><label><input type=\"checkbox\" name=\"agree\" value=\"1\" aria-invalid=\"false\" \/><span class=\"wpcf7-list-item-label\">Ich stimme dem <a href=\"\/privacy-policy\/\" target=\"_blank\">Datenschutzhinweis<\/a> zu.<\/span><\/label><\/span><\/span><\/span>\n\t\t<\/p>\n\t<\/div>\n\t<div class=\"form-row\">\n\t<span class=\"wpcf7-form-control-wrap recaptcha\" data-name=\"recaptcha\"><span data-sitekey=\"6LcxYnAUAAAAAK0N-eell9CfBJrJukJ8yVIG3u5S\" class=\"wpcf7-form-control wpcf7-recaptcha g-recaptcha\"><\/span>\r\n<noscript>\r\n\t<div class=\"grecaptcha-noscript\">\r\n\t\t<iframe src=\"https:\/\/www.google.com\/recaptcha\/api\/fallback?k=6LcxYnAUAAAAAK0N-eell9CfBJrJukJ8yVIG3u5S\" frameborder=\"0\" scrolling=\"no\" width=\"310\" height=\"430\">\r\n\t\t<\/iframe>\r\n\t\t<textarea name=\"g-recaptcha-response\" rows=\"3\" cols=\"40\" placeholder=\"reCaptcha Response Here\">\r\n\t\t<\/textarea>\r\n\t<\/div>\r\n<\/noscript>\r\n<\/span>\n\t<\/div>\n\t<div class=\"form-row submit\">\n\t\t<p><button class=\"button vc_btn3-style-modern\"><input class=\"wpcf7-form-control wpcf7-submit has-spinner\" type=\"submit\" value=\"Senden\" \/><\/button>\n\t\t<\/p>\n\t<\/div>\n<\/div><div class=\"wpcf7-response-output\" aria-hidden=\"true\"><\/div>\n<\/form>\n<\/div>\n[\/vc_column][vc_column width=&#8220;1\/2&#8243;][\/vc_column][\/vc_row]<\/p>\n<\/div>","protected":false},"excerpt":{"rendered":"<p>[vc_row][vc_column width=&#8220;1\/2&#8243;][vc_btn title=&#8220;Zur\u00fcck zur Versand\u00fcbersicht&#8220; css=&#8220;&#8220; link=&#8220;url:https%3A%2F%2Fgo-microdose.com%2Fde%2Fversand%2F|title:Shipping|&#8220; el_class=&#8220;button-back&#8220;][\/vc_column][vc_column width=&#8220;1\/2&#8243;][\/vc_column][\/vc_row][vc_row el_class=&#8220;pb-40&#8243;][vc_column width=&#8220;1\/2&#8243; el_class=&#8220;pr-80&#8243;][vc_custom_heading text=&#8220;Versand in die Schweiz&#8220; font_container=&#8220;tag:h1|text_align:left&#8220; use_theme_fonts=&#8220;yes&#8220; css=&#8220;&#8220; el_class=&#8220;effect-title&#8220;][vc_custom_heading text=&#8220;Magic Mushrooms, Tr\u00fcffel, Microdosing und mehr..&#8220; use_theme_fonts=&#8220;yes&#8220; el_class=&#8220;h3&#8243;][vc_column_text css=&#8220;&#8220;] Ja! Wir versenden alle unsere Produkte mit schneller, diskreter und zuverl\u00e4ssiger Lieferung in die Schweiz. Alle Magic Truffles, Microdosing Strips und Grow Kits werden direkt aus [&hellip;]<\/p>\n","protected":false},"author":5548,"featured_media":0,"parent":56789,"menu_order":0,"comment_status":"open","ping_status":"open","template":"","meta":{"_acf_changed":false,"footnotes":""},"class_list":["post-59912","page","type-page","status-publish","hentry"],"acf":[],"_links":{"self":[{"href":"https:\/\/go-microdose.com\/de\/wp-json\/wp\/v2\/pages\/59912","targetHints":{"allow":["GET"]}}],"collection":[{"href":"https:\/\/go-microdose.com\/de\/wp-json\/wp\/v2\/pages"}],"about":[{"href":"https:\/\/go-microdose.com\/de\/wp-json\/wp\/v2\/types\/page"}],"author":[{"embeddable":true,"href":"https:\/\/go-microdose.com\/de\/wp-json\/wp\/v2\/users\/5548"}],"replies":[{"embeddable":true,"href":"https:\/\/go-microdose.com\/de\/wp-json\/wp\/v2\/comments?post=59912"}],"version-history":[{"count":0,"href":"https:\/\/go-microdose.com\/de\/wp-json\/wp\/v2\/pages\/59912\/revisions"}],"up":[{"embeddable":true,"href":"https:\/\/go-microdose.com\/de\/wp-json\/wp\/v2\/pages\/56789"}],"wp:attachment":[{"href":"https:\/\/go-microdose.com\/de\/wp-json\/wp\/v2\/media?parent=59912"}],"curies":[{"name":"wp","href":"https:\/\/api.w.org\/{rel}","templated":true}]}}