{"id":60256,"date":"2026-03-25T14:22:07","date_gmt":"2026-03-25T13:22:07","guid":{"rendered":"https:\/\/go-microdose.com\/versand\/norwegen\/"},"modified":"2026-03-25T14:23:01","modified_gmt":"2026-03-25T13:23:01","slug":"norwegen","status":"publish","type":"page","link":"https:\/\/go-microdose.com\/de\/versand\/norwegen\/","title":{"rendered":"Norwegen"},"content":{"rendered":"<div class=\"wpb-content-wrapper\"><p>[vc_row][vc_column width=&#8220;1\/2&#8243;][vc_btn title=&#8220;Zur\u00fcck zur Versand\u00fcbersicht&#8220; css=&#8220;&#8220; link=&#8220;url:https%3A%2F%2Fgo-microdose.com%2Fde%2Fversand%2F|title:Shipping|&#8220; el_class=&#8220;button-back&#8220;][\/vc_column][vc_column width=&#8220;1\/2&#8243;][\/vc_column][\/vc_row][vc_row el_class=&#8220;pb-40&#8243;][vc_column width=&#8220;1\/2&#8243; el_class=&#8220;pr-80&#8243;][vc_custom_heading text=&#8220;Versand nach Norwegen&#8220; font_container=&#8220;tag:h1|text_align:left&#8220; use_theme_fonts=&#8220;yes&#8220; css=&#8220;&#8220; el_class=&#8220;effect-title&#8220;][vc_custom_heading text=&#8220;Magic Mushrooms, Tr\u00fcffel, Microdosing und mehr..&#8220; use_theme_fonts=&#8220;yes&#8220; el_class=&#8220;h3&#8243;][vc_column_text css=&#8220;&#8220;]<\/p>\n<p class=\"p1\">Ja! Wir versenden all unsere Produkte nach Norwegen! <\/p>\n<p class=\"p3\">Alle <span class=\"s1\">Tr\u00fcffel, Microdosing-Streifen und Growkits<\/span> werden direkt aus Amsterdam versendet und kommen in der Regel <span class=\"s1\">innerhalb von 4\u20136 Werktagen<\/span> an. Die meisten Bestellungen passen in den Briefkasten \u2013 au\u00dfer gr\u00f6\u00dfere Produkte wie <span class=\"s1\">Magic-Mushroom-Growkits und Zubeh\u00f6r<\/span> \u2013 daher musst du f\u00fcr die Zustellung meist <span class=\"s1\">nicht zu Hause sein<\/span>! <\/p>\n<p class=\"p4\"><span class=\"s2\">Unser Versand ist <\/span>schnell, diskret und zuverl\u00e4ssig<span class=\"s2\">. Egal, ob du <\/span>mit Microdosing<span class=\"s2\"> startest oder eine <\/span>intensivere psychedelische Erfahrung<span class=\"s2\"> planst \u2013 wir sorgen daf\u00fcr, dass deine Bestellung <\/span>sicher und frisch<span class=\"s2\"> ankommt.<\/span><\/p>\n<p class=\"p4\"><span class=\"s2\">M\u00f6chtest du mehr \u00fcber unsere <\/span>Versandoptionen, Lieferzeiten und Methoden erfahren<span class=\"s2\">? Unten findest du alle Details zu  <\/span>Bestellung und Versand nach Kanada<span class=\"s2\">.<\/span><\/p>\n<p>[\/vc_column_text][\/vc_column][vc_column width=&#8220;1\/2&#8243; el_class=&#8220;s-white-box&#8220;][vc_custom_heading text=&#8220;Sendungsverfolgung&#8220; font_container=&#8220;tag:h3|text_align:left&#8220; use_theme_fonts=&#8220;yes&#8220;][vc_column_text]Verwende deinen Tracking-Code und nicht deine Bestellnummer.[\/vc_column_text][vc_btn title=&#8220;Norwegen-Tracking&#8220; css=&#8220;&#8220; link=&#8220;url:https%3A%2F%2Fpacket.deutschepost.com%2Fpublic%2Fpacket_traceit.xhtml|target:_blank|&#8220;][\/vc_column][\/vc_row][vc_row el_class=&#8220;pb-80&#8243;][vc_column][vc_custom_heading text=&#8220;mehr Informationen&#8220; font_container=&#8220;tag:div|text_align:left&#8220; use_theme_fonts=&#8220;yes&#8220; el_class=&#8220;pr-tag&#8220;][vc_tta_accordion style=&#8220;flat&#8220; shape=&#8220;square&#8220; color=&#8220;white&#8220; c_icon=&#8220;&#8220; active_section=&#8220;100&#8243; no_fill=&#8220;true&#8220; collapsible_all=&#8220;true&#8220; title=&#8220;Versandinfos&#8220;][vc_tta_section title=&#8220;Wie ist der rechtliche Status in meinem Land?&#8220; tab_id=&#8220;1737187665466-5703fda6-be48a519-bc93&#8243;][vc_column_text css=&#8220;&#8220;]<\/p>\n<p class=\"p1\">Wir sind keine Anw\u00e4lte und haben nicht die Kapazit\u00e4t, rechtliche Entwicklungen in jedem Land, in das wir versenden, zu verfolgen. Daher liegt es in der Verantwortung der Kundschaft, sich vor der Bestellung \u00fcber die lokalen Vorschriften zu informieren und diese zu verstehen. Mit dem Kauf bei uns best\u00e4tigst du, dass dir m\u00f6gliche rechtliche Risiken bewusst sind und du die volle Verantwortung daf\u00fcr \u00fcbernimmst, die Gesetze in deiner Region einzuhalten.  <\/p>\n<p class=\"p1\">Dennoch haben wir eine starke Erfolgsbilanz beim Versand nach Norwegen und bisher keine Schwierigkeiten bei Zustellungen erlebt. Unsere Sendungen kommen zuverl\u00e4ssig an \u2013 aber wie bei jeder internationalen Bestellung liegt die endg\u00fcltige Verantwortung bei der Kundschaft. <\/p>\n<p>[\/vc_column_text][\/vc_tta_section][vc_tta_section title=&#8220;Welche Produkte k\u00f6nnt ihr in mein Land versenden?&#8220; tab_id=&#8220;1737187665459-72042fcd-1c33a519-bc93&#8243;][vc_column_text css=&#8220;&#8220;]<\/p>\n<p class=\"p1\">Wir versenden all unsere Produkte nach Norwegen \u2013 direkt von unserem Standort in Amsterdam. Ob du Magic Truffles, Microdosing-Streifen oder Pilz-Growkits suchst: Bei uns bist du richtig. Unser gesamtes Sortiment ist f\u00fcr eine schnelle und diskrete Lieferung verf\u00fcgbar und kommt in der Regel innerhalb von 4\u20136 Werktagen an.  <\/p>\n<p class=\"p1\">Wenn du dich f\u00fcr Microdosing interessierst, um Fokus, Kreativit\u00e4t oder Stimmung zu verbessern, sind unsere frischen Tr\u00fcffel-Microdosing-Streifen eine tolle Option. F\u00fcr alle, die eine intensivere psychedelische Erfahrung suchen, bieten wir hochpotente Magic Truffles wie Hollandia, Utopia und Galindoi an. Du m\u00f6chtest selbst anbauen? Unsere Pilz-Growkits bieten eine einfache M\u00f6glichkeit, deine eigenen Pilze zu Hause zu kultivieren.   <\/p>\n<p class=\"p1\">Bestelle noch heute und starte deine Reise mit hochwertigen Tr\u00fcffeln und Microdosing-Produkten!<\/p>\n<p>[\/vc_column_text][\/vc_tta_section][vc_tta_section title=&#8220;Wie lange dauert der Versand?&#8220; tab_id=&#8220;1737188614232-01a47c52-44d4a519-bc93&#8243;][vc_column_text css=&#8220;&#8220;]<\/p>\n<p class=\"p1\">Der Versand nach Kanada dauert in der Regel <span class=\"s1\">6\u20138 Werktage<\/span> ab dem Zeitpunkt, an dem deine Bestellung versendet wird. Die Lieferzeiten k\u00f6nnen jedoch je nach Faktoren wie Zollabfertigung, Verz\u00f6gerungen beim lokalen Postdienst und Feiertagen variieren. <\/p>\n<p class=\"p1\">Sobald dein Paket versendet wurde, erh\u00e4ltst du per E-Mail einen Tracking-Link. Auch wenn die meisten Bestellungen innerhalb des gesch\u00e4tzten Zeitrahmens ankommen, kann die Zollabfertigung manchmal zus\u00e4tzliche Bearbeitungszeit verursachen. Danke f\u00fcr deine Geduld \u2013 wir empfehlen, die Tracking-Updates im Blick zu behalten.  <\/p>\n<p class=\"p1\">F\u00fcr die neuesten Informationen zu deiner Sendung nutze bitte deinen Tracking-Link. Wenn du Fragen zu deiner Bestellung hast, kannst du dich jederzeit an unser Support-Team wenden \u2013 wir helfen dir gern! <\/p>\n<p>[\/vc_column_text][\/vc_tta_section][vc_tta_section title=&#8220;Wo kann ich meine Bestellung verfolgen?&#8220; tab_id=&#8220;1737188637035-b7eae861-e627a519-bc93&#8243;][vc_column_text css=&#8220;&#8220;]<\/p>\n<p class=\"p1\">Sobald deine Bestellung versendet wurde, erh\u00e4ltst du per E-Mail einen <span class=\"s1\">Tracking-Link<\/span>. \u00dcber diesen Link kannst du den Weg deines Pakets verfolgen. <\/p>\n<p class=\"p1\">Wenn du deine Bestellung manuell verfolgen m\u00f6chtest, nutze einen der folgenden Links und gib deinen Tracking-Code ein:<br \/>\n  <span class=\"s1\"><b>Norwegen-Tracking<\/b><\/span>: <a href=\"https:\/\/packet.deutschepost.com\/public\/packet_traceit.xhtml\" target=\"_blank\" rel=\"noopener\">Verfolge deine Bestellung hier<\/a><\/p>\n<p class=\"p1\">Wenn es Probleme mit der Sendungsverfolgung gibt, gib bitte etwas Zeit f\u00fcr Updates oder kontaktiere den Versanddienstleister direkt.<\/p>\n<p>[\/vc_column_text][\/vc_tta_section][vc_tta_section title=&#8220;Wie hoch sind die Versandkosten und welche Versandarten gibt es?&#8220; tab_id=&#8220;1737188651466-1dfecdda-bebea519-bc93&#8243;][vc_column_text css=&#8220;&#8220;]<\/p>\n<p class=\"p3\">Wir bieten zuverl\u00e4ssigen und diskreten Versand nach Norwegen. W\u00e4hle die Methode, die am besten zu deinen Bed\u00fcrfnissen passt: <\/p>\n<p class=\"p4\"><span class=\"s1\">  <\/span><b>Briefkastenpaket (eingeschr\u00e4nktes Tracking):<\/b><span class=\"s1\"> 8,99 \u20ac<br \/>\n<\/span><span class=\"s1\">  <\/span><b>Einschreiben (Tracking + Unterschrift erforderlich):<\/b><span class=\"s1\"> 18 \u20ac<\/span><\/p>\n<p class=\"p4\"><span class=\"s1\">  <\/span><b>Option \u201eDiskreter Versand\u201c:<\/b><span class=\"s1\"> +1,95 \u20ac<\/span><\/p>\n<p class=\"p3\">Du m\u00f6chtest extra Privatsph\u00e4re? W\u00e4hle beim Checkout unsere Option f\u00fcr diskreten Versand \u2013 mit neutraler Verpackung und allgemeiner Kennzeichnung. <\/p>\n<p class=\"p3\">Alle Bestellungen werden aus Amsterdam versendet und kommen in der Regel innerhalb von 4\u20136<span class=\"s2\"> Werktagen<\/span> an. Deine Tracking-Daten erh\u00e4ltst du, sobald deine Bestellung versendet wurde. <\/p>\n<p>[\/vc_column_text][\/vc_tta_section][vc_tta_section title=&#8220;Wie kann ich meine Bestellung bezahlen?&#8220; tab_id=&#8220;1739569614085-b2259a37-6ad1a519-bc93&#8243;][vc_column_text css=&#8220;&#8220;]<\/p>\n<p class=\"p1\">Wir bieten verschiedene sichere und bequeme Zahlungsmethoden f\u00fcr Bestellungen nach Norwegen an:<\/p>\n<ul>\n<li>(Kredit-)Karte<\/li>\n<li>PayPal<\/li>\n<li>Revolut<\/li>\n<li>iDEAL<\/li>\n<li>Kryptow\u00e4hrung<\/li>\n<li>Przelewy24<\/li>\n<li>Bancontact<\/li>\n<li>SEPA-Bank\u00fcberweisung<\/li>\n<li>Online \u00dcberweisen<\/li>\n<li><span class=\"s1\">Sofortbanking<\/span><\/li>\n<li>Manuelle Bank\u00fcberweisungen<\/li>\n<\/ul>\n<p class=\"p1\">Alle Zahlungen werden sicher verarbeitet und deine Daten sind gesch\u00fctzt. Du erh\u00e4ltst eine Bestellbest\u00e4tigung, sobald deine Zahlung abgeschlossen ist. <\/p>\n<p>[\/vc_column_text][\/vc_tta_section][vc_tta_section title=&#8220;Garantie und Beschwerden&#8220; tab_id=&#8220;1739569639087-ce3e2607-c5c5a519-bc93&#8243;][vc_column_text css=&#8220;&#8220;]<\/p>\n<p class=\"p1\">Wir achten sehr darauf, dass unsere Produkte dich in einwandfreiem Zustand erreichen. Solltest du jedoch einen Artikel erhalten, der w\u00e4hrend des Transports besch\u00e4digt wurde oder einen anderen Mangel aufweist, kannst du m\u00f6glicherweise einen Garantieanspruch geltend machen. <\/p>\n<p class=\"p3\"><b>Garantieanspr\u00fcche<br \/>\n<\/b><b><\/b>Wenn du ein Problem mit deiner Bestellung feststellst, kontaktiere uns bitte innerhalb einer angemessenen Frist \u2013 idealerweise innerhalb von <span class=\"s1\">1 Tag<\/span> nach Erhalt deines Pakets. Wir pr\u00fcfen die Situation und entscheiden \u00fcber die beste L\u00f6sung. <\/p>\n<p class=\"p3\"><b>Beschwerden<br \/>\n<\/b><b><\/b>Wenn etwas nicht wie erwartet l\u00e4uft, sind wir f\u00fcr dich da. Schreib uns bitte an <span class=\"s1\">info@go-microdose.com<\/span>, und wir tun unser Bestes, um das Problem zu l\u00f6sen. <\/p>\n<p>[\/vc_column_text][\/vc_tta_section][vc_tta_section title=&#8220;R\u00fccksendungen&#8220; tab_id=&#8220;1737188666632-9ee3fe40-4609a519-bc93&#8243;][vc_column_text css=&#8220;&#8220;]<\/p>\n<p class=\"p1\">Aufgrund der Beschaffenheit unserer Produkte sind <span class=\"s1\"><b>R\u00fccksendungen nicht m\u00f6glich<\/b><\/span>. Unsere Tr\u00fcffel und andere frische Produkte haben eine <span class=\"s1\">begrenzte Haltbarkeit von etwa 2 Monaten<\/span> und k\u00f6nnen nach einer R\u00fccksendung nicht weiterverkauft werden. Diese Regelung stellt sicher, dass alle Kundinnen und Kunden frische und hochwertige Produkte erhalten.  <\/p>\n<p class=\"p3\"><b>Umtauschrichtlinie<br \/>\n<\/b><b><\/b>Wenn du ein Produkt umtauschen m\u00f6chtest, kontaktiere uns bitte unter <span class=\"s1\">info@go-microdose.com<\/span>. Ein Umtausch kann bei bestimmten nicht verderblichen Artikeln m\u00f6glich sein, jedoch <span class=\"s1\">tr\u00e4gt die Kundschaft die R\u00fccksendekosten<\/span>. <\/p>\n<p class=\"p3\"><b>Falsche Lieferadresse<br \/>\n<\/b><b><\/b>Wenn du eine falsche Lieferadresse angegeben hast, kontaktiere uns bitte so schnell wie m\u00f6glich. Wir versuchen, deine Bestellung zu aktualisieren, bevor sie versendet wird. Sobald die Bestellung jedoch verschickt wurde, sind \u00c4nderungen nicht mehr m\u00f6glich.  <\/p>\n<p>[\/vc_column_text][\/vc_tta_section][vc_tta_section title=&#8220;Kontakt&#8220; tab_id=&#8220;1737188682135-ea9d8e7b-ed3ca519-bc93&#8243;][vc_column_text css=&#8220;&#8220;]Wir geben als Unternehmen unser Bestes f\u00fcr dich. Das bedeutet, dass du uns ganz einfach kontaktieren kannst.<br \/>\nWenn du dazu Fragen hast, erreichst du uns \u00fcber die folgenden Angaben: <\/p>\n<p><strong>GO-Microdose.com<\/strong><br \/>\nMail: <a href=\"mailto:info@go-microdose.com\">info@go-microdose.com<\/a><br \/>\nDer Handelsname unseres Unternehmens lautet: GK Health B.V.<br \/>\nUnser Domainname ist GO-Microdose.com<br \/>\nUnsere Postanschrift: Joop Geesinkweg 601, 1114AB Amsterdam<br \/>\nHandelskammer: 87887274<br \/>\nBTW: NL864437584B01[\/vc_column_text][\/vc_tta_section][\/vc_tta_accordion][\/vc_column][\/vc_row][vc_row el_class=&#8220;pb-220&#8243;][vc_column width=&#8220;1\/2&#8243;][vc_custom_heading text=&#8220;Kontakt&#8220; font_container=&#8220;tag:div|text_align:left&#8220; use_theme_fonts=&#8220;yes&#8220; el_class=&#8220;pr-tag&#8220;][vc_custom_heading text=&#8220;Fragen oder Anmerkungen?&#8220; use_theme_fonts=&#8220;yes&#8220;]\n<div class=\"wpcf7 no-js\" id=\"wpcf7-f57948-o1\" lang=\"de-DE\" dir=\"ltr\" data-wpcf7-id=\"57948\">\n<div class=\"screen-reader-response\"><p role=\"status\" aria-live=\"polite\" aria-atomic=\"true\"><\/p> <ul><\/ul><\/div>\n<form action=\"\/de\/wp-json\/wp\/v2\/pages\/60256#wpcf7-f57948-o1\" method=\"post\" class=\"wpcf7-form init\" aria-label=\"Kontaktformular\" novalidate=\"novalidate\" data-status=\"init\">\n<fieldset class=\"hidden-fields-container\"><input type=\"hidden\" name=\"_wpcf7\" value=\"57948\" \/><input type=\"hidden\" name=\"_wpcf7_version\" value=\"6.1.5\" \/><input type=\"hidden\" name=\"_wpcf7_locale\" value=\"de_DE\" \/><input type=\"hidden\" name=\"_wpcf7_unit_tag\" value=\"wpcf7-f57948-o1\" \/><input type=\"hidden\" name=\"_wpcf7_container_post\" value=\"0\" \/><input type=\"hidden\" name=\"_wpcf7_posted_data_hash\" value=\"\" \/><input type=\"hidden\" name=\"_wpcf7_recaptcha_response\" value=\"\" \/>\n<\/fieldset>\n<div class=\"contact-form\">\n\t<div class=\"form-row\">\n\t\t<p><span class=\"wpcf7-form-control-wrap\" data-name=\"Naam\"><input size=\"40\" maxlength=\"400\" class=\"wpcf7-form-control wpcf7-text form-field\" aria-invalid=\"false\" placeholder=\"Name\" value=\"\" type=\"text\" name=\"Naam\" \/><\/span>\n\t\t<\/p>\n\t<\/div>\n\t<div class=\"form-row\">\n\t\t<p><span class=\"wpcf7-form-control-wrap\" data-name=\"Email\"><input size=\"40\" maxlength=\"400\" class=\"wpcf7-form-control wpcf7-email wpcf7-validates-as-required wpcf7-text wpcf7-validates-as-email form-field\" aria-required=\"true\" aria-invalid=\"false\" placeholder=\"E-Mail\" value=\"\" type=\"email\" name=\"Email\" \/><\/span>\n\t\t<\/p>\n\t<\/div>\n\t<div class=\"form-row\">\n\t\t<p><span class=\"wpcf7-form-control-wrap\" data-name=\"your-message\"><textarea cols=\"40\" rows=\"10\" maxlength=\"2000\" class=\"wpcf7-form-control wpcf7-textarea form-field\" aria-invalid=\"false\" placeholder=\"Frage oder Anmerkung\u2026\" name=\"your-message\"><\/textarea><\/span>\n\t\t<\/p>\n\t<\/div>\n\t<div class=\"form-row checkbox\">\n\t\t<p><span class=\"wpcf7-form-control-wrap\" data-name=\"agree\"><span class=\"wpcf7-form-control wpcf7-acceptance\"><span class=\"wpcf7-list-item\"><label><input type=\"checkbox\" name=\"agree\" value=\"1\" aria-invalid=\"false\" \/><span class=\"wpcf7-list-item-label\">Ich stimme dem <a href=\"\/privacy-policy\/\" target=\"_blank\">Datenschutzhinweis<\/a> zu.<\/span><\/label><\/span><\/span><\/span>\n\t\t<\/p>\n\t<\/div>\n\t<div class=\"form-row\">\n\t<span class=\"wpcf7-form-control-wrap recaptcha\" data-name=\"recaptcha\"><span data-sitekey=\"6LcxYnAUAAAAAK0N-eell9CfBJrJukJ8yVIG3u5S\" class=\"wpcf7-form-control wpcf7-recaptcha g-recaptcha\"><\/span>\r\n<noscript>\r\n\t<div class=\"grecaptcha-noscript\">\r\n\t\t<iframe src=\"https:\/\/www.google.com\/recaptcha\/api\/fallback?k=6LcxYnAUAAAAAK0N-eell9CfBJrJukJ8yVIG3u5S\" frameborder=\"0\" scrolling=\"no\" width=\"310\" height=\"430\">\r\n\t\t<\/iframe>\r\n\t\t<textarea name=\"g-recaptcha-response\" rows=\"3\" cols=\"40\" placeholder=\"reCaptcha Response Here\">\r\n\t\t<\/textarea>\r\n\t<\/div>\r\n<\/noscript>\r\n<\/span>\n\t<\/div>\n\t<div class=\"form-row submit\">\n\t\t<p><button class=\"button vc_btn3-style-modern\"><input class=\"wpcf7-form-control wpcf7-submit has-spinner\" type=\"submit\" value=\"Senden\" \/><\/button>\n\t\t<\/p>\n\t<\/div>\n<\/div><div class=\"wpcf7-response-output\" aria-hidden=\"true\"><\/div>\n<\/form>\n<\/div>\n[\/vc_column][vc_column width=&#8220;1\/2&#8243;][\/vc_column][\/vc_row]<\/p>\n<\/div>","protected":false},"excerpt":{"rendered":"<p>[vc_row][vc_column width=&#8220;1\/2&#8243;][vc_btn title=&#8220;Zur\u00fcck zur Versand\u00fcbersicht&#8220; css=&#8220;&#8220; link=&#8220;url:https%3A%2F%2Fgo-microdose.com%2Fde%2Fversand%2F|title:Shipping|&#8220; el_class=&#8220;button-back&#8220;][\/vc_column][vc_column width=&#8220;1\/2&#8243;][\/vc_column][\/vc_row][vc_row el_class=&#8220;pb-40&#8243;][vc_column width=&#8220;1\/2&#8243; el_class=&#8220;pr-80&#8243;][vc_custom_heading text=&#8220;Versand nach Norwegen&#8220; font_container=&#8220;tag:h1|text_align:left&#8220; use_theme_fonts=&#8220;yes&#8220; css=&#8220;&#8220; el_class=&#8220;effect-title&#8220;][vc_custom_heading text=&#8220;Magic Mushrooms, Tr\u00fcffel, Microdosing und mehr..&#8220; use_theme_fonts=&#8220;yes&#8220; el_class=&#8220;h3&#8243;][vc_column_text css=&#8220;&#8220;] Ja! Wir versenden all unsere Produkte nach Norwegen! Alle Tr\u00fcffel, Microdosing-Streifen und Growkits werden direkt aus Amsterdam versendet und kommen in der Regel innerhalb von 4\u20136 Werktagen [&hellip;]<\/p>\n","protected":false},"author":5548,"featured_media":0,"parent":56789,"menu_order":0,"comment_status":"open","ping_status":"open","template":"","meta":{"_acf_changed":false,"footnotes":""},"class_list":["post-60256","page","type-page","status-publish","hentry"],"acf":[],"_links":{"self":[{"href":"https:\/\/go-microdose.com\/de\/wp-json\/wp\/v2\/pages\/60256","targetHints":{"allow":["GET"]}}],"collection":[{"href":"https:\/\/go-microdose.com\/de\/wp-json\/wp\/v2\/pages"}],"about":[{"href":"https:\/\/go-microdose.com\/de\/wp-json\/wp\/v2\/types\/page"}],"author":[{"embeddable":true,"href":"https:\/\/go-microdose.com\/de\/wp-json\/wp\/v2\/users\/5548"}],"replies":[{"embeddable":true,"href":"https:\/\/go-microdose.com\/de\/wp-json\/wp\/v2\/comments?post=60256"}],"version-history":[{"count":0,"href":"https:\/\/go-microdose.com\/de\/wp-json\/wp\/v2\/pages\/60256\/revisions"}],"up":[{"embeddable":true,"href":"https:\/\/go-microdose.com\/de\/wp-json\/wp\/v2\/pages\/56789"}],"wp:attachment":[{"href":"https:\/\/go-microdose.com\/de\/wp-json\/wp\/v2\/media?parent=60256"}],"curies":[{"name":"wp","href":"https:\/\/api.w.org\/{rel}","templated":true}]}}