{"id":60258,"date":"2026-03-25T14:22:10","date_gmt":"2026-03-25T13:22:10","guid":{"rendered":"https:\/\/go-microdose.com\/versand\/slowenien\/"},"modified":"2026-03-25T14:23:25","modified_gmt":"2026-03-25T13:23:25","slug":"slowenien","status":"publish","type":"page","link":"https:\/\/go-microdose.com\/de\/versand\/slowenien\/","title":{"rendered":"Slowenien"},"content":{"rendered":"<div class=\"wpb-content-wrapper\"><p>[vc_row][vc_column width=&#8220;1\/2&#8243;][vc_btn title=&#8220;Zur\u00fcck zur Versand\u00fcbersicht&#8220; css=&#8220;&#8220; link=&#8220;url:https%3A%2F%2Fgo-microdose.com%2Fde%2Fversand%2F|title:Shipping|&#8220; el_class=&#8220;button-back&#8220;][\/vc_column][vc_column width=&#8220;1\/2&#8243;][\/vc_column][\/vc_row][vc_row el_class=&#8220;pb-40&#8243;][vc_column width=&#8220;1\/2&#8243; el_class=&#8220;pr-80&#8243;][vc_custom_heading text=&#8220;Versand nach Slowenien&#8220; font_container=&#8220;tag:h1|text_align:left&#8220; use_theme_fonts=&#8220;yes&#8220; css=&#8220;&#8220; el_class=&#8220;effect-title&#8220;][vc_custom_heading text=&#8220;Magic Mushrooms, Tr\u00fcffel, Microdosing und mehr&#8230;&#8220; use_theme_fonts=&#8220;yes&#8220; el_class=&#8220;h3&#8243;][vc_column_text css=&#8220;&#8220;]<\/p>\n<p class=\"p1\">Ja! Wir versenden alle unsere Produkte nach Slowenien! <\/p>\n<p class=\"p1\">Alle Tr\u00fcffel, Microdosing-Streifen und Grow Kits werden von Amsterdam aus verschickt und kommen in der Regel innerhalb von 6\u20138 Werktagen an. Die meisten Bestellungen passen durch den Briefkasten f\u00fcr einen unkomplizierten Empfang, w\u00e4hrend gr\u00f6\u00dfere Artikel wie Grow Kits per Standard-Paketversand geliefert werden. <\/p>\n<p class=\"p1\">Unser Versand ist schnell, diskret und zuverl\u00e4ssig \u2013 mit jahrelanger Erfahrung erfolgreicher Lieferungen nach Slowenien. Egal, ob du dich f\u00fcr Microdosing interessierst oder eine intensivere psychedelische Erfahrung suchst, wir haben die passenden Optionen f\u00fcr dich. <\/p>\n<p class=\"p1\">Unsere Produkte werden innerhalb der EU nach dem Grundsatz der gegenseitigen Anerkennung von Waren legal versendet. Weitere Informationen findest du unten unter \u201eWie ist der rechtliche Status in meinem Land?\u201c <\/p>\n<p class=\"p1\">Schau dir unten die Versandoptionen und Lieferzeiten an!<\/p>\n<p>[\/vc_column_text][\/vc_column][vc_column width=&#8220;1\/2&#8243; el_class=&#8220;s-white-box&#8220;][vc_custom_heading text=&#8220;Sendungsverfolgung&#8220; font_container=&#8220;tag:h3|text_align:left&#8220; use_theme_fonts=&#8220;yes&#8220;][vc_column_text]Verwende deinen Tracking-Code und nicht deine Bestellnummer.[\/vc_column_text][vc_btn title=&#8220;PostNL-Sendungsverfolgung&#8220; css=&#8220;&#8220; link=&#8220;url:https%3A%2F%2Ftracking.postnl.nl%2Ftrack-and-trace%2F|target:_blank|&#8220;][vc_btn title=&#8220;Posta Slovenije&#8220; css=&#8220;&#8220; link=&#8220;url:https%3A%2F%2Fsledenje.posta.si%2FDefault.aspx|target:_blank|&#8220;][vc_btn title=&#8220;DHL-Sendungsverfolgung&#8220; css=&#8220;&#8220; link=&#8220;url:https%3A%2F%2Fwww.dhl.com%2Fnl-nl%2Fhome%2Ftraceren.html|target:_blank|&#8220;][\/vc_column][\/vc_row][vc_row el_class=&#8220;pb-80&#8243;][vc_column][vc_custom_heading text=&#8220;weitere Informationen&#8220; font_container=&#8220;tag:div|text_align:left&#8220; use_theme_fonts=&#8220;yes&#8220; el_class=&#8220;pr-tag&#8220;][vc_tta_accordion style=&#8220;flat&#8220; shape=&#8220;square&#8220; color=&#8220;white&#8220; c_icon=&#8220;&#8220; active_section=&#8220;100&#8243; no_fill=&#8220;true&#8220; collapsible_all=&#8220;true&#8220; title=&#8220;Versandinfo&#8220;][vc_tta_section title=&#8220;Wie ist der rechtliche Status in meinem Land?&#8220; tab_id=&#8220;1737187665466-5703fda6-be48&#8243;][vc_column_text css=&#8220;&#8220;]<\/p>\n<p class=\"p1\">Unsere Produkte, einschlie\u00dflich Magic Truffles und Microdosing-Streifen, werden nach den EU-Handelsgesetzen legal nach Slowenien verschickt. Dank der gegenseitigen Anerkennung von Waren kann jedes Produkt, das in einem EU-Land legal verkauft wird, frei in ein anderes transportiert werden. Da Tr\u00fcffel in den Niederlanden vollst\u00e4ndig legal sind, k\u00f6nnen wir sie problemlos nach Slowenien senden.  <\/p>\n<p class=\"p1\">Weitere Details hier:<\/p>\n<p class=\"p1\">  <a href=\"https:\/\/single-market-economy.ec.europa.eu\/single-market\/goods\/free-movement-sectors\/mutual-recognition-goods_en\" target=\"_blank\" rel=\"noopener\"><span class=\"s1\">Gegenseitige Anerkennung von Waren \u2013 Europ\u00e4ische Kommission<\/span><\/a><\/p>\n<p class=\"p1\">F\u00fcr eine ausf\u00fchrliche Erkl\u00e4rung des rechtlichen Rahmens, m\u00f6glicher Risiken und wichtiger Details besuche die folgende Seite:<\/p>\n<p class=\"p1\"><span class=\"s2\"> <\/span> <a href=\"https:\/\/go-microdose.com\/legal-status-of-truffles\/\"><span class=\"s1\">Rechtlicher Status<\/span><\/a><\/p>\n<p>[\/vc_column_text][\/vc_tta_section][vc_tta_section title=&#8220;Welche Produkte k\u00f6nnt ihr in mein Land versenden?&#8220; tab_id=&#8220;1737187665459-72042fcd-1c33&#8243;][vc_column_text css=&#8220;&#8220;]<\/p>\n<p class=\"p1\">Wir versenden alle unsere Microdosing-Produkte, Magic Truffles und Grow Kits nach Slowenien \u2013 mit sicherer und diskreter Lieferung innerhalb von 6\u20138 Werktagen.<\/p>\n<p class=\"p1\"><span class=\"s1\">\u2714<\/span> Zuverl\u00e4ssiger und sicherer Versand<br \/>\n<span class=\"s1\">\u2714<\/span> Frische und diskrete Verpackung<br \/>\n<span class=\"s1\">\u2714<\/span> Einfache und schnelle Bestellung<\/p>\n<p class=\"p1\">Starte noch heute deine Microdosing-Reise mit hochwertigen Produkten!<\/p>\n<p>[\/vc_column_text][\/vc_tta_section][vc_tta_section title=&#8220;Wie lange dauert der Versand?&#8220; tab_id=&#8220;1737188614232-01a47c52-44d4&#8243;][vc_column_text css=&#8220;&#8220;]<\/p>\n<p class=\"p1\">Wir versenden alle Bestellungen nach Slowenien direkt von Amsterdam aus, mit einer gesch\u00e4tzten Lieferzeit von 6\u20138 Werktagen.<\/p>\n<p>[\/vc_column_text][\/vc_tta_section][vc_tta_section title=&#8220;Wo kann ich meine Bestellung verfolgen?&#8220; tab_id=&#8220;1737188637035-b7eae861-e627&#8243;][vc_column_text css=&#8220;&#8220;]<\/p>\n<p class=\"p1\">Sobald deine Bestellung verschickt wurde, erh\u00e4ltst du einen <span class=\"s1\">Tracking-Link<\/span> per E-Mail. Mit diesem Link kannst du den Weg deines Pakets verfolgen. <\/p>\n<p class=\"p1\">Falls du deine Bestellung manuell verfolgen musst, nutze einen der folgenden Links und gib deinen Tracking-Code ein:<br \/>\n  <span class=\"s1\"><b>PostNL<\/b><\/span>: <a href=\"https:\/\/tracking.postnl.nl\/track-and-trace\/\" target=\"_blank\" rel=\"noopener\">Verfolge deine Bestellung hier<\/a><br \/>\n  <span class=\"s1\"><b>Posta Slovenije<\/b><\/span>: <a href=\"https:\/\/sledenje.posta.si\/Default.aspx\" target=\"_blank\" rel=\"noopener\">Verfolge deine Bestellung hier<\/a><br \/>\n  <span class=\"s1\"><b>DHL<\/b><\/span>: <a href=\"https:\/\/www.dhl.com\/nl-nl\/home\/traceren.html\" target=\"_blank\" rel=\"noopener\">Verfolge deine Bestellung hier<\/a><\/p>\n<p class=\"p1\">Falls du Probleme mit der Sendungsverfolgung hast, warte bitte etwas auf Aktualisierungen oder kontaktiere den Versanddienstleister direkt.<\/p>\n<p>[\/vc_column_text][\/vc_tta_section][vc_tta_section title=&#8220;Wie hoch sind die Versandkosten und welche Versandmethoden gibt es?&#8220; tab_id=&#8220;1737188651466-1dfecdda-bebe&#8220;][vc_column_text css=&#8220;&#8220;]<\/p>\n<p class=\"p3\">Wir bieten mehrere Versandoptionen nach Slowenien an, um eine schnelle und zuverl\u00e4ssige Lieferung zu gew\u00e4hrleisten. W\u00e4hle die Methode, die am besten zu deinen Bed\u00fcrfnissen passt: <\/p>\n<p class=\"p4\"><span class=\"s1\">  <\/span>Briefkastenpaket (Sendungsverfolgung):<span class=\"s1\"> 8,99 \u20ac<br \/>\n<\/span><span class=\"s1\">  <\/span>Einschreiben (Sendungsverfolgung + Unterschrift erforderlich):<span class=\"s1\"> 18 \u20ac<br \/>\n<\/span><span class=\"s1\">  <\/span>DHL-Paket (Sendungsverfolgung):<span class=\"s1\"> 19 \u20ac<\/span><\/p>\n<p class=\"p4\"><span class=\"s1\">  <\/span>Diskreter Versand:<span class=\"s1\"> +1,95 \u20ac<br \/>\n<\/span>M\u00f6chtest du zus\u00e4tzliche Privatsph\u00e4re? W\u00e4hle beim Checkout unsere diskrete Versandoption f\u00fcr ungebrandete Verpackung mit neutraler Beschriftung. <\/p>\n<p class=\"p3\">Alle Bestellungen werden von <span class=\"s2\">Amsterdam<\/span> aus verschickt und kommen in der Regel <span class=\"s2\">innerhalb von 6\u20138 Werktagen<\/span> an. Deine Tracking-Details erh\u00e4ltst du, sobald deine Bestellung versandt wurde. <\/p>\n<p>[\/vc_column_text][\/vc_tta_section][vc_tta_section title=&#8220;Wie kann ich meine Bestellung bezahlen?&#8220; tab_id=&#8220;1739569614085-b2259a37-6ad1&#8243;][vc_column_text css=&#8220;&#8220;]<\/p>\n<p class=\"p1\">Wir bieten eine Vielzahl sicherer und bequemer Zahlungsmethoden f\u00fcr Bestellungen nach Slowenien an:<\/p>\n<ul>\n<li>(Kredit-)Karte<\/li>\n<li>PayPal<\/li>\n<li>Revolut<\/li>\n<li>iDEAL<\/li>\n<li>Kryptow\u00e4hrung<\/li>\n<li>Przelewy24<\/li>\n<li>Bancontact<\/li>\n<li>SEPA-Bank\u00fcberweisung<\/li>\n<li>Online \u00dcberweisen<\/li>\n<li><span class=\"s1\">Sofortbanking<\/span><\/li>\n<li>Manuelle Bank\u00fcberweisungen<\/li>\n<\/ul>\n<p class=\"p1\">Alle Zahlungen werden sicher verarbeitet und deine Daten sind gesch\u00fctzt. Du erh\u00e4ltst eine Bestellbest\u00e4tigung, sobald deine Zahlung abgeschlossen ist. <\/p>\n<p>[\/vc_column_text][\/vc_tta_section][vc_tta_section title=&#8220;Garantie und Reklamationen&#8220; tab_id=&#8220;1739569639087-ce3e2607-c5c5&#8243;][vc_column_text css=&#8220;&#8220;]<\/p>\n<p class=\"p1\">Wir achten sehr darauf, dass unsere Produkte in einwandfreiem Zustand bei dir ankommen. Falls du jedoch einen Artikel erh\u00e4ltst, der w\u00e4hrend des Transports besch\u00e4digt wurde oder einen anderen Mangel aufweist, hast du m\u00f6glicherweise Anspruch auf eine Garantieleistung. <\/p>\n<p class=\"p3\"><b>Garantieanspr\u00fcche<br \/>\n<\/b><b><\/b>Falls du ein Problem mit deiner Bestellung feststellst, kontaktiere uns bitte innerhalb einer angemessenen Frist \u2013 idealerweise innerhalb von <span class=\"s1\">1 Tag<\/span> nach Erhalt deines Pakets. Wir werden die Situation pr\u00fcfen und die beste L\u00f6sung finden. <\/p>\n<p class=\"p3\"><b>Reklamationen<br \/>\n<\/b><b><\/b>Falls etwas nicht wie erwartet l\u00e4uft, sind wir f\u00fcr dich da. Kontaktiere uns bitte unter <span class=\"s1\">info@go-microdose.com<\/span>, und wir werden unser Bestes tun, um das Problem zu l\u00f6sen. <\/p>\n<p>[\/vc_column_text][\/vc_tta_section][vc_tta_section title=&#8220;R\u00fccksendungen&#8220; tab_id=&#8220;1737188666632-9ee3fe40-4609&#8243;][vc_column_text css=&#8220;&#8220;]<\/p>\n<p class=\"p1\">Aufgrund der Beschaffenheit unserer Produkte sind <span class=\"s1\"><b>R\u00fccksendungen nicht m\u00f6glich<\/b><\/span>. Unsere Tr\u00fcffel und andere frische Produkte haben eine <span class=\"s1\">begrenzte Haltbarkeit von etwa 2 Monaten<\/span>, was bedeutet, dass sie nach einer R\u00fccksendung nicht weiterverkauft werden k\u00f6nnen. Diese Regelung stellt sicher, dass alle Kunden frische und hochwertige Produkte erhalten.  <\/p>\n<p class=\"p3\"><b>Umtauschregelung<br \/>\n<\/b><b><\/b>Falls du ein Produkt umtauschen m\u00f6chtest, kontaktiere uns bitte unter <span class=\"s1\">info@go-microdose.com<\/span>. W\u00e4hrend ein Umtausch bei bestimmten nicht verderblichen Artikeln m\u00f6glich sein kann, <span class=\"s1\">tragen Kunden die Kosten f\u00fcr den R\u00fcckversand<\/span>. <\/p>\n<p class=\"p3\"><b>Falsche Lieferadresse<br \/>\n<\/b><b><\/b>Falls du eine falsche Versandadresse angegeben hast, kontaktiere uns bitte so schnell wie m\u00f6glich. Wir werden versuchen, deine Bestellung zu aktualisieren, bevor sie verschickt wird. Sobald die Bestellung jedoch versandt wurde, sind \u00c4nderungen nicht mehr m\u00f6glich.  <\/p>\n<p>[\/vc_column_text][\/vc_tta_section][vc_tta_section title=&#8220;Kontakt&#8220; tab_id=&#8220;1737188682135-ea9d8e7b-ed3c&#8220;][vc_column_text css=&#8220;&#8220;]Wir tun unser Bestes f\u00fcr dich als Kunde. Das bedeutet, dass du uns einfach kontaktieren kannst.<br \/>\nFalls du Fragen zu einem dieser Punkte hast, erreichst du uns \u00fcber die folgenden Kontaktdaten: <\/p>\n<p><strong>GO-Microdose.com<\/strong><br \/>\nE-Mail: <a href=\"mailto:info@go-microdose.com\">info@go-microdose.com<\/a><br \/>\nDer Handelsname unseres Unternehmens lautet: GK Health B.V.<br \/>\nUnser Domainname ist GO-Microdose.com<br \/>\nUnsere Postanschrift: Joop Geesinkweg 601, 1114AB Amsterdam<br \/>\nHandelskammer: 87887274<br \/>\nUSt-IdNr.: NL864437584B01[\/vc_column_text][\/vc_tta_section][\/vc_tta_accordion][\/vc_column][\/vc_row][vc_row el_class=&#8220;pb-220&#8243;][vc_column width=&#8220;1\/2&#8243;][vc_custom_heading text=&#8220;Kontakt&#8220; font_container=&#8220;tag:div|text_align:left&#8220; use_theme_fonts=&#8220;yes&#8220; el_class=&#8220;pr-tag&#8220;][vc_custom_heading text=&#8220;Fragen oder Anmerkungen?&#8220; use_theme_fonts=&#8220;yes&#8220;]\n<div class=\"wpcf7 no-js\" id=\"wpcf7-f57948-o1\" lang=\"de-DE\" dir=\"ltr\" data-wpcf7-id=\"57948\">\n<div class=\"screen-reader-response\"><p role=\"status\" aria-live=\"polite\" aria-atomic=\"true\"><\/p> <ul><\/ul><\/div>\n<form action=\"\/de\/wp-json\/wp\/v2\/pages\/60258#wpcf7-f57948-o1\" method=\"post\" class=\"wpcf7-form init\" aria-label=\"Kontaktformular\" novalidate=\"novalidate\" data-status=\"init\">\n<fieldset class=\"hidden-fields-container\"><input type=\"hidden\" name=\"_wpcf7\" value=\"57948\" \/><input type=\"hidden\" name=\"_wpcf7_version\" value=\"6.1.5\" \/><input type=\"hidden\" name=\"_wpcf7_locale\" value=\"de_DE\" \/><input type=\"hidden\" name=\"_wpcf7_unit_tag\" value=\"wpcf7-f57948-o1\" \/><input type=\"hidden\" name=\"_wpcf7_container_post\" value=\"0\" \/><input type=\"hidden\" name=\"_wpcf7_posted_data_hash\" value=\"\" \/><input type=\"hidden\" name=\"_wpcf7_recaptcha_response\" value=\"\" \/>\n<\/fieldset>\n<div class=\"contact-form\">\n\t<div class=\"form-row\">\n\t\t<p><span class=\"wpcf7-form-control-wrap\" data-name=\"Naam\"><input size=\"40\" maxlength=\"400\" class=\"wpcf7-form-control wpcf7-text form-field\" aria-invalid=\"false\" placeholder=\"Name\" value=\"\" type=\"text\" name=\"Naam\" \/><\/span>\n\t\t<\/p>\n\t<\/div>\n\t<div class=\"form-row\">\n\t\t<p><span class=\"wpcf7-form-control-wrap\" data-name=\"Email\"><input size=\"40\" maxlength=\"400\" class=\"wpcf7-form-control wpcf7-email wpcf7-validates-as-required wpcf7-text wpcf7-validates-as-email form-field\" aria-required=\"true\" aria-invalid=\"false\" placeholder=\"E-Mail\" value=\"\" type=\"email\" name=\"Email\" \/><\/span>\n\t\t<\/p>\n\t<\/div>\n\t<div class=\"form-row\">\n\t\t<p><span class=\"wpcf7-form-control-wrap\" data-name=\"your-message\"><textarea cols=\"40\" rows=\"10\" maxlength=\"2000\" class=\"wpcf7-form-control wpcf7-textarea form-field\" aria-invalid=\"false\" placeholder=\"Frage oder Anmerkung\u2026\" name=\"your-message\"><\/textarea><\/span>\n\t\t<\/p>\n\t<\/div>\n\t<div class=\"form-row checkbox\">\n\t\t<p><span class=\"wpcf7-form-control-wrap\" data-name=\"agree\"><span class=\"wpcf7-form-control wpcf7-acceptance\"><span class=\"wpcf7-list-item\"><label><input type=\"checkbox\" name=\"agree\" value=\"1\" aria-invalid=\"false\" \/><span class=\"wpcf7-list-item-label\">Ich stimme dem <a href=\"\/privacy-policy\/\" target=\"_blank\">Datenschutzhinweis<\/a> zu.<\/span><\/label><\/span><\/span><\/span>\n\t\t<\/p>\n\t<\/div>\n\t<div class=\"form-row\">\n\t<span class=\"wpcf7-form-control-wrap recaptcha\" data-name=\"recaptcha\"><span data-sitekey=\"6LcxYnAUAAAAAK0N-eell9CfBJrJukJ8yVIG3u5S\" class=\"wpcf7-form-control wpcf7-recaptcha g-recaptcha\"><\/span>\r\n<noscript>\r\n\t<div class=\"grecaptcha-noscript\">\r\n\t\t<iframe src=\"https:\/\/www.google.com\/recaptcha\/api\/fallback?k=6LcxYnAUAAAAAK0N-eell9CfBJrJukJ8yVIG3u5S\" frameborder=\"0\" scrolling=\"no\" width=\"310\" height=\"430\">\r\n\t\t<\/iframe>\r\n\t\t<textarea name=\"g-recaptcha-response\" rows=\"3\" cols=\"40\" placeholder=\"reCaptcha Response Here\">\r\n\t\t<\/textarea>\r\n\t<\/div>\r\n<\/noscript>\r\n<\/span>\n\t<\/div>\n\t<div class=\"form-row submit\">\n\t\t<p><button class=\"button vc_btn3-style-modern\"><input class=\"wpcf7-form-control wpcf7-submit has-spinner\" type=\"submit\" value=\"Senden\" \/><\/button>\n\t\t<\/p>\n\t<\/div>\n<\/div><div class=\"wpcf7-response-output\" aria-hidden=\"true\"><\/div>\n<\/form>\n<\/div>\n[\/vc_column][vc_column width=&#8220;1\/2&#8243;][\/vc_column][\/vc_row]<\/p>\n<\/div>","protected":false},"excerpt":{"rendered":"<p>[vc_row][vc_column width=&#8220;1\/2&#8243;][vc_btn title=&#8220;Zur\u00fcck zur Versand\u00fcbersicht&#8220; css=&#8220;&#8220; link=&#8220;url:https%3A%2F%2Fgo-microdose.com%2Fde%2Fversand%2F|title:Shipping|&#8220; el_class=&#8220;button-back&#8220;][\/vc_column][vc_column width=&#8220;1\/2&#8243;][\/vc_column][\/vc_row][vc_row el_class=&#8220;pb-40&#8243;][vc_column width=&#8220;1\/2&#8243; el_class=&#8220;pr-80&#8243;][vc_custom_heading text=&#8220;Versand nach Slowenien&#8220; font_container=&#8220;tag:h1|text_align:left&#8220; use_theme_fonts=&#8220;yes&#8220; css=&#8220;&#8220; el_class=&#8220;effect-title&#8220;][vc_custom_heading text=&#8220;Magic Mushrooms, Tr\u00fcffel, Microdosing und mehr&#8230;&#8220; use_theme_fonts=&#8220;yes&#8220; el_class=&#8220;h3&#8243;][vc_column_text css=&#8220;&#8220;] Ja! Wir versenden alle unsere Produkte nach Slowenien! Alle Tr\u00fcffel, Microdosing-Streifen und Grow Kits werden von Amsterdam aus verschickt und kommen in der Regel innerhalb von 6\u20138 [&hellip;]<\/p>\n","protected":false},"author":5548,"featured_media":0,"parent":56789,"menu_order":0,"comment_status":"open","ping_status":"open","template":"","meta":{"_acf_changed":false,"footnotes":""},"class_list":["post-60258","page","type-page","status-publish","hentry"],"acf":[],"_links":{"self":[{"href":"https:\/\/go-microdose.com\/de\/wp-json\/wp\/v2\/pages\/60258","targetHints":{"allow":["GET"]}}],"collection":[{"href":"https:\/\/go-microdose.com\/de\/wp-json\/wp\/v2\/pages"}],"about":[{"href":"https:\/\/go-microdose.com\/de\/wp-json\/wp\/v2\/types\/page"}],"author":[{"embeddable":true,"href":"https:\/\/go-microdose.com\/de\/wp-json\/wp\/v2\/users\/5548"}],"replies":[{"embeddable":true,"href":"https:\/\/go-microdose.com\/de\/wp-json\/wp\/v2\/comments?post=60258"}],"version-history":[{"count":0,"href":"https:\/\/go-microdose.com\/de\/wp-json\/wp\/v2\/pages\/60258\/revisions"}],"up":[{"embeddable":true,"href":"https:\/\/go-microdose.com\/de\/wp-json\/wp\/v2\/pages\/56789"}],"wp:attachment":[{"href":"https:\/\/go-microdose.com\/de\/wp-json\/wp\/v2\/media?parent=60258"}],"curies":[{"name":"wp","href":"https:\/\/api.w.org\/{rel}","templated":true}]}}