{"id":60645,"date":"2026-03-25T21:08:12","date_gmt":"2026-03-25T20:08:12","guid":{"rendered":"https:\/\/go-microdose.com\/versand\/bosnien-und-herzegowina\/"},"modified":"2026-03-25T21:08:33","modified_gmt":"2026-03-25T20:08:33","slug":"bosnien-und-herzegowina","status":"publish","type":"page","link":"https:\/\/go-microdose.com\/de\/versand\/bosnien-und-herzegowina\/","title":{"rendered":"Bosnien und Herzegowina"},"content":{"rendered":"<div class=\"wpb-content-wrapper\"><p>[vc_row][vc_column width=&#8220;1\/2&#8243;][vc_btn title=&#8220;Zur\u00fcck zur Versand\u00fcbersicht&#8220; css=&#8220;&#8220; link=&#8220;url:https%3A%2F%2Fgo-microdose.com%2Fde%2Fversand%2F|title:Versand|&#8220; el_class=&#8220;button-back&#8220;][\/vc_column][vc_column width=&#8220;1\/2&#8243;][\/vc_column][\/vc_row][vc_row el_class=&#8220;pb-40&#8243;][vc_column width=&#8220;1\/2&#8243; el_class=&#8220;pr-80&#8243;][vc_custom_heading text=&#8220;Versand nach Bosnien und Herzegowina&#8220; font_container=&#8220;tag:h1|text_align:left&#8220; use_theme_fonts=&#8220;yes&#8220; css=&#8220;&#8220; el_class=&#8220;effect-title&#8220;][vc_custom_heading text=&#8220;Magic Mushrooms, Tr\u00fcffel, Microdosing und mehr&#8230;&#8220; use_theme_fonts=&#8220;yes&#8220; el_class=&#8220;h3&#8243;][vc_column_text css=&#8220;&#8220;]<\/p>\n<p class=\"p1\">Ja! Wir versenden nach Bosnien und Herzegowina! <\/p>\n<p class=\"p3\">Wir versenden alle unsere Produkte, einschlie\u00dflich <span class=\"s1\">Magic Truffles, Microdosing-Streifen und Grow Kits<\/span>, direkt von Amsterdam nach Bosnien und Herzegowina. Die meisten Bestellungen kommen innerhalb von <span class=\"s1\">5\u20136 Werktagen<\/span> an, und kleinere Pakete passen bequem in den Briefkasten \u2013 du musst nicht zu Hause sein! <\/p>\n<p class=\"p3\">Unser Versand ist <span class=\"s1\">schnell, diskret und zuverl\u00e4ssig<\/span>, damit deine Bestellung sicher und frisch ankommt. Egal, ob du Microdosing f\u00fcr Fokus und Wohlbefinden ausprobierst oder ein vollst\u00e4ndiges Tr\u00fcffelerlebnis planst \u2013 wir haben das Richtige f\u00fcr dich. <\/p>\n<p class=\"p3\">M\u00f6chtest du mehr \u00fcber <span class=\"s1\">Versandoptionen, Lieferzeiten und Versandarten<\/span> erfahren? Alle Details zur Bestellung und zum Versand nach Bosnien und Herzegowina findest du weiter unten. <\/p>\n<p>[\/vc_column_text][\/vc_column][vc_column width=&#8220;1\/2&#8243; el_class=&#8220;s-white-box&#8220;][vc_custom_heading text=&#8220;Sendungsverfolgung&#8220; font_container=&#8220;tag:h3|text_align:left&#8220; use_theme_fonts=&#8220;yes&#8220;][vc_column_text]Verwende deinen Tracking-Code und nicht deine Bestellnummer.[\/vc_column_text][vc_btn title=&#8220;PostNL-Sendungsverfolgung&#8220; css=&#8220;&#8220; link=&#8220;url:https%3A%2F%2Ftracking.postnl.nl%2Ftrack-and-trace%2F|target:_blank|&#8220;][vc_btn title=&#8220;BH Po\u0161ta&#8220; css=&#8220;&#8220; link=&#8220;url:https%3A%2F%2Fbhpwebout.posta.ba%2Ftrackwebapp%2F|target:_blank|&#8220;][\/vc_column][\/vc_row][vc_row el_class=&#8220;pb-80&#8243;][vc_column][vc_custom_heading text=&#8220;weitere Informationen&#8220; font_container=&#8220;tag:div|text_align:left&#8220; use_theme_fonts=&#8220;yes&#8220; el_class=&#8220;pr-tag&#8220;][vc_tta_accordion style=&#8220;flat&#8220; shape=&#8220;square&#8220; color=&#8220;white&#8220; c_icon=&#8220;&#8220; active_section=&#8220;100&#8243; no_fill=&#8220;true&#8220; collapsible_all=&#8220;true&#8220; title=&#8220;Versandinfo&#8220;][vc_tta_section title=&#8220;Wie ist die rechtliche Lage in meinem Land?&#8220; tab_id=&#8220;1737187665466-5703fda6-be48&#8243;][vc_column_text css=&#8220;&#8220;]<\/p>\n<p class=\"p3\">Wir sind <span class=\"s1\">keine Rechtsexperten<\/span> und haben nicht die Kapazit\u00e4t, rechtliche \u00c4nderungen in jedem Land, in das wir versenden, zu \u00fcberwachen. Es liegt in <span class=\"s1\">der Verantwortung des Kunden<\/span>, die \u00f6rtlichen Vorschriften zu recherchieren und zu verstehen, bevor eine Bestellung aufgegeben wird. Mit dem Kauf bei uns erkennst du m\u00f6gliche rechtliche Risiken an und \u00fcbernimmst die volle Verantwortung daf\u00fcr, die Einhaltung der Gesetze in deinem Land sicherzustellen.  <\/p>\n<p class=\"p3\">Dennoch haben wir eine <span class=\"s1\">starke Erfolgsbilanz<\/span> beim problemlosen Versand nach Bosnien und Herzegowina. Unsere Sendungen <span class=\"s1\">kommen zuverl\u00e4ssig an<\/span>, aber wie bei jeder internationalen Bestellung liegt die <span class=\"s1\">endg\u00fcltige Verantwortung beim Kunden<\/span>. <\/p>\n<p>[\/vc_column_text][\/vc_tta_section][vc_tta_section title=&#8220;Welche Produkte k\u00f6nnt ihr in mein Land versenden?&#8220; tab_id=&#8220;1737187665459-72042fcd-1c33&#8243;][vc_column_text css=&#8220;&#8220;]<\/p>\n<p class=\"p1\">Wir versenden alle unsere Produkte nach Bosnien und Herzegowina, direkt von unserem Standort in Amsterdam. Egal, ob du nach <span class=\"s1\">Magic Truffles, Microdosing-Streifen oder Pilz-Grow-Kits<\/span> suchst \u2013 wir haben alles f\u00fcr dich. Unser gesamtes Sortiment ist f\u00fcr <span class=\"s1\">schnelle und diskrete Lieferung<\/span> verf\u00fcgbar und kommt in der Regel innerhalb von <span class=\"s1\">5\u20136 Werktagen<\/span> an.  <\/p>\n<p class=\"p1\">Wenn du dich f\u00fcr <span class=\"s1\">Microdosing<\/span> interessierst, um <span class=\"s1\">Fokus, Kreativit\u00e4t oder Stimmung<\/span> zu verbessern, sind unsere <span class=\"s1\">frischen Tr\u00fcffel-Microdosing-Streifen<\/span> eine tolle Option. F\u00fcr alle, die ein <span class=\"s1\">tieferes psychedelisches Erlebnis<\/span> suchen, bieten wir <span class=\"s1\">hochpotente Magic Truffles<\/span> wie <span class=\"s1\">Hollandia, Utopia und Galindoi<\/span> an. M\u00f6chtest du deine eigenen z\u00fcchten? Unsere <span class=\"s1\">Pilz-Grow-Kits<\/span> bieten eine einfache M\u00f6glichkeit, zu Hause eigene Pilze zu kultivieren.   <\/p>\n<p>[\/vc_column_text][\/vc_tta_section][vc_tta_section title=&#8220;Wie lange dauert der Versand?&#8220; tab_id=&#8220;1737188614232-01a47c52-44d4&#8243;][vc_column_text css=&#8220;&#8220;]<\/p>\n<p class=\"p1\">Versand nach<\/p>\n<p class=\"p1\">Der Versand nach Bosnien und Herzegowina dauert in der Regel <span class=\"s1\">5\u20136 Werktage<\/span> ab dem Zeitpunkt, an dem deine Bestellung versandt wurde. Die Lieferzeiten k\u00f6nnen jedoch je nach Faktoren wie Zollabfertigung, Verz\u00f6gerungen beim \u00f6rtlichen Postdienst und Feiertagen variieren. <\/p>\n<p class=\"p1\">Sobald dein Paket versandt wurde, erh\u00e4ltst du per E-Mail einen Tracking-Link. W\u00e4hrend die meisten Bestellungen innerhalb des gesch\u00e4tzten Zeitrahmens ankommen, kann die Zollabfertigung manchmal zus\u00e4tzliche Bearbeitungszeit in Anspruch nehmen. Wir sch\u00e4tzen deine Geduld und empfehlen, deine Tracking-Updates im Auge zu behalten.  <\/p>\n<p class=\"p1\">Die aktuellsten Informationen zu deiner Sendung findest du \u00fcber deinen Tracking-Link. Falls du Fragen zu deiner Bestellung hast, kontaktiere gerne unser Support-Team \u2013 wir helfen dir gerne weiter! <\/p>\n<p class=\"p1\">dauert in der Regel <span class=\"s1\">6\u20138 Werktage<\/span> ab dem Zeitpunkt, an dem deine Bestellung versandt wurde. Die Lieferzeiten k\u00f6nnen jedoch je nach Faktoren wie Zollabfertigung, Verz\u00f6gerungen beim \u00f6rtlichen Postdienst und Feiertagen variieren. <\/p>\n<p class=\"p1\">Sobald dein Paket versandt wurde, erh\u00e4ltst du per E-Mail einen Tracking-Link. W\u00e4hrend die meisten Bestellungen innerhalb des gesch\u00e4tzten Zeitrahmens ankommen, kann die Zollabfertigung manchmal zus\u00e4tzliche Bearbeitungszeit in Anspruch nehmen. Wir sch\u00e4tzen deine Geduld und empfehlen, deine Tracking-Updates im Auge zu behalten.  <\/p>\n<p class=\"p1\">Die aktuellsten Informationen zu deiner Sendung findest du \u00fcber deinen Tracking-Link. Falls du Fragen zu deiner Bestellung hast, kontaktiere gerne unser Support-Team \u2013 wir helfen dir gerne weiter! <\/p>\n<p>[\/vc_column_text][\/vc_tta_section][vc_tta_section title=&#8220;Wo kann ich meine Bestellung verfolgen?&#8220; tab_id=&#8220;1737188637035-b7eae861-e627&#8243;][vc_column_text css=&#8220;&#8220;]<\/p>\n<p class=\"p1\">Sobald deine Bestellung versandt wurde, erh\u00e4ltst du per E-Mail einen <span class=\"s1\">Tracking-Link<\/span>. Mit diesem Link kannst du den Weg deines Pakets verfolgen. <\/p>\n<p class=\"p1\">Falls du deine Bestellung manuell verfolgen m\u00f6chtest, nutze einen der folgenden Links und gib deinen Tracking-Code ein:<br \/>\n  <span class=\"s1\"><b>PostNL<\/b><\/span>: <a href=\"https:\/\/tracking.postnl.nl\/track-and-trace\/\" target=\"_blank\" rel=\"noopener\">Verfolge deine Bestellung hier<\/a><br \/>\n  <strong>BH Po\u0161ta<\/strong>: <a href=\"https:\/\/bhpwebout.posta.ba\/trackwebapp\/\" target=\"_blank\" rel=\"noopener\">Verfolge deine Bestellung hier<\/a><\/p>\n<p class=\"p1\">Falls du Probleme mit der Sendungsverfolgung hast, warte bitte etwas auf Updates oder kontaktiere den Versanddienstleister direkt.<\/p>\n<p>[\/vc_column_text][\/vc_tta_section][vc_tta_section title=&#8220;Was sind die Versandkosten und -methoden?&#8220; tab_id=&#8220;1737188651466-1dfecdda-bebe&#8220;][vc_column_text css=&#8220;&#8220;]<\/p>\n<p class=\"p3\">Wir bieten zuverl\u00e4ssigen und diskreten Versand nach Bosnien und Herzegowina. W\u00e4hle die Methode, die am besten zu deinen Bed\u00fcrfnissen passt: <\/p>\n<p class=\"p4\"><span class=\"s1\">  <\/span><b>Briefkastenpaket (eingeschr\u00e4nktes Tracking):<\/b><span class=\"s1\"> 12,98 \u20ac<br \/>\n<\/span><span class=\"s1\">  <\/span><b>Einschreiben (Tracking + Unterschrift erforderlich):<\/b><span class=\"s1\"> 26 \u20ac<\/span><\/p>\n<p class=\"p4\"><span class=\"s1\">  <\/span><b>Diskreter Versand:<\/b><span class=\"s1\"> +1,95 \u20ac<\/span><\/p>\n<p class=\"p3\">M\u00f6chtest du zus\u00e4tzliche Privatsph\u00e4re? W\u00e4hle beim Checkout unsere diskrete Versandoption f\u00fcr ungebrandete Verpackung mit neutraler Beschriftung. <\/p>\n<p class=\"p3\">Alle Bestellungen werden von Amsterdam aus versandt und kommen in der Regel innerhalb von <span class=\"s2\">5\u20136 Werktagen<\/span> an. Deine Tracking-Details erh\u00e4ltst du, sobald deine Bestellung versandt wurde. <\/p>\n<p>[\/vc_column_text][\/vc_tta_section][vc_tta_section title=&#8220;Wie kann ich meine Bestellung bezahlen?&#8220; tab_id=&#8220;1739569614085-b2259a37-6ad1&#8243;][vc_column_text css=&#8220;&#8220;]<\/p>\n<p class=\"p1\">Wir bieten verschiedene sichere und bequeme Zahlungsmethoden f\u00fcr Bestellungen nach Bosnien und Herzegowina:<\/p>\n<ul>\n<li>(Kredit-)Karte<\/li>\n<li>PayPal<\/li>\n<li>Revolut<\/li>\n<li>iDEAL<\/li>\n<li>Kryptow\u00e4hrung<\/li>\n<li>Przelewy24<\/li>\n<li>Bancontact<\/li>\n<li>SEPA-Bank\u00fcberweisung<\/li>\n<li>Online \u00dcberweisen<\/li>\n<li><span class=\"s1\">Sofortbanking<\/span><\/li>\n<li>Manuelle Bank\u00fcberweisungen<\/li>\n<\/ul>\n<p class=\"p1\">Alle Zahlungen werden sicher verarbeitet und deine Daten sind gesch\u00fctzt. Du erh\u00e4ltst eine Bestellbest\u00e4tigung, sobald deine Zahlung abgeschlossen ist. <\/p>\n<p>[\/vc_column_text][\/vc_tta_section][vc_tta_section title=&#8220;Garantie und Reklamationen&#8220; tab_id=&#8220;1739569639087-ce3e2607-c5c5&#8243;][vc_column_text css=&#8220;&#8220;]<\/p>\n<p class=\"p1\">Wir achten sehr darauf, dass unsere Produkte in einwandfreiem Zustand bei dir ankommen. Falls du jedoch einen Artikel erh\u00e4ltst, der w\u00e4hrend des Transports besch\u00e4digt wurde oder einen anderen Mangel aufweist, hast du m\u00f6glicherweise Anspruch auf eine Garantieleistung. <\/p>\n<p class=\"p3\"><b>Garantieanspr\u00fcche<br \/>\n<\/b><b><\/b>Falls du ein Problem mit deiner Bestellung feststellst, kontaktiere uns bitte innerhalb einer angemessenen Zeit \u2013 idealerweise innerhalb von <span class=\"s1\">1 Tag<\/span> nach Erhalt deines Pakets. Wir werden die Situation pr\u00fcfen und die beste L\u00f6sung finden. <\/p>\n<p class=\"p3\"><b>Reklamationen<br \/>\n<\/b><b><\/b>Falls etwas nicht wie erwartet l\u00e4uft, sind wir f\u00fcr dich da. Kontaktiere uns bitte unter <span class=\"s1\">info@go-microdose.com<\/span>, und wir werden unser Bestes tun, um das Problem zu l\u00f6sen. <\/p>\n<p>[\/vc_column_text][\/vc_tta_section][vc_tta_section title=&#8220;R\u00fccksendungen&#8220; tab_id=&#8220;1737188666632-9ee3fe40-4609&#8243;][vc_column_text css=&#8220;&#8220;]<\/p>\n<p class=\"p1\">Aufgrund der Beschaffenheit unserer Produkte sind <span class=\"s1\"><b>R\u00fccksendungen nicht m\u00f6glich<\/b><\/span>. Unsere Tr\u00fcffel und andere frische Produkte haben eine <span class=\"s1\">begrenzte Haltbarkeit von etwa 2 Monaten<\/span>, was bedeutet, dass sie nach einer R\u00fccksendung nicht weiterverkauft werden k\u00f6nnen. Diese Richtlinie stellt sicher, dass alle Kunden frische und hochwertige Produkte erhalten.  <\/p>\n<p class=\"p3\"><b>Umtauschrichtlinie<br \/>\n<\/b><b><\/b>Falls du ein Produkt umtauschen m\u00f6chtest, kontaktiere uns bitte unter <span class=\"s1\">info@go-microdose.com<\/span>. W\u00e4hrend ein Umtausch bei bestimmten nicht verderblichen Artikeln m\u00f6glich sein kann, sind <span class=\"s1\">Kunden f\u00fcr die R\u00fccksendekosten verantwortlich<\/span>. <\/p>\n<p class=\"p3\"><b>Falsche Lieferadresse<br \/>\n<\/b><b><\/b>Falls du eine falsche Lieferadresse angegeben hast, kontaktiere uns bitte so schnell wie m\u00f6glich. Wir werden versuchen, deine Bestellung zu aktualisieren, bevor sie versandt wird. Sobald die Bestellung jedoch versandt wurde, sind \u00c4nderungen nicht mehr m\u00f6glich.  <\/p>\n<p>[\/vc_column_text][\/vc_tta_section][vc_tta_section title=&#8220;Kontakt&#8220; tab_id=&#8220;1737188682135-ea9d8e7b-ed3c&#8220;][vc_column_text css=&#8220;&#8220;]Wir tun unser Bestes f\u00fcr dich als Kunde. Das bedeutet, dass du uns ganz einfach kontaktieren kannst.<br \/>\nFalls du Fragen dazu hast, erreichst du uns \u00fcber die folgenden Kontaktdaten: <\/p>\n<p><strong>GO-Microdose.com<\/strong><br \/>\nE-Mail: <a href=\"mailto:info@go-microdose.com\">info@go-microdose.com<\/a><br \/>\nDer Handelsname unseres Unternehmens lautet: GK Health B.V.<br \/>\nUnser Domainname ist GO-Microdose.com<br \/>\nUnsere Postanschrift: Joop Geesinkweg 601, 1114AB Amsterdam<br \/>\nHandelskammer: 87887274<br \/>\nUSt-IdNr.: NL864437584B01[\/vc_column_text][\/vc_tta_section][\/vc_tta_accordion][\/vc_column][\/vc_row][vc_row el_class=&#8220;pb-220&#8243;][vc_column width=&#8220;1\/2&#8243;][vc_custom_heading text=&#8220;Kontakt&#8220; font_container=&#8220;tag:div|text_align:left&#8220; use_theme_fonts=&#8220;yes&#8220; el_class=&#8220;pr-tag&#8220;][vc_custom_heading text=&#8220;Fragen oder Anmerkungen?&#8220; use_theme_fonts=&#8220;yes&#8220;]\n<div class=\"wpcf7 no-js\" id=\"wpcf7-f57948-o1\" lang=\"de-DE\" dir=\"ltr\" data-wpcf7-id=\"57948\">\n<div class=\"screen-reader-response\"><p role=\"status\" aria-live=\"polite\" aria-atomic=\"true\"><\/p> <ul><\/ul><\/div>\n<form action=\"\/de\/wp-json\/wp\/v2\/pages\/60645#wpcf7-f57948-o1\" method=\"post\" class=\"wpcf7-form init\" aria-label=\"Kontaktformular\" novalidate=\"novalidate\" data-status=\"init\">\n<fieldset class=\"hidden-fields-container\"><input type=\"hidden\" name=\"_wpcf7\" value=\"57948\" \/><input type=\"hidden\" name=\"_wpcf7_version\" value=\"6.1.5\" \/><input type=\"hidden\" name=\"_wpcf7_locale\" value=\"de_DE\" \/><input type=\"hidden\" name=\"_wpcf7_unit_tag\" value=\"wpcf7-f57948-o1\" \/><input type=\"hidden\" name=\"_wpcf7_container_post\" value=\"0\" \/><input type=\"hidden\" name=\"_wpcf7_posted_data_hash\" value=\"\" \/><input type=\"hidden\" name=\"_wpcf7_recaptcha_response\" value=\"\" \/>\n<\/fieldset>\n<div class=\"contact-form\">\n\t<div class=\"form-row\">\n\t\t<p><span class=\"wpcf7-form-control-wrap\" data-name=\"Naam\"><input size=\"40\" maxlength=\"400\" class=\"wpcf7-form-control wpcf7-text form-field\" aria-invalid=\"false\" placeholder=\"Name\" value=\"\" type=\"text\" name=\"Naam\" \/><\/span>\n\t\t<\/p>\n\t<\/div>\n\t<div class=\"form-row\">\n\t\t<p><span class=\"wpcf7-form-control-wrap\" data-name=\"Email\"><input size=\"40\" maxlength=\"400\" class=\"wpcf7-form-control wpcf7-email wpcf7-validates-as-required wpcf7-text wpcf7-validates-as-email form-field\" aria-required=\"true\" aria-invalid=\"false\" placeholder=\"E-Mail\" value=\"\" type=\"email\" name=\"Email\" \/><\/span>\n\t\t<\/p>\n\t<\/div>\n\t<div class=\"form-row\">\n\t\t<p><span class=\"wpcf7-form-control-wrap\" data-name=\"your-message\"><textarea cols=\"40\" rows=\"10\" maxlength=\"2000\" class=\"wpcf7-form-control wpcf7-textarea form-field\" aria-invalid=\"false\" placeholder=\"Frage oder Anmerkung\u2026\" name=\"your-message\"><\/textarea><\/span>\n\t\t<\/p>\n\t<\/div>\n\t<div class=\"form-row checkbox\">\n\t\t<p><span class=\"wpcf7-form-control-wrap\" data-name=\"agree\"><span class=\"wpcf7-form-control wpcf7-acceptance\"><span class=\"wpcf7-list-item\"><label><input type=\"checkbox\" name=\"agree\" value=\"1\" aria-invalid=\"false\" \/><span class=\"wpcf7-list-item-label\">Ich stimme dem <a href=\"\/privacy-policy\/\" target=\"_blank\">Datenschutzhinweis<\/a> zu.<\/span><\/label><\/span><\/span><\/span>\n\t\t<\/p>\n\t<\/div>\n\t<div class=\"form-row\">\n\t<span class=\"wpcf7-form-control-wrap recaptcha\" data-name=\"recaptcha\"><span data-sitekey=\"6LcxYnAUAAAAAK0N-eell9CfBJrJukJ8yVIG3u5S\" class=\"wpcf7-form-control wpcf7-recaptcha g-recaptcha\"><\/span>\r\n<noscript>\r\n\t<div class=\"grecaptcha-noscript\">\r\n\t\t<iframe src=\"https:\/\/www.google.com\/recaptcha\/api\/fallback?k=6LcxYnAUAAAAAK0N-eell9CfBJrJukJ8yVIG3u5S\" frameborder=\"0\" scrolling=\"no\" width=\"310\" height=\"430\">\r\n\t\t<\/iframe>\r\n\t\t<textarea name=\"g-recaptcha-response\" rows=\"3\" cols=\"40\" placeholder=\"reCaptcha Response Here\">\r\n\t\t<\/textarea>\r\n\t<\/div>\r\n<\/noscript>\r\n<\/span>\n\t<\/div>\n\t<div class=\"form-row submit\">\n\t\t<p><button class=\"button vc_btn3-style-modern\"><input class=\"wpcf7-form-control wpcf7-submit has-spinner\" type=\"submit\" value=\"Senden\" \/><\/button>\n\t\t<\/p>\n\t<\/div>\n<\/div><div class=\"wpcf7-response-output\" aria-hidden=\"true\"><\/div>\n<\/form>\n<\/div>\n[\/vc_column][vc_column width=&#8220;1\/2&#8243;][\/vc_column][\/vc_row]<\/p>\n<\/div>","protected":false},"excerpt":{"rendered":"<p>[vc_row][vc_column width=&#8220;1\/2&#8243;][vc_btn title=&#8220;Zur\u00fcck zur Versand\u00fcbersicht&#8220; css=&#8220;&#8220; link=&#8220;url:https%3A%2F%2Fgo-microdose.com%2Fde%2Fversand%2F|title:Versand|&#8220; el_class=&#8220;button-back&#8220;][\/vc_column][vc_column width=&#8220;1\/2&#8243;][\/vc_column][\/vc_row][vc_row el_class=&#8220;pb-40&#8243;][vc_column width=&#8220;1\/2&#8243; el_class=&#8220;pr-80&#8243;][vc_custom_heading text=&#8220;Versand nach Bosnien und Herzegowina&#8220; font_container=&#8220;tag:h1|text_align:left&#8220; use_theme_fonts=&#8220;yes&#8220; css=&#8220;&#8220; el_class=&#8220;effect-title&#8220;][vc_custom_heading text=&#8220;Magic Mushrooms, Tr\u00fcffel, Microdosing und mehr&#8230;&#8220; use_theme_fonts=&#8220;yes&#8220; el_class=&#8220;h3&#8243;][vc_column_text css=&#8220;&#8220;] Ja! Wir versenden nach Bosnien und Herzegowina! Wir versenden alle unsere Produkte, einschlie\u00dflich Magic Truffles, Microdosing-Streifen und Grow Kits, direkt von Amsterdam nach Bosnien und [&hellip;]<\/p>\n","protected":false},"author":5548,"featured_media":0,"parent":56789,"menu_order":0,"comment_status":"open","ping_status":"open","template":"","meta":{"_acf_changed":false,"footnotes":""},"class_list":["post-60645","page","type-page","status-publish","hentry"],"acf":[],"_links":{"self":[{"href":"https:\/\/go-microdose.com\/de\/wp-json\/wp\/v2\/pages\/60645","targetHints":{"allow":["GET"]}}],"collection":[{"href":"https:\/\/go-microdose.com\/de\/wp-json\/wp\/v2\/pages"}],"about":[{"href":"https:\/\/go-microdose.com\/de\/wp-json\/wp\/v2\/types\/page"}],"author":[{"embeddable":true,"href":"https:\/\/go-microdose.com\/de\/wp-json\/wp\/v2\/users\/5548"}],"replies":[{"embeddable":true,"href":"https:\/\/go-microdose.com\/de\/wp-json\/wp\/v2\/comments?post=60645"}],"version-history":[{"count":0,"href":"https:\/\/go-microdose.com\/de\/wp-json\/wp\/v2\/pages\/60645\/revisions"}],"up":[{"embeddable":true,"href":"https:\/\/go-microdose.com\/de\/wp-json\/wp\/v2\/pages\/56789"}],"wp:attachment":[{"href":"https:\/\/go-microdose.com\/de\/wp-json\/wp\/v2\/media?parent=60645"}],"curies":[{"name":"wp","href":"https:\/\/api.w.org\/{rel}","templated":true}]}}