{"id":63295,"date":"2026-03-26T08:13:27","date_gmt":"2026-03-26T07:13:27","guid":{"rendered":"https:\/\/go-microdose.com\/versand\/gibraltar\/"},"modified":"2026-03-26T08:14:06","modified_gmt":"2026-03-26T07:14:06","slug":"gibraltar","status":"publish","type":"page","link":"https:\/\/go-microdose.com\/de\/versand\/gibraltar\/","title":{"rendered":"Gibraltar"},"content":{"rendered":"<div class=\"wpb-content-wrapper\"><p>[vc_row][vc_column width=&#8220;1\/2&#8243;][vc_btn title=&#8220;Zur\u00fcck zur Versand\u00fcbersicht&#8220; css=&#8220;&#8220; link=&#8220;url:https%3A%2F%2Fgo-microdose.com%2Fde%2Fversand%2F|title:Shipping|&#8220; el_class=&#8220;button-back&#8220;][\/vc_column][vc_column width=&#8220;1\/2&#8243;][\/vc_column][\/vc_row][vc_row el_class=&#8220;pb-40&#8243;][vc_column width=&#8220;1\/2&#8243; el_class=&#8220;pr-80&#8243;][vc_custom_heading text=&#8220;Versand nach Gibraltar&#8220; font_container=&#8220;tag:h1|text_align:left&#8220; use_theme_fonts=&#8220;yes&#8220; css=&#8220;&#8220; el_class=&#8220;effect-title&#8220;][vc_custom_heading text=&#8220;Magic Mushrooms, Tr\u00fcffel, Microdosing und mehr &#8230;&#8220; use_theme_fonts=&#8220;yes&#8220; el_class=&#8220;h3&#8243;][vc_column_text css=&#8220;&#8220;]<\/p>\n<p class=\"p1\">Ja! Wir versenden alle unsere Produkte nach Gibraltar! <\/p>\n<p class=\"p1\">Alle Tr\u00fcffel, Microdosing-Strips und Growkits werden von Amsterdam aus verschickt und kommen in der Regel innerhalb von 7\u201310 Werktagen an. Die meisten kleineren Bestellungen passen durch den Briefkasten, w\u00e4hrend Growkits per Paket geliefert werden m\u00fcssen. <\/p>\n<p class=\"p1\">Unser Versand ist schnell, diskret und sicher, um eine sichere und frische Lieferung nach Gibraltar zu gew\u00e4hrleisten. Egal, ob du neu beim Microdosing bist oder nach einer tiefergehenden Erfahrung suchst, wir haben das Richtige f\u00fcr dich. <\/p>\n<p class=\"p1\">Unsere Produkte werden innerhalb der EU auf der Grundlage des Prinzips der gegenseitigen Anerkennung von Waren legal versendet. Weitere Details findest du unten unter \u201eWie ist der rechtliche Status in meinem Land?\u201c <\/p>\n<p class=\"p1\">Schau dir unten die Versandoptionen und Lieferzeiten an!<\/p>\n<p>[\/vc_column_text][\/vc_column][vc_column width=&#8220;1\/2&#8243; el_class=&#8220;s-white-box&#8220;][vc_custom_heading text=&#8220;Sendungsverfolgung&#8220; font_container=&#8220;tag:h3|text_align:left&#8220; use_theme_fonts=&#8220;yes&#8220;][vc_column_text]Verwende deinen Tracking-Code und nicht deine Bestellnummer.[\/vc_column_text][vc_btn title=&#8220;PostNL Tracking&#8220; css=&#8220;&#8220; link=&#8220;url:https%3A%2F%2Ftracking.postnl.nl%2Ftrack-and-trace%2F|target:_blank|&#8220;][vc_btn title=&#8220;Royal Gibraltar&#8220; css=&#8220;&#8220; link=&#8220;url:https%3A%2F%2Fpost.gi%2Ftrack-and-trace%2F|target:_blank|&#8220;][\/vc_column][\/vc_row][vc_row el_class=&#8220;pb-80&#8243;][vc_column][vc_custom_heading text=&#8220;Weitere Informationen&#8220; font_container=&#8220;tag:div|text_align:left&#8220; use_theme_fonts=&#8220;yes&#8220; el_class=&#8220;pr-tag&#8220;][vc_tta_accordion style=&#8220;flat&#8220; shape=&#8220;square&#8220; color=&#8220;white&#8220; c_icon=&#8220;&#8220; active_section=&#8220;100&#8243; no_fill=&#8220;true&#8220; collapsible_all=&#8220;true&#8220; title=&#8220;Versandinfos&#8220;][vc_tta_section title=&#8220;Wie ist der rechtliche Status in meinem Land?&#8220; tab_id=&#8220;1737187665466-5703fda6-be48&#8243;][vc_column_text css=&#8220;&#8220;]<\/p>\n<p class=\"p1\">Unsere Produkte, einschlie\u00dflich Magic Truffles und Microdosing-Strips, werden gem\u00e4\u00df den EU-Handelsgesetzen legal nach Gibraltar versandt. Das Prinzip der gegenseitigen Anerkennung von Waren garantiert, dass jedes Produkt, das in einem EU-Land legal erh\u00e4ltlich ist, frei in ein anderes versandt werden kann. Da Magic Truffles in den Niederlanden legal sind, k\u00f6nnen sie problemlos nach Gibraltar verschickt werden.  <\/p>\n<p class=\"p1\">Weitere Details:<\/p>\n<p class=\"p1\">  <a href=\"https:\/\/single-market-economy.ec.europa.eu\/single-market\/goods\/free-movement-sectors\/mutual-recognition-goods_en\" target=\"_blank\" rel=\"noopener\"><span class=\"s1\">Gegenseitige Anerkennung von Waren \u2013 Europ\u00e4ische Kommission<\/span><\/a><\/p>\n<p class=\"p1\">F\u00fcr eine detaillierte Erl\u00e4uterung des rechtlichen Rahmens, potenzieller Risiken und wichtiger Details besuche bitte die folgende Seite:<\/p>\n<p class=\"p1\"><span class=\"s2\"> <\/span> <a href=\"https:\/\/go-microdose.com\/legal-status-of-truffles\/\"><span class=\"s1\">Rechtlicher Status<\/span><\/a><\/p>\n<p>[\/vc_column_text][\/vc_tta_section][vc_tta_section title=&#8220;Welche Produkte k\u00f6nnt ihr in mein Land liefern?&#8220; tab_id=&#8220;1737187665459-72042fcd-1c33&#8243;][vc_column_text css=&#8220;&#8220;]<\/p>\n<p class=\"p1\">Wir versenden alle unsere Microdosing-Strips, Magic Truffles und Growkits nach Gibraltar, mit einer Lieferung in 5\u20137 Werktagen.<\/p>\n<p class=\"p1\"><span class=\"s1\">\u2714<\/span> Sicherer Versand<br \/>\n<span class=\"s1\">\u2714<\/span> Frische und diskrete Verpackung<br \/>\n<span class=\"s1\">\u2714<\/span> Zuverl\u00e4ssiger Bestellvorgang<\/p>\n<p class=\"p1\">Beginne noch heute deine Microdosing-Reise!<\/p>\n<p>[\/vc_column_text][\/vc_tta_section][vc_tta_section title=&#8220;Wie lange dauert der Versand?&#8220; tab_id=&#8220;1737188614232-01a47c52-44d4&#8243;][vc_column_text css=&#8220;&#8220;]<\/p>\n<p class=\"p1\">Wir versenden alle Bestellungen nach Gibraltar direkt aus Amsterdam, mit einer gesch\u00e4tzten Lieferzeit von 7\u201310 Werktagen.<\/p>\n<p>[\/vc_column_text][\/vc_tta_section][vc_tta_section title=&#8220;Wo kann ich meine Bestellung verfolgen?&#8220; tab_id=&#8220;1737188637035-b7eae861-e627&#8243;][vc_column_text css=&#8220;&#8220;]<\/p>\n<p class=\"p1\">Sobald deine Bestellung versandt wurde, erh\u00e4ltst du einen <span class=\"s1\">Tracking-Link<\/span> per E-Mail. Mit diesem Link kannst du den Weg deines Pakets verfolgen. <\/p>\n<p class=\"p1\">Wenn du deine Bestellung manuell verfolgen m\u00f6chtest, nutze einen der folgenden Links und gib deinen Tracking-Code ein:<br \/>\n  <span class=\"s1\"><b>PostNL<\/b><\/span>: <a href=\"https:\/\/tracking.postnl.nl\/track-and-trace\/\" target=\"_blank\" rel=\"noopener\">Verfolge deine Bestellung hier<\/a><br \/>\n  <strong>Royal Gibraltar<\/strong>: <a href=\"https:\/\/post.gi\/track-and-trace\/\" target=\"_blank\" rel=\"noopener\">Verfolge deine Bestellung hier<\/a><\/p>\n<p class=\"p1\">Falls Probleme bei der Sendungsverfolgung auftreten, warte bitte etwas auf Aktualisierungen oder kontaktiere den Versandanbieter direkt.<\/p>\n<p>[\/vc_column_text][\/vc_tta_section][vc_tta_section title=&#8220;Wie hoch sind die Versandkosten und welche Methoden gibt es?&#8220; tab_id=&#8220;1737188651466-1dfecdda-bebe&#8220;][vc_column_text css=&#8220;&#8220;]<\/p>\n<p class=\"p3\">Wir bieten mehrere Versandoptionen nach Gibraltar an, um eine schnelle und zuverl\u00e4ssige Lieferung zu gew\u00e4hrleisten. W\u00e4hle die Methode, die am besten zu deinen Bed\u00fcrfnissen passt: <\/p>\n<p class=\"p4\"><span class=\"s1\">  <\/span>Briefkasten-Paket (Sendungsverfolgung):<span class=\"s1\"> 8,99 \u20ac<br \/>\n<\/span><span class=\"s1\">  <\/span>Einschreiben (Tracking + Unterschrift erforderlich):<span class=\"s1\"> 15 \u20ac<\/span><\/p>\n<p class=\"p4\"><span class=\"s1\">  <\/span>Diskrete Versandoption:<span class=\"s1\"> +1,95 \u20ac<br \/>\n<\/span>Du m\u00f6chtest extra Privatsph\u00e4re? W\u00e4hle an der Kasse unsere diskrete Versandoption f\u00fcr eine neutrale Verpackung ohne Markenlogo. <\/p>\n<p class=\"p3\">Alle Bestellungen werden aus <span class=\"s2\">Amsterdam<\/span> versandt und kommen in der Regel <span class=\"s2\">innerhalb von 5\u20137 Werktagen<\/span> an. Deine Tracking-Details erh\u00e4ltst du, sobald deine Bestellung verschickt wurde. <\/p>\n<p>[\/vc_column_text][\/vc_tta_section][vc_tta_section title=&#8220;Wie kann ich meine Bestellung bezahlen?&#8220; tab_id=&#8220;1739569614085-b2259a37-6ad1&#8243;][vc_column_text css=&#8220;&#8220;]<\/p>\n<p class=\"p1\">Wir bieten eine Vielzahl sicherer und bequemer Zahlungsmethoden f\u00fcr Bestellungen nach Gibraltar an:<\/p>\n<ul>\n<li>(Kredit-) Karte<\/li>\n<li>PayPal<\/li>\n<li>Revolut<\/li>\n<li>iDEAL<\/li>\n<li>Kryptow\u00e4hrung<\/li>\n<li>Przelewy24<\/li>\n<li>Bancontact<\/li>\n<li>SEPA-Bank\u00fcberweisung<\/li>\n<li>Online \u00dcberweisen<\/li>\n<li><span class=\"s1\">Sofortbanking<\/span><\/li>\n<li>Manuelle Bank\u00fcberweisungen<\/li>\n<\/ul>\n<p class=\"p1\">Alle Zahlungen werden sicher verarbeitet und deine Daten sind gesch\u00fctzt. Du erh\u00e4ltst eine Bestellbest\u00e4tigung, sobald deine Zahlung abgeschlossen ist. <\/p>\n<p>[\/vc_column_text][\/vc_tta_section][vc_tta_section title=&#8220;Garantie und Reklamationen&#8220; tab_id=&#8220;1739569639087-ce3e2607-c5c5&#8243;][vc_column_text css=&#8220;&#8220;]<\/p>\n<p class=\"p1\">Wir legen gro\u00dfen Wert darauf, dass unsere Produkte dich in bestem Zustand erreichen. Solltest du dennoch einen Artikel erhalten, der beim Transport besch\u00e4digt wurde oder einen anderen Mangel aufweist, hast du eventuell Anspruch auf eine Garantieleistung. <\/p>\n<p class=\"p3\"><b>Garantieanspr\u00fcche<br \/>\n<\/b><b><\/b>Wenn du ein Problem mit deiner Bestellung feststellst, kontaktiere uns bitte innerhalb einer angemessenen Zeit \u2013 idealerweise innerhalb von <span class=\"s1\">1 Tag<\/span> nach Erhalt deines Pakets. Wir werden die Situation pr\u00fcfen und die beste L\u00f6sung finden. <\/p>\n<p class=\"p3\"><b>Reklamationen<br \/>\n<\/b><b><\/b>Falls etwas nicht wie erwartet l\u00e4uft, sind wir f\u00fcr dich da. Bitte kontaktiere uns unter <span class=\"s1\">info@go-microdose.com<\/span>, und wir werden unser Bestes tun, um das Problem zu l\u00f6sen. <\/p>\n<p>[\/vc_column_text][\/vc_tta_section][vc_tta_section title=&#8220;R\u00fccksendungen&#8220; tab_id=&#8220;1737188666632-9ee3fe40-4609&#8243;][vc_column_text css=&#8220;&#8220;]<\/p>\n<p class=\"p1\">Aufgrund der Beschaffenheit unserer Produkte sind <span class=\"s1\"><b>R\u00fccksendungen nicht m\u00f6glich<\/b><\/span>. Unsere Tr\u00fcffel und andere frische Produkte haben eine <span class=\"s1\">begrenzte Haltbarkeit von ca. 2 Monaten<\/span>, was bedeutet, dass sie nach einer R\u00fccksendung nicht wiederverkauft werden k\u00f6nnen. Diese Richtlinie stellt sicher, dass alle Kunden frische und hochwertige Produkte erhalten.  <\/p>\n<p class=\"p3\"><b>Umtauschrecht<br \/>\n<\/b><b><\/b>Wenn du ein Produkt umtauschen m\u00f6chtest, kontaktiere uns bitte unter <span class=\"s1\">info@go-microdose.com<\/span>. W\u00e4hrend ein Umtausch f\u00fcr bestimmte nicht verderbliche Artikel m\u00f6glich sein kann, <span class=\"s1\">tragen die Kunden die Kosten f\u00fcr den R\u00fcckversand<\/span>. <\/p>\n<p class=\"p3\"><b>Falsche Lieferadresse<br \/>\n<\/b><b><\/b>Wenn du eine falsche Lieferadresse angegeben hast, kontaktiere uns bitte so schnell wie m\u00f6glich. Wir werden versuchen, deine Bestellung zu aktualisieren, bevor sie versandt wird. Sobald die Bestellung jedoch verschickt wurde, sind keine \u00c4nderungen mehr m\u00f6glich.  <\/p>\n<p>[\/vc_column_text][\/vc_tta_section][vc_tta_section title=&#8220;Kontakt&#8220; tab_id=&#8220;1737188682135-ea9d8e7b-ed3c&#8220;][vc_column_text css=&#8220;&#8220;]Wir geben unser Bestes f\u00fcr dich als Kunden. Das bedeutet, dass du uns ganz einfach kontaktieren kannst.<br \/>\nWenn du Fragen zu all dem hast, erreichst du uns \u00fcber die folgenden Informationen: <\/p>\n<p><strong>GO-Microdose.com<\/strong><br \/>\nE-Mail: <a href=\"mailto:info@go-microdose.com\">info@go-microdose.com<\/a><br \/>\nDer Handelsname unseres Unternehmens ist: GK Health B.V.<br \/>\nUnser Domainname ist GO-Microdose.com<br \/>\nUnsere Postanschrift: Joop Geesinkweg 601, 1114AB Amsterdam<br \/>\nHandelskammer: 87887274<br \/>\nUSt-IdNr.: NL864437584B01[\/vc_column_text][\/vc_tta_section][\/vc_tta_accordion][\/vc_column][\/vc_row][vc_row el_class=&#8220;pb-220&#8243;][vc_column width=&#8220;1\/2&#8243;][vc_custom_heading text=&#8220;Kontakt&#8220; font_container=&#8220;tag:div|text_align:left&#8220; use_theme_fonts=&#8220;yes&#8220; el_class=&#8220;pr-tag&#8220;][vc_custom_heading text=&#8220;Fragen oder Anmerkungen?&#8220; use_theme_fonts=&#8220;yes&#8220;]\n<div class=\"wpcf7 no-js\" id=\"wpcf7-f57948-o1\" lang=\"de-DE\" dir=\"ltr\" data-wpcf7-id=\"57948\">\n<div class=\"screen-reader-response\"><p role=\"status\" aria-live=\"polite\" aria-atomic=\"true\"><\/p> <ul><\/ul><\/div>\n<form action=\"\/de\/wp-json\/wp\/v2\/pages\/63295#wpcf7-f57948-o1\" method=\"post\" class=\"wpcf7-form init\" aria-label=\"Kontaktformular\" novalidate=\"novalidate\" data-status=\"init\">\n<fieldset class=\"hidden-fields-container\"><input type=\"hidden\" name=\"_wpcf7\" value=\"57948\" \/><input type=\"hidden\" name=\"_wpcf7_version\" value=\"6.1.5\" \/><input type=\"hidden\" name=\"_wpcf7_locale\" value=\"de_DE\" \/><input type=\"hidden\" name=\"_wpcf7_unit_tag\" value=\"wpcf7-f57948-o1\" \/><input type=\"hidden\" name=\"_wpcf7_container_post\" value=\"0\" \/><input type=\"hidden\" name=\"_wpcf7_posted_data_hash\" value=\"\" \/><input type=\"hidden\" name=\"_wpcf7_recaptcha_response\" value=\"\" \/>\n<\/fieldset>\n<div class=\"contact-form\">\n\t<div class=\"form-row\">\n\t\t<p><span class=\"wpcf7-form-control-wrap\" data-name=\"Naam\"><input size=\"40\" maxlength=\"400\" class=\"wpcf7-form-control wpcf7-text form-field\" aria-invalid=\"false\" placeholder=\"Name\" value=\"\" type=\"text\" name=\"Naam\" \/><\/span>\n\t\t<\/p>\n\t<\/div>\n\t<div class=\"form-row\">\n\t\t<p><span class=\"wpcf7-form-control-wrap\" data-name=\"Email\"><input size=\"40\" maxlength=\"400\" class=\"wpcf7-form-control wpcf7-email wpcf7-validates-as-required wpcf7-text wpcf7-validates-as-email form-field\" aria-required=\"true\" aria-invalid=\"false\" placeholder=\"E-Mail\" value=\"\" type=\"email\" name=\"Email\" \/><\/span>\n\t\t<\/p>\n\t<\/div>\n\t<div class=\"form-row\">\n\t\t<p><span class=\"wpcf7-form-control-wrap\" data-name=\"your-message\"><textarea cols=\"40\" rows=\"10\" maxlength=\"2000\" class=\"wpcf7-form-control wpcf7-textarea form-field\" aria-invalid=\"false\" placeholder=\"Frage oder Anmerkung\u2026\" name=\"your-message\"><\/textarea><\/span>\n\t\t<\/p>\n\t<\/div>\n\t<div class=\"form-row checkbox\">\n\t\t<p><span class=\"wpcf7-form-control-wrap\" data-name=\"agree\"><span class=\"wpcf7-form-control wpcf7-acceptance\"><span class=\"wpcf7-list-item\"><label><input type=\"checkbox\" name=\"agree\" value=\"1\" aria-invalid=\"false\" \/><span class=\"wpcf7-list-item-label\">Ich stimme dem <a href=\"\/privacy-policy\/\" target=\"_blank\">Datenschutzhinweis<\/a> zu.<\/span><\/label><\/span><\/span><\/span>\n\t\t<\/p>\n\t<\/div>\n\t<div class=\"form-row\">\n\t<span class=\"wpcf7-form-control-wrap recaptcha\" data-name=\"recaptcha\"><span data-sitekey=\"6LcxYnAUAAAAAK0N-eell9CfBJrJukJ8yVIG3u5S\" class=\"wpcf7-form-control wpcf7-recaptcha g-recaptcha\"><\/span>\r\n<noscript>\r\n\t<div class=\"grecaptcha-noscript\">\r\n\t\t<iframe src=\"https:\/\/www.google.com\/recaptcha\/api\/fallback?k=6LcxYnAUAAAAAK0N-eell9CfBJrJukJ8yVIG3u5S\" frameborder=\"0\" scrolling=\"no\" width=\"310\" height=\"430\">\r\n\t\t<\/iframe>\r\n\t\t<textarea name=\"g-recaptcha-response\" rows=\"3\" cols=\"40\" placeholder=\"reCaptcha Response Here\">\r\n\t\t<\/textarea>\r\n\t<\/div>\r\n<\/noscript>\r\n<\/span>\n\t<\/div>\n\t<div class=\"form-row submit\">\n\t\t<p><button class=\"button vc_btn3-style-modern\"><input class=\"wpcf7-form-control wpcf7-submit has-spinner\" type=\"submit\" value=\"Senden\" \/><\/button>\n\t\t<\/p>\n\t<\/div>\n<\/div><div class=\"wpcf7-response-output\" aria-hidden=\"true\"><\/div>\n<\/form>\n<\/div>\n[\/vc_column][vc_column width=&#8220;1\/2&#8243;][\/vc_column][\/vc_row]<\/p>\n<\/div>","protected":false},"excerpt":{"rendered":"<p>[vc_row][vc_column width=&#8220;1\/2&#8243;][vc_btn title=&#8220;Zur\u00fcck zur Versand\u00fcbersicht&#8220; css=&#8220;&#8220; link=&#8220;url:https%3A%2F%2Fgo-microdose.com%2Fde%2Fversand%2F|title:Shipping|&#8220; el_class=&#8220;button-back&#8220;][\/vc_column][vc_column width=&#8220;1\/2&#8243;][\/vc_column][\/vc_row][vc_row el_class=&#8220;pb-40&#8243;][vc_column width=&#8220;1\/2&#8243; el_class=&#8220;pr-80&#8243;][vc_custom_heading text=&#8220;Versand nach Gibraltar&#8220; font_container=&#8220;tag:h1|text_align:left&#8220; use_theme_fonts=&#8220;yes&#8220; css=&#8220;&#8220; el_class=&#8220;effect-title&#8220;][vc_custom_heading text=&#8220;Magic Mushrooms, Tr\u00fcffel, Microdosing und mehr &#8230;&#8220; use_theme_fonts=&#8220;yes&#8220; el_class=&#8220;h3&#8243;][vc_column_text css=&#8220;&#8220;] Ja! Wir versenden alle unsere Produkte nach Gibraltar! Alle Tr\u00fcffel, Microdosing-Strips und Growkits werden von Amsterdam aus verschickt und kommen in der Regel innerhalb von 7\u201310 [&hellip;]<\/p>\n","protected":false},"author":5548,"featured_media":0,"parent":56789,"menu_order":0,"comment_status":"open","ping_status":"open","template":"","meta":{"_acf_changed":false,"footnotes":""},"class_list":["post-63295","page","type-page","status-publish","hentry"],"acf":[],"_links":{"self":[{"href":"https:\/\/go-microdose.com\/de\/wp-json\/wp\/v2\/pages\/63295","targetHints":{"allow":["GET"]}}],"collection":[{"href":"https:\/\/go-microdose.com\/de\/wp-json\/wp\/v2\/pages"}],"about":[{"href":"https:\/\/go-microdose.com\/de\/wp-json\/wp\/v2\/types\/page"}],"author":[{"embeddable":true,"href":"https:\/\/go-microdose.com\/de\/wp-json\/wp\/v2\/users\/5548"}],"replies":[{"embeddable":true,"href":"https:\/\/go-microdose.com\/de\/wp-json\/wp\/v2\/comments?post=63295"}],"version-history":[{"count":0,"href":"https:\/\/go-microdose.com\/de\/wp-json\/wp\/v2\/pages\/63295\/revisions"}],"up":[{"embeddable":true,"href":"https:\/\/go-microdose.com\/de\/wp-json\/wp\/v2\/pages\/56789"}],"wp:attachment":[{"href":"https:\/\/go-microdose.com\/de\/wp-json\/wp\/v2\/media?parent=63295"}],"curies":[{"name":"wp","href":"https:\/\/api.w.org\/{rel}","templated":true}]}}