{"id":57413,"date":"2023-11-10T04:55:04","date_gmt":"2023-11-10T04:55:04","guid":{"rendered":"https:\/\/go-microdose.com\/product\/cotae-reishi-fluessig\/"},"modified":"2026-04-06T07:51:16","modified_gmt":"2026-04-06T05:51:16","slug":"cotae-reishi-fluessig","status":"publish","type":"product","link":"https:\/\/go-microdose.com\/de\/produkt\/cotae-reishi-fluessig\/","title":{"rendered":"C\u014dtae Reishi Fl\u00fcssig"},"content":{"rendered":"<div class=\"wpb-content-wrapper\"><p>[vc_row][vc_column][vc_column_text]Tauche ein in die alte Tradition der Vitalit\u00e4t mit C\u014dtaes Reishi Fl\u00fcssigextrakt, der Harmonie und Langlebigkeit verk\u00f6rpern soll. Unser Extrakt ehrt das Erbe des \u201ePilzes der Unsterblichkeit\u201c, der seit \u00fcber zwei Jahrtausenden als Symbol f\u00fcr Freude, Gesundheit und Langlebigkeit verwendet wird. Diese potente Fl\u00fcssigkeit bietet einen modernen Weg zu den verehrten Wirkungen von Reishi, indem sie dein Immunsystem auf nat\u00fcrliche Weise st\u00e4rkt und die nat\u00fcrliche Energie in deinem K\u00f6rper f\u00f6rdert.  <\/p>\n<p>Bei der Herstellung dieses Extrakts haben wir einen sorgf\u00e4ltigen, dreifachen Extraktionsprozess angewendet, einschlie\u00dflich Ultraschallfrequenztechniken, um sicherzustellen, dass das gesamte Spektrum der vitalen Reishi-Substanzen erhalten bleibt. Durch die ausschlie\u00dfliche Verwendung der Fruchtk\u00f6rper bleibt unser Produkt frei von F\u00fcllstoffen und Myzel auf Getreide, wodurch ein hohes Konzentrationsverh\u00e4ltnis von 12:1 und mindestens 30 % Polysaccharide erreicht werden, die f\u00fcr ihre immununterst\u00fctzenden Funktionen bekannt sind. <\/p>\n<p>Egal, ob du deine Widerstandsf\u00e4higkeit st\u00e4rken, deine nat\u00fcrliche Energie steigern oder einfach ein ganzheitliches Nahrungserg\u00e4nzungsmittel in deine t\u00e4gliche Wellness-Routine integrieren m\u00f6chtest, C\u014dtaes Reishi Fl\u00fcssigextrakt ist dein Verb\u00fcndeter. Jeder Tropfen ist ein Beweis f\u00fcr unser Engagement f\u00fcr Reinheit, Wirksamkeit und die zeitlose Weisheit nat\u00fcrlicher Gesundheitspraktiken.[\/vc_column_text][\/vc_column][\/vc_row]<\/p>\n<\/div>","protected":false},"excerpt":{"rendered":"<p>Tauche ein in die alte Tradition der Vitalit\u00e4t mit C\u014dtaes Reishi Fl\u00fcssigextrakt, der Harmonie und Langlebigkeit verk\u00f6rpern soll. Unser Extrakt ehrt das Erbe des \u201ePilzes der Unsterblichkeit\u201c, der seit \u00fcber zwei Jahrtausenden als Symbol f\u00fcr Freude, Gesundheit und Langlebigkeit verwendet wird. Diese potente Fl\u00fcssigkeit bietet einen modernen Weg zu den verehrten Wirkungen von Reishi, indem sie dein Immunsystem auf nat\u00fcrliche Weise st\u00e4rkt und die nat\u00fcrliche Energie in deinem K\u00f6rper f\u00f6rdert.  <\/p>\n<p>Bei der Herstellung dieses Extrakts haben wir einen sorgf\u00e4ltigen, dreifachen Extraktionsprozess angewendet, einschlie\u00dflich Ultraschallfrequenztechniken, um sicherzustellen, dass das gesamte Spektrum der vitalen Reishi-Substanzen erhalten bleibt. Durch die ausschlie\u00dfliche Verwendung der Fruchtk\u00f6rper bleibt unser Produkt frei von F\u00fcllstoffen und Myzel auf Getreide, wodurch ein hohes Konzentrationsverh\u00e4ltnis von 12:1 und mindestens 30 % Polysaccharide erreicht werden, die f\u00fcr ihre immununterst\u00fctzenden Funktionen bekannt sind. <\/p>\n<p>Egal, ob du deine Widerstandsf\u00e4higkeit st\u00e4rken, deine nat\u00fcrliche Energie steigern oder einfach ein ganzheitliches Nahrungserg\u00e4nzungsmittel in deine t\u00e4gliche Wellness-Routine integrieren m\u00f6chtest, C\u014dtaes Reishi Fl\u00fcssigextrakt ist dein Verb\u00fcndeter. Jeder Tropfen ist ein Beweis f\u00fcr unser Engagement f\u00fcr Reinheit, Wirksamkeit und die zeitlose Weisheit nat\u00fcrlicher Gesundheitspraktiken. <\/p>\n","protected":false},"featured_media":57419,"comment_status":"open","ping_status":"closed","template":"","meta":{"_acf_changed":false},"product_brand":[],"product_cat":[185],"product_tag":[],"giftcard-category":[],"class_list":{"0":"post-57413","1":"product","2":"type-product","3":"status-publish","4":"has-post-thumbnail","6":"product_cat-pilz-nahrungserganzungsmittel","7":"product_shipping_class-grose-box","9":"first","10":"instock","11":"taxable","12":"shipping-taxable","13":"purchasable","14":"product-type-simple"},"acf":[],"_links":{"self":[{"href":"https:\/\/go-microdose.com\/de\/wp-json\/wp\/v2\/product\/57413","targetHints":{"allow":["GET"]}}],"collection":[{"href":"https:\/\/go-microdose.com\/de\/wp-json\/wp\/v2\/product"}],"about":[{"href":"https:\/\/go-microdose.com\/de\/wp-json\/wp\/v2\/types\/product"}],"replies":[{"embeddable":true,"href":"https:\/\/go-microdose.com\/de\/wp-json\/wp\/v2\/comments?post=57413"}],"wp:featuredmedia":[{"embeddable":true,"href":"https:\/\/go-microdose.com\/de\/wp-json\/wp\/v2\/media\/57419"}],"wp:attachment":[{"href":"https:\/\/go-microdose.com\/de\/wp-json\/wp\/v2\/media?parent=57413"}],"wp:term":[{"taxonomy":"product_brand","embeddable":true,"href":"https:\/\/go-microdose.com\/de\/wp-json\/wp\/v2\/product_brand?post=57413"},{"taxonomy":"product_cat","embeddable":true,"href":"https:\/\/go-microdose.com\/de\/wp-json\/wp\/v2\/product_cat?post=57413"},{"taxonomy":"product_tag","embeddable":true,"href":"https:\/\/go-microdose.com\/de\/wp-json\/wp\/v2\/product_tag?post=57413"},{"taxonomy":"giftcard-category","embeddable":true,"href":"https:\/\/go-microdose.com\/de\/wp-json\/wp\/v2\/giftcard-category?post=57413"}],"curies":[{"name":"wp","href":"https:\/\/api.w.org\/{rel}","templated":true}]}}