{"id":57461,"date":"2023-11-10T05:15:50","date_gmt":"2023-11-10T05:15:50","guid":{"rendered":"https:\/\/go-microdose.com\/product\/cotae-cordyceps-liquid\/"},"modified":"2026-04-06T07:51:13","modified_gmt":"2026-04-06T05:51:13","slug":"cotae-cordyceps-liquid","status":"publish","type":"product","link":"https:\/\/go-microdose.com\/de\/produkt\/cotae-cordyceps-liquid\/","title":{"rendered":"C\u014dtae Cordyceps Liquid"},"content":{"rendered":"<div class=\"wpb-content-wrapper\"><p>[vc_row][vc_column][vc_column_text]C\u014dtaes Cordyceps-Fl\u00fcssigextrakt ist eine dynamische Mischung, die dein Streben nach Energie und Ausdauer unterst\u00fctzt. Der Cordyceps militaris, gesch\u00e4tzt in der traditionellen tibetischen und chinesischen Medizin, ist ein nat\u00fcrlicher Energielieferant, der von Sportlern und Gesundheitsbegeisterten gleicherma\u00dfen verehrt wird. Unser Extrakt aus nachhaltig angebautem Cordyceps bietet eine sichere und wirksame Alternative zu wild gesammelten Sorten, minimiert den Schwermetallgehalt und maximiert den gesundheitlichen Nutzen.  <\/p>\n<p>Mit jedem Tropfen dieses Fl\u00fcssigextrakts nutzt du das Potenzial des Pilzes, nat\u00fcrliche Energie im K\u00f6rper zu aktivieren und zur geistigen Vitalit\u00e4t beizutragen. Dieses 8:1 konzentrierte Elixier ist dein Verb\u00fcndeter im Alltag und bef\u00e4higt dich, k\u00f6rperliche Herausforderungen und kognitive Anforderungen mit neuer Vitalit\u00e4t zu meistern. <\/p>\n<p>Unser Qualit\u00e4tsanspruch zeigt sich in der Verwendung von ausschlie\u00dflich Fruchtk\u00f6rpern des Cordyceps militaris, was ein reines und wirksames Produkt garantiert, standardisiert auf mindestens 30 % Polysaccharide. Ob Sportler, Berufst\u00e4tiger oder einfach auf der Suche nach einem nat\u00fcrlichen Schub \u2013 C\u014dtaes Cordyceps-Fl\u00fcssigextrakt unterst\u00fctzt deinen aktiven Lebensstil und steigert deine Leistung.[\/vc_column_text][\/vc_column][\/vc_row]<\/p>\n<\/div>","protected":false},"excerpt":{"rendered":"<p>C\u014dtaes Cordyceps-Fl\u00fcssigextrakt ist eine dynamische Mischung, die dein Streben nach Energie und Ausdauer unterst\u00fctzt. Der Cordyceps militaris, gesch\u00e4tzt in der traditionellen tibetischen und chinesischen Medizin, ist ein nat\u00fcrlicher Energielieferant, der von Sportlern und Gesundheitsbegeisterten gleicherma\u00dfen verehrt wird. Unser Extrakt aus nachhaltig angebautem Cordyceps bietet eine sichere und wirksame Alternative zu wild gesammelten Sorten, minimiert den Schwermetallgehalt und maximiert den gesundheitlichen Nutzen.  <\/p>\n<p>Mit jedem Tropfen dieses Fl\u00fcssigextrakts nutzt du das Potenzial des Pilzes, nat\u00fcrliche Energie im K\u00f6rper zu aktivieren und zur geistigen Vitalit\u00e4t beizutragen. Dieses 8:1 konzentrierte Elixier ist dein Verb\u00fcndeter im Alltag und bef\u00e4higt dich, k\u00f6rperliche Herausforderungen und kognitive Anforderungen mit neuer Vitalit\u00e4t zu meistern. <\/p>\n<p>Unser Qualit\u00e4tsanspruch zeigt sich in der Verwendung von ausschlie\u00dflich Fruchtk\u00f6rpern des Cordyceps militaris, was ein reines und wirksames Produkt garantiert, standardisiert auf mindestens 30 % Polysaccharide. Ob Sportler, Berufst\u00e4tiger oder einfach auf der Suche nach einem nat\u00fcrlichen Schub \u2013 C\u014dtaes Cordyceps-Fl\u00fcssigextrakt unterst\u00fctzt deinen aktiven Lebensstil und steigert deine Leistung. <\/p>\n","protected":false},"featured_media":57462,"comment_status":"open","ping_status":"closed","template":"","meta":{"_acf_changed":false},"product_brand":[],"product_cat":[185],"product_tag":[],"giftcard-category":[],"class_list":{"0":"post-57461","1":"product","2":"type-product","3":"status-publish","4":"has-post-thumbnail","6":"product_cat-pilz-nahrungserganzungsmittel","7":"product_shipping_class-grose-box","9":"first","10":"instock","11":"taxable","12":"shipping-taxable","13":"purchasable","14":"product-type-simple"},"acf":[],"_links":{"self":[{"href":"https:\/\/go-microdose.com\/de\/wp-json\/wp\/v2\/product\/57461","targetHints":{"allow":["GET"]}}],"collection":[{"href":"https:\/\/go-microdose.com\/de\/wp-json\/wp\/v2\/product"}],"about":[{"href":"https:\/\/go-microdose.com\/de\/wp-json\/wp\/v2\/types\/product"}],"replies":[{"embeddable":true,"href":"https:\/\/go-microdose.com\/de\/wp-json\/wp\/v2\/comments?post=57461"}],"wp:featuredmedia":[{"embeddable":true,"href":"https:\/\/go-microdose.com\/de\/wp-json\/wp\/v2\/media\/57462"}],"wp:attachment":[{"href":"https:\/\/go-microdose.com\/de\/wp-json\/wp\/v2\/media?parent=57461"}],"wp:term":[{"taxonomy":"product_brand","embeddable":true,"href":"https:\/\/go-microdose.com\/de\/wp-json\/wp\/v2\/product_brand?post=57461"},{"taxonomy":"product_cat","embeddable":true,"href":"https:\/\/go-microdose.com\/de\/wp-json\/wp\/v2\/product_cat?post=57461"},{"taxonomy":"product_tag","embeddable":true,"href":"https:\/\/go-microdose.com\/de\/wp-json\/wp\/v2\/product_tag?post=57461"},{"taxonomy":"giftcard-category","embeddable":true,"href":"https:\/\/go-microdose.com\/de\/wp-json\/wp\/v2\/giftcard-category?post=57461"}],"curies":[{"name":"wp","href":"https:\/\/api.w.org\/{rel}","templated":true}]}}