{"id":57494,"date":"2023-11-10T05:18:21","date_gmt":"2023-11-10T05:18:21","guid":{"rendered":"https:\/\/go-microdose.com\/product\/cotae-chaga-fluessigkeit\/"},"modified":"2026-04-06T07:51:00","modified_gmt":"2026-04-06T05:51:00","slug":"cotae-chaga-fluessigkeit","status":"publish","type":"product","link":"https:\/\/go-microdose.com\/de\/produkt\/cotae-chaga-fluessigkeit\/","title":{"rendered":"C\u014dtae Chaga Fl\u00fcssigkeit"},"content":{"rendered":"<div class=\"wpb-content-wrapper\"><p>[vc_row][vc_column][vc_column_text]C\u014dtaes Chaga Fl\u00fcssigextrakt verk\u00f6rpert den ehrw\u00fcrdigen Titel \u201eK\u00f6nig des Waldes\u201c, ein Zeugnis seiner reichen Geschichte und seiner starken gesundheitlichen Vorteile. Diese kraftvolle Tinktur f\u00e4ngt die Essenz von Chaga ein, einem n\u00e4hrstoffreichen Sklerotium, das in Regionen wie Sibirien, China und Skandinavien f\u00fcr seine immununterst\u00fctzenden Eigenschaften gesch\u00e4tzt wird. <\/p>\n<p>Unser Fl\u00fcssigextrakt liefert nicht nur Wohlbefinden; er bietet eine bequeme Verbindung zu einem alten Heilmittel. Durch eine ausgekl\u00fcgelte Dreifachextraktionsmethode, einschlie\u00dflich Ultraschallfrequenztechniken, stellen wir sicher, dass das gesamte Spektrum der vitalen Substanzen im Chaga erhalten bleibt. Standardisiert auf mindestens 30 % Polysaccharide, ist jeder Tropfen vollgepackt mit bioaktiven Verbindungen, die das Immunsystem, eine gesunde Zellteilung und die Bildung roter Blutk\u00f6rperchen unterst\u00fctzen.  <\/p>\n<p>Ein t\u00e4gliches Ritual mit C\u014dtaes Chaga Fl\u00fcssigextrakt kann helfen, die nat\u00fcrlichen Abwehrkr\u00e4fte deines K\u00f6rpers zu st\u00e4rken und zur allgemeinen Vitalit\u00e4t beizutragen. Es ist eine ideale Wahl f\u00fcr alle, die die sch\u00fctzende Kraft von Chaga in ihren Alltag integrieren m\u00f6chten, um eine robuste Gesundheitsgrundlage zu schaffen.[\/vc_column_text][\/vc_column][\/vc_row]<\/p>\n<\/div>","protected":false},"excerpt":{"rendered":"<p>C\u014dtaes Chaga Fl\u00fcssigextrakt verk\u00f6rpert den ehrw\u00fcrdigen Titel \u201eK\u00f6nig des Waldes\u201c, ein Zeugnis seiner reichen Geschichte und seiner starken gesundheitlichen Vorteile. Diese kraftvolle Tinktur f\u00e4ngt die Essenz von Chaga ein, einem n\u00e4hrstoffreichen Sklerotium, das in Regionen wie Sibirien, China und Skandinavien f\u00fcr seine immununterst\u00fctzenden Eigenschaften gesch\u00e4tzt wird. <\/p>\n<p>Unser Fl\u00fcssigextrakt liefert nicht nur Wohlbefinden; er bietet eine bequeme Verbindung zu einem alten Heilmittel. Durch eine ausgekl\u00fcgelte Dreifachextraktionsmethode, einschlie\u00dflich Ultraschallfrequenztechniken, stellen wir sicher, dass das gesamte Spektrum der vitalen Substanzen im Chaga erhalten bleibt. Standardisiert auf mindestens 30 % Polysaccharide, ist jeder Tropfen vollgepackt mit bioaktiven Verbindungen, die das Immunsystem, eine gesunde Zellteilung und die Bildung roter Blutk\u00f6rperchen unterst\u00fctzen.  <\/p>\n<p>Ein t\u00e4gliches Ritual mit C\u014dtaes Chaga Fl\u00fcssigextrakt kann helfen, die nat\u00fcrlichen Abwehrkr\u00e4fte deines K\u00f6rpers zu st\u00e4rken und zur allgemeinen Vitalit\u00e4t beizutragen. Es ist eine ideale Wahl f\u00fcr alle, die die sch\u00fctzende Kraft von Chaga in ihren Alltag integrieren m\u00f6chten, um eine robuste Gesundheitsgrundlage zu schaffen. <\/p>\n","protected":false},"featured_media":57495,"comment_status":"open","ping_status":"closed","template":"","meta":{"_acf_changed":false},"product_brand":[],"product_cat":[185],"product_tag":[],"giftcard-category":[],"class_list":{"0":"post-57494","1":"product","2":"type-product","3":"status-publish","4":"has-post-thumbnail","6":"product_cat-pilz-nahrungserganzungsmittel","7":"product_shipping_class-grose-box","9":"first","10":"instock","11":"taxable","12":"shipping-taxable","13":"purchasable","14":"product-type-simple"},"acf":[],"_links":{"self":[{"href":"https:\/\/go-microdose.com\/de\/wp-json\/wp\/v2\/product\/57494","targetHints":{"allow":["GET"]}}],"collection":[{"href":"https:\/\/go-microdose.com\/de\/wp-json\/wp\/v2\/product"}],"about":[{"href":"https:\/\/go-microdose.com\/de\/wp-json\/wp\/v2\/types\/product"}],"replies":[{"embeddable":true,"href":"https:\/\/go-microdose.com\/de\/wp-json\/wp\/v2\/comments?post=57494"}],"wp:featuredmedia":[{"embeddable":true,"href":"https:\/\/go-microdose.com\/de\/wp-json\/wp\/v2\/media\/57495"}],"wp:attachment":[{"href":"https:\/\/go-microdose.com\/de\/wp-json\/wp\/v2\/media?parent=57494"}],"wp:term":[{"taxonomy":"product_brand","embeddable":true,"href":"https:\/\/go-microdose.com\/de\/wp-json\/wp\/v2\/product_brand?post=57494"},{"taxonomy":"product_cat","embeddable":true,"href":"https:\/\/go-microdose.com\/de\/wp-json\/wp\/v2\/product_cat?post=57494"},{"taxonomy":"product_tag","embeddable":true,"href":"https:\/\/go-microdose.com\/de\/wp-json\/wp\/v2\/product_tag?post=57494"},{"taxonomy":"giftcard-category","embeddable":true,"href":"https:\/\/go-microdose.com\/de\/wp-json\/wp\/v2\/giftcard-category?post=57494"}],"curies":[{"name":"wp","href":"https:\/\/api.w.org\/{rel}","templated":true}]}}