{"id":57581,"date":"2023-11-10T05:30:37","date_gmt":"2023-11-10T05:30:37","guid":{"rendered":"https:\/\/go-microdose.com\/product\/luftdichte-aufbewahrungsbehaelter\/"},"modified":"2026-04-06T07:50:55","modified_gmt":"2026-04-06T05:50:55","slug":"luftdichte-aufbewahrungsbehaelter","status":"publish","type":"product","link":"https:\/\/go-microdose.com\/de\/produkt\/luftdichte-aufbewahrungsbehaelter\/","title":{"rendered":"Luftdichte Aufbewahrungsbeh\u00e4lter"},"content":{"rendered":"<div class=\"wpb-content-wrapper\"><p>[vc_row][vc_column][vc_column_text]Optimiere deine Aufbewahrungsl\u00f6sungen mit unserer Reihe luftdichter Kunststoffbeh\u00e4lter, die sorgf\u00e4ltig entwickelt wurden, um die Frische und Essenz deiner Tr\u00fcffel, Pilze und anderer empfindlicher Artikel zu sch\u00fctzen. Diese robusten, geruchsdichten Beh\u00e4lter sind in verschiedenen Gr\u00f6\u00dfen erh\u00e4ltlich, von kompakten 60 ml bis zu gro\u00dfz\u00fcgigen 650 ml, um sowohl minimale als auch umfangreiche Lagerbed\u00fcrfnisse zu erf\u00fcllen. <\/p>\n<p>Die elegante schwarze, undurchsichtige Konstruktion bietet nicht nur eine diskrete H\u00fclle, sondern blockiert auch sch\u00e4dliches Licht, wodurch die Qualit\u00e4t und Vitalit\u00e4t deiner Waren erhalten bleibt. Ideal f\u00fcr sorgf\u00e4ltiges Curing und pr\u00e4zise Feuchtigkeitskontrolle, sind diese Beh\u00e4lter f\u00fcr Kenner und Gelegenheitsnutzer gleicherma\u00dfen unverzichtbar. Ihre robuste Bauweise verspricht Langlebigkeit, w\u00e4hrend die dicht schlie\u00dfenden Deckel ein sicheres, auslaufsicheres Erlebnis gew\u00e4hrleisten. Die Wartung ist ein Kinderspiel \u2013 einfach kurz abwaschen und schon sind sie wieder einsatzbereit. Organisiere und lagere mit Vertrauen, wissend, dass deine Artikel in einer Festung der Frische eingeschlossen sind.    <\/p>\n<table>\n<thead>\n<tr>\n<th>Gr\u00f6\u00dfe<\/th>\n<th>Durchmesser<\/th>\n<th>H\u00f6he<\/th>\n<th>Preis<\/th>\n<\/tr>\n<\/thead>\n<tbody>\n<tr>\n<td>60 ml<\/td>\n<td>4,3 cm<\/td>\n<td>7,3 cm<\/td>\n<td>7,99 \u20ac<\/td>\n<\/tr>\n<tr>\n<td>120 ml<\/td>\n<td>6 cm<\/td>\n<td>7,4 cm<\/td>\n<td>8,99 \u20ac<\/td>\n<\/tr>\n<tr>\n<td>300 ml<\/td>\n<td>7,5 cm<\/td>\n<td>9,5 cm<\/td>\n<td>10,99 \u20ac<\/td>\n<\/tr>\n<tr>\n<td>550 ml<\/td>\n<td>7,7 cm<\/td>\n<td>15 cm<\/td>\n<td>11,99 \u20ac<\/td>\n<\/tr>\n<tr>\n<td>650 ml<\/td>\n<td>8,5 cm<\/td>\n<td>14 cm<\/td>\n<td>12,99 \u20ac<\/td>\n<\/tr>\n<\/tbody>\n<\/table>\n<p>[\/vc_column_text][\/vc_column][\/vc_row]<\/p>\n<\/div>","protected":false},"excerpt":{"rendered":"<ul>\n<li>Verschiedene Gr\u00f6\u00dfen (60 ml\u2013650 ml) f\u00fcr ma\u00dfgeschneiderte Aufbewahrung<\/li>\n<li>Geruchsdichter Kunststoff bewahrt die Frische<\/li>\n<li>Schwarzes Design f\u00fcr Diskretion und Lichtschutz<\/li>\n<li>Perfekt zum Curing und zur Feuchtigkeitsregulierung<\/li>\n<li>Langlebig und wiederverwendbar<\/li>\n<li>Waschbar f\u00fcr einfache Pflege<\/li>\n<li>Stapelbar f\u00fcr Platzeffizienz<\/li>\n<\/ul>\n<p>Preise reichen von 7,99 \u20ac bis 12,99 \u20ac.<\/p>\n","protected":false},"featured_media":57582,"comment_status":"open","ping_status":"closed","template":"","meta":{"_acf_changed":false},"product_brand":[],"product_cat":[182],"product_tag":[],"giftcard-category":[],"class_list":{"0":"post-57581","1":"product","2":"type-product","3":"status-publish","4":"has-post-thumbnail","6":"product_cat-zubehor","7":"product_shipping_class-grose-box","9":"first","10":"instock","11":"taxable","12":"shipping-taxable","13":"purchasable","14":"product-type-variable"},"acf":[],"_links":{"self":[{"href":"https:\/\/go-microdose.com\/de\/wp-json\/wp\/v2\/product\/57581","targetHints":{"allow":["GET"]}}],"collection":[{"href":"https:\/\/go-microdose.com\/de\/wp-json\/wp\/v2\/product"}],"about":[{"href":"https:\/\/go-microdose.com\/de\/wp-json\/wp\/v2\/types\/product"}],"replies":[{"embeddable":true,"href":"https:\/\/go-microdose.com\/de\/wp-json\/wp\/v2\/comments?post=57581"}],"wp:featuredmedia":[{"embeddable":true,"href":"https:\/\/go-microdose.com\/de\/wp-json\/wp\/v2\/media\/57582"}],"wp:attachment":[{"href":"https:\/\/go-microdose.com\/de\/wp-json\/wp\/v2\/media?parent=57581"}],"wp:term":[{"taxonomy":"product_brand","embeddable":true,"href":"https:\/\/go-microdose.com\/de\/wp-json\/wp\/v2\/product_brand?post=57581"},{"taxonomy":"product_cat","embeddable":true,"href":"https:\/\/go-microdose.com\/de\/wp-json\/wp\/v2\/product_cat?post=57581"},{"taxonomy":"product_tag","embeddable":true,"href":"https:\/\/go-microdose.com\/de\/wp-json\/wp\/v2\/product_tag?post=57581"},{"taxonomy":"giftcard-category","embeddable":true,"href":"https:\/\/go-microdose.com\/de\/wp-json\/wp\/v2\/giftcard-category?post=57581"}],"curies":[{"name":"wp","href":"https:\/\/api.w.org\/{rel}","templated":true}]}}