{"id":57616,"date":"2023-11-10T05:21:08","date_gmt":"2023-11-10T05:21:08","guid":{"rendered":"https:\/\/go-microdose.com\/product\/cotae-lions-mane-fluessigextrakt\/"},"modified":"2026-04-06T07:50:59","modified_gmt":"2026-04-06T05:50:59","slug":"cotae-lions-mane-fluessigextrakt","status":"publish","type":"product","link":"https:\/\/go-microdose.com\/de\/produkt\/cotae-lions-mane-fluessigextrakt\/","title":{"rendered":"C\u014dtae Lions Mane Fl\u00fcssigextrakt"},"content":{"rendered":"<div class=\"wpb-content-wrapper\"><p>[vc_row][vc_column][vc_column_text]C\u014dtaes Lion&#8217;s Mane Liquid bietet einen dynamischen Ansatz f\u00fcr mentale Klarheit und Konzentration. Diese kraftvolle Tinktur nutzt die Power des \u201eSmart Mushroom\u201c \u2013 ein gesch\u00e4tztes Nootropikum, das in Japan traditionell zur Unterst\u00fctzung kognitiver Funktionen und der allgemeinen Gehirngesundheit eingesetzt wird. Jeder Tropfen ist eine konzentrierte Essenz des Hericium erinaceus, bekannt f\u00fcr die Stimulierung des Nervenwachstumsfaktors (NGF) sowie die F\u00f6rderung von Neuronenwachstum und Gehirnfunktion.  <\/p>\n<p>Unser Lion&#8217;s Mane Fl\u00fcssigextrakt ist eine erhabene Fusion aus altem Wissen und moderner Wissenschaft. Er liefert Ericenone und Erinacine \u2013 Alkaloide, die kognitive Prozesse, Lernen und Ged\u00e4chtnis erheblich st\u00e4rken. Dieser Extrakt tr\u00e4gt nicht nur zur mentalen Balance bei, sondern belebt auch mit mentaler Energie und ist damit eine ausgezeichnete Wahl f\u00fcr alle, die ihre geistige Sch\u00e4rfe optimieren m\u00f6chten.  <\/p>\n<p>Bei GO Microdose stellen wir sicher, dass unsere Produkte die Reinheit der Natur verk\u00f6rpern. Durch die ausschlie\u00dfliche Verwendung von Fruchtk\u00f6rpern und den Verzicht auf getreidebasiertes Myzel und F\u00fcllstoffe bleibt unser Fl\u00fcssigextrakt kraftvoll und unverf\u00e4lscht. Jede 30-ml-Flasche enth\u00e4lt 60 Dosen und bietet einen vollen Monatsvorrat dieses zerebralen Elixiers, standardisiert auf ein hohes Konzentrationsverh\u00e4ltnis von 8:1.  <\/p>\n<p>Integriere unseren Lion&#8217;s Mane Fl\u00fcssigextrakt in deine t\u00e4gliche Routine, um eine Welt der kognitiven Verbesserung zu erschlie\u00dfen. Mit seiner einfachen Anwendung und schnellen Absorption ist er ein ideales Supplement f\u00fcr alle, die ihre mentale Leistung steigern und das volle Potenzial ihres Geistes mit GO Microdose entfalten m\u00f6chten.[\/vc_column_text][\/vc_column][\/vc_row]<\/p>\n<\/div>","protected":false},"excerpt":{"rendered":"<p>C\u014dtaes Lion&#8217;s Mane Liquid bietet einen dynamischen Ansatz f\u00fcr mentale Klarheit und Konzentration. Diese kraftvolle Tinktur nutzt die Power des \u201eSmart Mushroom\u201c \u2013 ein gesch\u00e4tztes Nootropikum, das in Japan traditionell zur Unterst\u00fctzung kognitiver Funktionen und der allgemeinen Gehirngesundheit eingesetzt wird. Jeder Tropfen ist eine konzentrierte Essenz des Hericium erinaceus, bekannt f\u00fcr die Stimulierung des Nervenwachstumsfaktors (NGF) sowie die F\u00f6rderung von Neuronenwachstum und Gehirnfunktion.  <\/p>\n<p>Unser Lion&#8217;s Mane Fl\u00fcssigextrakt ist eine erhabene Fusion aus altem Wissen und moderner Wissenschaft. Er liefert Ericenone und Erinacine \u2013 Alkaloide, die kognitive Prozesse, Lernen und Ged\u00e4chtnis erheblich st\u00e4rken. Dieser Extrakt tr\u00e4gt nicht nur zur mentalen Balance bei, sondern belebt auch mit mentaler Energie und ist damit eine ausgezeichnete Wahl f\u00fcr alle, die ihre geistige Sch\u00e4rfe optimieren m\u00f6chten.  <\/p>\n<p>Bei GO Microdose stellen wir sicher, dass unsere Produkte die Reinheit der Natur verk\u00f6rpern. Durch die ausschlie\u00dfliche Verwendung von Fruchtk\u00f6rpern und den Verzicht auf getreidebasiertes Myzel und F\u00fcllstoffe bleibt unser Fl\u00fcssigextrakt kraftvoll und unverf\u00e4lscht. Jede 30-ml-Flasche enth\u00e4lt 60 Dosen und bietet einen vollen Monatsvorrat dieses zerebralen Elixiers, standardisiert auf ein hohes Konzentrationsverh\u00e4ltnis von 8:1.  <\/p>\n<p>Integriere unseren Lion&#8217;s Mane Fl\u00fcssigextrakt in deine t\u00e4gliche Routine, um eine Welt der kognitiven Verbesserung zu erschlie\u00dfen. Mit seiner einfachen Anwendung und schnellen Absorption ist er ein ideales Supplement f\u00fcr alle, die ihre mentale Leistung steigern und das volle Potenzial ihres Geistes mit GO Microdose entfalten m\u00f6chten. <\/p>\n","protected":false},"featured_media":57617,"comment_status":"open","ping_status":"closed","template":"","meta":{"_acf_changed":false},"product_brand":[],"product_cat":[185],"product_tag":[],"giftcard-category":[],"class_list":{"0":"post-57616","1":"product","2":"type-product","3":"status-publish","4":"has-post-thumbnail","6":"product_cat-pilz-nahrungserganzungsmittel","7":"product_shipping_class-grose-box","9":"first","10":"instock","11":"taxable","12":"shipping-taxable","13":"purchasable","14":"product-type-simple"},"acf":[],"_links":{"self":[{"href":"https:\/\/go-microdose.com\/de\/wp-json\/wp\/v2\/product\/57616","targetHints":{"allow":["GET"]}}],"collection":[{"href":"https:\/\/go-microdose.com\/de\/wp-json\/wp\/v2\/product"}],"about":[{"href":"https:\/\/go-microdose.com\/de\/wp-json\/wp\/v2\/types\/product"}],"replies":[{"embeddable":true,"href":"https:\/\/go-microdose.com\/de\/wp-json\/wp\/v2\/comments?post=57616"}],"wp:featuredmedia":[{"embeddable":true,"href":"https:\/\/go-microdose.com\/de\/wp-json\/wp\/v2\/media\/57617"}],"wp:attachment":[{"href":"https:\/\/go-microdose.com\/de\/wp-json\/wp\/v2\/media?parent=57616"}],"wp:term":[{"taxonomy":"product_brand","embeddable":true,"href":"https:\/\/go-microdose.com\/de\/wp-json\/wp\/v2\/product_brand?post=57616"},{"taxonomy":"product_cat","embeddable":true,"href":"https:\/\/go-microdose.com\/de\/wp-json\/wp\/v2\/product_cat?post=57616"},{"taxonomy":"product_tag","embeddable":true,"href":"https:\/\/go-microdose.com\/de\/wp-json\/wp\/v2\/product_tag?post=57616"},{"taxonomy":"giftcard-category","embeddable":true,"href":"https:\/\/go-microdose.com\/de\/wp-json\/wp\/v2\/giftcard-category?post=57616"}],"curies":[{"name":"wp","href":"https:\/\/api.w.org\/{rel}","templated":true}]}}