{"id":57810,"date":"2024-02-09T11:33:46","date_gmt":"2024-02-09T11:33:46","guid":{"rendered":"https:\/\/go-microdose.com\/product\/tages-gummies-pilzmischung\/"},"modified":"2026-04-06T07:50:52","modified_gmt":"2026-04-06T05:50:52","slug":"tages-gummies-pilzmischung","status":"publish","type":"product","link":"https:\/\/go-microdose.com\/de\/produkt\/tages-gummies-pilzmischung\/","title":{"rendered":"Tages-Gummies \u2013 Pilzmischung"},"content":{"rendered":"<div class=\"wpb-content-wrapper\"><p>[vc_section full_width=&#8220;stretch_row&#8220; css=&#8220;.vc_custom_1707396139446{background-color: #ffffff !important;}&#8220; el_class=&#8220;pb-110 add-lines-before add-lines-after&#8220;][vc_row el_class=&#8220;pt-80&#8243;][vc_column width=&#8220;5\/12&#8243;][vc_single_image image=&#8220;57856&#8243; img_size=&#8220;full&#8220; el_class=&#8220;image-with-shadow&#8220;][vc_raw_html]ICA8ZGl2IGNsYXNzPSJndW1taWVzLXJhbmRvbSI+CiAgICA8ZGl2PjwvZGl2PgogICAgPGRpdj48L2Rpdj4KICAgIDxkaXY+PC9kaXY+CiAgPC9kaXY+[\/vc_raw_html][\/vc_column][vc_column width=&#8220;1\/12&#8243;][\/vc_column][vc_column width=&#8220;6\/12&#8243;][vc_custom_heading text=&#8220;Informationen&#8220; font_container=&#8220;tag:div|text_align:left&#8220; use_theme_fonts=&#8220;yes&#8220; el_class=&#8220;pr-tag&#8220;][vc_custom_heading text=&#8220;\u00dcber die Tages-Gummies&#8220; use_theme_fonts=&#8220;yes&#8220;][vc_column_text]Wir stellen unsere Tages-Gummies vor, eine Mischung aus 10 biologisch angebauten funktionellen Pilzen in einer praktischen, leckeren Form. Jede Portion liefert eine starke Dosis von 2.500 mg unserer einzigartigen Pilzmischung, entwickelt, um deine Stimmung, Energie, Immunit\u00e4t, Konzentration und dein Ged\u00e4chtnis zu unterst\u00fctzen. Mit Sorgfalt hergestellt, sind unsere Gummies vegan, glutenfrei und frei von sch\u00e4dlichen Zusatzstoffen, um sicherzustellen, dass du nur das Beste erh\u00e4ltst, was die Natur zu bieten hat. Im Labor auf Reinheit und Wirksamkeit getestet, sind diese Gummies dein t\u00e4glicher Partner f\u00fcr ein ausgeglichenes, gesundes Leben. Nutze die nat\u00fcrliche Kraft der Pilze und erlebe mit jedem Bissen ein verbessertes Wohlbefinden.[\/vc_column_text][vc_tta_accordion section_title_tag=&#8220;h5&#8243; shape=&#8220;square&#8220; c_icon=&#8220;&#8220; active_section=&#8220;100&#8243; collapsible_all=&#8220;true&#8220; el_class=&#8220;b-accordion&#8220;][vc_tta_section title=&#8220;Beschreibung&#8220; tab_id=&#8220;1707379190568-89bf1352-854ecb43-1b84f456-72d7&#8243;][vc_column_text]Unsere Tages-Gummies bieten eine kraftvolle Mischung aus 10 funktionellen Pilzen, um Stimmung, Energie, Immunit\u00e4t und kognitive Funktionen auf nat\u00fcrliche Weise zu verbessern. Genie\u00dfe die ganzheitlichen Vorteile von Pilzen in einer k\u00f6stlichen, praktischen Gummiform, perfekt f\u00fcr den t\u00e4glichen Gebrauch.[\/vc_column_text][\/vc_tta_section][vc_tta_section title=&#8220;Zutaten&#8220; tab_id=&#8220;1707379190574-70f5bee6-e5e8cb43-1b84f456-72d7&#8243;][vc_column_text]<\/p>\n<ul>\n<li>Maitake-Pilz<\/li>\n<li>Shiitake-Pilz<\/li>\n<li>Lion\u2019s Mane Pilz<\/li>\n<li>Reishi-Pilz<\/li>\n<li>Cordyceps-Pilz<\/li>\n<li>Chaga-Pilz<\/li>\n<li>Truthahnschwanz-Pilz<\/li>\n<li>Champignon<\/li>\n<li>Judasohr-Pilz<\/li>\n<li>Mandelpilz<\/li>\n<li>Weitere Inhaltsstoffe: Glukosesirup, Pektin, Zitronens\u00e4ure, nat\u00fcrliches Himbeeraroma, Natriumcitrat, lila Karottensaftkonzentrat, Pflanzen\u00f6l (Kokos\u00f6l mit Carnaubawachs).<\/li>\n<\/ul>\n<p>[\/vc_column_text][\/vc_tta_section][vc_tta_section title=&#8220;Bewertungen&#8220; tab_id=&#8220;1707379232450-e7f3c484-56b4cb43-1b84f456-72d7&#8243;][vc_raw_html]W2N1c3Jldl9yZXZpZXdzXQ==[\/vc_raw_html][\/vc_tta_section][\/vc_tta_accordion][vc_wp_text title=&#8220;Vegan, glutenfrei &amp; im Labor getestet.&#8220; el_class=&#8220;block-vegan&#8220;]Unsere Gummies sind pflanzlich und glutenfrei,<br \/>\nperfekt f\u00fcr vegane und glutenfreie Ern\u00e4hrung.<br \/>\n<strong>KEINE:<\/strong> GVOs, Gelatine, Alkohol oder Lebensmittelfarbstoffe.[\/vc_wp_text][\/vc_column][\/vc_row][vc_row equal_height=&#8220;yes&#8220; el_class=&#8220;pt-80&#8243;][vc_column width=&#8220;6\/12&#8243;][vc_custom_heading text=&#8220;Informationen&#8220; font_container=&#8220;tag:div|text_align:left&#8220; use_theme_fonts=&#8220;yes&#8220; el_class=&#8220;pr-tag&#8220;][vc_custom_heading text=&#8220;Vorteile&#8220; use_theme_fonts=&#8220;yes&#8220;][vc_column_text]Erlebe die synergistischen Vorteile von 10 kraftvollen Pilzen, die jeweils zu verbesserter Konzentration, Ged\u00e4chtnis, Immununterst\u00fctzung, Energieniveau und Stimmungsregulierung beitragen. Unsere Tages-Gummies sind deine All-in-One-L\u00f6sung f\u00fcr ein ges\u00fcnderes, vitaleres Leben.[\/vc_column_text][vc_tta_accordion section_title_tag=&#8220;h5&#8243; shape=&#8220;square&#8220; c_icon=&#8220;&#8220; active_section=&#8220;100&#8243; collapsible_all=&#8220;true&#8220; el_class=&#8220;b-accordion&#8220;][vc_tta_section title=&#8220;Immunit\u00e4t st\u00e4rken*&#8220; tab_id=&#8220;1707387765192-400d8d04-1612cb43-1b84f456-72d7&#8243; el_class=&#8220;icon-boost-immunity&#8220;][vc_column_text]St\u00e4rke dein Immunsystem mit der Kraft der Pilze. Unsere Tages-Gummies liefern essentielle N\u00e4hrstoffe und Antioxidantien, die die Immunabwehr unterst\u00fctzen und dir helfen, widerstandsf\u00e4hig gegen Stressoren und Krankheitserreger zu bleiben.[\/vc_column_text][\/vc_tta_section][vc_tta_section title=&#8220;Mehr Energie erleben*&#8220; tab_id=&#8220;1707387765213-ee1cfffa-0c5ccb43-1b84f456-72d7&#8243; el_class=&#8220;icon-experience&#8220;][vc_column_text]Steigere deine t\u00e4gliche Energie ohne Koffein oder Stimulanzien. Unsere einzigartige Pilzmischung unterst\u00fctzt die nat\u00fcrliche Energieproduktion und Ausdauer, sodass du deinen Tag mit Elan und Vitalit\u00e4t meistern kannst.[\/vc_column_text][\/vc_tta_section][vc_tta_section title=&#8220;Stimmung verbessern*&#8220; tab_id=&#8220;1707387765230-c937f601-5d59cb43-1b84f456-72d7&#8243; el_class=&#8220;icon-improve-mood&#8220;][vc_column_text]Hebe deine Stimmung und reduziere Stress mit unseren Tages-Gummies. Jede Portion enth\u00e4lt eine Mischung aus Pilzen, die f\u00fcr ihre adaptogenen Eigenschaften bekannt sind und helfen, das geistige und emotionale Wohlbefinden f\u00fcr ein gl\u00fccklicheres, entspannteres Ich auszugleichen.[\/vc_column_text][\/vc_tta_section][vc_tta_section title=&#8220;Konzentration &amp; Ged\u00e4chtnis steigern*&#8220; tab_id=&#8220;1707387998641-fe4b3cc3-3a1ecb43-1b84f456-72d7&#8243; el_class=&#8220;icon-increase-focus&#8220;][vc_column_text]Sch\u00e4rfe deine Konzentration und verbessere die Ged\u00e4chtnisleistung mit unseren funktionellen Pilz-Gummies. Ideal f\u00fcr alle, die geistige Klarheit und kognitive Unterst\u00fctzung suchen, helfen dir diese Gummies, den ganzen Tag \u00fcber wach und engagiert zu bleiben.[\/vc_column_text][\/vc_tta_section][\/vc_tta_accordion][\/vc_column][vc_column width=&#8220;1\/12&#8243;][\/vc_column][vc_column width=&#8220;5\/12&#8243; el_class=&#8220;mo-1&#8243;][vc_single_image image=&#8220;57855&#8243; img_size=&#8220;full&#8220; el_class=&#8220;image-with-shadow&#8220;][vc_raw_html]ICA8ZGl2IGNsYXNzPSJndW1taWVzLXJhbmRvbSI+CiAgICA8ZGl2PjwvZGl2PgogICAgPGRpdj48L2Rpdj4KICAgIDxkaXY+PC9kaXY+CiAgPC9kaXY+[\/vc_raw_html][\/vc_column][\/vc_row][\/vc_section][vc_section full_width=&#8220;stretch_row&#8220; el_class=&#8220;add-lines-after white pb-180&#8243;][vc_row el_class=&#8220;pt-90&#8243;][vc_column][vc_custom_heading text=&#8220;LECKER &amp; K\u00d6STLICH&#8220; font_container=&#8220;tag:div|text_align:center&#8220; use_theme_fonts=&#8220;yes&#8220; el_class=&#8220;pr-tag&#8220;][vc_custom_heading text=&#8220;Was ist drin?&#8220; font_container=&#8220;tag:h2|text_align:center&#8220; use_theme_fonts=&#8220;yes&#8220;][vc_column_text el_class=&#8220;text-center&#8220;]In jedem Gummy steckt eine potente Mischung aus 10 funktionellen Pilzen, sorgf\u00e4ltig ausgew\u00e4hlt wegen ihrer gesundheitsf\u00f6rdernden Eigenschaften. Diese nat\u00fcrlichen Kraftpakete wirken zusammen, um dein allgemeines Wohlbefinden zu unterst\u00fctzen und jeden Tag heller und ausgeglichener zu machen.[\/vc_column_text][\/vc_column][\/vc_row][vc_row el_class=&#8220;s-whats-inside pb-80&#8243;][vc_column][vc_row_inner][vc_column_inner][vc_single_image image=&#8220;57842&#8243; img_size=&#8220;full&#8220;][vc_column_text]St\u00e4rkt die Immunit\u00e4t und unterst\u00fctzt einen gesunden Blutzuckerspiegel.[\/vc_column_text][vc_custom_heading text=&#8220;Maitake<br \/>\nPilz&#8220; font_container=&#8220;tag:h5|text_align:left&#8220; use_theme_fonts=&#8220;yes&#8220;][\/vc_column_inner][\/vc_row_inner][vc_row_inner][vc_column_inner][vc_single_image image=&#8220;57845&#8243; img_size=&#8220;full&#8220;][vc_column_text]F\u00f6rdert die Herz-Kreislauf-Gesundheit und liefert wichtige N\u00e4hrstoffe.[\/vc_column_text][vc_custom_heading text=&#8220;Shiitake<br \/>\nPilz&#8220; font_container=&#8220;tag:h5|text_align:left&#8220; use_theme_fonts=&#8220;yes&#8220;][\/vc_column_inner][\/vc_row_inner][vc_row_inner][vc_column_inner][vc_single_image image=&#8220;57841&#8243; img_size=&#8220;full&#8220;][vc_column_text]F\u00f6rdert die Gehirnfunktion, verbessert Konzentration und Ged\u00e4chtnis.[\/vc_column_text][vc_custom_heading text=&#8220;Lion\u2019s Mane<br \/>\nPilz&#8220; font_container=&#8220;tag:h5|text_align:left&#8220; use_theme_fonts=&#8220;yes&#8220;][\/vc_column_inner][\/vc_row_inner][vc_row_inner][vc_column_inner][vc_single_image image=&#8220;57843&#8243; img_size=&#8220;full&#8220;][vc_column_text]Reduziert Stress und verbessert die Schlafqualit\u00e4t.[\/vc_column_text][vc_custom_heading text=&#8220;Reishi<br \/>\nPilz&#8220; font_container=&#8220;tag:h5|text_align:left&#8220; use_theme_fonts=&#8220;yes&#8220;][\/vc_column_inner][\/vc_row_inner][vc_row_inner][vc_column_inner][vc_single_image image=&#8220;57840&#8243; img_size=&#8220;full&#8220;][vc_column_text]Steigert Energie und sportliche Leistung.[\/vc_column_text][vc_custom_heading text=&#8220;Cordyceps<br \/>\nPilz&#8220; font_container=&#8220;tag:h5|text_align:left&#8220; use_theme_fonts=&#8220;yes&#8220;][\/vc_column_inner][\/vc_row_inner][vc_row_inner][vc_column_inner][vc_single_image image=&#8220;57839&#8243; img_size=&#8220;full&#8220;][vc_column_text]Enth\u00e4lt starke Antioxidantien zur Immununterst\u00fctzung.[\/vc_column_text][vc_custom_heading text=&#8220;Chaga<br \/>\nPilz&#8220; font_container=&#8220;tag:h5|text_align:left&#8220; use_theme_fonts=&#8220;yes&#8220;][\/vc_column_inner][\/vc_row_inner][vc_row_inner][vc_column_inner][vc_single_image image=&#8220;57846&#8243; img_size=&#8220;full&#8220;][vc_column_text]Unterst\u00fctzt die Darmgesundheit und Immunit\u00e4t.[\/vc_column_text][vc_custom_heading text=&#8220;Truthahnschwanz<br \/>\nPilz&#8220; font_container=&#8220;tag:h5|text_align:left&#8220; use_theme_fonts=&#8220;yes&#8220;][\/vc_column_inner][\/vc_row_inner][vc_row_inner][vc_column_inner][vc_single_image image=&#8220;57847&#8243; img_size=&#8220;full&#8220;][vc_column_text]Bietet essentielle N\u00e4hrstoffe f\u00fcr die allgemeine Gesundheit.[\/vc_column_text][vc_custom_heading text=&#8220;Champignon<br \/>\nPilz&#8220; font_container=&#8220;tag:h5|text_align:left&#8220; use_theme_fonts=&#8220;yes&#8220;][\/vc_column_inner][\/vc_row_inner][vc_row_inner][vc_column_inner][vc_single_image image=&#8220;57838&#8243; img_size=&#8220;full&#8220;][vc_column_text]F\u00f6rdert die Blutzirkulation und Herzgesundheit.[\/vc_column_text][vc_custom_heading text=&#8220;Judasohr<br \/>\nPilz&#8220; font_container=&#8220;tag:h5|text_align:left&#8220; use_theme_fonts=&#8220;yes&#8220;][\/vc_column_inner][\/vc_row_inner][vc_row_inner][vc_column_inner][vc_single_image image=&#8220;57844&#8243; img_size=&#8220;full&#8220;][vc_column_text]Unterst\u00fctzt die Immunfunktion und reduziert M\u00fcdigkeit.[\/vc_column_text][vc_custom_heading text=&#8220;Mandelpilz<br \/>\nPilz&#8220; font_container=&#8220;tag:h5|text_align:left&#8220; use_theme_fonts=&#8220;yes&#8220;][\/vc_column_inner][\/vc_row_inner][\/vc_column][\/vc_row][vc_row el_class=&#8220;s-supplement-facts&#8220;][vc_column width=&#8220;5\/12&#8243; el_class=&#8220;b-supplement-facts&#8220;][vc_custom_heading text=&#8220;Zutaten&#8220; font_container=&#8220;tag:div|text_align:left&#8220; use_theme_fonts=&#8220;yes&#8220; el_class=&#8220;pr-tag&#8220;][vc_custom_heading text=&#8220;N\u00e4hrwertangaben&#8220; use_theme_fonts=&#8220;yes&#8220;][vc_column_text]<\/p>\n<div class=\"flex-1 overflow-hidden\">\n<div class=\"react-scroll-to-bottom--css-ubvzx-79elbk h-full\">\n<div class=\"react-scroll-to-bottom--css-ubvzx-1n7m0yu\">\n<div class=\"flex flex-col pb-9 text-sm\">\n<div class=\"w-full text-token-text-primary\" data-testid=\"conversation-turn-891\">\n<div class=\"px-4 py-2 justify-center text-base md:gap-6 m-auto\">\n<div class=\"flex flex-1 text-base mx-auto gap-3 md:px-5 lg:px-1 xl:px-5 md:max-w-3xl lg:max-w-[40rem] xl:max-w-[48rem] group final-completion\">\n<div class=\"relative flex w-full flex-col lg:w-[calc(100%-115px)] agent-turn\">\n<div class=\"flex-col gap-1 md:gap-3\">\n<div class=\"flex flex-grow flex-col max-w-full\">\n<div class=\"min-h-[20px] text-message flex flex-col items-start gap-3 whitespace-pre-wrap break-words [.text-message+&amp;]:mt-5 overflow-x-auto\" data-message-author-role=\"assistant\" data-message-id=\"cd52f8b0-8a28-48b1-a432-6caec25cc0df\">\n<div class=\"markdown prose w-full break-words dark:prose-invert light\">\n<p>Unsere Tages-Gummies werden aus den hochwertigsten, biologisch angebauten Pilzen hergestellt und bieten eine Premium-Mischung aus 10 funktionellen Sorten. Diese fachm\u00e4nnisch extrahierte, im Labor getestete Formel stellt sicher, dass du in jedem Gummy die reinste und wirksamste N\u00e4hrstoffunterst\u00fctzung erh\u00e4ltst. <\/p>\n<\/div>\n<\/div>\n<\/div>\n<div class=\"mt-1 flex justify-start gap-3 empty:hidden\">\n<div class=\"text-gray-400 flex self-end lg:self-center justify-center lg:justify-start mt-0 -ml-1 visible\">\n<p>&nbsp;<\/p>\n<div class=\"flex\"><\/div>\n<\/div>\n<\/div>\n<\/div>\n<\/div>\n<\/div>\n<\/div>\n<\/div>\n<\/div>\n<\/div>\n<\/div>\n<\/div>\n<div class=\"w-full pt-2 md:pt-0 dark:border-white\/20 md:border-transparent md:dark:border-transparent md:w-[calc(100%-.5rem)]\">\n<form class=\"stretch mx-2 flex flex-row gap-3 last:mb-2 md:mx-4 md:last:mb-6 lg:mx-auto lg:max-w-2xl xl:max-w-3xl\">\n<div class=\"relative flex h-full flex-1 items-stretch md:flex-col\">\n<div class=\"flex w-full items-center\"><\/div>\n<\/div>\n<\/form>\n<\/div>\n<p>[\/vc_column_text][vc_column_text]<\/p>\n<ul>\n<li><img decoding=\"async\" src=\"\/wp-content\/uploads\/2024\/02\/30.png\" alt=\"30-Tage-Vorrat\" width=\"101\" height=\"101\">30-Tage-Vorrat<\/li>\n<li><img decoding=\"async\" src=\"\/wp-content\/uploads\/2024\/02\/10.png\" alt=\"Mischung aus 10 funktionellen Pilzen\" width=\"101\" height=\"101\">Mischung aus 10 funktionellen Pilzen<\/li>\n<li><img decoding=\"async\" src=\"\/wp-content\/uploads\/2024\/02\/60.png\" alt=\"\" width=\"101\" height=\"101\">60 Gummies,<br \/>\n2.500 mg pro Portion<\/li>\n<li><img decoding=\"async\" src=\"\/wp-content\/uploads\/2024\/02\/vegan.png\" alt=\"\" width=\"101\" height=\"101\">Vegan, 100 % nat\u00fcrlich<\/li>\n<li><img decoding=\"async\" src=\"\/wp-content\/uploads\/2024\/02\/gluten.png\" alt=\"\" width=\"101\" height=\"101\">Glutenfrei<\/li>\n<li><img decoding=\"async\" src=\"\/wp-content\/uploads\/2024\/02\/raspberry-flavour.png\" alt=\"\" width=\"101\" height=\"101\">Nat\u00fcrlicher Himbeergeschmack<\/li>\n<\/ul>\n<p>[\/vc_column_text][\/vc_column][vc_column width=&#8220;1\/12&#8243;][\/vc_column][vc_column width=&#8220;6\/12&#8243;][vc_single_image image=&#8220;57822&#8243; img_size=&#8220;full&#8220; onclick=&#8220;link_image&#8220;][vc_single_image image=&#8220;56338&#8243; img_size=&#8220;full&#8220; el_class=&#8220;fix-image&#8220;][\/vc_column][\/vc_row][\/vc_section][vc_section full_width=&#8220;stretch_row&#8220; css=&#8220;.vc_custom_1707458017878{background-color: #ffffff !important;}&#8220; el_class=&#8220;s-why-gummies pb-150 add-lines-after&#8220;][vc_row el_class=&#8220;pt-100 pb-100&#8243;][vc_column width=&#8220;4\/12&#8243;][vc_custom_heading text=&#8220;Warum Gummies?&#8220; font_container=&#8220;tag:div|text_align:left&#8220; use_theme_fonts=&#8220;yes&#8220; el_class=&#8220;pr-tag&#8220;][vc_custom_heading text=&#8220;Die meisten Nahrungserg\u00e4nzungsmittel verschwenden dein Geld&#8220; use_theme_fonts=&#8220;yes&#8220;][vc_column_text]Unser K\u00f6rper ist nicht effizient \u2013 nur ein kleiner Teil dessen, was wir konsumieren, wird von unserem K\u00f6rper aufgenommen. Infolgedessen erzielen die Nahrungserg\u00e4nzungsmittel, die wir oral einnehmen, wenig bis keine Ergebnisse. Probiere Gummy-Nahrungserg\u00e4nzungsmittel und erh\u00f6he die Absorptionsraten um bis zu 90 %.[\/vc_column_text][\/vc_column][vc_column width=&#8220;1\/12&#8243;][\/vc_column][vc_column width=&#8220;7\/12&#8243;][vc_row_inner equal_height=&#8220;yes&#8220; el_class=&#8220;s-compare&#8220;][vc_column_inner el_class=&#8220;b-pure-natural&#8220; width=&#8220;1\/2&#8243;][vc_custom_heading text=&#8220;Reine nat\u00fcrliche Pilz-Gummies&#8220; font_container=&#8220;tag:h3|text_align:left&#8220; use_theme_fonts=&#8220;yes&#8220;][vc_column_text]<\/p>\n<ul>\n<li>Mehr N\u00e4hrstoffe pro Portion<\/li>\n<li>\u00b190 % Absorptionseffizienz<\/li>\n<li>Mit Inhaltsstoffen, die die Vorteile verst\u00e4rken<\/li>\n<li>Kaubar und einfach zu konsumieren<\/li>\n<li>K\u00f6stlich und magenfreundlich<\/li>\n<\/ul>\n<p>[\/vc_column_text][\/vc_column_inner][vc_column_inner width=&#8220;1\/2&#8243;][vc_custom_heading text=&#8220;Kapsel-\/Tabletten-Nahrungserg\u00e4nzungsmittel&#8220; font_container=&#8220;tag:h3|text_align:left&#8220; use_theme_fonts=&#8220;yes&#8220;][vc_column_text]<\/p>\n<ul>\n<li>Weniger N\u00e4hrstoffe pro Portion<\/li>\n<li>7\u201312 % Absorptionseffizienz<\/li>\n<li>Nur wenige Inhaltsstoffe<\/li>\n<li>Kann schwer zu schlucken sein<\/li>\n<li>Verursacht bei manchen Menschen \u00dcbelkeit<\/li>\n<\/ul>\n<p>[\/vc_column_text][\/vc_column_inner][\/vc_row_inner][\/vc_column][\/vc_row][vc_row][vc_column width=&#8220;1\/12&#8243;][\/vc_column][vc_column width=&#8220;10\/12&#8243;][vc_custom_heading text=&#8220;FAQ&#8220; font_container=&#8220;tag:div|text_align:center&#8220; use_theme_fonts=&#8220;yes&#8220;][vc_custom_heading text=&#8220;H\u00e4ufig gestellte Fragen&#8220; font_container=&#8220;tag:h2|text_align:center&#8220; use_theme_fonts=&#8220;yes&#8220;][vc_tta_accordion section_title_tag=&#8220;h5&#8243; shape=&#8220;square&#8220; c_position=&#8220;right&#8220; active_section=&#8220;1&#8243; collapsible_all=&#8220;true&#8220; el_class=&#8220;b-accordion&#8220;][vc_tta_section title=&#8220;Sind Tages-Gummies \u00fcberall legal?&#8220; tab_id=&#8220;1707397517424-4679fe32-f3d2cb43-1b84f456-72d7&#8243;][vc_column_text]Tages-Gummies werden aus legalen, nicht-psychoaktiven Pilzen hergestellt und entsprechen den gesetzlichen Standards in fast allen L\u00e4ndern weltweit.[\/vc_column_text][\/vc_tta_section][vc_tta_section title=&#8220;Enthalten Tages-Gummies psychoaktive Substanzen?&#8220; tab_id=&#8220;1707644934934-b5813886-da89&#8243;][vc_column_text]Nein, unsere Tages-Gummies enthalten keine psychoaktiven Substanzen. Sie sind mit funktionellen Pilzen formuliert, die f\u00fcr ihre gesundheitlichen Vorteile bekannt sind, ohne deinen Geisteszustand zu ver\u00e4ndern.[\/vc_column_text][\/vc_tta_section][vc_tta_section title=&#8220;Wie nehme ich Tages-Gummies ein?&#8220; tab_id=&#8220;1707644929388-8e5b15d3-6629&#8243;][vc_column_text]Nimm t\u00e4glich 2 Gummies einmal ein, vorzugsweise zu einer Mahlzeit. F\u00fcr optimale Ergebnisse empfehlen wir eine konsequente t\u00e4gliche Einnahme. \u00dcberschreite nicht 4 Gummies t\u00e4glich.[\/vc_column_text][\/vc_tta_section][vc_tta_section title=&#8220;Kann ich die Tages-Gummies w\u00e4hrend des Microdosings von Tr\u00fcffeln einnehmen?&#8220; tab_id=&#8220;1709284706003-0f98f840-74e5&#8243;][vc_column_text]Absolut! Unsere Tages-Gummies sind so konzipiert, dass sie deine Microdosing-Routine erg\u00e4nzen. Sie wirken synergistisch, wobei die Gummies ein breites Spektrum an Wellness-Vorteilen bieten, w\u00e4hrend die Tr\u00fcffel sich auf die Verbesserung deines geistigen und emotionalen Zustands konzentrieren. Es ist wichtig, auf deinen K\u00f6rper zu h\u00f6ren und die Dosierungen bei Bedarf anzupassen. Wenn du Fragen zum Ausgleich dieser Produkte hast oder eine pers\u00f6nliche Beratung ben\u00f6tigst, kontaktiere uns gerne.[\/vc_column_text][\/vc_tta_section][vc_tta_section title=&#8220;Sind Tages-Gummies f\u00fcr Veganer und glutenfreie Ern\u00e4hrung geeignet?&#8220; tab_id=&#8220;1707397517450-71acc7f8-2d61cb43-1b84f456-72d7&#8243;][vc_column_text]Absolut! Unsere Tages-Gummies sind vegan und glutenfrei, ohne GVOs, Gelatine, Alkohol oder Lebensmittelfarbstoffe hergestellt und decken eine Vielzahl von Ern\u00e4hrungspr\u00e4ferenzen ab.[\/vc_column_text][\/vc_tta_section][vc_tta_section title=&#8220;Welche Vorteile kann ich von der Einnahme von Tages-Gummies erwarten?&#8220; tab_id=&#8220;1707397648753-75caf291-4451cb43-1b84f456-72d7&#8243;][vc_column_text]Anwender k\u00f6nnen eine verbesserte Konzentration, Ged\u00e4chtnis, Energie und Stimmung erleben. Zus\u00e4tzlich unterst\u00fctzt die Mischung die Immunabwehr und das allgemeine Wohlbefinden.[\/vc_column_text][\/vc_tta_section][vc_tta_section title=&#8220;Kann ich Tages-Gummies zusammen mit anderen Medikamenten oder Nahrungserg\u00e4nzungsmitteln einnehmen?&#8220; tab_id=&#8220;1707397659420-b8c4bfb6-f0d9cb43-1b84f456-72d7&#8243;][vc_column_text]Obwohl unsere Gummies aus nat\u00fcrlichen Inhaltsstoffen hergestellt werden, empfehlen wir dir, vor Beginn einer neuen Nahrungserg\u00e4nzung einen Arzt zu konsultieren, insbesondere wenn du Medikamente einnimmst oder gesundheitliche Bedenken hast.[\/vc_column_text][\/vc_tta_section][vc_tta_section title=&#8220;Wie lange dauert es, bis ich Vorteile von Tages-Gummies bemerke?&#8220; tab_id=&#8220;1707397671972-7ba54117-ca28cb43-1b84f456-72d7&#8243;][vc_column_text]Die Vorteile k\u00f6nnen je nach Person variieren, aber einige Anwender berichten, dass sie bereits nach ein oder zwei Wochen regelm\u00e4\u00dfiger Anwendung Effekte sp\u00fcren. Konsistenz ist der Schl\u00fcssel, um die besten Ergebnisse zu erzielen.[\/vc_column_text][\/vc_tta_section][vc_tta_section title=&#8220;Gibt es Nebenwirkungen bei der Einnahme von Tages-Gummies?&#8220; tab_id=&#8220;1707644609562-bf154d2c-ce72&#8243;][vc_column_text]Unsere Gummies werden aus nat\u00fcrlichen, hochwertigen Inhaltsstoffen hergestellt und sind im Allgemeinen gut vertr\u00e4glich. Wie bei jedem Nahrungserg\u00e4nzungsmittel k\u00f6nnen jedoch einige Personen leichte Verdauungsbeschwerden erfahren. Wenn du Bedenken hast, konsultiere bitte einen Arzt.[\/vc_column_text][\/vc_tta_section][vc_tta_section title=&#8220;K\u00f6nnen Tages-Gummies bei bestimmten Gesundheitszust\u00e4nden helfen?&#8220; tab_id=&#8220;1707644609440-079de11c-e612&#8243;][vc_column_text]Obwohl Tages-Gummies zur Unterst\u00fctzung des allgemeinen Wohlbefindens entwickelt wurden, sind sie nicht dazu bestimmt, Krankheiten zu diagnostizieren, zu behandeln, zu heilen oder zu verhindern. Bei spezifischen Gesundheitszust\u00e4nden konsultiere bitte einen Arzt.[\/vc_column_text][\/vc_tta_section][vc_tta_section title=&#8220;Wie werden die Pilze in Tages-Gummies bezogen?&#8220; tab_id=&#8220;1707644609298-f3ba3bf5-93f9&#8243;][vc_column_text]Wir beziehen unsere Pilze von biologischen, nachhaltigen Farmen und konzentrieren uns auf den Fruchtk\u00f6rper f\u00fcr h\u00f6chste Wirksamkeit und Reinheit. Unser 10:1 Extrakt stellt sicher, dass du eine konzentrierte Dosis der besten funktionellen Pilze erh\u00e4ltst.[\/vc_column_text][\/vc_tta_section][vc_tta_section title=&#8220;Was unterscheidet Tages-Gummies von anderen Pilz-Nahrungserg\u00e4nzungsmitteln?&#8220; tab_id=&#8220;1707644608372-19803699-5a0c&#8220;][vc_column_text]Unsere Mischung enth\u00e4lt eine einzigartige Kombination aus 10 funktionellen Pilzen, die einen umfassenden Ansatz f\u00fcr das Wohlbefinden bietet. Zudem zeichnen uns unser Engagement f\u00fcr Qualit\u00e4t, nat\u00fcrliche Inhaltsstoffe und Nachhaltigkeit aus.[\/vc_column_text][\/vc_tta_section][vc_tta_section title=&#8220;K\u00f6nnen Kinder Tages-Gummies einnehmen?&#8220; tab_id=&#8220;1707644664176-66581d3e-706c&#8220;][vc_column_text]Tages-Gummies sind f\u00fcr Erwachsene formuliert. Wir empfehlen, vor der Gabe von Nahrungserg\u00e4nzungsmitteln an Kinder einen Kinderarzt zu konsultieren.[\/vc_column_text][\/vc_tta_section][\/vc_tta_accordion][vc_btn title=&#8220;Weitere Fragen?&#8220; style=&#8220;outline&#8220; color=&#8220;black&#8220; align=&#8220;center&#8220; link=&#8220;url:https%3A%2F%2Fgo-microdose.com%2Fde%2Fkontakt%2F|&#8220;][\/vc_column][vc_column width=&#8220;1\/12&#8243;][\/vc_column][\/vc_row][\/vc_section][vc_row][vc_column][vc_widget_sidebar sidebar_id=&#8220;referenties&#8220;][\/vc_column][\/vc_row]<\/p>\n<\/div>","protected":false},"excerpt":{"rendered":"<p>Wir stellen unsere Tages-Gummies vor, eine Mischung aus 10 biologisch angebauten funktionellen Pilzen in einer praktischen, leckeren Form. Jede Portion liefert eine starke Dosis von 2.500 mg unserer einzigartigen Pilzmischung, entwickelt, um deine Stimmung, Energie, Immunit\u00e4t, Konzentration und dein Ged\u00e4chtnis zu unterst\u00fctzen. Mit Sorgfalt hergestellt, sind unsere Gummies vegan, glutenfrei und frei von sch\u00e4dlichen Zusatzstoffen, um sicherzustellen, dass du nur das Beste erh\u00e4ltst, was die Natur zu bieten hat. Im Labor auf Reinheit und Wirksamkeit getestet, sind diese Gummies dein t\u00e4glicher Partner f\u00fcr ein ausgeglichenes, gesundes Leben. Nutze die nat\u00fcrliche Kraft der Pilze und erlebe mit jedem Bissen ein verbessertes Wohlbefinden.    <\/p>\n","protected":false},"featured_media":57854,"comment_status":"open","ping_status":"closed","template":"","meta":{"_acf_changed":false},"product_brand":[],"product_cat":[217],"product_tag":[],"giftcard-category":[],"class_list":{"0":"post-57810","1":"product","2":"type-product","3":"status-publish","4":"has-post-thumbnail","6":"product_cat-gummies","8":"first","9":"instock","10":"taxable","11":"shipping-taxable","12":"purchasable","13":"product-type-simple"},"acf":[],"_links":{"self":[{"href":"https:\/\/go-microdose.com\/de\/wp-json\/wp\/v2\/product\/57810","targetHints":{"allow":["GET"]}}],"collection":[{"href":"https:\/\/go-microdose.com\/de\/wp-json\/wp\/v2\/product"}],"about":[{"href":"https:\/\/go-microdose.com\/de\/wp-json\/wp\/v2\/types\/product"}],"replies":[{"embeddable":true,"href":"https:\/\/go-microdose.com\/de\/wp-json\/wp\/v2\/comments?post=57810"}],"wp:featuredmedia":[{"embeddable":true,"href":"https:\/\/go-microdose.com\/de\/wp-json\/wp\/v2\/media\/57854"}],"wp:attachment":[{"href":"https:\/\/go-microdose.com\/de\/wp-json\/wp\/v2\/media?parent=57810"}],"wp:term":[{"taxonomy":"product_brand","embeddable":true,"href":"https:\/\/go-microdose.com\/de\/wp-json\/wp\/v2\/product_brand?post=57810"},{"taxonomy":"product_cat","embeddable":true,"href":"https:\/\/go-microdose.com\/de\/wp-json\/wp\/v2\/product_cat?post=57810"},{"taxonomy":"product_tag","embeddable":true,"href":"https:\/\/go-microdose.com\/de\/wp-json\/wp\/v2\/product_tag?post=57810"},{"taxonomy":"giftcard-category","embeddable":true,"href":"https:\/\/go-microdose.com\/de\/wp-json\/wp\/v2\/giftcard-category?post=57810"}],"curies":[{"name":"wp","href":"https:\/\/api.w.org\/{rel}","templated":true}]}}