{"id":58926,"date":"2023-11-19T12:10:46","date_gmt":"2023-11-19T12:10:46","guid":{"rendered":"https:\/\/go-microdose.com\/product\/growkit-essentials\/"},"modified":"2026-04-06T07:50:49","modified_gmt":"2026-04-06T05:50:49","slug":"growkit-essentials","status":"publish","type":"product","link":"https:\/\/go-microdose.com\/de\/produkt\/growkit-essentials\/","title":{"rendered":"Growkit Essentials"},"content":{"rendered":"<div class=\"wpb-content-wrapper\"><p>[vc_row][vc_column][vc_column_text]Begib dich auf eine bereichernde Reise des Wachstums und der Entdeckung mit unseren \u201eGrowkit Essentials\u201c \u2013 dem ultimativen Begleiter f\u00fcr deine Pilzzucht. Sorgf\u00e4ltig f\u00fcr Anf\u00e4nger und erfahrene Z\u00fcchter konzipiert, gew\u00e4hrleistet dieses Kit eine optimale Wachstumsumgebung f\u00fcr deine wertvollen Pilze. <\/p>\n<p>Das Herzst\u00fcck dieses Kits ist unsere effiziente Heizmatte, die fachm\u00e4nnisch entwickelt wurde, um eine konstante und sanfte W\u00e4rme zu liefern, die f\u00fcr die Stimulierung des Pilzwachstums entscheidend ist. Diese pr\u00e4zise Temperaturkontrolle ist der Schl\u00fcssel, um das volle Potenzial deines Growkits auszusch\u00f6pfen und eine reiche und gesunde Ernte zu gew\u00e4hrleisten. <\/p>\n<p>Begleitend zur Heizmatte sind drei Beutel hochwertiger Silikaperlen enthalten. Diese Perlen sind ein Game-Changer, da sie ideal Feuchtigkeitsniveaus aufrechterhalten und eine trockene, kontrollierbare Umgebung gew\u00e4hrleisten. Sie bek\u00e4mpfen unerw\u00fcnschte Feuchtigkeit, sch\u00fctzen deine Pilze vor potenziellen Verunreinigungen und f\u00f6rdern einen erfolgreicheren Kultivierungsprozess.  <\/p>\n<p>Vervollst\u00e4ndigt wird das Kit durch unseren robusten, 650 ml fassenden, luftdichten Beh\u00e4lter. Dieser Beh\u00e4lter ist nicht nur eine Aufbewahrungsl\u00f6sung; er ist eine Mikroumgebung, die perfekt auf die Pilzzucht zugeschnitten ist. Sein luftdichter Verschluss bewahrt die ideale Luftfeuchtigkeit und Temperatur und bietet deinen Pilzen einen Zufluchtsort, in dem sie gedeihen k\u00f6nnen.  <\/p>\n<p>Zusammen bilden diese Komponenten die \u201eGrowkit Essentials\u201c \u2013 eine harmonische Mischung aus Nutzen und Komfort, die entwickelt wurde, um dein Zuchterlebnis zu verbessern und den Ertrag deines Growkits zu maximieren.[\/vc_column_text][\/vc_column][\/vc_row]<\/p>\n<\/div>","protected":false},"excerpt":{"rendered":"<ul>\n<li>Zuverl\u00e4ssige Heizmatte f\u00fcr optimale Temperaturkontrolle.<\/li>\n<li>3 Beutel Silikaperlen, um die perfekte Luftfeuchtigkeit aufrechtzuerhalten.<\/li>\n<li>650 ml luftdichter Beh\u00e4lter zur optimalen Lagerung.<\/li>\n<li>Geeignet f\u00fcr Anf\u00e4nger und erfahrene Z\u00fcchter.<\/li>\n<li>Entwickelt, um den Ertrag und die Gesundheit deines Growkits zu maximieren.<\/li>\n<li>Benutzerfreundliche Komponenten f\u00fcr eine problemlose Kultivierung.<\/li>\n<li>Hochwertige Materialien f\u00fcr Langlebigkeit und Effektivit\u00e4t.<\/li>\n<\/ul>\n","protected":false},"featured_media":58927,"comment_status":"open","ping_status":"closed","template":"","meta":{"_acf_changed":false},"product_brand":[],"product_cat":[182,202],"product_tag":[],"giftcard-category":[],"class_list":{"0":"post-58926","1":"product","2":"type-product","3":"status-publish","4":"has-post-thumbnail","6":"product_cat-zubehor","7":"product_cat-paketangebote","8":"product_shipping_class-grose-box","10":"first","11":"instock","12":"sale","13":"taxable","14":"shipping-taxable","15":"purchasable","16":"product-type-simple"},"acf":[],"_links":{"self":[{"href":"https:\/\/go-microdose.com\/de\/wp-json\/wp\/v2\/product\/58926","targetHints":{"allow":["GET"]}}],"collection":[{"href":"https:\/\/go-microdose.com\/de\/wp-json\/wp\/v2\/product"}],"about":[{"href":"https:\/\/go-microdose.com\/de\/wp-json\/wp\/v2\/types\/product"}],"replies":[{"embeddable":true,"href":"https:\/\/go-microdose.com\/de\/wp-json\/wp\/v2\/comments?post=58926"}],"wp:featuredmedia":[{"embeddable":true,"href":"https:\/\/go-microdose.com\/de\/wp-json\/wp\/v2\/media\/58927"}],"wp:attachment":[{"href":"https:\/\/go-microdose.com\/de\/wp-json\/wp\/v2\/media?parent=58926"}],"wp:term":[{"taxonomy":"product_brand","embeddable":true,"href":"https:\/\/go-microdose.com\/de\/wp-json\/wp\/v2\/product_brand?post=58926"},{"taxonomy":"product_cat","embeddable":true,"href":"https:\/\/go-microdose.com\/de\/wp-json\/wp\/v2\/product_cat?post=58926"},{"taxonomy":"product_tag","embeddable":true,"href":"https:\/\/go-microdose.com\/de\/wp-json\/wp\/v2\/product_tag?post=58926"},{"taxonomy":"giftcard-category","embeddable":true,"href":"https:\/\/go-microdose.com\/de\/wp-json\/wp\/v2\/giftcard-category?post=58926"}],"curies":[{"name":"wp","href":"https:\/\/api.w.org\/{rel}","templated":true}]}}