{"id":60726,"date":"2023-06-20T23:33:32","date_gmt":"2023-06-20T23:33:32","guid":{"rendered":"https:\/\/go-microdose.com\/product\/cotae-chaga-kapseln\/"},"modified":"2026-04-06T07:53:30","modified_gmt":"2026-04-06T05:53:30","slug":"cotae-chaga-kapseln","status":"publish","type":"product","link":"https:\/\/go-microdose.com\/de\/produkt\/cotae-chaga-kapseln\/","title":{"rendered":"C\u014dtae Chaga-Kapseln"},"content":{"rendered":"<div class=\"wpb-content-wrapper\"><p>[vc_row][vc_column][vc_column_text]C\u014dtaes Chaga-Kapseln laden dich ein, die uralte Weisheit und die kraftvollen Vorteile des \u201eK\u00f6nigs des Waldes\u201c zu nutzen. Chaga-Pilze werden seit Langem in Sibirien, China, Skandinavien und dar\u00fcber hinaus f\u00fcr ihre gesundheitsf\u00f6rdernden Eigenschaften gesch\u00e4tzt. Anders als der gew\u00f6hnliche Pilz ist Chaga ein Sklerotium \u2013 ein dichtes, kompaktes Myzel, das auf Birken gedeiht und eine N\u00e4hrstoffkonzentration bietet, die in Hut-und-Stiel-Varianten nicht zu finden ist.  <\/p>\n<p>Unsere Chaga-Kapseln bringen dieses traditionelle Heilmittel in die moderne Welt. Jede Kapsel ist mit einem kraftvollen 12:1-Extrakt aus den Fruchtk\u00f6rpern von Chaga gef\u00fcllt und sorgt so f\u00fcr eine hohe Konzentration bioaktiver Verbindungen. Wir standardisieren unsere Extrakte auf mindestens 30 % Polysaccharide \u2013 komplexe Kohlenhydrate, die f\u00fcr ihre immununterst\u00fctzenden Effekte bekannt sind.  <\/p>\n<p>Der Ernte- und Extraktionsprozess ist eine Liebesarbeit \u2013 und Wissenschaft. Mit einer hochmodernen, dreifachen Extraktionsmethode fangen wir die Essenz von Chaga ein, einschlie\u00dflich seiner wertvollen Ericenone und Erinacine. Diese einzigartigen Alkaloide sollen die Produktion des Nervenwachstumsfaktors (NGF) anregen, der f\u00fcr neuronale Gesundheit und Myelinisierung essenziell ist \u2013 der Prozess, der eine schnelle Signal\u00fcbertragung durch die Nerven erm\u00f6glicht.  <\/p>\n<p>Wenn du dich f\u00fcr C\u014dtaes Chaga-Kapseln entscheidest, entscheidest du dich f\u00fcr Reinheit und Potenz. Wir verpflichten uns zu h\u00f6chsten Qualit\u00e4tsstandards, verwenden ausschlie\u00dflich die Fruchtk\u00f6rper des Pilzes und verzichten auf F\u00fcllstoffe oder auf Getreide gez\u00fcchtetes Myzel. So ist jede Kapsel, die du nimmst, mit nichts als der reinen, kraftvollen Essenz von Chaga gef\u00fcllt.  <\/p>\n<p>Ob du dein Immunsystem st\u00e4rken, die kognitive Funktion unterst\u00fctzen oder einfach die n\u00e4hrenden Geschenke der Natur in deine t\u00e4gliche Routine integrieren m\u00f6chtest \u2013 C\u014dtaes Chaga-Kapseln bieten dir eine praktische, zuverl\u00e4ssige L\u00f6sung. Nutze die Widerstandskraft des K\u00f6nigs und bring deine Gesundheit mit jeder Dosis auf das n\u00e4chste Level.[\/vc_column_text][\/vc_column][\/vc_row]<\/p>\n<\/div>","protected":false},"excerpt":{"rendered":"<p>C\u014dtaes Chaga-Kapseln laden dich ein, die uralte Weisheit und die kraftvollen Vorteile des \u201eK\u00f6nigs des Waldes\u201c zu nutzen. Chaga-Pilze werden seit Langem in Sibirien, China, Skandinavien und dar\u00fcber hinaus f\u00fcr ihre gesundheitsf\u00f6rdernden Eigenschaften gesch\u00e4tzt. Anders als der gew\u00f6hnliche Pilz ist Chaga ein Sklerotium \u2013 ein dichtes, kompaktes Myzel, das auf Birken gedeiht und eine N\u00e4hrstoffkonzentration bietet, die in Hut-und-Stiel-Varianten nicht zu finden ist.  <\/p>\n<p>Unsere Chaga-Kapseln bringen dieses traditionelle Heilmittel in die moderne Welt. Jede Kapsel ist mit einem kraftvollen 12:1-Extrakt aus den Fruchtk\u00f6rpern von Chaga gef\u00fcllt und sorgt so f\u00fcr eine hohe Konzentration bioaktiver Verbindungen. Wir standardisieren unsere Extrakte auf mindestens 30 % Polysaccharide \u2013 komplexe Kohlenhydrate, die f\u00fcr ihre immununterst\u00fctzenden Effekte bekannt sind.  <\/p>\n<p>Der Ernte- und Extraktionsprozess ist eine Liebesarbeit \u2013 und Wissenschaft. Mit einer hochmodernen, dreifachen Extraktionsmethode fangen wir die Essenz von Chaga ein, einschlie\u00dflich seiner wertvollen Ericenone und Erinacine. Diese einzigartigen Alkaloide sollen die Produktion des Nervenwachstumsfaktors (NGF) anregen, der f\u00fcr neuronale Gesundheit und Myelinisierung essenziell ist \u2013 der Prozess, der eine schnelle Signal\u00fcbertragung durch die Nerven erm\u00f6glicht.  <\/p>\n<p>Wenn du dich f\u00fcr C\u014dtaes Chaga-Kapseln entscheidest, entscheidest du dich f\u00fcr Reinheit und Potenz. Wir verpflichten uns zu h\u00f6chsten Qualit\u00e4tsstandards, verwenden ausschlie\u00dflich die Fruchtk\u00f6rper des Pilzes und verzichten auf F\u00fcllstoffe oder auf Getreide gez\u00fcchtetes Myzel. So ist jede Kapsel, die du nimmst, mit nichts als der reinen, kraftvollen Essenz von Chaga gef\u00fcllt.  <\/p>\n<p>Ob du dein Immunsystem st\u00e4rken, die kognitive Funktion unterst\u00fctzen oder einfach die n\u00e4hrenden Geschenke der Natur in deine t\u00e4gliche Routine integrieren m\u00f6chtest \u2013 C\u014dtaes Chaga-Kapseln bieten dir eine praktische, zuverl\u00e4ssige L\u00f6sung. Nutze die Widerstandskraft des K\u00f6nigs und bring deine Gesundheit mit jeder Dosis auf das n\u00e4chste Level. <\/p>\n","protected":false},"featured_media":60728,"comment_status":"open","ping_status":"closed","template":"","meta":{"_acf_changed":false},"product_brand":[],"product_cat":[185],"product_tag":[],"giftcard-category":[],"class_list":{"0":"post-60726","1":"product","2":"type-product","3":"status-publish","4":"has-post-thumbnail","6":"product_cat-pilz-nahrungserganzungsmittel","7":"product_shipping_class-grose-box","9":"first","10":"instock","11":"taxable","12":"shipping-taxable","13":"purchasable","14":"product-type-simple"},"acf":[],"_links":{"self":[{"href":"https:\/\/go-microdose.com\/de\/wp-json\/wp\/v2\/product\/60726","targetHints":{"allow":["GET"]}}],"collection":[{"href":"https:\/\/go-microdose.com\/de\/wp-json\/wp\/v2\/product"}],"about":[{"href":"https:\/\/go-microdose.com\/de\/wp-json\/wp\/v2\/types\/product"}],"replies":[{"embeddable":true,"href":"https:\/\/go-microdose.com\/de\/wp-json\/wp\/v2\/comments?post=60726"}],"wp:featuredmedia":[{"embeddable":true,"href":"https:\/\/go-microdose.com\/de\/wp-json\/wp\/v2\/media\/60728"}],"wp:attachment":[{"href":"https:\/\/go-microdose.com\/de\/wp-json\/wp\/v2\/media?parent=60726"}],"wp:term":[{"taxonomy":"product_brand","embeddable":true,"href":"https:\/\/go-microdose.com\/de\/wp-json\/wp\/v2\/product_brand?post=60726"},{"taxonomy":"product_cat","embeddable":true,"href":"https:\/\/go-microdose.com\/de\/wp-json\/wp\/v2\/product_cat?post=60726"},{"taxonomy":"product_tag","embeddable":true,"href":"https:\/\/go-microdose.com\/de\/wp-json\/wp\/v2\/product_tag?post=60726"},{"taxonomy":"giftcard-category","embeddable":true,"href":"https:\/\/go-microdose.com\/de\/wp-json\/wp\/v2\/giftcard-category?post=60726"}],"curies":[{"name":"wp","href":"https:\/\/api.w.org\/{rel}","templated":true}]}}