{"id":60797,"date":"2023-06-20T23:31:11","date_gmt":"2023-06-20T23:31:11","guid":{"rendered":"https:\/\/go-microdose.com\/product\/cotae-cordyceps-kapseln\/"},"modified":"2026-04-06T07:53:32","modified_gmt":"2026-04-06T05:53:32","slug":"cotae-cordyceps-kapseln","status":"publish","type":"product","link":"https:\/\/go-microdose.com\/de\/produkt\/cotae-cordyceps-kapseln\/","title":{"rendered":"C\u014dtae Cordyceps-Kapseln"},"content":{"rendered":"<div class=\"wpb-content-wrapper\"><p>[vc_row][vc_column][vc_column_text]Die Cordyceps-Kapseln von C\u014dtae mit der Kennzeichnung \u201eEnergy &amp; Endurance\u201c vereinen alte Traditionen mit modernen Wellness-Bed\u00fcrfnissen. Cordyceps militaris, tief verwurzelt in der tibetischen und chinesischen Medizin, ist f\u00fcr seine energetisierende Wirkung bekannt und wird oft von Sportlern zur Leistungssteigerung genutzt. Im Gegensatz zu wilden Exemplaren wird unser Cordyceps auf sorgf\u00e4ltig ausgew\u00e4hlten Substraten kultiviert, was ein n\u00e4hrstoffreiches Produkt ohne Schwermetallbelastungen garantiert.  <\/p>\n<p>Jede Kapsel ist ein Kraftpaket, das darauf ausgelegt ist, dich zu beleben und zu st\u00e4rken. Unsere Kapseln werden ausschlie\u00dflich aus den Fruchtk\u00f6rpern von Cordyceps militaris hergestellt und stehen f\u00fcr Reinheit und Wirksamkeit. Wir verzichten auf auf Getreide gez\u00fcchtetes Myzel und setzen stattdessen auf ein Produkt, das sowohl potent als auch ethisch vertretbar ist. Unsere standardisierten Extrakte garantieren einen Polysaccharidgehalt von mindestens 30 %, was unser Engagement f\u00fcr Qualit\u00e4t und Wirksamkeit unterstreicht.   <\/p>\n<p>Die Cordyceps-Kapseln von C\u014dtae wurden f\u00fcr Menschen entwickelt, die ihre Vitalit\u00e4t und Ausdauer steigern m\u00f6chten. Das hohe Konzentrationsverh\u00e4ltnis von 8:1 stellt sicher, dass jede 400-mg-Kapsel voller wertvoller Wirkstoffe des Pilzes steckt. Egal, ob du Profisportler, Fitness-Fan oder einfach auf der Suche nach mehr Energie im Alltag bist \u2013 unsere Cordyceps-Kapseln bieten einen nat\u00fcrlichen, kraftvollen Schub f\u00fcr deine Routine.  <\/p>\n<p>Bei unseren Kapseln geht es nicht nur darum, den K\u00f6rper zu energetisieren, sondern auch darum, die Harmonie der Natur zu achten. Sie sind eine Hommage an unsere symbiotische Beziehung zur Erde und nutzen ihre Gaben verantwortungsbewusst. Mit der Wahl von C\u014dtae Cordyceps pflegst du nicht nur deinen K\u00f6rper, sondern wirst auch Teil einer gr\u00f6\u00dferen Bewegung f\u00fcr nachhaltige Gesundheitsl\u00f6sungen.[\/vc_column_text][\/vc_column][\/vc_row]<\/p>\n<\/div>","protected":false},"excerpt":{"rendered":"<p>Die Cordyceps-Kapseln von C\u014dtae mit der Kennzeichnung \u201eEnergy &amp; Endurance\u201c vereinen alte Traditionen mit modernen Wellness-Bed\u00fcrfnissen. Cordyceps militaris, tief verwurzelt in der tibetischen und chinesischen Medizin, ist f\u00fcr seine energetisierende Wirkung bekannt und wird oft von Sportlern zur Leistungssteigerung genutzt. Im Gegensatz zu wilden Exemplaren wird unser Cordyceps auf sorgf\u00e4ltig ausgew\u00e4hlten Substraten kultiviert, was ein n\u00e4hrstoffreiches Produkt ohne Schwermetallbelastungen garantiert.  <\/p>\n<p>Jede Kapsel ist ein Kraftpaket, das darauf ausgelegt ist, dich zu beleben und zu st\u00e4rken. Unsere Kapseln werden ausschlie\u00dflich aus den Fruchtk\u00f6rpern von Cordyceps militaris hergestellt und stehen f\u00fcr Reinheit und Wirksamkeit. Wir verzichten auf auf Getreide gez\u00fcchtetes Myzel und setzen stattdessen auf ein Produkt, das sowohl potent als auch ethisch vertretbar ist. Unsere standardisierten Extrakte garantieren einen Polysaccharidgehalt von mindestens 30 %, was unser Engagement f\u00fcr Qualit\u00e4t und Wirksamkeit unterstreicht.   <\/p>\n<p>Die Cordyceps-Kapseln von C\u014dtae wurden f\u00fcr Menschen entwickelt, die ihre Vitalit\u00e4t und Ausdauer steigern m\u00f6chten. Das hohe Konzentrationsverh\u00e4ltnis von 8:1 stellt sicher, dass jede 400-mg-Kapsel voller wertvoller Wirkstoffe des Pilzes steckt. Egal, ob du Profisportler, Fitness-Fan oder einfach auf der Suche nach mehr Energie im Alltag bist \u2013 unsere Cordyceps-Kapseln bieten einen nat\u00fcrlichen, kraftvollen Schub f\u00fcr deine Routine.  <\/p>\n<p>Bei unseren Kapseln geht es nicht nur darum, den K\u00f6rper zu energetisieren, sondern auch darum, die Harmonie der Natur zu achten. Sie sind eine Hommage an unsere symbiotische Beziehung zur Erde und nutzen ihre Gaben verantwortungsbewusst. Mit der Wahl von C\u014dtae Cordyceps pflegst du nicht nur deinen K\u00f6rper, sondern wirst auch Teil einer gr\u00f6\u00dferen Bewegung f\u00fcr nachhaltige Gesundheitsl\u00f6sungen.  <\/p>\n","protected":false},"featured_media":60799,"comment_status":"open","ping_status":"closed","template":"","meta":{"_acf_changed":false},"product_brand":[],"product_cat":[185],"product_tag":[],"giftcard-category":[],"class_list":{"0":"post-60797","1":"product","2":"type-product","3":"status-publish","4":"has-post-thumbnail","6":"product_cat-pilz-nahrungserganzungsmittel","7":"product_shipping_class-grose-box","9":"first","10":"instock","11":"taxable","12":"shipping-taxable","13":"purchasable","14":"product-type-simple"},"acf":[],"_links":{"self":[{"href":"https:\/\/go-microdose.com\/de\/wp-json\/wp\/v2\/product\/60797","targetHints":{"allow":["GET"]}}],"collection":[{"href":"https:\/\/go-microdose.com\/de\/wp-json\/wp\/v2\/product"}],"about":[{"href":"https:\/\/go-microdose.com\/de\/wp-json\/wp\/v2\/types\/product"}],"replies":[{"embeddable":true,"href":"https:\/\/go-microdose.com\/de\/wp-json\/wp\/v2\/comments?post=60797"}],"wp:featuredmedia":[{"embeddable":true,"href":"https:\/\/go-microdose.com\/de\/wp-json\/wp\/v2\/media\/60799"}],"wp:attachment":[{"href":"https:\/\/go-microdose.com\/de\/wp-json\/wp\/v2\/media?parent=60797"}],"wp:term":[{"taxonomy":"product_brand","embeddable":true,"href":"https:\/\/go-microdose.com\/de\/wp-json\/wp\/v2\/product_brand?post=60797"},{"taxonomy":"product_cat","embeddable":true,"href":"https:\/\/go-microdose.com\/de\/wp-json\/wp\/v2\/product_cat?post=60797"},{"taxonomy":"product_tag","embeddable":true,"href":"https:\/\/go-microdose.com\/de\/wp-json\/wp\/v2\/product_tag?post=60797"},{"taxonomy":"giftcard-category","embeddable":true,"href":"https:\/\/go-microdose.com\/de\/wp-json\/wp\/v2\/giftcard-category?post=60797"}],"curies":[{"name":"wp","href":"https:\/\/api.w.org\/{rel}","templated":true}]}}