{"id":60836,"date":"2023-06-20T22:16:42","date_gmt":"2023-06-20T22:16:42","guid":{"rendered":"https:\/\/go-microdose.com\/product\/pajaritos-trueffel\/"},"modified":"2026-04-06T07:53:38","modified_gmt":"2026-04-06T05:53:38","slug":"pajaritos-trueffel","status":"publish","type":"product","link":"https:\/\/go-microdose.com\/de\/produkt\/pajaritos-trueffel\/","title":{"rendered":"Pajaritos Tr\u00fcffel"},"content":{"rendered":"<div class=\"wpb-content-wrapper\"><p>[vc_row][vc_column][vc_column_text]Pajaritos Zaubertr\u00fcffel, was auf Spanisch \u201eV\u00f6gelchen\u201c bedeutet, bieten einen euphorischen, belebenden Trip. Diese Tr\u00fcffel sind besonders beliebt f\u00fcr ihre fr\u00f6hliche und kreativit\u00e4tsf\u00f6rdernde Wirkung. Sie sind die ideale Wahl f\u00fcr gesellige Runden oder f\u00fcr Neulinge in der Welt der Psychedelika. Alle unsere Pajaritos Tr\u00fcffel sind 100 % vegan, glutenfrei und nachhaltig angebaut, was dir eine sichere und angenehme Reise garantiert.   <\/p>\n<p><strong>Wirkung<\/strong><br \/>\nPajaritos Zaubertr\u00fcffel sind bekannt f\u00fcr ihre euphorische Wirkung, die die Stimmung hebt und die Kreativit\u00e4t f\u00f6rdert. Sie erzeugen eine unbeschwerte psychedelische Erfahrung, die Lachen, soziale Interaktion und neue Perspektiven anregen kann. Diese Effekte machen sie zur perfekten Erg\u00e4nzung f\u00fcr ein gem\u00fctliches Beisammensein mit Freunden oder um deinem Alltag einfach einen Farbtupfer zu verleihen.  <\/p>\n<p><strong>St\u00e4rke, Dosierung und Anwendung<\/strong><br \/>\nPajaritos Zaubertr\u00fcffel sind in Bezug auf die psychedelische Intensit\u00e4t relativ mild. Obwohl die Dosierung dennoch ernst genommen werden sollte, sind sie eine ausgezeichnete Wahl f\u00fcr Einsteiger in die Welt der Psychedelika oder f\u00fcr diejenigen, die eine weniger intensive, kontrollierbare Erfahrung bevorzugen.<br \/>\nEntdecke deine ideale Einnahmemenge mit unserem benutzerfreundlichen <strong><a href=\"https:\/\/go-microdose.com\/de\/dosierungsrechner\/\">Dosierungsrechner<\/a><\/strong>, der speziell darauf zugeschnitten ist, dein optimales Erlebnis zu gew\u00e4hrleisten. <\/p>\n<p><strong>Inhalt<\/strong><br \/>\nJede Packung Pajaritos Zaubertr\u00fcffel enth\u00e4lt ca. 18 g. Je nach individueller Toleranz und gew\u00fcnschter Intensit\u00e4t der Erfahrung kann diese Menge f\u00fcr mehrere Dosen ausreichen. <\/p>\n<p><strong>Haltbarkeit<\/strong><br \/>\nUnge\u00f6ffnet im K\u00fchlschrank gelagert, haben Pajaritos Zaubertr\u00fcffel eine Haltbarkeit von 2 Monaten. Um Frische und Wirksamkeit zu gew\u00e4hrleisten, wird empfohlen, sie innerhalb dieses Zeitraums zu verzehren. <\/p>\n<p><strong>WARNUNG<\/strong><br \/>\nObwohl Pajaritos Zaubertr\u00fcffel mild sind, sollten sie dennoch mit Vorsicht eingenommen werden. Beginne immer mit einer niedrigeren Dosis, wenn du neu im Umgang mit Zaubertr\u00fcffeln bist, und stelle sicher, dass w\u00e4hrend deiner Erfahrung ein n\u00fcchterner Tripsitter anwesend ist. Es ist nicht ratsam, unter dem Einfluss von Zaubertr\u00fcffeln Auto zu fahren. Verzichte auf die Einnahme, wenn du unter 18 Jahre alt bist, dich unwohl f\u00fchlst oder zu depressiven Verstimmungen neigst. Deine Sicherheit und dein geistiges Wohlbefinden sollten immer an erster Stelle stehen.[\/vc_column_text][\/vc_column][\/vc_row]<\/p>\n<\/div>","protected":false},"excerpt":{"rendered":"<p>Pajaritos Zaubertr\u00fcffel, was auf Spanisch \u201eV\u00f6gelchen\u201c bedeutet, bieten einen euphorischen, belebenden Trip. Diese Tr\u00fcffel sind besonders beliebt f\u00fcr ihre fr\u00f6hliche und kreativit\u00e4tsf\u00f6rdernde Wirkung. Sie sind die ideale Wahl f\u00fcr gesellige Runden oder f\u00fcr Neulinge in der Welt der Psychedelika. Alle unsere Pajaritos Tr\u00fcffel sind 100 % vegan, glutenfrei und nachhaltig angebaut, was dir eine sichere und angenehme Reise garantiert.   <\/p>\n<p><strong>Wirkung<\/strong><br \/>\nPajaritos Zaubertr\u00fcffel sind bekannt f\u00fcr ihre euphorische Wirkung, die die Stimmung hebt und die Kreativit\u00e4t f\u00f6rdert. Sie erzeugen eine unbeschwerte psychedelische Erfahrung, die Lachen, soziale Interaktion und neue Perspektiven anregen kann. Diese Effekte machen sie zur perfekten Erg\u00e4nzung f\u00fcr ein gem\u00fctliches Beisammensein mit Freunden oder um deinem Alltag einfach einen Farbtupfer zu verleihen.  <\/p>\n<p><strong>St\u00e4rke, Dosierung und Anwendung<\/strong><br \/>\nPajaritos Zaubertr\u00fcffel sind in Bezug auf die psychedelische Intensit\u00e4t relativ mild. Obwohl die Dosierung dennoch ernst genommen werden sollte, sind sie eine ausgezeichnete Wahl f\u00fcr Einsteiger in die Welt der Psychedelika oder f\u00fcr diejenigen, die eine weniger intensive, kontrollierbare Erfahrung bevorzugen.<br \/>\nEntdecke deine ideale Einnahmemenge mit unserem benutzerfreundlichen <strong><a href=\"https:\/\/go-microdose.com\/de\/dosierungsrechner\/\">Dosierungsrechner<\/a><\/strong>, der speziell darauf zugeschnitten ist, dein optimales Erlebnis zu gew\u00e4hrleisten. <\/p>\n<p><strong>Inhalt<\/strong><br \/>\nJede Packung Pajaritos Zaubertr\u00fcffel enth\u00e4lt ca. 18 g. Je nach individueller Toleranz und gew\u00fcnschter Intensit\u00e4t der Erfahrung kann diese Menge f\u00fcr mehrere Dosen ausreichen. <\/p>\n<p><strong>Haltbarkeit<\/strong><br \/>\nUnge\u00f6ffnet im K\u00fchlschrank gelagert, haben Pajaritos Zaubertr\u00fcffel eine Haltbarkeit von 2 Monaten. Um Frische und Wirksamkeit zu gew\u00e4hrleisten, wird empfohlen, sie innerhalb dieses Zeitraums zu verzehren. <\/p>\n<p><strong>WARNUNG<\/strong><br \/>\nObwohl Pajaritos Zaubertr\u00fcffel mild sind, sollten sie dennoch mit Vorsicht eingenommen werden. Beginne immer mit einer niedrigeren Dosis, wenn du neu im Umgang mit Zaubertr\u00fcffeln bist, und stelle sicher, dass w\u00e4hrend deiner Erfahrung ein n\u00fcchterner Tripsitter anwesend ist. Es ist nicht ratsam, unter dem Einfluss von Zaubertr\u00fcffeln Auto zu fahren. Verzichte auf die Einnahme, wenn du unter 18 Jahre alt bist, dich unwohl f\u00fchlst oder zu depressiven Verstimmungen neigst. Deine Sicherheit und dein geistiges Wohlbefinden sollten immer an erster Stelle stehen.    <\/p>\n","protected":false},"featured_media":60837,"comment_status":"open","ping_status":"closed","template":"","meta":{"_acf_changed":false},"product_brand":[],"product_cat":[233],"product_tag":[],"giftcard-category":[],"class_list":{"0":"post-60836","1":"product","2":"type-product","3":"status-publish","4":"has-post-thumbnail","6":"product_cat-magic-truffles","8":"first","9":"instock","10":"taxable","11":"shipping-taxable","12":"purchasable","13":"product-type-simple"},"acf":[],"_links":{"self":[{"href":"https:\/\/go-microdose.com\/de\/wp-json\/wp\/v2\/product\/60836","targetHints":{"allow":["GET"]}}],"collection":[{"href":"https:\/\/go-microdose.com\/de\/wp-json\/wp\/v2\/product"}],"about":[{"href":"https:\/\/go-microdose.com\/de\/wp-json\/wp\/v2\/types\/product"}],"replies":[{"embeddable":true,"href":"https:\/\/go-microdose.com\/de\/wp-json\/wp\/v2\/comments?post=60836"}],"wp:featuredmedia":[{"embeddable":true,"href":"https:\/\/go-microdose.com\/de\/wp-json\/wp\/v2\/media\/60837"}],"wp:attachment":[{"href":"https:\/\/go-microdose.com\/de\/wp-json\/wp\/v2\/media?parent=60836"}],"wp:term":[{"taxonomy":"product_brand","embeddable":true,"href":"https:\/\/go-microdose.com\/de\/wp-json\/wp\/v2\/product_brand?post=60836"},{"taxonomy":"product_cat","embeddable":true,"href":"https:\/\/go-microdose.com\/de\/wp-json\/wp\/v2\/product_cat?post=60836"},{"taxonomy":"product_tag","embeddable":true,"href":"https:\/\/go-microdose.com\/de\/wp-json\/wp\/v2\/product_tag?post=60836"},{"taxonomy":"giftcard-category","embeddable":true,"href":"https:\/\/go-microdose.com\/de\/wp-json\/wp\/v2\/giftcard-category?post=60836"}],"curies":[{"name":"wp","href":"https:\/\/api.w.org\/{rel}","templated":true}]}}