{"id":60892,"date":"2023-06-20T23:07:51","date_gmt":"2023-06-20T23:07:51","guid":{"rendered":"https:\/\/go-microdose.com\/product\/mckennaii-growkit\/"},"modified":"2026-04-06T07:53:37","modified_gmt":"2026-04-06T05:53:37","slug":"mckennaii-growkit","status":"publish","type":"product","link":"https:\/\/go-microdose.com\/de\/produkt\/mckennaii-growkit\/","title":{"rendered":"McKennaii Growkit"},"content":{"rendered":"<div class=\"wpb-content-wrapper\"><p>[vc_row][vc_column][vc_column_text]<\/p>\n<p class=\"p1\">Die McKennaii Zauberpilze sind bekannt f\u00fcr ihre potenten und transformativen Wirkungen. Benannt zu Ehren des amerikanischen Ethnobotanikers Terence McKenna, werden diese Zauberpilze dem Erbe ihres Namensgebers gerecht, indem sie tiefgreifende psychedelische Erfahrungen bieten. Mit unserem 100% Myzel Growkit kannst du diese potente Sorte bequem von zu Hause aus anbauen, was einen erheblichen Ertrag und mehrere Ernten verspricht.  <\/p>\n<p class=\"p1\"><strong>Wirkung<br \/>\n<\/strong>McKennaii Zauberpilze sind bekannt f\u00fcr ihre potenten psychedelischen Wirkungen. Nutzer berichten h\u00e4ufig von intensiven visuellen Halluzinationen, Zeitverzerrung und einer gesteigerten Wertsch\u00e4tzung f\u00fcr Kl\u00e4nge und Farben. Die Reise beinhaltet oft tiefe Selbstreflexion und spirituelle Einsichten, was McKennaii zu einem Favoriten unter Psychonauten macht.  <\/p>\n<p class=\"p1\"><strong>St\u00e4rke, Dosierung und Anwendung<br \/>\n<\/strong>McKennaii Zauberpilze gelten als eine der st\u00e4rksten verf\u00fcgbaren Sorten und bieten selbst in kleinen Dosen eine hochpotente Erfahrung. Daher werden sie f\u00fcr diejenigen empfohlen, die bereits Erfahrung mit Psilocybin-Pilzen haben. Beginne immer mit einer kleineren Dosis und erh\u00f6he diese schrittweise, sobald du dich an die Wirkung gew\u00f6hnt hast.<br \/>\nEntdecke deine ideale Einnahme mit unserem benutzerfreundlichen <strong><a href=\"https:\/\/go-microdose.com\/de\/dosierungsrechner\/\">Dosierungsrechner<\/a><\/strong>, ma\u00dfgeschneidert, um dein optimales Erlebnis zu gew\u00e4hrleisten.  <\/p>\n<p class=\"p1\"><strong>Inhalt<br \/>\n<\/strong>Unser GO Microdose 100% Myzel Growkit enth\u00e4lt alles, was du zum Anbau deiner eigenen McKennaii Zauberpilze ben\u00f6tigst. Jedes Kit enth\u00e4lt ein 1200cc Growkit, einen Growbag mit Luftfiltern und zwei B\u00fcroklammern. Detaillierte Anbauanleitungen in Niederl\u00e4ndisch und Englisch leiten dich durch den Kultivierungsprozess. Bei entsprechender Pflege k\u00f6nnen diese 1200cc Growkits zwischen 400 und 800 g frische Pilze \u00fcber mehrere Erntewellen hinweg liefern.   <\/p>\n<p class=\"p1\"><strong>Haltbarkeit<br \/>\n<\/strong>Bei k\u00fchler Lagerung ist das GrowKit etwa 3 bis 6 Monate haltbar. Au\u00dferhalb des K\u00fchlschranks ist die Haltbarkeit des Growkits jedoch begrenzt. Um die besten Ergebnisse zu erzielen, wird empfohlen, den Anbau so bald wie m\u00f6glich zu beginnen.  <\/p>\n<p class=\"p1\"><strong>WARNUNG<\/strong><br \/>\nDer Anbau von McKennaii Zauberpilzen ist mit unserem Growkit unkompliziert, aber es ist wichtig, das Endprodukt mit gr\u00f6\u00dftem Respekt zu behandeln. Konsumiere keine Zauberpilze, wenn du unter 18 Jahre alt, schwanger, anf\u00e4llig f\u00fcr psychische Probleme bist oder in Kombination mit Alkohol oder anderen Drogen. Habe w\u00e4hrend deiner Erfahrung immer einen n\u00fcchternen Tripsitter anwesend, da Zauberpilze starke psychologische Erfahrungen hervorrufen k\u00f6nnen.  <\/p>\n<p>[\/vc_column_text][\/vc_column][\/vc_row]<\/p>\n<\/div>","protected":false},"excerpt":{"rendered":"<p class=\"p1\">Die McKennaii Zauberpilze sind bekannt f\u00fcr ihre potenten und transformativen Wirkungen. Benannt zu Ehren des amerikanischen Ethnobotanikers Terence McKenna, werden diese Zauberpilze dem Erbe ihres Namensgebers gerecht, indem sie tiefgreifende psychedelische Erfahrungen bieten. Mit unserem 100% Myzel Growkit kannst du diese potente Sorte bequem von zu Hause aus anbauen, was einen erheblichen Ertrag und mehrere Ernten verspricht.  <\/p>\n<p class=\"p1\"><strong>Wirkung<br \/>\n<\/strong>McKennaii Zauberpilze sind bekannt f\u00fcr ihre potenten psychedelischen Wirkungen. Nutzer berichten h\u00e4ufig von intensiven visuellen Halluzinationen, Zeitverzerrung und einer gesteigerten Wertsch\u00e4tzung f\u00fcr Kl\u00e4nge und Farben. Die Reise beinhaltet oft tiefe Selbstreflexion und spirituelle Einsichten, was McKennaii zu einem Favoriten unter Psychonauten macht.  <\/p>\n<p class=\"p1\"><strong>St\u00e4rke, Dosierung und Anwendung<br \/>\n<\/strong>McKennaii Zauberpilze gelten als eine der st\u00e4rksten verf\u00fcgbaren Sorten und bieten selbst in kleinen Dosen eine hochpotente Erfahrung. Daher werden sie f\u00fcr diejenigen empfohlen, die bereits Erfahrung mit Psilocybin-Pilzen haben. Beginne immer mit einer kleineren Dosis und erh\u00f6he diese schrittweise, sobald du dich an die Wirkung gew\u00f6hnt hast.<br \/>\nEntdecke deine ideale Einnahme mit unserem benutzerfreundlichen <strong><a href=\"https:\/\/go-microdose.com\/de\/dosierungsrechner\/\">Dosierungsrechner<\/a><\/strong>, ma\u00dfgeschneidert, um dein optimales Erlebnis zu gew\u00e4hrleisten.  <\/p>\n<p class=\"p1\"><strong>Inhalt<br \/>\n<\/strong>Unser GO Microdose 100% Myzel Growkit enth\u00e4lt alles, was du zum Anbau deiner eigenen McKennaii Zauberpilze ben\u00f6tigst. Jedes Kit enth\u00e4lt ein 1200cc Growkit, einen Growbag mit Luftfiltern und zwei B\u00fcroklammern. Detaillierte Anbauanleitungen in Niederl\u00e4ndisch und Englisch leiten dich durch den Kultivierungsprozess. Bei entsprechender Pflege k\u00f6nnen diese 1200cc Growkits zwischen 400 und 800 g frische Pilze \u00fcber mehrere Erntewellen hinweg liefern.   <\/p>\n<p class=\"p1\"><strong>Haltbarkeit<br \/>\n<\/strong>Bei k\u00fchler Lagerung ist das GrowKit etwa 3 bis 6 Monate haltbar. Au\u00dferhalb des K\u00fchlschranks ist die Haltbarkeit des Growkits jedoch begrenzt. Um die besten Ergebnisse zu erzielen, wird empfohlen, den Anbau so bald wie m\u00f6glich zu beginnen.  <\/p>\n<p class=\"p1\"><strong>WARNUNG<\/strong><br \/>\nDer Anbau von McKennaii Zauberpilzen ist mit unserem Growkit unkompliziert, aber es ist wichtig, das Endprodukt mit gr\u00f6\u00dftem Respekt zu behandeln. Konsumiere keine Zauberpilze, wenn du unter 18 Jahre alt, schwanger, anf\u00e4llig f\u00fcr psychische Probleme bist oder in Kombination mit Alkohol oder anderen Drogen. Habe w\u00e4hrend deiner Erfahrung immer einen n\u00fcchternen Tripsitter anwesend, da Zauberpilze starke psychologische Erfahrungen hervorrufen k\u00f6nnen.  <\/p>\n","protected":false},"featured_media":60900,"comment_status":"open","ping_status":"closed","template":"","meta":{"_acf_changed":false},"product_brand":[],"product_cat":[238],"product_tag":[],"giftcard-category":[],"class_list":{"0":"post-60892","1":"product","2":"type-product","3":"status-publish","4":"has-post-thumbnail","6":"product_cat-zauberpilz-growkits","7":"product_shipping_class-grose-box","9":"first","10":"instock","11":"taxable","12":"shipping-taxable","13":"purchasable","14":"product-type-simple"},"acf":[],"_links":{"self":[{"href":"https:\/\/go-microdose.com\/de\/wp-json\/wp\/v2\/product\/60892","targetHints":{"allow":["GET"]}}],"collection":[{"href":"https:\/\/go-microdose.com\/de\/wp-json\/wp\/v2\/product"}],"about":[{"href":"https:\/\/go-microdose.com\/de\/wp-json\/wp\/v2\/types\/product"}],"replies":[{"embeddable":true,"href":"https:\/\/go-microdose.com\/de\/wp-json\/wp\/v2\/comments?post=60892"}],"wp:featuredmedia":[{"embeddable":true,"href":"https:\/\/go-microdose.com\/de\/wp-json\/wp\/v2\/media\/60900"}],"wp:attachment":[{"href":"https:\/\/go-microdose.com\/de\/wp-json\/wp\/v2\/media?parent=60892"}],"wp:term":[{"taxonomy":"product_brand","embeddable":true,"href":"https:\/\/go-microdose.com\/de\/wp-json\/wp\/v2\/product_brand?post=60892"},{"taxonomy":"product_cat","embeddable":true,"href":"https:\/\/go-microdose.com\/de\/wp-json\/wp\/v2\/product_cat?post=60892"},{"taxonomy":"product_tag","embeddable":true,"href":"https:\/\/go-microdose.com\/de\/wp-json\/wp\/v2\/product_tag?post=60892"},{"taxonomy":"giftcard-category","embeddable":true,"href":"https:\/\/go-microdose.com\/de\/wp-json\/wp\/v2\/giftcard-category?post=60892"}],"curies":[{"name":"wp","href":"https:\/\/api.w.org\/{rel}","templated":true}]}}