{"id":60922,"date":"2023-06-20T22:08:23","date_gmt":"2023-06-20T22:08:23","guid":{"rendered":"https:\/\/go-microdose.com\/product\/tampanensis-trueffel\/"},"modified":"2026-04-06T07:53:40","modified_gmt":"2026-04-06T05:53:40","slug":"tampanensis-trueffel","status":"publish","type":"product","link":"https:\/\/go-microdose.com\/de\/produkt\/tampanensis-trueffel\/","title":{"rendered":"Tampanensis Tr\u00fcffel"},"content":{"rendered":"<div class=\"wpb-content-wrapper\"><p>[vc_row][vc_column][vc_column_text]Tampanensis Zaubertr\u00fcffel (auch \u201eStein der Weisen\u201c genannt) bieten ein einzigartiges und tief introspektives psychedelisches Erlebnis. Bekannt f\u00fcr ihre potenten philosophischen Effekte und handhabbaren visuellen Eindr\u00fccke, dienen diese Tr\u00fcffel als Tor zur Selbstfindung und pers\u00f6nlichen Entwicklung. All unsere Tampanensis Tr\u00fcffel sind 100 % vegan, glutenfrei und nachhaltig angebaut, was dir eine sichere und transformative Reise garantiert.  <\/p>\n<p><strong>Effekte<\/strong><br \/>\nTampanensis Zaubertr\u00fcffel schaffen eine tiefgreifende Reise ins Innere der Psyche, die philosophische Einsichten und tiefe Introspektion anregt. Sie sind weniger f\u00fcr ihre visuellen Effekte bekannt, aber dies verst\u00e4rkt nur den inneren Fokus, was potenziell zu Offenbarungen und einem erh\u00f6hten Selbstbewusstsein f\u00fchren kann. Einige Nutzer berichten auch von einer gesteigerten Wertsch\u00e4tzung f\u00fcr Musik und \u00e4sthetische Erlebnisse.  <\/p>\n<p><strong>St\u00e4rke, Dosierung und Anwendung<\/strong><br \/>\nTampanensis Tr\u00fcffel bieten ein moderat starkes psychedelisches Erlebnis. Daher sollte die Dosierung sorgf\u00e4ltig abgewogen werden, basierend auf deiner Vertrautheit mit Psilocybin und deinem Komfortlevel mit dessen Effekten. Beginne immer mit einer kleineren Dosierung und passe sie entsprechend deiner Erfahrung an.<br \/>\nEntdecke deine ideale Einnahme mit unserem benutzerfreundlichen <strong><a href=\"https:\/\/go-microdose.com\/de\/dosierungsrechner\/\">Dosierungsrechner<\/a><\/strong>, ma\u00dfgeschneidert, um dein optimales Erlebnis zu gew\u00e4hrleisten.  <\/p>\n<p><strong>Inhalt<\/strong><br \/>\nJede Packung Tampanensis Zaubertr\u00fcffel enth\u00e4lt ca. 18 Gramm. Diese Menge kann, abh\u00e4ngig von der individuellen Toleranz und der Intensit\u00e4t des gew\u00fcnschten psychedelischen Erlebnisses, mehrere Dosen bieten. <\/p>\n<p><strong>Haltbarkeit<\/strong><br \/>\nUnge\u00f6ffnet im K\u00fchlschrank gelagert, haben Tampanensis Zaubertr\u00fcffel eine Haltbarkeit von 2 Monaten. Um Potenz und Frische zu erhalten, wird empfohlen, sie innerhalb dieses Zeitraums zu konsumieren. <\/p>\n<p><strong>WARNUNG<\/strong><br \/>\nAuch wenn Tampanensis Zaubertr\u00fcffel moderat stark sind, sollten sie mit Vorsicht eingenommen werden. Besonders wenn du neu bei Zaubertr\u00fcffeln bist, beginne immer mit einer kleineren Dosis und habe w\u00e4hrend deiner Reise eine n\u00fcchterne Begleitperson dabei. Fahre nicht unter dem Einfluss von Zaubertr\u00fcffeln und vermeide die Einnahme, wenn du unter 18 bist, dich unwohl f\u00fchlst oder eine depressive Veranlagung hast. Denke daran, deine Sicherheit und dein mentales Wohlbefinden sollten deine oberste Priorit\u00e4t sein.[\/vc_column_text][\/vc_column][\/vc_row]<\/p>\n<\/div>","protected":false},"excerpt":{"rendered":"<p>Tampanensis Zaubertr\u00fcffel (auch \u201eStein der Weisen\u201c genannt) bieten ein einzigartiges und tief introspektives psychedelisches Erlebnis. Bekannt f\u00fcr ihre potenten philosophischen Effekte und handhabbaren visuellen Eindr\u00fccke, dienen diese Tr\u00fcffel als Tor zur Selbstfindung und pers\u00f6nlichen Entwicklung. All unsere Tampanensis Tr\u00fcffel sind 100 % vegan, glutenfrei und nachhaltig angebaut, was dir eine sichere und transformative Reise garantiert.  <\/p>\n<p><strong>Effekte<\/strong><br \/>\nTampanensis Zaubertr\u00fcffel schaffen eine tiefgreifende Reise ins Innere der Psyche, die philosophische Einsichten und tiefe Introspektion anregt. Sie sind weniger f\u00fcr ihre visuellen Effekte bekannt, aber dies verst\u00e4rkt nur den inneren Fokus, was potenziell zu Offenbarungen und einem erh\u00f6hten Selbstbewusstsein f\u00fchren kann. Einige Nutzer berichten auch von einer gesteigerten Wertsch\u00e4tzung f\u00fcr Musik und \u00e4sthetische Erlebnisse.  <\/p>\n<p><strong>St\u00e4rke, Dosierung und Anwendung<\/strong><br \/>\nTampanensis Tr\u00fcffel bieten ein moderat starkes psychedelisches Erlebnis. Daher sollte die Dosierung sorgf\u00e4ltig abgewogen werden, basierend auf deiner Vertrautheit mit Psilocybin und deinem Komfortlevel mit dessen Effekten. Beginne immer mit einer kleineren Dosierung und passe sie entsprechend deiner Erfahrung an.<br \/>\nEntdecke deine ideale Einnahme mit unserem benutzerfreundlichen <strong><a href=\"https:\/\/go-microdose.com\/de\/dosierungsrechner\/\">Dosierungsrechner<\/a><\/strong>, ma\u00dfgeschneidert, um dein optimales Erlebnis zu gew\u00e4hrleisten.  <\/p>\n<p><strong>Inhalt<\/strong><br \/>\nJede Packung Tampanensis Zaubertr\u00fcffel enth\u00e4lt ca. 18 Gramm. Diese Menge kann, abh\u00e4ngig von der individuellen Toleranz und der Intensit\u00e4t des gew\u00fcnschten psychedelischen Erlebnisses, mehrere Dosen bieten. <\/p>\n<p><strong>Haltbarkeit<\/strong><br \/>\nUnge\u00f6ffnet im K\u00fchlschrank gelagert, haben Tampanensis Zaubertr\u00fcffel eine Haltbarkeit von 2 Monaten. Um Potenz und Frische zu erhalten, wird empfohlen, sie innerhalb dieses Zeitraums zu konsumieren. <\/p>\n<p><strong>WARNUNG<\/strong><br \/>\nAuch wenn Tampanensis Zaubertr\u00fcffel moderat stark sind, sollten sie mit Vorsicht eingenommen werden. Besonders wenn du neu bei Zaubertr\u00fcffeln bist, beginne immer mit einer kleineren Dosis und habe w\u00e4hrend deiner Reise eine n\u00fcchterne Begleitperson dabei. Fahre nicht unter dem Einfluss von Zaubertr\u00fcffeln und vermeide die Einnahme, wenn du unter 18 bist, dich unwohl f\u00fchlst oder eine depressive Veranlagung hast. Denke daran, deine Sicherheit und dein mentales Wohlbefinden sollten deine oberste Priorit\u00e4t sein.   <\/p>\n","protected":false},"featured_media":60930,"comment_status":"open","ping_status":"closed","template":"","meta":{"_acf_changed":false},"product_brand":[],"product_cat":[233],"product_tag":[],"giftcard-category":[],"class_list":{"0":"post-60922","1":"product","2":"type-product","3":"status-publish","4":"has-post-thumbnail","6":"product_cat-magic-truffles","8":"first","9":"instock","10":"taxable","11":"shipping-taxable","12":"purchasable","13":"product-type-simple"},"acf":[],"_links":{"self":[{"href":"https:\/\/go-microdose.com\/de\/wp-json\/wp\/v2\/product\/60922","targetHints":{"allow":["GET"]}}],"collection":[{"href":"https:\/\/go-microdose.com\/de\/wp-json\/wp\/v2\/product"}],"about":[{"href":"https:\/\/go-microdose.com\/de\/wp-json\/wp\/v2\/types\/product"}],"replies":[{"embeddable":true,"href":"https:\/\/go-microdose.com\/de\/wp-json\/wp\/v2\/comments?post=60922"}],"wp:featuredmedia":[{"embeddable":true,"href":"https:\/\/go-microdose.com\/de\/wp-json\/wp\/v2\/media\/60930"}],"wp:attachment":[{"href":"https:\/\/go-microdose.com\/de\/wp-json\/wp\/v2\/media?parent=60922"}],"wp:term":[{"taxonomy":"product_brand","embeddable":true,"href":"https:\/\/go-microdose.com\/de\/wp-json\/wp\/v2\/product_brand?post=60922"},{"taxonomy":"product_cat","embeddable":true,"href":"https:\/\/go-microdose.com\/de\/wp-json\/wp\/v2\/product_cat?post=60922"},{"taxonomy":"product_tag","embeddable":true,"href":"https:\/\/go-microdose.com\/de\/wp-json\/wp\/v2\/product_tag?post=60922"},{"taxonomy":"giftcard-category","embeddable":true,"href":"https:\/\/go-microdose.com\/de\/wp-json\/wp\/v2\/giftcard-category?post=60922"}],"curies":[{"name":"wp","href":"https:\/\/api.w.org\/{rel}","templated":true}]}}