{"id":60979,"date":"2023-06-20T21:49:10","date_gmt":"2023-06-20T21:49:10","guid":{"rendered":"https:\/\/go-microdose.com\/product\/hollandia-trueffel\/"},"modified":"2026-04-11T15:45:15","modified_gmt":"2026-04-11T13:45:15","slug":"hollandia-trueffel","status":"publish","type":"product","link":"https:\/\/go-microdose.com\/de\/produkt\/hollandia-trueffel\/","title":{"rendered":"Hollandia-Tr\u00fcffel"},"content":{"rendered":"<div class=\"wpb-content-wrapper\"><p>[vc_row][vc_column][vc_column_text]<\/p>\n<p class=\"p1\">Hollandia Magic Truffles sind bekannt f\u00fcr ihre starke, lebendige und transformative psychedelische Erfahrung. Dieses Produkt stammt aus fortschrittlicher niederl\u00e4ndischer Kultivierung und wird von erfahrenen Anwendern wegen seiner Potenz gesch\u00e4tzt. Nachhaltig angebaut, glutenfrei und vegan, bieten die Hollandia Tr\u00fcffel eine nat\u00fcrliche, sichere und intensive psychedelische Reise. <\/p>\n<p class=\"p1\"><strong>Wirkung<br \/>\n<\/strong>Anwender von Hollandia-Tr\u00fcffeln berichten oft von einer starken psychedelischen Reise voller kraftvoller visueller Eindr\u00fccke und tiefer Introspektion. Es kann zu gesteigerter Kreativit\u00e4t, ver\u00e4nderter Zeitwahrnehmung und tiefgreifenden Erkenntnissen kommen. Die Reise mit Hollandia wird oft mit Selbsterkenntnis und spirituellem Wachstum verbunden.  <\/p>\n<p class=\"p1\"><strong>St\u00e4rke, Dosierung und Anwendung<br \/>\n<\/strong>Die Hollandia-Tr\u00fcffel sind f\u00fcr ihre St\u00e4rke und Potenz bekannt. Es ist wichtig, die Anwendung mit Respekt anzugehen, besonders f\u00fcr Neulinge im Bereich psychedelischer Erfahrungen. Beginne mit einer kleineren Dosis und passe sie je nach Wohlbefinden und gew\u00fcnschter Intensit\u00e4t an.<br \/>\nErmittle deine ideale Menge mit unserem benutzerfreundlichen <strong><a href=\"https:\/\/go-microdose.com\/de\/dosierungsrechner\/\">Dosierungsrechner<\/a><\/strong>, der ma\u00dfgeschneidert ist, um dein optimales Erlebnis zu gew\u00e4hrleisten.  <\/p>\n<p class=\"p1\"><strong>Inhalt<\/strong><br \/>\nJede Packung Hollandia Magic Truffles enth\u00e4lt ca. 18 g. Diese Menge kann f\u00fcr mehrere Dosen reichen, abh\u00e4ngig von der Erfahrung des Anwenders und der gew\u00fcnschten Intensit\u00e4t der psychedelischen Reise. <\/p>\n<p class=\"p1\"><strong>Haltbarkeit<\/strong><br \/>\nUnge\u00f6ffnet im K\u00fchlschrank gelagert, haben Hollandia Magic Truffles eine Haltbarkeit von 2 Monaten. Um Frische und Potenz zu garantieren, empfehlen wir, sie innerhalb dieses Zeitraums zu verzehren. <\/p>\n<p class=\"p1\"><strong>WARNUNG<\/strong><br \/>\nDer Hollandia Magic Truffle ist eine potente Sorte. Achte unbedingt auf die Dosierung, besonders wenn du mit der Wirkung von Zaubertr\u00fcffeln nicht vertraut bist. Es ist ratsam, eine n\u00fcchterne Person (den \u201eSitter\u201c) dabei zu haben, die dich unterst\u00fctzt und f\u00fcr Sicherheit sorgt. Fahre nach dem Konsum kein Auto. Die Abgabe an Personen unter 18 Jahren ist untersagt. Verzichte auf den Konsum, wenn du dich unwohl f\u00fchlst oder eine depressive Veranlagung hast. Priorisiere Sicherheit und mentales Wohlbefinden bei der Erkundung psychedelischer Welten.      <\/p>\n<p>[\/vc_column_text][\/vc_column][\/vc_row]<\/p>\n<\/div>","protected":false},"excerpt":{"rendered":"<p class=\"p1\">Hollandia Magic Truffles sind bekannt f\u00fcr ihre starke, lebendige und transformative psychedelische Erfahrung. Dieses Produkt stammt aus fortschrittlicher niederl\u00e4ndischer Kultivierung und wird von erfahrenen Anwendern wegen seiner Potenz gesch\u00e4tzt. Nachhaltig angebaut, glutenfrei und vegan, bieten die Hollandia Tr\u00fcffel eine nat\u00fcrliche, sichere und intensive psychedelische Reise. <\/p>\n<p class=\"p1\"><strong>Wirkung<br \/>\n<\/strong>Anwender von Hollandia-Tr\u00fcffeln berichten oft von einer starken psychedelischen Reise voller kraftvoller visueller Eindr\u00fccke und tiefer Introspektion. Es kann zu gesteigerter Kreativit\u00e4t, ver\u00e4nderter Zeitwahrnehmung und tiefgreifenden Erkenntnissen kommen. Die Reise mit Hollandia wird oft mit Selbsterkenntnis und spirituellem Wachstum verbunden.  <\/p>\n<p class=\"p1\"><strong>St\u00e4rke, Dosierung und Anwendung<br \/>\n<\/strong>Die Hollandia-Tr\u00fcffel sind f\u00fcr ihre St\u00e4rke und Potenz bekannt. Es ist wichtig, die Anwendung mit Respekt anzugehen, besonders f\u00fcr Neulinge im Bereich psychedelischer Erfahrungen. Beginne mit einer kleineren Dosis und passe sie je nach Wohlbefinden und gew\u00fcnschter Intensit\u00e4t an.<br \/>\nErmittle deine ideale Menge mit unserem benutzerfreundlichen <strong><a href=\"https:\/\/go-microdose.com\/de\/dosierungsrechner\/\">Dosierungsrechner<\/a><\/strong>, der ma\u00dfgeschneidert ist, um dein optimales Erlebnis zu gew\u00e4hrleisten.  <\/p>\n<p class=\"p1\"><strong>Inhalt<\/strong><br \/>\nJede Packung Hollandia Magic Truffles enth\u00e4lt ca. 18 g. Diese Menge kann f\u00fcr mehrere Dosen reichen, abh\u00e4ngig von der Erfahrung des Anwenders und der gew\u00fcnschten Intensit\u00e4t der psychedelischen Reise. <\/p>\n<p class=\"p1\"><strong>Haltbarkeit<\/strong><br \/>\nUnge\u00f6ffnet im K\u00fchlschrank gelagert, haben Hollandia Magic Truffles eine Haltbarkeit von 2 Monaten. Um Frische und Potenz zu garantieren, empfehlen wir, sie innerhalb dieses Zeitraums zu verzehren. <\/p>\n<p class=\"p1\"><strong>WARNUNG<\/strong><br \/>\nDer Hollandia Magic Truffle ist eine potente Sorte. Achte unbedingt auf die Dosierung, besonders wenn du mit der Wirkung von Zaubertr\u00fcffeln nicht vertraut bist. Es ist ratsam, eine n\u00fcchterne Person (den \u201eSitter\u201c) dabei zu haben, die dich unterst\u00fctzt und f\u00fcr Sicherheit sorgt. Fahre nach dem Konsum kein Auto. Die Abgabe an Personen unter 18 Jahren ist untersagt. Verzichte auf den Konsum, wenn du dich unwohl f\u00fchlst oder eine depressive Veranlagung hast. Priorisiere Sicherheit und mentales Wohlbefinden bei der Erkundung psychedelischer Welten.      <\/p>\n","protected":false},"featured_media":60981,"comment_status":"open","ping_status":"closed","template":"","meta":{"_acf_changed":false},"product_brand":[],"product_cat":[233],"product_tag":[],"giftcard-category":[],"class_list":{"0":"post-60979","1":"product","2":"type-product","3":"status-publish","4":"has-post-thumbnail","6":"product_cat-magic-truffles","8":"first","9":"instock","10":"taxable","11":"shipping-taxable","12":"purchasable","13":"product-type-simple"},"acf":[],"_links":{"self":[{"href":"https:\/\/go-microdose.com\/de\/wp-json\/wp\/v2\/product\/60979","targetHints":{"allow":["GET"]}}],"collection":[{"href":"https:\/\/go-microdose.com\/de\/wp-json\/wp\/v2\/product"}],"about":[{"href":"https:\/\/go-microdose.com\/de\/wp-json\/wp\/v2\/types\/product"}],"replies":[{"embeddable":true,"href":"https:\/\/go-microdose.com\/de\/wp-json\/wp\/v2\/comments?post=60979"}],"wp:featuredmedia":[{"embeddable":true,"href":"https:\/\/go-microdose.com\/de\/wp-json\/wp\/v2\/media\/60981"}],"wp:attachment":[{"href":"https:\/\/go-microdose.com\/de\/wp-json\/wp\/v2\/media?parent=60979"}],"wp:term":[{"taxonomy":"product_brand","embeddable":true,"href":"https:\/\/go-microdose.com\/de\/wp-json\/wp\/v2\/product_brand?post=60979"},{"taxonomy":"product_cat","embeddable":true,"href":"https:\/\/go-microdose.com\/de\/wp-json\/wp\/v2\/product_cat?post=60979"},{"taxonomy":"product_tag","embeddable":true,"href":"https:\/\/go-microdose.com\/de\/wp-json\/wp\/v2\/product_tag?post=60979"},{"taxonomy":"giftcard-category","embeddable":true,"href":"https:\/\/go-microdose.com\/de\/wp-json\/wp\/v2\/giftcard-category?post=60979"}],"curies":[{"name":"wp","href":"https:\/\/api.w.org\/{rel}","templated":true}]}}