{"id":61003,"date":"2023-06-20T22:01:01","date_gmt":"2023-06-20T22:01:01","guid":{"rendered":"https:\/\/go-microdose.com\/product\/atlantis-trueffel\/"},"modified":"2026-04-06T07:53:42","modified_gmt":"2026-04-06T05:53:42","slug":"atlantis-trueffel","status":"publish","type":"product","link":"https:\/\/go-microdose.com\/de\/produkt\/atlantis-trueffel\/","title":{"rendered":"Atlantis Tr\u00fcffel"},"content":{"rendered":"<div class=\"wpb-content-wrapper\"><p>[vc_row][vc_column][vc_column_text]Atlantis Zaubertr\u00fcffel sind eine beliebte Wahl unter den psychedelisch Interessierten f\u00fcr ihre F\u00e4higkeit, eine Balance aus bezaubernden visuellen Eindr\u00fccken und tiefen introspektiven Momenten zu bieten. Diese Tr\u00fcffel er\u00f6ffnen ein Reich der unbewussten Erkundung, was sie zu einer vielseitigen Wahl f\u00fcr neue und erfahrene Nutzer macht. Nachhaltig angebaut, vegan und glutenfrei, gew\u00e4hrleisten die Atlantis Tr\u00fcffel eine sichere und aufschlussreiche Reise.  <\/p>\n<p><strong>Wirkung<\/strong><br \/>\nNach dem Konsum sind Atlantis Zaubertr\u00fcffel daf\u00fcr bekannt, lebendige visuelle Eindr\u00fccke zu erzeugen und philosophische Introspektion anzuregen. Nutzer erleben oft eine gesch\u00e4rfte sensorische Wahrnehmung, eine verst\u00e4rkte Wertsch\u00e4tzung f\u00fcr Musik und Kunst und ein tiefes Gef\u00fchl der Verbundenheit mit dem Universum. Die psychologische Reise mit Atlantis kann zu pers\u00f6nlichem Wachstum und Selbstfindung f\u00fchren.  <\/p>\n<p><strong>St\u00e4rke, Dosierung und Anwendung<\/strong><br \/>\nDie St\u00e4rke der Atlantis Zaubertr\u00fcffel liegt im mittleren Bereich, wodurch sie sowohl f\u00fcr Anf\u00e4nger als auch f\u00fcr erfahrene Nutzer geeignet sind. Die Dosierung sollte basierend auf deinem Komfortlevel, deiner Vorerfahrung und der gew\u00fcnschten Intensit\u00e4t der Reise bestimmt werden.<br \/>\nEntdecke deine ideale Einnahme mit unserem benutzerfreundlichen <strong><a href=\"https:\/\/go-microdose.com\/de\/dosierungsrechner\/\">Dosierungsrechner<\/a><\/strong>, ma\u00dfgeschneidert, um dein optimales Erlebnis zu gew\u00e4hrleisten. <\/p>\n<p><strong>Inhalt<\/strong><br \/>\nJede Packung Atlantis Zaubertr\u00fcffel enth\u00e4lt ca. 18 Gramm. Diese Menge kann je nach Erfahrungsgrad des Nutzers und der gew\u00fcnschten Intensit\u00e4t des Erlebnisses f\u00fcr mehrere Dosen reichen. <\/p>\n<p><strong>Haltbarkeit<\/strong><br \/>\nDie Haltbarkeit unge\u00f6ffneter Atlantis Zaubertr\u00fcffel, die im K\u00fchlschrank gelagert werden, betr\u00e4gt 2 Monate. F\u00fcr beste Frische und Potenz wird empfohlen, sie innerhalb dieses Zeitraums zu konsumieren. <\/p>\n<p><strong>WARNUNG<\/strong><br \/>\nTrotz ihrer mittleren St\u00e4rke sollten Atlantis Zaubertr\u00fcffel mit Respekt und Vorsicht behandelt werden. Beginne immer mit einer kleineren Dosis, besonders wenn du neu bei Zaubertr\u00fcffeln bist. Zu deiner Sicherheit sollte eine n\u00fcchterne Person (der \u201eSitter\u201c) w\u00e4hrend der Reise anwesend sein. Vermeide das Autofahren nach dem Konsum von Zaubertr\u00fcffeln und verwende keine Zaubertr\u00fcffel, wenn du unter 18 bist, dich unwohl f\u00fchlst oder eine depressive Veranlagung hast. Wie bei allen psychedelischen Erfahrungen sollten deine Sicherheit und dein mentales Wohlbefinden oberste Priorit\u00e4t haben.[\/vc_column_text][\/vc_column][\/vc_row]<\/p>\n<\/div>","protected":false},"excerpt":{"rendered":"<p>Atlantis Zaubertr\u00fcffel sind eine beliebte Wahl unter den psychedelisch Interessierten f\u00fcr ihre F\u00e4higkeit, eine Balance aus bezaubernden visuellen Eindr\u00fccken und tiefen introspektiven Momenten zu bieten. Diese Tr\u00fcffel er\u00f6ffnen ein Reich der unbewussten Erkundung, was sie zu einer vielseitigen Wahl f\u00fcr neue und erfahrene Nutzer macht. Nachhaltig angebaut, vegan und glutenfrei, gew\u00e4hrleisten die Atlantis Tr\u00fcffel eine sichere und aufschlussreiche Reise.  <\/p>\n<p><strong>Wirkung<\/strong><br \/>\nNach dem Konsum sind Atlantis Zaubertr\u00fcffel daf\u00fcr bekannt, lebendige visuelle Eindr\u00fccke zu erzeugen und philosophische Introspektion anzuregen. Nutzer erleben oft eine gesch\u00e4rfte sensorische Wahrnehmung, eine verst\u00e4rkte Wertsch\u00e4tzung f\u00fcr Musik und Kunst und ein tiefes Gef\u00fchl der Verbundenheit mit dem Universum. Die psychologische Reise mit Atlantis kann zu pers\u00f6nlichem Wachstum und Selbstfindung f\u00fchren.  <\/p>\n<p><strong>St\u00e4rke, Dosierung und Anwendung<\/strong><br \/>\nDie St\u00e4rke der Atlantis Zaubertr\u00fcffel liegt im mittleren Bereich, wodurch sie sowohl f\u00fcr Anf\u00e4nger als auch f\u00fcr erfahrene Nutzer geeignet sind. Die Dosierung sollte basierend auf deinem Komfortlevel, deiner Vorerfahrung und der gew\u00fcnschten Intensit\u00e4t der Reise bestimmt werden.<br \/>\nEntdecke deine ideale Einnahme mit unserem benutzerfreundlichen <strong><a href=\"https:\/\/go-microdose.com\/de\/dosierungsrechner\/\">Dosierungsrechner<\/a><\/strong>, ma\u00dfgeschneidert, um dein optimales Erlebnis zu gew\u00e4hrleisten. <\/p>\n<p><strong>Inhalt<\/strong><br \/>\nJede Packung Atlantis Zaubertr\u00fcffel enth\u00e4lt ca. 18 Gramm. Diese Menge kann je nach Erfahrungsgrad des Nutzers und der gew\u00fcnschten Intensit\u00e4t des Erlebnisses f\u00fcr mehrere Dosen reichen. <\/p>\n<p><strong>Haltbarkeit<\/strong><br \/>\nDie Haltbarkeit unge\u00f6ffneter Atlantis Zaubertr\u00fcffel, die im K\u00fchlschrank gelagert werden, betr\u00e4gt 2 Monate. F\u00fcr beste Frische und Potenz wird empfohlen, sie innerhalb dieses Zeitraums zu konsumieren. <\/p>\n<p><strong>WARNUNG<\/strong><br \/>\nTrotz ihrer mittleren St\u00e4rke sollten Atlantis Zaubertr\u00fcffel mit Respekt und Vorsicht behandelt werden. Beginne immer mit einer kleineren Dosis, besonders wenn du neu bei Zaubertr\u00fcffeln bist. Zu deiner Sicherheit sollte eine n\u00fcchterne Person (der \u201eSitter\u201c) w\u00e4hrend der Reise anwesend sein. Vermeide das Autofahren nach dem Konsum von Zaubertr\u00fcffeln und verwende keine Zaubertr\u00fcffel, wenn du unter 18 bist, dich unwohl f\u00fchlst oder eine depressive Veranlagung hast. Wie bei allen psychedelischen Erfahrungen sollten deine Sicherheit und dein mentales Wohlbefinden oberste Priorit\u00e4t haben.    <\/p>\n","protected":false},"featured_media":61008,"comment_status":"open","ping_status":"closed","template":"","meta":{"_acf_changed":false},"product_brand":[],"product_cat":[233],"product_tag":[],"giftcard-category":[],"class_list":{"0":"post-61003","1":"product","2":"type-product","3":"status-publish","4":"has-post-thumbnail","6":"product_cat-magic-truffles","8":"first","9":"instock","10":"taxable","11":"shipping-taxable","12":"purchasable","13":"product-type-simple"},"acf":[],"_links":{"self":[{"href":"https:\/\/go-microdose.com\/de\/wp-json\/wp\/v2\/product\/61003","targetHints":{"allow":["GET"]}}],"collection":[{"href":"https:\/\/go-microdose.com\/de\/wp-json\/wp\/v2\/product"}],"about":[{"href":"https:\/\/go-microdose.com\/de\/wp-json\/wp\/v2\/types\/product"}],"replies":[{"embeddable":true,"href":"https:\/\/go-microdose.com\/de\/wp-json\/wp\/v2\/comments?post=61003"}],"wp:featuredmedia":[{"embeddable":true,"href":"https:\/\/go-microdose.com\/de\/wp-json\/wp\/v2\/media\/61008"}],"wp:attachment":[{"href":"https:\/\/go-microdose.com\/de\/wp-json\/wp\/v2\/media?parent=61003"}],"wp:term":[{"taxonomy":"product_brand","embeddable":true,"href":"https:\/\/go-microdose.com\/de\/wp-json\/wp\/v2\/product_brand?post=61003"},{"taxonomy":"product_cat","embeddable":true,"href":"https:\/\/go-microdose.com\/de\/wp-json\/wp\/v2\/product_cat?post=61003"},{"taxonomy":"product_tag","embeddable":true,"href":"https:\/\/go-microdose.com\/de\/wp-json\/wp\/v2\/product_tag?post=61003"},{"taxonomy":"giftcard-category","embeddable":true,"href":"https:\/\/go-microdose.com\/de\/wp-json\/wp\/v2\/giftcard-category?post=61003"}],"curies":[{"name":"wp","href":"https:\/\/api.w.org\/{rel}","templated":true}]}}