{"id":61072,"date":"2023-06-20T17:48:42","date_gmt":"2023-06-20T17:48:42","guid":{"rendered":"https:\/\/go-microdose.com\/product\/cotae-reishi-kapseln\/"},"modified":"2026-04-06T07:53:47","modified_gmt":"2026-04-06T05:53:47","slug":"cotae-reishi-kapseln","status":"publish","type":"product","link":"https:\/\/go-microdose.com\/de\/produkt\/cotae-reishi-kapseln\/","title":{"rendered":"C\u014dtae Reishi-Kapseln"},"content":{"rendered":"<div class=\"wpb-content-wrapper\"><p>[vc_row][vc_column][vc_column_text]C\u014dtaes Reishi \u2013 Harmony &amp; Vitality Kapseln bieten eine bew\u00e4hrte L\u00f6sung f\u00fcr alle, die ihr allgemeines Wohlbefinden steigern m\u00f6chten. Der Reishi-Pilz, auch \u201ePilz der Unsterblichkeit\u201c genannt, blickt auf eine \u00fcber zwei Jahrtausende alte Geschichte zur\u00fcck. Chinesische Mediziner verehrten diesen Pilz wegen seiner vermeintlichen Anti-Aging-Eigenschaften und seiner Symbolik f\u00fcr Freude, Heilung und Wohlstand.  <\/p>\n<p>Heute f\u00fchren C\u014dtaes Reishi-Kapseln dieses Erbe fort und bieten ein modernes Elixier, das die alte Weisheit und die starke Wirkung dieses gefeierten Pilzes vereint. Jede Kapsel enth\u00e4lt einen hochwirksamen 12:1-Extrakt aus den Fruchtk\u00f6rpern des Reishi-Pilzes. So ist jede 400-mg-Portion reich an bioaktiven Verbindungen, einschlie\u00dflich mindestens 30 % Polysacchariden. <\/p>\n<p>Unser Versprechen f\u00fcr Reinheit und Wirksamkeit ist unersch\u00fctterlich. Wir verzichten auf auf Getreide gez\u00fcchtetes Myzel und F\u00fcllstoffe und konzentrieren uns ausschlie\u00dflich auf die Fruchtk\u00f6rper des Pilzes. So erh\u00e4ltst du ein Produkt, das nicht nur effektiv ist, sondern auch h\u00f6chsten Standards bei ethischer Beschaffung und Produktion entspricht. Diese Hingabe zur Exzellenz zeigt sich in jeder Kapsel.  <\/p>\n<p>Indem du C\u014dtaes Reishi-Kapseln in deinen Alltag integrierst, w\u00e4hlst du den Weg zu harmonischer Vitalit\u00e4t. Diese Kapseln unterst\u00fctzen die nat\u00fcrlichen Rhythmen deines K\u00f6rpers und f\u00f6rdern ein ausgeglichenes Wohlbefinden f\u00fcr K\u00f6rper, Geist und Seele. Sie sind die perfekte Erg\u00e4nzung f\u00fcr alle, die ihre Ern\u00e4hrung mit den einzigartigen und gesundheitsf\u00f6rdernden Eigenschaften des Reishi, dem verehrten \u201ePilz der Unsterblichkeit\u201c, bereichern m\u00f6chten.[\/vc_column_text][\/vc_column][\/vc_row]<\/p>\n<\/div>","protected":false},"excerpt":{"rendered":"<p>C\u014dtaes Reishi \u2013 Harmony &amp; Vitality Kapseln bieten eine bew\u00e4hrte L\u00f6sung f\u00fcr alle, die ihr allgemeines Wohlbefinden steigern m\u00f6chten. Der Reishi-Pilz, auch \u201ePilz der Unsterblichkeit\u201c genannt, blickt auf eine \u00fcber zwei Jahrtausende alte Geschichte zur\u00fcck. Chinesische Mediziner verehrten diesen Pilz wegen seiner vermeintlichen Anti-Aging-Eigenschaften und seiner Symbolik f\u00fcr Freude, Heilung und Wohlstand.  <\/p>\n<p>Heute f\u00fchren C\u014dtaes Reishi-Kapseln dieses Erbe fort und bieten ein modernes Elixier, das die alte Weisheit und die starke Wirkung dieses gefeierten Pilzes vereint. Jede Kapsel enth\u00e4lt einen hochwirksamen 12:1-Extrakt aus den Fruchtk\u00f6rpern des Reishi-Pilzes. So ist jede 400-mg-Portion reich an bioaktiven Verbindungen, einschlie\u00dflich mindestens 30 % Polysacchariden. <\/p>\n<p>Unser Versprechen f\u00fcr Reinheit und Wirksamkeit ist unersch\u00fctterlich. Wir verzichten auf auf Getreide gez\u00fcchtetes Myzel und F\u00fcllstoffe und konzentrieren uns ausschlie\u00dflich auf die Fruchtk\u00f6rper des Pilzes. So erh\u00e4ltst du ein Produkt, das nicht nur effektiv ist, sondern auch h\u00f6chsten Standards bei ethischer Beschaffung und Produktion entspricht. Diese Hingabe zur Exzellenz zeigt sich in jeder Kapsel.  <\/p>\n<p>Indem du C\u014dtaes Reishi-Kapseln in deinen Alltag integrierst, w\u00e4hlst du den Weg zu harmonischer Vitalit\u00e4t. Diese Kapseln unterst\u00fctzen die nat\u00fcrlichen Rhythmen deines K\u00f6rpers und f\u00f6rdern ein ausgeglichenes Wohlbefinden f\u00fcr K\u00f6rper, Geist und Seele. Sie sind die perfekte Erg\u00e4nzung f\u00fcr alle, die ihre Ern\u00e4hrung mit den einzigartigen und gesundheitsf\u00f6rdernden Eigenschaften des Reishi, dem verehrten \u201ePilz der Unsterblichkeit\u201c, bereichern m\u00f6chten.  <\/p>\n","protected":false},"featured_media":61082,"comment_status":"open","ping_status":"closed","template":"","meta":{"_acf_changed":false},"product_brand":[],"product_cat":[185],"product_tag":[],"giftcard-category":[],"class_list":{"0":"post-61072","1":"product","2":"type-product","3":"status-publish","4":"has-post-thumbnail","6":"product_cat-pilz-nahrungserganzungsmittel","7":"product_shipping_class-grose-box","9":"first","10":"instock","11":"taxable","12":"shipping-taxable","13":"purchasable","14":"product-type-simple"},"acf":[],"_links":{"self":[{"href":"https:\/\/go-microdose.com\/de\/wp-json\/wp\/v2\/product\/61072","targetHints":{"allow":["GET"]}}],"collection":[{"href":"https:\/\/go-microdose.com\/de\/wp-json\/wp\/v2\/product"}],"about":[{"href":"https:\/\/go-microdose.com\/de\/wp-json\/wp\/v2\/types\/product"}],"replies":[{"embeddable":true,"href":"https:\/\/go-microdose.com\/de\/wp-json\/wp\/v2\/comments?post=61072"}],"wp:featuredmedia":[{"embeddable":true,"href":"https:\/\/go-microdose.com\/de\/wp-json\/wp\/v2\/media\/61082"}],"wp:attachment":[{"href":"https:\/\/go-microdose.com\/de\/wp-json\/wp\/v2\/media?parent=61072"}],"wp:term":[{"taxonomy":"product_brand","embeddable":true,"href":"https:\/\/go-microdose.com\/de\/wp-json\/wp\/v2\/product_brand?post=61072"},{"taxonomy":"product_cat","embeddable":true,"href":"https:\/\/go-microdose.com\/de\/wp-json\/wp\/v2\/product_cat?post=61072"},{"taxonomy":"product_tag","embeddable":true,"href":"https:\/\/go-microdose.com\/de\/wp-json\/wp\/v2\/product_tag?post=61072"},{"taxonomy":"giftcard-category","embeddable":true,"href":"https:\/\/go-microdose.com\/de\/wp-json\/wp\/v2\/giftcard-category?post=61072"}],"curies":[{"name":"wp","href":"https:\/\/api.w.org\/{rel}","templated":true}]}}