{"id":61073,"date":"2023-06-20T17:50:48","date_gmt":"2023-06-20T17:50:48","guid":{"rendered":"https:\/\/go-microdose.com\/product\/golden-teacher-growkit\/"},"modified":"2026-04-06T07:53:46","modified_gmt":"2026-04-06T05:53:46","slug":"golden-teacher-growkit","status":"publish","type":"product","link":"https:\/\/go-microdose.com\/de\/produkt\/golden-teacher-growkit\/","title":{"rendered":"Golden Teacher Growkit"},"content":{"rendered":"<div class=\"wpb-content-wrapper\"><p>[vc_row][vc_column][vc_column_text]Die Golden Teacher Magic Mushrooms werden f\u00fcr ihre spirituellen und aufschlussreichen Effekte verehrt. Sie bieten ein Tor zu Wissen, Weisheit und Verst\u00e4ndnis und verdienen damit ihren illustren Namen. Diese besondere Sorte von Psilocybe Cubensis hat aufgrund ihrer unbekannten Herkunft eine mysteri\u00f6se Aura, ist aber schnell zu einem Favoriten unter Z\u00fcchtern und Psychonauten geworden. Mit unserem 100% Myzelium-Growkit kannst du diese r\u00e4tselhafte Pilzsorte zu Hause z\u00fcchten und dabei einen reichen Ertrag und mehrere Ernten erwarten.   <\/p>\n<p><strong>Wirkung<\/strong><br \/>\nGolden Teacher Magic Mushrooms sind bekannt f\u00fcr ihre F\u00e4higkeit, eine zutiefst bedeutungsvolle und philosophische Erfahrung zu bieten. Nutzer berichten oft von Gef\u00fchlen der Erleuchtung, erh\u00f6htem Bewusstsein und Wahrnehmungsver\u00e4nderungen, einschlie\u00dflich ver\u00e4nderter Zeitwahrnehmung, visuellen Verzerrungen und intensiveren Farben. Mentale und emotionale Introspektion ist \u00fcblich und kann zu tiefgreifenden pers\u00f6nlichen Einsichten f\u00fchren.  <\/p>\n<p><strong>St\u00e4rke, Dosierung und Anwendung<\/strong><br \/>\nGolden Teacher Magic Mushrooms sind moderat potent und daher sowohl f\u00fcr Anf\u00e4nger als auch erfahrene Nutzer geeignet. Die Dosierung variiert je nach individueller Toleranz und der gew\u00fcnschten Intensit\u00e4t der Erfahrung. Es wird immer empfohlen, mit einer niedrigeren Dosis zu beginnen und diese schrittweise zu erh\u00f6hen, wenn du dich mit den Effekten vertrauter machst.<br \/>\nEntdecke deine ideale Einnahme mit unserem benutzerfreundlichen <strong><a href=\"https:\/\/go-microdose.com\/de\/dosierungsrechner\/\">Dosierungsrechner<\/a><\/strong>, der speziell auf deine optimale Erfahrung zugeschnitten ist.  <\/p>\n<p><strong>Inhalt<\/strong><br \/>\nUnser GO Microdose 100% Myzelium-Growkit bietet alles, was du brauchst, um die verehrten Golden Teacher Pilze zu z\u00fcchten. Jedes Kit enth\u00e4lt ein 1200 cc Growkit, einen Growbag mit Luftfiltern und zwei B\u00fcroklammern. Detaillierte Zuchtanleitungen werden sowohl auf Niederl\u00e4ndisch als auch auf Englisch bereitgestellt, um dich durch den Anbauprozess zu f\u00fchren. Bei richtiger Pflege k\u00f6nnen diese 1200 cc Growkits zwischen 400 und 800 g frische Pilze \u00fcber mehrere Ernten hinweg liefern.   <\/p>\n<p><strong>Haltbarkeit<\/strong><br \/>\nBei Lagerung in einer k\u00fchlen Umgebung kann das Growkit etwa 3 bis 6 Monate halten. Au\u00dferhalb des K\u00fchlschranks ist die Haltbarkeit des Growkits jedoch begrenzt. Es ist immer am besten, mit der Zucht so schnell wie m\u00f6glich zu beginnen, um die besten Ergebnisse zu garantieren.  <\/p>\n<p><strong>WARNUNG<\/strong><br \/>\nObwohl die Zucht von Golden Teacher Magic Mushrooms mit unserem Growkit unkompliziert ist, behandle das Endprodukt immer mit Respekt. Konsumiere keine Magic Mushrooms, wenn du unter 18 Jahre alt, schwanger, anf\u00e4llig f\u00fcr psychische Probleme bist oder in Kombination mit Alkohol oder anderen Drogen. Magic Mushrooms sind eine potente nat\u00fcrliche Substanz, die kraftvolle psychologische Erfahrungen hervorrufen kann. Habe immer einen n\u00fcchternen Tripsitter w\u00e4hrend deiner Erfahrung dabei.[\/vc_column_text][\/vc_column][\/vc_row]<\/p>\n<\/div>","protected":false},"excerpt":{"rendered":"<p>Die Golden Teacher Magic Mushrooms werden f\u00fcr ihre spirituellen und aufschlussreichen Effekte verehrt. Sie bieten ein Tor zu Wissen, Weisheit und Verst\u00e4ndnis und verdienen damit ihren illustren Namen. Diese besondere Sorte von Psilocybe Cubensis hat aufgrund ihrer unbekannten Herkunft eine mysteri\u00f6se Aura, ist aber schnell zu einem Favoriten unter Z\u00fcchtern und Psychonauten geworden. Mit unserem 100% Myzelium-Growkit kannst du diese r\u00e4tselhafte Pilzsorte zu Hause z\u00fcchten und dabei einen reichen Ertrag und mehrere Ernten erwarten.   <\/p>\n<p><strong>Wirkung<\/strong><br \/>\nGolden Teacher Magic Mushrooms sind bekannt f\u00fcr ihre F\u00e4higkeit, eine zutiefst bedeutungsvolle und philosophische Erfahrung zu bieten. Nutzer berichten oft von Gef\u00fchlen der Erleuchtung, erh\u00f6htem Bewusstsein und Wahrnehmungsver\u00e4nderungen, einschlie\u00dflich ver\u00e4nderter Zeitwahrnehmung, visuellen Verzerrungen und intensiveren Farben. Mentale und emotionale Introspektion ist \u00fcblich und kann zu tiefgreifenden pers\u00f6nlichen Einsichten f\u00fchren.  <\/p>\n<p><strong>St\u00e4rke, Dosierung und Anwendung<\/strong><br \/>\nGolden Teacher Magic Mushrooms sind moderat potent und daher sowohl f\u00fcr Anf\u00e4nger als auch erfahrene Nutzer geeignet. Die Dosierung variiert je nach individueller Toleranz und der gew\u00fcnschten Intensit\u00e4t der Erfahrung. Es wird immer empfohlen, mit einer niedrigeren Dosis zu beginnen und diese schrittweise zu erh\u00f6hen, wenn du dich mit den Effekten vertrauter machst.<br \/>\nEntdecke deine ideale Einnahme mit unserem benutzerfreundlichen <strong><a href=\"https:\/\/go-microdose.com\/de\/dosierungsrechner\/\">Dosierungsrechner<\/a><\/strong>, der speziell auf deine optimale Erfahrung zugeschnitten ist.  <\/p>\n<p><strong>Inhalt<\/strong><br \/>\nUnser GO Microdose 100% Myzelium-Growkit bietet alles, was du brauchst, um die verehrten Golden Teacher Pilze zu z\u00fcchten. Jedes Kit enth\u00e4lt ein 1200 cc Growkit, einen Growbag mit Luftfiltern und zwei B\u00fcroklammern. Detaillierte Zuchtanleitungen werden sowohl auf Niederl\u00e4ndisch als auch auf Englisch bereitgestellt, um dich durch den Anbauprozess zu f\u00fchren. Bei richtiger Pflege k\u00f6nnen diese 1200 cc Growkits zwischen 400 und 800 g frische Pilze \u00fcber mehrere Ernten hinweg liefern.   <\/p>\n<p><strong>Haltbarkeit<\/strong><br \/>\nBei Lagerung in einer k\u00fchlen Umgebung kann das Growkit etwa 3 bis 6 Monate halten. Au\u00dferhalb des K\u00fchlschranks ist die Haltbarkeit des Growkits jedoch begrenzt. Es ist immer am besten, mit der Zucht so schnell wie m\u00f6glich zu beginnen, um die besten Ergebnisse zu garantieren.  <\/p>\n<p><strong>WARNUNG<\/strong><br \/>\nObwohl die Zucht von Golden Teacher Magic Mushrooms mit unserem Growkit unkompliziert ist, behandle das Endprodukt immer mit Respekt. Konsumiere keine Magic Mushrooms, wenn du unter 18 Jahre alt, schwanger, anf\u00e4llig f\u00fcr psychische Probleme bist oder in Kombination mit Alkohol oder anderen Drogen. Magic Mushrooms sind eine potente nat\u00fcrliche Substanz, die kraftvolle psychologische Erfahrungen hervorrufen kann. Habe immer einen n\u00fcchternen Tripsitter w\u00e4hrend deiner Erfahrung dabei.   <\/p>\n","protected":false},"featured_media":61088,"comment_status":"open","ping_status":"closed","template":"","meta":{"_acf_changed":false},"product_brand":[],"product_cat":[235],"product_tag":[],"giftcard-category":[],"class_list":{"0":"post-61073","1":"product","2":"type-product","3":"status-publish","4":"has-post-thumbnail","6":"product_cat-growkit-di-funghi-magici","7":"product_shipping_class-confezione-grande","9":"first","10":"instock","11":"taxable","12":"shipping-taxable","13":"purchasable","14":"product-type-simple"},"acf":[],"_links":{"self":[{"href":"https:\/\/go-microdose.com\/de\/wp-json\/wp\/v2\/product\/61073","targetHints":{"allow":["GET"]}}],"collection":[{"href":"https:\/\/go-microdose.com\/de\/wp-json\/wp\/v2\/product"}],"about":[{"href":"https:\/\/go-microdose.com\/de\/wp-json\/wp\/v2\/types\/product"}],"replies":[{"embeddable":true,"href":"https:\/\/go-microdose.com\/de\/wp-json\/wp\/v2\/comments?post=61073"}],"wp:featuredmedia":[{"embeddable":true,"href":"https:\/\/go-microdose.com\/de\/wp-json\/wp\/v2\/media\/61088"}],"wp:attachment":[{"href":"https:\/\/go-microdose.com\/de\/wp-json\/wp\/v2\/media?parent=61073"}],"wp:term":[{"taxonomy":"product_brand","embeddable":true,"href":"https:\/\/go-microdose.com\/de\/wp-json\/wp\/v2\/product_brand?post=61073"},{"taxonomy":"product_cat","embeddable":true,"href":"https:\/\/go-microdose.com\/de\/wp-json\/wp\/v2\/product_cat?post=61073"},{"taxonomy":"product_tag","embeddable":true,"href":"https:\/\/go-microdose.com\/de\/wp-json\/wp\/v2\/product_tag?post=61073"},{"taxonomy":"giftcard-category","embeddable":true,"href":"https:\/\/go-microdose.com\/de\/wp-json\/wp\/v2\/giftcard-category?post=61073"}],"curies":[{"name":"wp","href":"https:\/\/api.w.org\/{rel}","templated":true}]}}