{"id":61118,"date":"2023-03-22T10:57:53","date_gmt":"2023-03-22T10:57:53","guid":{"rendered":"https:\/\/go-microdose.com\/product\/das-explorer-angebot\/"},"modified":"2026-04-06T07:53:52","modified_gmt":"2026-04-06T05:53:52","slug":"das-explorer-angebot","status":"publish","type":"product","link":"https:\/\/go-microdose.com\/de\/produkt\/das-explorer-angebot\/","title":{"rendered":"Das Explorer-Angebot"},"content":{"rendered":"<div class=\"wpb-content-wrapper\"><p>[vc_row][vc_column][vc_column_text]M\u00f6chtest du etwas Neues und Aufregendes ausprobieren? Unser &#8222;Kaufe 6, erhalte 8&#8220; Tr\u00fcffel-Paketangebot ist perfekt f\u00fcr alle, die ein Abenteuer suchen. Nur f\u00fcr begrenzte Zeit erh\u00e4ltst du 8 Packungen unserer hochwertigen Tr\u00fcffel zum Preis von 6 \u2013 das sind 25 % Rabatt.  <\/p>\n<p>Unsere Tr\u00fcffel eignen sich perfekt sowohl f\u00fcr Mikrodosierung als auch f\u00fcr den Freizeitgebrauch. Wir m\u00f6chten sicherstellen, dass du eine sichere und angenehme Erfahrung mit unseren Produkten hast, deshalb legen wir einen Dosierungsleitfaden bei, der dir den Einstieg erleichtert. Unsere Tr\u00fcffel sind einfach anzuwenden, und mit diesem Sonderangebot hast du reichlich zum Experimentieren.  <\/p>\n<p>Verpasse dieses exklusive Angebot nicht \u2013 bestelle jetzt und beginne dein Bewusstsein zu erforschen. Und denk daran, immer verantwortungsvoll zu verwenden und mit einer niedrigen Dosis zu beginnen. <\/p>\n<p>Finde deine ideale Einnahme mit unserem benutzerfreundlichen <strong><a href=\"https:\/\/go-microdose.com\/de\/dosierungsrechner\/\">Dosierungsrechner<\/a><\/strong>, individuell angepasst f\u00fcr dein optimales Erlebnis.[\/vc_column_text][\/vc_column][\/vc_row]<\/p>\n<\/div>","protected":false},"excerpt":{"rendered":"<ul>\n<li>Kaufe 6, erhalte 8 Streifen Microdosing<\/li>\n<li>25 % Rabatt<\/li>\n<li>Anwendungs- und Dosierungsanleitung<\/li>\n<li>Schritt-f\u00fcr-Schritt-Kursanleitung<\/li>\n<\/ul>\n","protected":false},"featured_media":61139,"comment_status":"open","ping_status":"closed","template":"","meta":{"_acf_changed":false},"product_brand":[],"product_cat":[202,239],"product_tag":[],"giftcard-category":[],"class_list":{"0":"post-61118","1":"product","2":"type-product","3":"status-publish","4":"has-post-thumbnail","6":"product_cat-paketangebote","7":"product_cat-microdosing","9":"first","10":"instock","11":"sale","12":"taxable","13":"shipping-taxable","14":"purchasable","15":"product-type-simple"},"acf":[],"_links":{"self":[{"href":"https:\/\/go-microdose.com\/de\/wp-json\/wp\/v2\/product\/61118","targetHints":{"allow":["GET"]}}],"collection":[{"href":"https:\/\/go-microdose.com\/de\/wp-json\/wp\/v2\/product"}],"about":[{"href":"https:\/\/go-microdose.com\/de\/wp-json\/wp\/v2\/types\/product"}],"replies":[{"embeddable":true,"href":"https:\/\/go-microdose.com\/de\/wp-json\/wp\/v2\/comments?post=61118"}],"wp:featuredmedia":[{"embeddable":true,"href":"https:\/\/go-microdose.com\/de\/wp-json\/wp\/v2\/media\/61139"}],"wp:attachment":[{"href":"https:\/\/go-microdose.com\/de\/wp-json\/wp\/v2\/media?parent=61118"}],"wp:term":[{"taxonomy":"product_brand","embeddable":true,"href":"https:\/\/go-microdose.com\/de\/wp-json\/wp\/v2\/product_brand?post=61118"},{"taxonomy":"product_cat","embeddable":true,"href":"https:\/\/go-microdose.com\/de\/wp-json\/wp\/v2\/product_cat?post=61118"},{"taxonomy":"product_tag","embeddable":true,"href":"https:\/\/go-microdose.com\/de\/wp-json\/wp\/v2\/product_tag?post=61118"},{"taxonomy":"giftcard-category","embeddable":true,"href":"https:\/\/go-microdose.com\/de\/wp-json\/wp\/v2\/giftcard-category?post=61118"}],"curies":[{"name":"wp","href":"https:\/\/api.w.org\/{rel}","templated":true}]}}