{"id":61127,"date":"2023-06-20T17:45:46","date_gmt":"2023-06-20T17:45:46","guid":{"rendered":"https:\/\/go-microdose.com\/product\/utopia-trueffel\/"},"modified":"2026-04-06T07:53:50","modified_gmt":"2026-04-06T05:53:50","slug":"utopia-trueffel","status":"publish","type":"product","link":"https:\/\/go-microdose.com\/de\/produkt\/utopia-trueffel\/","title":{"rendered":"Utopia-Tr\u00fcffel"},"content":{"rendered":"<div class=\"wpb-content-wrapper\"><p>[vc_row][vc_column][vc_column_text]Utopia Magic Truffles sind bei erfahrenen Anwendern wegen ihrer intensiv transformativen Wirkung beliebt. Bekannt f\u00fcr ihre Kraft und Potenz, nehmen dich diese Tr\u00fcffel mit auf eine tiefgr\u00fcndige Reise in die Tiefen deiner Psyche. Utopia-Tr\u00fcffel werden nachhaltig kultiviert, sind vegan sowie glutenfrei und garantieren ein reines, unverf\u00e4lschtes psychedelisches Erlebnis.  <\/p>\n<p><strong>Wirkung<\/strong><br \/>\nAnwender berichten von einer tiefgreifenden Transformation durch Utopia. Diese kraftvollen Tr\u00fcffel erschlie\u00dfen tiefe Bereiche der Psyche und f\u00fchren zu lebhaften Visionen, intensiver Euphorie sowie einem erweiterten Gef\u00fchl von Empathie und Verbundenheit. Utopia-Tr\u00fcffel k\u00f6nnen helfen, die Schichten deines Geistes zu durchdringen und neue Perspektiven sowie Erkenntnisse zu gewinnen.  <\/p>\n<p><strong>St\u00e4rke, Dosierung und Anwendung<\/strong><br \/>\nDer Psilocybe Utopia ist f\u00fcr seine St\u00e4rke bekannt. Selbst eine kleine Dosis kann zu intensiven Effekten f\u00fchren. Es ist wichtig, auf die Dosierung zu achten, besonders f\u00fcr diejenigen, die mit der Wirkung von Psilocybin nicht vertraut sind. Wir empfehlen, mit einer kleinen Dosis zu beginnen und diese bei Bedarf schrittweise zu steigern.<br \/>\nEntdecke deine ideale Menge mit unserem benutzerfreundlichen <strong><a href=\"https:\/\/go-microdose.com\/de\/dosierungsrechner\/\">Dosierungsrechner<\/a><\/strong>, der speziell darauf zugeschnitten ist, dein optimales Erlebnis zu gew\u00e4hrleisten.   <\/p>\n<p><strong>Inhalt<\/strong><br \/>\nJede Packung Utopia Magic Truffles enth\u00e4lt ca. 18 Gramm. Diese Menge kann f\u00fcr mehrere Dosen reichen, abh\u00e4ngig von der gew\u00fcnschten Intensit\u00e4t der Wirkung. <\/p>\n<p><strong>Haltbarkeit<\/strong><br \/>\nUnge\u00f6ffnet im K\u00fchlschrank gelagert, sind Utopia Magic Truffles 2 Monate haltbar. Es wird empfohlen, sie innerhalb dieses Zeitraums zu verzehren, um Frische und Potenz zu garantieren. <\/p>\n<p><strong>WARNUNG<\/strong><br \/>\nDer Utopia ist ein sehr kraftvoller Tr\u00fcffel. Achte unbedingt auf die Dosierung, besonders wenn du mit der Wirkung von Magic Truffles nicht vertraut bist. Es ist ratsam, eine n\u00fcchterne Person (einen \u201eSitter\u201c) dabei zu haben, um Unterst\u00fctzung zu bieten und deine Sicherheit w\u00e4hrend der psychedelischen Erfahrung zu gew\u00e4hrleisten. Fahre kein Auto, wenn du Magic Truffles konsumiert hast. Es wird empfohlen, Magic Truffles nicht zu verwenden, wenn du unter 18 Jahre alt bist, dich unwohl f\u00fchlst oder eine depressive Veranlagung hast. Priorisiere immer Sicherheit und psychisches Wohlbefinden, wenn du das Reich der Psychedelika erkundest.[\/vc_column_text][\/vc_column][\/vc_row]<\/p>\n<\/div>","protected":false},"excerpt":{"rendered":"<p>Utopia Magic Truffles sind bei erfahrenen Anwendern wegen ihrer intensiv transformativen Wirkung beliebt. Bekannt f\u00fcr ihre Kraft und Potenz, nehmen dich diese Tr\u00fcffel mit auf eine tiefgr\u00fcndige Reise in die Tiefen deiner Psyche. Utopia-Tr\u00fcffel werden nachhaltig kultiviert, sind vegan sowie glutenfrei und garantieren ein reines, unverf\u00e4lschtes psychedelisches Erlebnis.  <\/p>\n<p><strong>Wirkung<\/strong><br \/>\nAnwender berichten von einer tiefgreifenden Transformation durch Utopia. Diese kraftvollen Tr\u00fcffel erschlie\u00dfen tiefe Bereiche der Psyche und f\u00fchren zu lebhaften Visionen, intensiver Euphorie sowie einem erweiterten Gef\u00fchl von Empathie und Verbundenheit. Utopia-Tr\u00fcffel k\u00f6nnen helfen, die Schichten deines Geistes zu durchdringen und neue Perspektiven sowie Erkenntnisse zu gewinnen.  <\/p>\n<p><strong>St\u00e4rke, Dosierung und Anwendung<\/strong><br \/>\nDer Psilocybe Utopia ist f\u00fcr seine St\u00e4rke bekannt. Selbst eine kleine Dosis kann zu intensiven Effekten f\u00fchren. Es ist wichtig, auf die Dosierung zu achten, besonders f\u00fcr diejenigen, die mit der Wirkung von Psilocybin nicht vertraut sind. Wir empfehlen, mit einer kleinen Dosis zu beginnen und diese bei Bedarf schrittweise zu steigern.<br \/>\nEntdecke deine ideale Menge mit unserem benutzerfreundlichen <strong><a href=\"https:\/\/go-microdose.com\/de\/dosierungsrechner\/\">Dosierungsrechner<\/a><\/strong>, der speziell darauf zugeschnitten ist, dein optimales Erlebnis zu gew\u00e4hrleisten.   <\/p>\n<p><strong>Inhalt<\/strong><br \/>\nJede Packung Utopia Magic Truffles enth\u00e4lt ca. 18 Gramm. Diese Menge kann f\u00fcr mehrere Dosen reichen, abh\u00e4ngig von der gew\u00fcnschten Intensit\u00e4t der Wirkung. <\/p>\n<p><strong>Haltbarkeit<\/strong><br \/>\nUnge\u00f6ffnet im K\u00fchlschrank gelagert, sind Utopia Magic Truffles 2 Monate haltbar. Es wird empfohlen, sie innerhalb dieses Zeitraums zu verzehren, um Frische und Potenz zu garantieren. <\/p>\n<p><strong>WARNUNG<\/strong><br \/>\nDer Utopia ist ein sehr kraftvoller Tr\u00fcffel. Achte unbedingt auf die Dosierung, besonders wenn du mit der Wirkung von Magic Truffles nicht vertraut bist. Es ist ratsam, eine n\u00fcchterne Person (einen \u201eSitter\u201c) dabei zu haben, um Unterst\u00fctzung zu bieten und deine Sicherheit w\u00e4hrend der psychedelischen Erfahrung zu gew\u00e4hrleisten. Fahre kein Auto, wenn du Magic Truffles konsumiert hast. Es wird empfohlen, Magic Truffles nicht zu verwenden, wenn du unter 18 Jahre alt bist, dich unwohl f\u00fchlst oder eine depressive Veranlagung hast. Priorisiere immer Sicherheit und psychisches Wohlbefinden, wenn du das Reich der Psychedelika erkundest.     <\/p>\n","protected":false},"featured_media":61128,"comment_status":"open","ping_status":"closed","template":"","meta":{"_acf_changed":false},"product_brand":[],"product_cat":[233],"product_tag":[],"giftcard-category":[],"class_list":{"0":"post-61127","1":"product","2":"type-product","3":"status-publish","4":"has-post-thumbnail","6":"product_cat-magic-truffles","8":"first","9":"instock","10":"taxable","11":"shipping-taxable","12":"purchasable","13":"product-type-simple"},"acf":[],"_links":{"self":[{"href":"https:\/\/go-microdose.com\/de\/wp-json\/wp\/v2\/product\/61127","targetHints":{"allow":["GET"]}}],"collection":[{"href":"https:\/\/go-microdose.com\/de\/wp-json\/wp\/v2\/product"}],"about":[{"href":"https:\/\/go-microdose.com\/de\/wp-json\/wp\/v2\/types\/product"}],"replies":[{"embeddable":true,"href":"https:\/\/go-microdose.com\/de\/wp-json\/wp\/v2\/comments?post=61127"}],"wp:featuredmedia":[{"embeddable":true,"href":"https:\/\/go-microdose.com\/de\/wp-json\/wp\/v2\/media\/61128"}],"wp:attachment":[{"href":"https:\/\/go-microdose.com\/de\/wp-json\/wp\/v2\/media?parent=61127"}],"wp:term":[{"taxonomy":"product_brand","embeddable":true,"href":"https:\/\/go-microdose.com\/de\/wp-json\/wp\/v2\/product_brand?post=61127"},{"taxonomy":"product_cat","embeddable":true,"href":"https:\/\/go-microdose.com\/de\/wp-json\/wp\/v2\/product_cat?post=61127"},{"taxonomy":"product_tag","embeddable":true,"href":"https:\/\/go-microdose.com\/de\/wp-json\/wp\/v2\/product_tag?post=61127"},{"taxonomy":"giftcard-category","embeddable":true,"href":"https:\/\/go-microdose.com\/de\/wp-json\/wp\/v2\/giftcard-category?post=61127"}],"curies":[{"name":"wp","href":"https:\/\/api.w.org\/{rel}","templated":true}]}}