{"id":61244,"date":"2022-11-04T11:12:29","date_gmt":"2022-11-04T11:12:29","guid":{"rendered":"https:\/\/go-microdose.com\/product\/praezisionswaage\/"},"modified":"2026-04-06T07:53:58","modified_gmt":"2026-04-06T05:53:58","slug":"praezisionswaage","status":"publish","type":"product","link":"https:\/\/go-microdose.com\/de\/produkt\/praezisionswaage\/","title":{"rendered":"Pr\u00e4zisionswaage"},"content":{"rendered":"<div class=\"wpb-content-wrapper\"><p>[vc_row][vc_column][vc_column_text]Es ist wichtig, die richtige Menge Tr\u00fcffel genau abzumessen, wenn du mikrodosierst.<br \/>\nDu wirst die optimalen Vorteile der Mikrodosierung erleben, wenn du genau die richtige Menge Tr\u00fcffel verwendest. Alle unsere Kunden sind einzigartig und jeder hat einen anderen &#8218;Sweet Spot&#8216;. Manche erleben die gew\u00fcnschten Effekte mit 0,25 Gramm Tr\u00fcffeln, w\u00e4hrend andere eine volle Dosis von 1 Gramm verwenden. Das variiert von Person zu Person.   <\/p>\n<p>Mikrodosiere niemals ohne deine Dosis genau abzumessen. Verwende beim Abwiegen der Mikrodosis nur eine Waage, die mit einer Genauigkeit von 0,01 Gramm messen kann. Unsere Waage wird sowohl f\u00fcr Anf\u00e4nger als auch f\u00fcr fortgeschrittene Mikrodosierer empfohlen. <\/p>\n<p>Wir raten davon ab, jeden Tag zu mikrodosieren. Du kannst dann nicht mehr \u00fcberwachen, wie dein Grundverhalten wie Produktivit\u00e4t, Kreativit\u00e4t und Stimmung beeinflusst wird. Ein weiterer Nachteil der t\u00e4glichen Mikrodosierung ist die Gew\u00f6hnung. Wenn du es t\u00e4glich machst, werden sich dein K\u00f6rper und Geist wahrscheinlich an die Substanz gew\u00f6hnen und es wird eher zur Gewohnheit (wie Kaffee oder Nikotin f\u00fcr viele Menschen). Wir empfehlen au\u00dferdem, nach 8 bis 10 Wochen mindestens einen Monat Pause zu machen, um psychische Gew\u00f6hnung zu vermeiden.    <\/p>\n<p>Finde deine ideale Einnahme mit unserem benutzerfreundlichen <strong><a href=\"https:\/\/go-microdose.com\/de\/dosierungsrechner\/\">Dosierungsrechner<\/a><\/strong>, individuell angepasst f\u00fcr dein optimales Erlebnis.[\/vc_column_text][\/vc_column][\/vc_row]<\/p>\n<\/div>","protected":false},"excerpt":{"rendered":"<ul>\n<li>0 bis 500 Gramm mit einer Genauigkeit von 0,01 Gramm<\/li>\n<li>blau hintergrundbeleuchtetes 6-stelliges Display<\/li>\n<li>Anzeige in Gramm, oz, tl oder ct<\/li>\n<li>schaltet sich nach 30 Sekunden automatisch aus<\/li>\n<li>Tara- und Z\u00e4hlfunktion<\/li>\n<li>Abmessungen: L\u00e4nge 11,5 cm (B) 6 cm (T) 1,8 cm<\/li>\n<li>funktioniert mit 2 AAA-Batterien (enthalten)<\/li>\n<li>englische Anleitung<\/li>\n<\/ul>\n","protected":false},"featured_media":61251,"comment_status":"open","ping_status":"closed","template":"","meta":{"_acf_changed":false},"product_brand":[],"product_cat":[182],"product_tag":[],"giftcard-category":[],"class_list":{"0":"post-61244","1":"product","2":"type-product","3":"status-publish","4":"has-post-thumbnail","6":"product_cat-zubehor","8":"first","9":"instock","10":"taxable","11":"shipping-taxable","12":"purchasable","13":"product-type-simple"},"acf":[],"_links":{"self":[{"href":"https:\/\/go-microdose.com\/de\/wp-json\/wp\/v2\/product\/61244","targetHints":{"allow":["GET"]}}],"collection":[{"href":"https:\/\/go-microdose.com\/de\/wp-json\/wp\/v2\/product"}],"about":[{"href":"https:\/\/go-microdose.com\/de\/wp-json\/wp\/v2\/types\/product"}],"replies":[{"embeddable":true,"href":"https:\/\/go-microdose.com\/de\/wp-json\/wp\/v2\/comments?post=61244"}],"wp:featuredmedia":[{"embeddable":true,"href":"https:\/\/go-microdose.com\/de\/wp-json\/wp\/v2\/media\/61251"}],"wp:attachment":[{"href":"https:\/\/go-microdose.com\/de\/wp-json\/wp\/v2\/media?parent=61244"}],"wp:term":[{"taxonomy":"product_brand","embeddable":true,"href":"https:\/\/go-microdose.com\/de\/wp-json\/wp\/v2\/product_brand?post=61244"},{"taxonomy":"product_cat","embeddable":true,"href":"https:\/\/go-microdose.com\/de\/wp-json\/wp\/v2\/product_cat?post=61244"},{"taxonomy":"product_tag","embeddable":true,"href":"https:\/\/go-microdose.com\/de\/wp-json\/wp\/v2\/product_tag?post=61244"},{"taxonomy":"giftcard-category","embeddable":true,"href":"https:\/\/go-microdose.com\/de\/wp-json\/wp\/v2\/giftcard-category?post=61244"}],"curies":[{"name":"wp","href":"https:\/\/api.w.org\/{rel}","templated":true}]}}