{"id":61331,"date":"2022-11-04T07:13:37","date_gmt":"2022-11-04T07:13:37","guid":{"rendered":"https:\/\/go-microdose.com\/product\/starter-deal\/"},"modified":"2026-04-06T07:54:00","modified_gmt":"2026-04-06T05:54:00","slug":"starter-deal","status":"publish","type":"product","link":"https:\/\/go-microdose.com\/de\/produkt\/starter-deal\/","title":{"rendered":"Starter-Deal"},"content":{"rendered":"<div class=\"wpb-content-wrapper\"><p>[vc_row][vc_column][vc_column_text]Um mit dem Microdosing zu beginnen, haben wir ein Starter-Paket zusammengestellt. Nat\u00fcrlich kannst du dieses auch kaufen, wenn du bereits Erfahrung mit Microdosing hast. <\/p>\n<p>Es ist wichtig, die richtige Menge an Tr\u00fcffeln beim Microdosing genau abzumessen. Deshalb haben wir dem Paket die Pr\u00e4zisionswaage beigelegt.<br \/>\nDu wirst die optimalen Vorteile des Microdosings erleben, wenn du genau die richtige Menge an Tr\u00fcffeln verwendest. Alle unsere Kunden sind einzigartig und jeder hat einen anderen \u201eSweet Spot\u201c. Einige erleben die gew\u00fcnschte Wirkung bei 0,25 g Tr\u00fcffeln, w\u00e4hrend andere eine volle Dosis von 1 g verwenden. Das ist von Person zu Person unterschiedlich.   <\/p>\n<p>Betreibe Microdosing niemals, ohne deine Dosis genau abzumessen. Verwende beim Abwiegen der Micro-Dosierung nur eine Waage, die mit einer Genauigkeit von 0,01 g messen kann. <\/p>\n<p>Unsere Waage wird sowohl f\u00fcr Anf\u00e4nger als auch f\u00fcr fortgeschrittene Microdoser empfohlen.[\/vc_column_text][\/vc_column][\/vc_row]<\/p>\n<\/div>","protected":false},"excerpt":{"rendered":"<ul>\n<li>3 Microdosing-Strips<\/li>\n<li>Pr\u00e4zisionswaage<\/li>\n<li>Taschenbeh\u00e4lter<\/li>\n<li>Schritt-f\u00fcr-Schritt-Kursanleitung<\/li>\n<li>Anwendungs- und Dosierungsanleitung<\/li>\n<\/ul>\n","protected":false},"featured_media":61341,"comment_status":"open","ping_status":"closed","template":"","meta":{"_acf_changed":false},"product_brand":[],"product_cat":[202,239],"product_tag":[],"giftcard-category":[],"class_list":{"0":"post-61331","1":"product","2":"type-product","3":"status-publish","4":"has-post-thumbnail","6":"product_cat-paketangebote","7":"product_cat-microdosing","8":"product_shipping_class-grose-box","10":"first","11":"instock","12":"sale","13":"taxable","14":"shipping-taxable","15":"purchasable","16":"product-type-simple"},"acf":[],"_links":{"self":[{"href":"https:\/\/go-microdose.com\/de\/wp-json\/wp\/v2\/product\/61331","targetHints":{"allow":["GET"]}}],"collection":[{"href":"https:\/\/go-microdose.com\/de\/wp-json\/wp\/v2\/product"}],"about":[{"href":"https:\/\/go-microdose.com\/de\/wp-json\/wp\/v2\/types\/product"}],"replies":[{"embeddable":true,"href":"https:\/\/go-microdose.com\/de\/wp-json\/wp\/v2\/comments?post=61331"}],"wp:featuredmedia":[{"embeddable":true,"href":"https:\/\/go-microdose.com\/de\/wp-json\/wp\/v2\/media\/61341"}],"wp:attachment":[{"href":"https:\/\/go-microdose.com\/de\/wp-json\/wp\/v2\/media?parent=61331"}],"wp:term":[{"taxonomy":"product_brand","embeddable":true,"href":"https:\/\/go-microdose.com\/de\/wp-json\/wp\/v2\/product_brand?post=61331"},{"taxonomy":"product_cat","embeddable":true,"href":"https:\/\/go-microdose.com\/de\/wp-json\/wp\/v2\/product_cat?post=61331"},{"taxonomy":"product_tag","embeddable":true,"href":"https:\/\/go-microdose.com\/de\/wp-json\/wp\/v2\/product_tag?post=61331"},{"taxonomy":"giftcard-category","embeddable":true,"href":"https:\/\/go-microdose.com\/de\/wp-json\/wp\/v2\/giftcard-category?post=61331"}],"curies":[{"name":"wp","href":"https:\/\/api.w.org\/{rel}","templated":true}]}}