{"id":61371,"date":"2021-09-29T10:19:18","date_gmt":"2021-09-29T10:19:18","guid":{"rendered":"https:\/\/go-microdose.com\/product\/starte-wie-du-moechtest\/"},"modified":"2026-04-06T07:54:06","modified_gmt":"2026-04-06T05:54:06","slug":"starte-wie-du-moechtest","status":"publish","type":"product","link":"https:\/\/go-microdose.com\/de\/produkt\/starte-wie-du-moechtest\/","title":{"rendered":"Starte, wie du m\u00f6chtest"},"content":{"rendered":"<div class=\"wpb-content-wrapper\"><p>[vc_row][vc_column][vc_column_text]Entfessle das Potenzial deines Geistes mit unseren Mexicana Microdose Tr\u00fcffeln. Diese Tr\u00fcffel sind eine kultivierte Sorte von Psilocybe Mexicana, einer Art psychedelischer Pilze, die f\u00fcr ihre F\u00e4higkeit gesch\u00e4tzt werden, eine sanfte, introspektive und kreativit\u00e4tsf\u00f6rdernde Erfahrung hervorzurufen. <\/p>\n<p>Unsere Microdose-Tr\u00fcffel sind 100 % vegan, glutenfrei und nachhaltig bezogen. Jeder Tr\u00fcffel wird sorgf\u00e4ltig kultiviert und geerntet, um sicherzustellen, dass er dich in bestem Zustand erreicht und dir die reinste und effektivste Microdosing-Erfahrung bietet. <\/p>\n<p>Ideal f\u00fcr Neulinge und erfahrene Microdoser bieten unsere Tr\u00fcffel eine harmonische Mischung aus leichter Euphorie, mentaler Klarheit und erh\u00f6hter Kreativit\u00e4t. Sie k\u00f6nnen eine subtile Ver\u00e4nderung der Wahrnehmung bewirken, die darauf abzielt, Stimmung, Produktivit\u00e4t und die allgemeine kognitive Funktion zu verbessern, ohne halluzinogene Effekte hervorzurufen. <\/p>\n<p>Wenn du unsere Tr\u00fcffel bestellst, kannst du eine schnelle Lieferung und die M\u00f6glichkeit erwarten, deine Bestellung von unserer T\u00fcr bis zu deiner zu verfolgen. Wir nehmen den Datenschutz ernst und stellen sicher, dass deine Bestellung diskret versandt wird. Und um sicherzustellen, dass dein Einkaufserlebnis reibungslos und sicher ist, bieten wir sichere Zahlungsoptionen an.  <\/p>\n<p>Egal, ob du deine Kreativit\u00e4t steigern, Stress bek\u00e4mpfen oder einfach ein neues Ma\u00df an Achtsamkeit in deinen Alltag integrieren m\u00f6chtest, unsere Microdose-Tr\u00fcffel sind eine ausgezeichnete Wahl. Erlebe die unz\u00e4hligen Vorteile des Microdosings mit dieser nat\u00fcrlichen, potenten und altehrw\u00fcrdigen Psilocybin-Quelle. <\/p>\n<p>Finde deine ideale Einnahme mit unserem benutzerfreundlichen <strong><a href=\"https:\/\/go-microdose.com\/de\/dosierungsrechner\/\">Dosierungsrechner<\/a><\/strong>, individuell angepasst f\u00fcr dein optimales Erlebnis.[\/vc_column_text][\/vc_column][\/vc_row]<\/p>\n<\/div>","protected":false},"excerpt":{"rendered":"<ul>\n<li>Ein Strip enth\u00e4lt 6 Tr\u00fcffel-Microdoses \u00e0 1 Gramm<\/li>\n<li>Tr\u00fcffel: Sklerotien des Mexicana-Tr\u00fcffels<\/li>\n<li>100 % biologisch in den Niederlanden produziert<\/li>\n<li>Im K\u00fchlschrank sind versiegelte Tr\u00fcffel 2 bis 3 Monate haltbar<\/li>\n<li>1 Strip reicht f\u00fcr etwa 2 Wochen<\/li>\n<li>Microdose-Benutzerhandbuch enthalten<\/li>\n<li>Wir versenden in viele L\u00e4nder <strong><a href=\"https:\/\/go-microdose.com\/de\/versand\/\">(mehr erfahren)<\/a><\/strong><\/li>\n<li>Diskrete Lieferung m\u00f6glich<\/li>\n<\/ul>\n","protected":false},"featured_media":61342,"comment_status":"open","ping_status":"closed","template":"","meta":{"_acf_changed":false},"product_brand":[],"product_cat":[239],"product_tag":[],"giftcard-category":[],"class_list":{"0":"post-61371","1":"product","2":"type-product","3":"status-publish","4":"has-post-thumbnail","6":"product_cat-microdosing","8":"first","9":"instock","10":"taxable","11":"shipping-taxable","12":"purchasable","13":"product-type-simple"},"acf":[],"_links":{"self":[{"href":"https:\/\/go-microdose.com\/de\/wp-json\/wp\/v2\/product\/61371","targetHints":{"allow":["GET"]}}],"collection":[{"href":"https:\/\/go-microdose.com\/de\/wp-json\/wp\/v2\/product"}],"about":[{"href":"https:\/\/go-microdose.com\/de\/wp-json\/wp\/v2\/types\/product"}],"replies":[{"embeddable":true,"href":"https:\/\/go-microdose.com\/de\/wp-json\/wp\/v2\/comments?post=61371"}],"wp:featuredmedia":[{"embeddable":true,"href":"https:\/\/go-microdose.com\/de\/wp-json\/wp\/v2\/media\/61342"}],"wp:attachment":[{"href":"https:\/\/go-microdose.com\/de\/wp-json\/wp\/v2\/media?parent=61371"}],"wp:term":[{"taxonomy":"product_brand","embeddable":true,"href":"https:\/\/go-microdose.com\/de\/wp-json\/wp\/v2\/product_brand?post=61371"},{"taxonomy":"product_cat","embeddable":true,"href":"https:\/\/go-microdose.com\/de\/wp-json\/wp\/v2\/product_cat?post=61371"},{"taxonomy":"product_tag","embeddable":true,"href":"https:\/\/go-microdose.com\/de\/wp-json\/wp\/v2\/product_tag?post=61371"},{"taxonomy":"giftcard-category","embeddable":true,"href":"https:\/\/go-microdose.com\/de\/wp-json\/wp\/v2\/giftcard-category?post=61371"}],"curies":[{"name":"wp","href":"https:\/\/api.w.org\/{rel}","templated":true}]}}