{"id":61387,"date":"2022-05-24T09:05:32","date_gmt":"2022-05-24T09:05:32","guid":{"rendered":"https:\/\/go-microdose.com\/product\/kurs-fuer-fortgeschrittene\/"},"modified":"2026-04-06T07:54:05","modified_gmt":"2026-04-06T05:54:05","slug":"kurs-fuer-fortgeschrittene","status":"publish","type":"product","link":"https:\/\/go-microdose.com\/de\/produkt\/kurs-fuer-fortgeschrittene\/","title":{"rendered":"Kurs f\u00fcr Fortgeschrittene"},"content":{"rendered":"<div class=\"wpb-content-wrapper\"><p>[vc_section][vc_row][vc_column][vc_custom_heading text=&#8220;Mehr Energie und verbesserte Produktivit\u00e4t &amp; Kreativit\u00e4t&#8220; font_container=&#8220;tag:div|text_align:left&#8220; use_theme_fonts=&#8220;yes&#8220; el_class=&#8220;pr-tag&#8220;][vc_custom_heading text=&#8220;Microdosing-Kurs&#8220; font_container=&#8220;tag:h3|text_align:left&#8220; use_theme_fonts=&#8220;yes&#8220;][vc_column_text css=&#8220;&#8220;]Du kennst die Vorteile von Microdosing und m\u00f6chtest dauerhaft produktiver, kreativer und energiegeladener sein. Mit diesem Kurs w\u00e4hlst du einen 4-Tage-Zyklus, den du 4 bis 8 Wochen lang anwendest. Probiere den Kurs mindestens einen Monat lang aus, um zu sehen, ob er gut zu dir passt.  <\/p>\n<p>Unsere Tr\u00fcffel bleiben etwa 2-3 Monate frisch, wenn du sie im K\u00fchlschrank aufbewahrst. Deshalb senden wir dir alle 3 Monate frische Tr\u00fcffel. Bei einem 6-Monats-Kurs bedeutet das, dass du 2 Lieferungen von uns erh\u00e4ltst, bei einem 12-Monats-Kurs sind es 4 Lieferungen.[\/vc_column_text][vc_btn title=&#8220;Lade unseren Schritt-f\u00fcr-Schritt-Plan herunter&#8220; style=&#8220;outline&#8220; color=&#8220;black&#8220; link=&#8220;url:https%3A%2F%2Fgo-microdose.com%2Fwp-content%2Fuploads%2F2022%2F08%2FGO-Microdose-manual.pdf|target:_blank|&#8220;][\/vc_column][\/vc_row][\/vc_section]<\/p>\n<\/div>","protected":false},"excerpt":{"rendered":"<p>Du kennst die Vorteile von Microdosing und m\u00f6chtest dauerhaft produktiver, kreativer und energiegeladener sein. Mit diesem Kurs w\u00e4hlst du einen 4-Tage-Zyklus, den du 4 bis 8 Wochen lang anwendest. Probiere den Kurs mindestens einen Monat lang aus, um zu sehen, ob er gut zu dir passt.  <\/p>\n","protected":false},"featured_media":61388,"comment_status":"open","ping_status":"closed","template":"","meta":{"_acf_changed":false},"product_brand":[],"product_cat":[239,265],"product_tag":[],"giftcard-category":[],"class_list":{"0":"post-61387","1":"product","2":"type-product","3":"status-publish","4":"has-post-thumbnail","6":"product_cat-microdosing","7":"product_cat-abonnements","8":"pa_package-6-monate","9":"pa_package-12-monate","11":"first","12":"instock","13":"sale","14":"taxable","15":"shipping-taxable","16":"purchasable","17":"product-type-variable","18":"has-default-attributes"},"acf":[],"_links":{"self":[{"href":"https:\/\/go-microdose.com\/de\/wp-json\/wp\/v2\/product\/61387","targetHints":{"allow":["GET"]}}],"collection":[{"href":"https:\/\/go-microdose.com\/de\/wp-json\/wp\/v2\/product"}],"about":[{"href":"https:\/\/go-microdose.com\/de\/wp-json\/wp\/v2\/types\/product"}],"replies":[{"embeddable":true,"href":"https:\/\/go-microdose.com\/de\/wp-json\/wp\/v2\/comments?post=61387"}],"wp:featuredmedia":[{"embeddable":true,"href":"https:\/\/go-microdose.com\/de\/wp-json\/wp\/v2\/media\/61388"}],"wp:attachment":[{"href":"https:\/\/go-microdose.com\/de\/wp-json\/wp\/v2\/media?parent=61387"}],"wp:term":[{"taxonomy":"product_brand","embeddable":true,"href":"https:\/\/go-microdose.com\/de\/wp-json\/wp\/v2\/product_brand?post=61387"},{"taxonomy":"product_cat","embeddable":true,"href":"https:\/\/go-microdose.com\/de\/wp-json\/wp\/v2\/product_cat?post=61387"},{"taxonomy":"product_tag","embeddable":true,"href":"https:\/\/go-microdose.com\/de\/wp-json\/wp\/v2\/product_tag?post=61387"},{"taxonomy":"giftcard-category","embeddable":true,"href":"https:\/\/go-microdose.com\/de\/wp-json\/wp\/v2\/giftcard-category?post=61387"}],"curies":[{"name":"wp","href":"https:\/\/api.w.org\/{rel}","templated":true}]}}