{"id":65314,"date":"2024-02-03T12:24:20","date_gmt":"2024-02-03T12:24:20","guid":{"rendered":"https:\/\/go-microdose.com\/product\/kolumbianisches-growkit\/"},"modified":"2026-04-08T09:35:43","modified_gmt":"2026-04-08T07:35:43","slug":"kolumbianisches-growkit","status":"publish","type":"product","link":"https:\/\/go-microdose.com\/de\/produkt\/kolumbianisches-growkit\/","title":{"rendered":"Kolumbianisches Growkit"},"content":{"rendered":"<div class=\"wpb-content-wrapper\"><p>[vc_row][vc_column][vc_column_text]<\/p>\n<p class=\"p1\"><span class=\"s1\">Die kolumbianische Magic-Mushroom-Sorte ist bekannt f\u00fcr ihre starken, zerebralen Effekte und wird oft von denen gew\u00e4hlt, die eine tiefe, zum Nachdenken anregende Erfahrung suchen. Sie bietet eine kraftvolle philosophische und introspektive Reise, perfekt f\u00fcr Nutzer, die die inneren Abl\u00e4ufe ihres Geistes erkunden m\u00f6chten. Unser Growkit bietet eine einfache M\u00f6glichkeit, diese potenten Pilze zu kultivieren und so eine reiche und aufschlussreiche Ernte zu gew\u00e4hrleisten.  <\/span><\/p>\n<p class=\"p1\"><span class=\"s1\"><strong>Effekte<\/strong><br \/>\n<\/span><span class=\"s1\">Kolumbianische Pilze sind bekannt f\u00fcr ihre starken mentalen Effekte, die zu kraftvollen Einsichten und lebensver\u00e4ndernden Offenbarungen f\u00fchren k\u00f6nnen. Nutzer berichten von intensiven Gef\u00fchlswellen und einer signifikanten Perspektivverschiebung, begleitet von einer tiefen, spirituellen Erfahrung. <\/span><\/p>\n<p class=\"p1\"><span class=\"s1\"><strong>St\u00e4rke, Dosierung und Anwendung<\/strong><br \/>\n<\/span><span class=\"s1\">Die kolumbianische Sorte ist recht potent und wird daher f\u00fcr Personen mit Vorerfahrung oder solche empfohlen, die einen substanzielleren psychedelischen Effekt suchen. Unser Dosierungsrechner hilft dir, die perfekte Dosis f\u00fcr eine transformative Reise zu finden. <\/span><\/p>\n<p class=\"p1\"><span class=\"s1\"><strong>Inhalt<\/strong><br \/>\n<\/span><span class=\"s2\">Unser GO Microdose 100% Myzel Growkit bietet alles, was du zum Z\u00fcchten der kolumbianischen Pilze ben\u00f6tigst. Jedes Kit enth\u00e4lt ein 1200-cm\u00b3-Growkit, einen Grow-Beutel mit Luftfiltern und zwei B\u00fcroklammern. Detaillierte Zuchtanleitungen in Niederl\u00e4ndisch und Englisch leiten dich durch den Kultivierungsprozess. Mit der richtigen Pflege k\u00f6nnen diese 1200-cm\u00b3-Growkits bei mehreren Sp\u00fclungen zwischen 400 und 800 g frische Pilze liefern.   <\/span><\/p>\n<p class=\"p1\"><span class=\"s1\"><strong>Haltbarkeit<\/strong><br \/>\n<\/span><span class=\"s2\">Bei k\u00fchler Lagerung ist das Growkit etwa 3 bis 6 Monate haltbar. Au\u00dferhalb des K\u00fchlschranks ist die Haltbarkeit des Growkits jedoch begrenzt. Es ist immer am besten, deine Kultivierung so schnell wie m\u00f6glich zu beginnen, um die besten Ergebnisse zu garantieren.  <\/span><\/p>\n<p class=\"p1\"><span class=\"s1\"><strong>WARNUNG<\/strong><br \/>\n<\/span><span class=\"s1\">Aufgrund der intensiven Effekte der kolumbianischen Sorte wird sie nicht f\u00fcr Anf\u00e4nger oder Personen mit psychologischen Bedenken empfohlen. Konsumiere verantwortungsbewusst und ziehe in Betracht, dass dich ein n\u00fcchterner Begleiter auf deiner Reise begleitet. <\/span><\/p>\n<p>[\/vc_column_text][\/vc_column][\/vc_row]<\/p>\n<\/div>","protected":false},"excerpt":{"rendered":"<p class=\"p1\"><span class=\"s1\">Die kolumbianische Magic-Mushroom-Sorte ist bekannt f\u00fcr ihre starken, zerebralen Effekte und wird oft von denen gew\u00e4hlt, die eine tiefe, zum Nachdenken anregende Erfahrung suchen. Sie bietet eine kraftvolle philosophische und introspektive Reise, perfekt f\u00fcr Nutzer, die die inneren Abl\u00e4ufe ihres Geistes erkunden m\u00f6chten. Unser Growkit bietet eine einfache M\u00f6glichkeit, diese potenten Pilze zu kultivieren und so eine reiche und aufschlussreiche Ernte zu gew\u00e4hrleisten.  <\/span><\/p>\n<p class=\"p1\"><span class=\"s1\"><strong>Effekte<\/strong><br \/>\n<\/span><span class=\"s1\">Kolumbianische Pilze sind bekannt f\u00fcr ihre starken mentalen Effekte, die zu kraftvollen Einsichten und lebensver\u00e4ndernden Offenbarungen f\u00fchren k\u00f6nnen. Nutzer berichten von intensiven Gef\u00fchlswellen und einer signifikanten Perspektivverschiebung, begleitet von einer tiefen, spirituellen Erfahrung. <\/span><\/p>\n<p class=\"p1\"><span class=\"s1\"><strong>St\u00e4rke, Dosierung und Anwendung<\/strong><br \/>\n<\/span><span class=\"s1\">Die kolumbianische Sorte ist recht potent und wird daher f\u00fcr Personen mit Vorerfahrung oder solche empfohlen, die einen substanzielleren psychedelischen Effekt suchen. Unser Dosierungsrechner hilft dir, die perfekte Dosis f\u00fcr eine transformative Reise zu finden. <\/span><\/p>\n<p class=\"p1\"><span class=\"s1\"><strong>Inhalt<\/strong><br \/>\n<\/span><span class=\"s2\">Unser GO Microdose 100% Myzel Growkit bietet alles, was du zum Z\u00fcchten der kolumbianischen Pilze ben\u00f6tigst. Jedes Kit enth\u00e4lt ein 1200-cm\u00b3-Growkit, einen Grow-Beutel mit Luftfiltern und zwei B\u00fcroklammern. Detaillierte Zuchtanleitungen in Niederl\u00e4ndisch und Englisch leiten dich durch den Kultivierungsprozess. Mit der richtigen Pflege k\u00f6nnen diese 1200-cm\u00b3-Growkits bei mehreren Sp\u00fclungen zwischen 400 und 800 g frische Pilze liefern.   <\/span><\/p>\n<p class=\"p1\"><span class=\"s1\"><strong>Haltbarkeit<\/strong><br \/>\n<\/span><span class=\"s2\">Bei k\u00fchler Lagerung ist das Growkit etwa 3 bis 6 Monate haltbar. Au\u00dferhalb des K\u00fchlschranks ist die Haltbarkeit des Growkits jedoch begrenzt. Es ist immer am besten, deine Kultivierung so schnell wie m\u00f6glich zu beginnen, um die besten Ergebnisse zu garantieren.  <\/span><\/p>\n<p class=\"p1\"><span class=\"s1\"><strong>WARNUNG<\/strong><br \/>\n<\/span><span class=\"s1\">Aufgrund der intensiven Effekte der kolumbianischen Sorte wird sie nicht f\u00fcr Anf\u00e4nger oder Personen mit psychologischen Bedenken empfohlen. Konsumiere verantwortungsbewusst und ziehe in Betracht, dass dich ein n\u00fcchterner Begleiter auf deiner Reise begleitet. <\/span><\/p>\n","protected":false},"featured_media":65316,"comment_status":"open","ping_status":"closed","template":"","meta":{"_acf_changed":false},"product_brand":[],"product_cat":[238],"product_tag":[],"giftcard-category":[],"class_list":{"0":"post-65314","1":"product","2":"type-product","3":"status-publish","4":"has-post-thumbnail","6":"product_cat-zauberpilz-growkits","7":"product_shipping_class-grose-box","9":"first","10":"instock","11":"taxable","12":"shipping-taxable","13":"purchasable","14":"product-type-simple"},"acf":[],"_links":{"self":[{"href":"https:\/\/go-microdose.com\/de\/wp-json\/wp\/v2\/product\/65314","targetHints":{"allow":["GET"]}}],"collection":[{"href":"https:\/\/go-microdose.com\/de\/wp-json\/wp\/v2\/product"}],"about":[{"href":"https:\/\/go-microdose.com\/de\/wp-json\/wp\/v2\/types\/product"}],"replies":[{"embeddable":true,"href":"https:\/\/go-microdose.com\/de\/wp-json\/wp\/v2\/comments?post=65314"}],"wp:featuredmedia":[{"embeddable":true,"href":"https:\/\/go-microdose.com\/de\/wp-json\/wp\/v2\/media\/65316"}],"wp:attachment":[{"href":"https:\/\/go-microdose.com\/de\/wp-json\/wp\/v2\/media?parent=65314"}],"wp:term":[{"taxonomy":"product_brand","embeddable":true,"href":"https:\/\/go-microdose.com\/de\/wp-json\/wp\/v2\/product_brand?post=65314"},{"taxonomy":"product_cat","embeddable":true,"href":"https:\/\/go-microdose.com\/de\/wp-json\/wp\/v2\/product_cat?post=65314"},{"taxonomy":"product_tag","embeddable":true,"href":"https:\/\/go-microdose.com\/de\/wp-json\/wp\/v2\/product_tag?post=65314"},{"taxonomy":"giftcard-category","embeddable":true,"href":"https:\/\/go-microdose.com\/de\/wp-json\/wp\/v2\/giftcard-category?post=65314"}],"curies":[{"name":"wp","href":"https:\/\/api.w.org\/{rel}","templated":true}]}}