{"id":65322,"date":"2022-05-24T09:00:59","date_gmt":"2022-05-24T09:00:59","guid":{"rendered":"https:\/\/go-microdose.com\/product\/anfaengerkurs\/"},"modified":"2026-03-31T10:39:00","modified_gmt":"2026-03-31T08:39:00","slug":"anfaengerkurs","status":"publish","type":"product","link":"https:\/\/go-microdose.com\/de\/produkt\/anfaengerkurs\/","title":{"rendered":"Anf\u00e4ngerkurs"},"content":{"rendered":"<div class=\"wpb-content-wrapper\"><p>[vc_section][vc_row][vc_column][vc_custom_heading text=&#8220;Erleben&#8220; font_container=&#8220;tag:div|text_align:left&#8220; use_theme_fonts=&#8220;yes&#8220; el_class=&#8220;pr-tag&#8220;][vc_custom_heading text=&#8220;Dein erstes Microdosing&#8220; font_container=&#8220;tag:h3|text_align:left&#8220; use_theme_fonts=&#8220;yes&#8220;][vc_column_text]Unser Anf\u00e4ngerkurs ist ideal, um die Vorteile von Microdosing kennenzulernen. Du w\u00e4hlst einen 3-Tage-Zyklus, den du 4 bis 8 Wochen lang anwendest. Probiere es mindestens einen Monat lang aus, um selbst zu sehen, ob es dir die gew\u00fcnschten Vorteile bringt.  <\/p>\n<p>Unsere Tr\u00fcffel bleiben etwa 2-3 Monate frisch, wenn du sie im K\u00fchlschrank aufbewahrst. Deshalb senden wir dir alle 3 Monate frische Tr\u00fcffel. Bei einem 6-Monats-Kurs bedeutet das, dass du 2 Lieferungen von uns erh\u00e4ltst, bei einem 12-Monats-Kurs sind es 4 Lieferungen.[\/vc_column_text][vc_btn title=&#8220;Lade unseren Schritt-f\u00fcr-Schritt-Plan herunter&#8220; style=&#8220;outline&#8220; color=&#8220;black&#8220; link=&#8220;url:https%3A%2F%2Fgo-microdose.com%2Fwp-content%2Fuploads%2F2022%2F08%2FGO-Microdose-manual.pdf|target:_blank|&#8220;][\/vc_column][\/vc_row][\/vc_section]<\/p>\n<\/div>","protected":false},"excerpt":{"rendered":"<p>Unser Anf\u00e4ngerkurs ist ideal, um die Vorteile von Microdosing kennenzulernen. Du w\u00e4hlst einen 3-Tage-Zyklus, den du 4 bis 8 Wochen lang anwendest. Probiere es mindestens einen Monat lang aus, um selbst zu sehen, ob es dir die gew\u00fcnschten Vorteile bringt.  <\/p>\n","protected":false},"featured_media":65323,"comment_status":"open","ping_status":"closed","template":"","meta":{"_acf_changed":false},"product_brand":[],"product_cat":[265,239],"product_tag":[],"giftcard-category":[],"class_list":{"0":"post-65322","1":"product","2":"type-product","3":"status-publish","4":"has-post-thumbnail","6":"product_cat-abonnements","7":"product_cat-microdosing","8":"pa_package-12-monate","9":"pa_package-6-monate","11":"first","12":"instock","13":"sale","14":"taxable","15":"shipping-taxable","16":"purchasable","17":"product-type-variable","18":"has-default-attributes"},"acf":[],"_links":{"self":[{"href":"https:\/\/go-microdose.com\/de\/wp-json\/wp\/v2\/product\/65322","targetHints":{"allow":["GET"]}}],"collection":[{"href":"https:\/\/go-microdose.com\/de\/wp-json\/wp\/v2\/product"}],"about":[{"href":"https:\/\/go-microdose.com\/de\/wp-json\/wp\/v2\/types\/product"}],"replies":[{"embeddable":true,"href":"https:\/\/go-microdose.com\/de\/wp-json\/wp\/v2\/comments?post=65322"}],"wp:featuredmedia":[{"embeddable":true,"href":"https:\/\/go-microdose.com\/de\/wp-json\/wp\/v2\/media\/65323"}],"wp:attachment":[{"href":"https:\/\/go-microdose.com\/de\/wp-json\/wp\/v2\/media?parent=65322"}],"wp:term":[{"taxonomy":"product_brand","embeddable":true,"href":"https:\/\/go-microdose.com\/de\/wp-json\/wp\/v2\/product_brand?post=65322"},{"taxonomy":"product_cat","embeddable":true,"href":"https:\/\/go-microdose.com\/de\/wp-json\/wp\/v2\/product_cat?post=65322"},{"taxonomy":"product_tag","embeddable":true,"href":"https:\/\/go-microdose.com\/de\/wp-json\/wp\/v2\/product_tag?post=65322"},{"taxonomy":"giftcard-category","embeddable":true,"href":"https:\/\/go-microdose.com\/de\/wp-json\/wp\/v2\/giftcard-category?post=65322"}],"curies":[{"name":"wp","href":"https:\/\/api.w.org\/{rel}","templated":true}]}}