{"id":65326,"date":"2024-02-03T12:21:55","date_gmt":"2024-02-03T12:21:55","guid":{"rendered":"https:\/\/go-microdose.com\/product\/b-growkit\/"},"modified":"2026-04-10T03:12:30","modified_gmt":"2026-04-10T01:12:30","slug":"b-growkit","status":"publish","type":"product","link":"https:\/\/go-microdose.com\/de\/produkt\/b-growkit\/","title":{"rendered":"B+ Growkit"},"content":{"rendered":"<div class=\"wpb-content-wrapper\"><p>[vc_row][vc_column][vc_column_text]<\/p>\n<p class=\"p1\"><span class=\"s1\">Der B+ Zauberpilz ist eine vielseitige Sorte, die eine einzigartige Mischung aus visuellen und introspektiven Qualit\u00e4ten bietet und ihn zu einem Favoriten unter Enthusiasten macht. Bekannt f\u00fcr gro\u00dfe und widerstandsf\u00e4hige Pilze, ist die B+-Sorte ideal f\u00fcr Z\u00fcchter, die eine zuverl\u00e4ssige und reiche Ernte suchen. Unser Growkit vereinfacht den Prozess und bietet dir eine benutzerfreundliche Zuchterfahrung.  <\/span><\/p>\n<p class=\"p1\"><span class=\"s1\"><strong>Wirkung<\/strong><br \/>\n<\/span><span class=\"s1\">Die B+-Sorte wird f\u00fcr ihre lebhaften visuellen Effekte und ihre F\u00e4higkeit, tiefgr\u00fcndiges Denken anzuregen, gesch\u00e4tzt. Nutzer erleben oft ein tiefes Staunen und eine neue Wertsch\u00e4tzung f\u00fcr ihre Umwelt. Der B+ ist zudem f\u00fcr seine Wirkungsdauer bekannt; die Trips halten etwas l\u00e4nger als der Durchschnitt an und erm\u00f6glichen so eine ausgedehnte Entdeckungsreise.  <\/span><\/p>\n<p class=\"p1\"><span class=\"s1\"><strong>St\u00e4rke, Dosierung und Anwendung<\/strong><br \/>\n<\/span><span class=\"s1\">Mit einer Potenz von moderat bis stark eignet sich die B+-Sorte sowohl f\u00fcr Neulinge als auch f\u00fcr erfahrene Nutzer. Unser Dosierungsrechner hilft dir dabei, die richtige Dosis f\u00fcr eine optimale psychedelische Reise zu bestimmen. <\/span><\/p>\n<p class=\"p1\"><span class=\"s1\"><strong>Inhalt<\/strong><br \/>\n<\/span><span class=\"s2\">Unser GO Microdose 100% Myzel-Growkit bietet alles, was du f\u00fcr die Zucht von B+-Pilzen ben\u00f6tigst. Jedes Set enth\u00e4lt ein 1200-ml-Growkit, einen Zuchtbeutel mit Luftfiltern und zwei B\u00fcroklammern. Eine detaillierte Zuchtanleitung auf Niederl\u00e4ndisch und Englisch f\u00fchrt dich durch den Prozess. Bei richtiger Pflege k\u00f6nnen diese 1200-ml-Kits zwischen 400 und 800 g frische Pilze \u00fcber mehrere Erntewellen hinweg liefern.   <\/span><\/p>\n<p class=\"p1\"><span class=\"s1\"><strong>Haltbarkeit<\/strong><br \/>\n<\/span><span class=\"s2\">K\u00fchl gelagert ist das Growkit etwa 3 bis 6 Monate haltbar. Au\u00dferhalb des K\u00fchlschranks ist die Haltbarkeit jedoch begrenzt. Am besten beginnst du so schnell wie m\u00f6glich mit der Zucht, um optimale Ergebnisse zu garantieren.  <\/span><\/p>\n<p class=\"p1\"><span class=\"s1\"><strong>WARNUNG<\/strong><br \/>\n<\/span><span class=\"s1\">Respektiere die Potenz der B+-Pilze und gehe vorsichtig vor. Nicht empfohlen f\u00fcr Personen unter 18 Jahren oder bei psychischer Instabilit\u00e4t. Stelle sicher, dass du einen Trip-Sitter hast, wenn du h\u00f6here Dosen ausprobierst.  <\/span><\/p>\n<p>[\/vc_column_text][\/vc_column][\/vc_row]<\/p>\n<\/div>","protected":false},"excerpt":{"rendered":"<p class=\"p1\"><span class=\"s1\">Der B+ Zauberpilz ist eine vielseitige Sorte, die eine einzigartige Mischung aus visuellen und introspektiven Qualit\u00e4ten bietet und ihn zu einem Favoriten unter Enthusiasten macht. Bekannt f\u00fcr gro\u00dfe und widerstandsf\u00e4hige Pilze, ist die B+-Sorte ideal f\u00fcr Z\u00fcchter, die eine zuverl\u00e4ssige und reiche Ernte suchen. Unser Growkit vereinfacht den Prozess und bietet dir eine benutzerfreundliche Zuchterfahrung.  <\/span><\/p>\n<p class=\"p1\"><span class=\"s1\"><strong>Wirkung<\/strong><br \/>\n<\/span><span class=\"s1\">Die B+-Sorte wird f\u00fcr ihre lebhaften visuellen Effekte und ihre F\u00e4higkeit, tiefgr\u00fcndiges Denken anzuregen, gesch\u00e4tzt. Nutzer erleben oft ein tiefes Staunen und eine neue Wertsch\u00e4tzung f\u00fcr ihre Umwelt. Der B+ ist zudem f\u00fcr seine Wirkungsdauer bekannt; die Trips halten etwas l\u00e4nger als der Durchschnitt an und erm\u00f6glichen so eine ausgedehnte Entdeckungsreise.  <\/span><\/p>\n<p class=\"p1\"><span class=\"s1\"><strong>St\u00e4rke, Dosierung und Anwendung<\/strong><br \/>\n<\/span><span class=\"s1\">Mit einer Potenz von moderat bis stark eignet sich die B+-Sorte sowohl f\u00fcr Neulinge als auch f\u00fcr erfahrene Nutzer. Unser Dosierungsrechner hilft dir dabei, die richtige Dosis f\u00fcr eine optimale psychedelische Reise zu bestimmen. <\/span><\/p>\n<p class=\"p1\"><span class=\"s1\"><strong>Inhalt<\/strong><br \/>\n<\/span><span class=\"s2\">Unser GO Microdose 100% Myzel-Growkit bietet alles, was du f\u00fcr die Zucht von B+-Pilzen ben\u00f6tigst. Jedes Set enth\u00e4lt ein 1200-ml-Growkit, einen Zuchtbeutel mit Luftfiltern und zwei B\u00fcroklammern. Eine detaillierte Zuchtanleitung auf Niederl\u00e4ndisch und Englisch f\u00fchrt dich durch den Prozess. Bei richtiger Pflege k\u00f6nnen diese 1200-ml-Kits zwischen 400 und 800 g frische Pilze \u00fcber mehrere Erntewellen hinweg liefern.   <\/span><\/p>\n<p class=\"p1\"><span class=\"s1\"><strong>Haltbarkeit<\/strong><br \/>\n<\/span><span class=\"s2\">K\u00fchl gelagert ist das Growkit etwa 3 bis 6 Monate haltbar. Au\u00dferhalb des K\u00fchlschranks ist die Haltbarkeit jedoch begrenzt. Am besten beginnst du so schnell wie m\u00f6glich mit der Zucht, um optimale Ergebnisse zu garantieren.  <\/span><\/p>\n<p class=\"p1\"><span class=\"s1\"><strong>WARNUNG<\/strong><br \/>\n<\/span><span class=\"s1\">Respektiere die Potenz der B+-Pilze und gehe vorsichtig vor. Nicht empfohlen f\u00fcr Personen unter 18 Jahren oder bei psychischer Instabilit\u00e4t. Stelle sicher, dass du einen Trip-Sitter hast, wenn du h\u00f6here Dosen ausprobierst.  <\/span><\/p>\n","protected":false},"featured_media":65315,"comment_status":"open","ping_status":"closed","template":"","meta":{"_acf_changed":false},"product_brand":[],"product_cat":[238],"product_tag":[],"giftcard-category":[],"class_list":{"0":"post-65326","1":"product","2":"type-product","3":"status-publish","4":"has-post-thumbnail","6":"product_cat-zauberpilz-growkits","7":"product_shipping_class-grose-box","9":"first","10":"instock","11":"taxable","12":"shipping-taxable","13":"purchasable","14":"product-type-simple"},"acf":[],"_links":{"self":[{"href":"https:\/\/go-microdose.com\/de\/wp-json\/wp\/v2\/product\/65326","targetHints":{"allow":["GET"]}}],"collection":[{"href":"https:\/\/go-microdose.com\/de\/wp-json\/wp\/v2\/product"}],"about":[{"href":"https:\/\/go-microdose.com\/de\/wp-json\/wp\/v2\/types\/product"}],"replies":[{"embeddable":true,"href":"https:\/\/go-microdose.com\/de\/wp-json\/wp\/v2\/comments?post=65326"}],"wp:featuredmedia":[{"embeddable":true,"href":"https:\/\/go-microdose.com\/de\/wp-json\/wp\/v2\/media\/65315"}],"wp:attachment":[{"href":"https:\/\/go-microdose.com\/de\/wp-json\/wp\/v2\/media?parent=65326"}],"wp:term":[{"taxonomy":"product_brand","embeddable":true,"href":"https:\/\/go-microdose.com\/de\/wp-json\/wp\/v2\/product_brand?post=65326"},{"taxonomy":"product_cat","embeddable":true,"href":"https:\/\/go-microdose.com\/de\/wp-json\/wp\/v2\/product_cat?post=65326"},{"taxonomy":"product_tag","embeddable":true,"href":"https:\/\/go-microdose.com\/de\/wp-json\/wp\/v2\/product_tag?post=65326"},{"taxonomy":"giftcard-category","embeddable":true,"href":"https:\/\/go-microdose.com\/de\/wp-json\/wp\/v2\/giftcard-category?post=65326"}],"curies":[{"name":"wp","href":"https:\/\/api.w.org\/{rel}","templated":true}]}}