{"id":65339,"date":"2024-01-19T22:14:32","date_gmt":"2024-01-19T22:14:32","guid":{"rendered":"https:\/\/go-microdose.com\/product\/galindoi-mushrocks-trueffel\/"},"modified":"2026-04-11T15:45:09","modified_gmt":"2026-04-11T13:45:09","slug":"galindoi-mushrocks-trueffel","status":"publish","type":"product","link":"https:\/\/go-microdose.com\/de\/produkt\/galindoi-mushrocks-trueffel\/","title":{"rendered":"Galindoi \u201eMushrocks\u201c-Tr\u00fcffel"},"content":{"rendered":"<div class=\"wpb-content-wrapper\"><p>[vc_row][vc_column][vc_column_text]Galindoi-Magische-Tr\u00fcffel (auch \u201eMushrocks\u201c genannt), oft f\u00fcr ihre spirituellen und tiefgreifenden Erfahrungen gesch\u00e4tzt, bieten ein Tor zu tiefer Introspektion und Erleuchtung. Diese Tr\u00fcffel sind f\u00fcr ihre ausgewogene und harmonische Wirkung bekannt, was sie zu einer beliebten Wahl f\u00fcr Anf\u00e4nger und erfahrene Nutzer macht. Nachhaltig kultiviert, sind Galindoi-Tr\u00fcffel vegan und glutenfrei und garantieren eine reine, nat\u00fcrliche psychedelische Reise.  <\/p>\n<p><strong>Wirkung<\/strong><br \/>\nGalindoi-Tr\u00fcffel werden f\u00fcr ihre F\u00e4higkeit gefeiert, Geist, K\u00f6rper und Seele zu harmonisieren. Nutzer berichten oft von Erfahrungen voller tiefer introspektiver Einblicke, gesteigerter emotionaler Klarheit und einem Gef\u00fchl der Einheit mit der Welt. Die Wirkung von Galindoi kann moderate visuelle Steigerungen, ein Gef\u00fchl der Verbundenheit und tiefen inneren Frieden umfassen. Das macht sie ideal f\u00fcr alle, die eine ausgewogene und erleuchtende psychedelische Erfahrung suchen.   <\/p>\n<p><strong>St\u00e4rke, Dosierung und Anwendung<\/strong><br \/>\nGalindoi ist f\u00fcr seine ausgewogene St\u00e4rke bekannt. Er bietet eine potente Wirkung, ohne zu \u00fcberw\u00e4ltigen, und ist somit f\u00fcr verschiedene Nutzer geeignet. Anf\u00e4ngern wird empfohlen, mit einer niedrigeren Dosis zu beginnen, um sich mit der Wirkung vertraut zu machen. Unser <a href=\"https:\/\/go-microdose.com\/de\/dosierungsrechner\/\">Dosierungsrechner<\/a> hilft dir dabei, den perfekten Startpunkt f\u00fcr deine Reise mit Galindoi zu finden.   <\/p>\n<p><strong>Inhalt<\/strong><br \/>\nJede Packung Galindoi-Tr\u00fcffel enth\u00e4lt ca. 18 g, genug f\u00fcr mehrere Dosen, je nach gew\u00fcnschter Intensit\u00e4t deiner Erfahrung.<\/p>\n<p><strong>Haltbarkeit<\/strong><br \/>\nUnge\u00f6ffnet im K\u00fchlschrank gelagert, bleiben Galindoi-Tr\u00fcffel bis zu 2 Monate frisch und potent. F\u00fcr das beste Erlebnis wird empfohlen, sie innerhalb dieses Zeitraums zu konsumieren, um maximale Potenz und Frische zu gew\u00e4hrleisten. <\/p>\n<p><strong>WARNUNG<\/strong><br \/>\nGalindoi bietet zwar eine ausgewogene Erfahrung, ist aber dennoch eine starke psychedelische Substanz. Die Dosierung sollte mit Vorsicht angegangen werden, besonders f\u00fcr Neulinge. Es ist ratsam, w\u00e4hrend der Erfahrung einen n\u00fcchternen \u201eSitter\u201c dabei zu haben, der Unterst\u00fctzung bietet und f\u00fcr Sicherheit sorgt. F\u00fchre keine Fahrzeuge und bediene keine Maschinen unter dem Einfluss von Tr\u00fcffeln. Wir empfehlen, auf magische Tr\u00fcffel zu verzichten, wenn du unter 18 bist, dich aktuell unwohl f\u00fchlst oder eine depressive Veranlagung hast. Priorisiere bei einer psychedelischen Reise immer Sicherheit und psychische Gesundheit.[\/vc_column_text][\/vc_column][\/vc_row]<\/p>\n<\/div>","protected":false},"excerpt":{"rendered":"<p>Galindoi-Magische-Tr\u00fcffel (auch \u201eMushrocks\u201c genannt), oft f\u00fcr ihre spirituellen und tiefgreifenden Erfahrungen gesch\u00e4tzt, bieten ein Tor zu tiefer Introspektion und Erleuchtung. Diese Tr\u00fcffel sind f\u00fcr ihre ausgewogene und harmonische Wirkung bekannt, was sie zu einer beliebten Wahl f\u00fcr Anf\u00e4nger und erfahrene Nutzer macht. Nachhaltig kultiviert, sind Galindoi-Tr\u00fcffel vegan und glutenfrei und garantieren eine reine, nat\u00fcrliche psychedelische Reise.  <\/p>\n<p><strong>Wirkung<\/strong><br \/>\nGalindoi-Tr\u00fcffel werden f\u00fcr ihre F\u00e4higkeit gefeiert, Geist, K\u00f6rper und Seele zu harmonisieren. Nutzer berichten oft von Erfahrungen voller tiefer introspektiver Einblicke, gesteigerter emotionaler Klarheit und einem Gef\u00fchl der Einheit mit der Welt. Die Wirkung von Galindoi kann moderate visuelle Steigerungen, ein Gef\u00fchl der Verbundenheit und tiefen inneren Frieden umfassen. Das macht sie ideal f\u00fcr alle, die eine ausgewogene und erleuchtende psychedelische Erfahrung suchen.   <\/p>\n<p><strong>St\u00e4rke, Dosierung und Anwendung<\/strong><br \/>\nGalindoi ist f\u00fcr seine ausgewogene St\u00e4rke bekannt. Er bietet eine potente Wirkung, ohne zu \u00fcberw\u00e4ltigen, und ist somit f\u00fcr verschiedene Nutzer geeignet. Anf\u00e4ngern wird empfohlen, mit einer niedrigeren Dosis zu beginnen, um sich mit der Wirkung vertraut zu machen. Unser <a href=\"https:\/\/go-microdose.com\/de\/dosierungsrechner\/\">Dosierungsrechner<\/a> hilft dir dabei, den perfekten Startpunkt f\u00fcr deine Reise mit Galindoi zu finden.   <\/p>\n<p><strong>Inhalt<\/strong><br \/>\nJede Packung Galindoi-Magische-Tr\u00fcffel enth\u00e4lt ca. 18 g, genug f\u00fcr mehrere Dosen, je nach gew\u00fcnschter Intensit\u00e4t deiner Erfahrung.<\/p>\n<p><strong>Haltbarkeit<\/strong><br \/>\nUnge\u00f6ffnet im K\u00fchlschrank gelagert, bleiben Galindoi-Magische-Tr\u00fcffel bis zu 2 Monate frisch und potent. F\u00fcr das beste Erlebnis wird empfohlen, sie innerhalb dieses Zeitraums zu konsumieren, um maximale Potenz und Frische zu gew\u00e4hrleisten. <\/p>\n<p><strong>WARNUNG<\/strong><br \/>\nGalindoi bietet zwar eine ausgewogene Erfahrung, ist aber dennoch eine starke psychedelische Substanz. Die Dosierung sollte mit Vorsicht angegangen werden, besonders f\u00fcr Neulinge. Es ist ratsam, w\u00e4hrend der Erfahrung einen n\u00fcchternen \u201eSitter\u201c dabei zu haben, der Unterst\u00fctzung bietet und f\u00fcr Sicherheit sorgt. F\u00fchre keine Fahrzeuge und bediene keine Maschinen unter dem Einfluss von Tr\u00fcffeln. Wir empfehlen, auf magische Tr\u00fcffel zu verzichten, wenn du unter 18 bist, dich aktuell unwohl f\u00fchlst oder eine depressive Veranlagung hast. Priorisiere bei einer psychedelischen Reise immer Sicherheit und psychische Gesundheit.     <\/p>\n","protected":false},"featured_media":65341,"comment_status":"open","ping_status":"closed","template":"","meta":{"_acf_changed":false},"product_brand":[],"product_cat":[233],"product_tag":[],"giftcard-category":[],"class_list":{"0":"post-65339","1":"product","2":"type-product","3":"status-publish","4":"has-post-thumbnail","6":"product_cat-magic-truffles","8":"first","9":"instock","10":"taxable","11":"shipping-taxable","12":"purchasable","13":"product-type-simple"},"acf":[],"_links":{"self":[{"href":"https:\/\/go-microdose.com\/de\/wp-json\/wp\/v2\/product\/65339","targetHints":{"allow":["GET"]}}],"collection":[{"href":"https:\/\/go-microdose.com\/de\/wp-json\/wp\/v2\/product"}],"about":[{"href":"https:\/\/go-microdose.com\/de\/wp-json\/wp\/v2\/types\/product"}],"replies":[{"embeddable":true,"href":"https:\/\/go-microdose.com\/de\/wp-json\/wp\/v2\/comments?post=65339"}],"wp:featuredmedia":[{"embeddable":true,"href":"https:\/\/go-microdose.com\/de\/wp-json\/wp\/v2\/media\/65341"}],"wp:attachment":[{"href":"https:\/\/go-microdose.com\/de\/wp-json\/wp\/v2\/media?parent=65339"}],"wp:term":[{"taxonomy":"product_brand","embeddable":true,"href":"https:\/\/go-microdose.com\/de\/wp-json\/wp\/v2\/product_brand?post=65339"},{"taxonomy":"product_cat","embeddable":true,"href":"https:\/\/go-microdose.com\/de\/wp-json\/wp\/v2\/product_cat?post=65339"},{"taxonomy":"product_tag","embeddable":true,"href":"https:\/\/go-microdose.com\/de\/wp-json\/wp\/v2\/product_tag?post=65339"},{"taxonomy":"giftcard-category","embeddable":true,"href":"https:\/\/go-microdose.com\/de\/wp-json\/wp\/v2\/giftcard-category?post=65339"}],"curies":[{"name":"wp","href":"https:\/\/api.w.org\/{rel}","templated":true}]}}