{"id":56490,"date":"2026-03-25T11:18:40","date_gmt":"2026-03-25T10:18:40","guid":{"rendered":"https:\/\/go-microdose.com\/calculadora-de-dosis\/"},"modified":"2026-03-27T13:10:54","modified_gmt":"2026-03-27T12:10:54","slug":"calculadora-de-dosis","status":"publish","type":"page","link":"https:\/\/go-microdose.com\/es\/calculadora-de-dosis\/","title":{"rendered":"Calculadora de dosis"},"content":{"rendered":"<div class=\"wpb-content-wrapper\"><p>[vc_row equal_height=\u00bbyes\u00bb el_class=\u00bbs-mushroom\u00bb][vc_column width=\u00bb5\/12&#8243;][vc_row_inner el_class=\u00bbd-only\u00bb][vc_column_inner][vc_custom_heading text=\u00bbCALCULADORA DE DOSIS\u00bb font_container=\u00bbtag:div|text_align:left\u00bb use_theme_fonts=\u00bbyes\u00bb el_class=\u00bbpr-tag\u00bb][vc_custom_heading source=\u00bbpost_title\u00bb font_container=\u00bbtag:h1|text_align:left\u00bb use_theme_fonts=\u00bbyes\u00bb el_class=\u00bbeffect-title\u00bb][vc_column_text]Utilice nuestra calculadora de dosis para identificar la dosis \u00f3ptima de setas\/trufas m\u00e1gicas seg\u00fan su peso corporal.[\/vc_column_text][\/vc_column_inner][\/vc_row_inner][vc_column_text css=\u00bb\u00bb el_id=\u00bbmore\u00bb]<strong>Gu\u00eda para usar la calculadora de dosis<\/strong><br \/>\nCombine los consejos que hemos proporcionado anteriormente con nuestra calculadora de dosis para establecer con precisi\u00f3n la dosis perfecta para una experiencia \u00fanica y segura. As\u00ed es como debe hacerlo: <\/p>\n<p><strong>Su peso corporal<\/strong><br \/>\nSu peso desempe\u00f1a un papel importante a la hora de determinar la dosis apropiada. Los ensayos cl\u00ednicos suelen utilizar dosis de alrededor de 200-300 mg (0,2-0,3 gramos) de psilocibina para personas que pesan 70 kg, lo que sirve como referencia est\u00e1ndar. Las dosis se ajustan entonces en funci\u00f3n de pesos superiores o inferiores a 70 kg. Recuerde que el peso de un extracto de psilocibina difiere del de las setas frescas o secas, lo que significa que su dosis ser\u00e1 superior a 20 mg.   <\/p>\n<p>Introduzca su peso corporal en kilogramos en la calculadora para obtener una dosis personalizada.<\/p>\n<p><strong>Elegir entre setas m\u00e1gicas o trufas<\/strong><br \/>\nAunque ambas contienen psilocibina, las setas m\u00e1gicas y las trufas presentan diferencias significativas que comienzan con sus patrones de crecimiento. Mientras que las setas brotan sobre el suelo, las trufas son subterr\u00e1neas. Estas diferencias, junto con las diferencias en la retenci\u00f3n de humedad, afectan a la dosis. Independientemente de su elecci\u00f3n (setas, trufas, frescas o secas), la calculadora puede determinar su dosis con precisi\u00f3n.   <\/p>\n<p><strong>Setas\/trufas frescas o secas<\/strong><br \/>\nEl estado f\u00edsico de sus setas o trufas (frescas o secas) afecta significativamente a la dosis. La calculadora tiene esto en cuenta al determinar su dosis. <\/p>\n<p>Como referencia, el peso de las setas frescas se divide generalmente por 10 para establecer el peso de la variedad seca. Las trufas siguen una regla similar. Nuestra calculadora puede manejar eficazmente ambas formas, proporcion\u00e1ndole una dosis precisa.  <\/p>\n<p><strong>Intensidad de viaje preferida<\/strong><br \/>\nUna vez que haya elegido su tipo de psilocibina, considere la intensidad de la experiencia que busca. Nuestra calculadora puede orientarle, tanto si busca una microdosis como una dosis alta. <\/p>\n<p>Si desea una experiencia intensa, elija la opci\u00f3n de \u00abdosis alta\u00bb para obtener una dosis potente. Los principiantes o aquellos con menos experiencia podr\u00edan preferir una dosis m\u00e1s baja. Con la creciente tendencia de la microdosificaci\u00f3n, ahora podr\u00eda ser el momento perfecto para probarla. La elecci\u00f3n es suya, pero recuerde: proceda con respeto y precauci\u00f3n.[\/vc_column_text][\/vc_column][vc_column width=\u00bb1\/12&#8243;][\/vc_column][vc_column width=\u00bb6\/12&#8243; el_class=\u00bbmo-1&#8243;][vc_row_inner el_class=\u00bbm-only\u00bb][vc_column_inner][vc_custom_heading text=\u00bbCALCULADORA DE DOSIS\u00bb font_container=\u00bbtag:div|text_align:left\u00bb use_theme_fonts=\u00bbyes\u00bb el_class=\u00bbpr-tag\u00bb][vc_custom_heading source=\u00bbpost_title\u00bb font_container=\u00bbtag:h1|text_align:left\u00bb use_theme_fonts=\u00bbyes\u00bb el_class=\u00bbeffect-title\u00bb][vc_column_text]Use nuestra calculadora de setas m\u00e1gicas para determinar una dosis de setas m\u00e1gicas\/trufas seg\u00fan su peso. Se admiten setas, trufas, frescas y secas.[\/vc_column_text][\/vc_column_inner][\/vc_row_inner][vc_raw_html el_class=\u00bbimage-with-shadow gray\u00bb]W211c2hyb29tY2FsY3VsYXRvcl0=[\/vc_raw_html][\/vc_column][\/vc_row][vc_section full_width=\u00bbstretch_row_content\u00bb el_class=\u00bbbutton-section\u00bb css=\u00bb.vc_custom_1685278442884{background-color: #ffffff !important;}\u00bb][vc_row el_class=\u00bbonly-text-content\u00bb][vc_column el_class=\u00bbcontainer\u00bb][vc_row_inner el_class=\u00bbabout-text-column\u00bb][vc_column_inner width=\u00bb1\/2&#8243;][vc_custom_heading text=\u00bbConsejo\u00bb font_container=\u00bbtag:h5|text_align:left\u00bb use_theme_fonts=\u00bbyes\u00bb el_class=\u00bbpr-tag\u00bb][vc_custom_heading text=\u00bbLa importancia de una dosificaci\u00f3n correcta\u00bb font_container=\u00bbtag:h2|text_align:left|color:%23000000&#8243; use_theme_fonts=\u00bbyes\u00bb][vc_column_text el_class=\u00bbproduct-copy-description\u00bb]Elegir la dosis adecuada para su viaje psicod\u00e9lico es fundamental. Una dosis excesiva puede provocar una experiencia desagradable, mientras que una dosis demasiado peque\u00f1a podr\u00eda no producir los efectos deseados. Para los usuarios primerizos, comenzar con una dosis baja es crucial. Aunque las respuestas de las personas a las setas m\u00e1gicas o trufas var\u00edan, determinar la dosis correcta es clave para una experiencia gratificante.   <\/p>\n<p><strong>Mejora de la precisi\u00f3n de la dosis<\/strong><br \/>\nPara aumentar la precisi\u00f3n en la dosificaci\u00f3n, considere promediar la potencia de su fuente. Combine diferentes lotes y mu\u00e9lalos juntos para lograr un nivel de potencia uniforme. Este m\u00e9todo simplifica y estandariza la dosificaci\u00f3n.[\/vc_column_text][\/vc_column_inner][vc_column_inner width=\u00bb1\/2&#8243;][vc_custom_heading text=\u00bbInformaci\u00f3n\u00bb font_container=\u00bbtag:h5|text_align:left\u00bb use_theme_fonts=\u00bbyes\u00bb el_class=\u00bbpr-tag\u00bb][vc_custom_heading text=\u00bbComprensi\u00f3n de la tolerancia a las setas\u00bb font_container=\u00bbtag:h2|text_align:left|color:%23000000&#8243; use_theme_fonts=\u00bbyes\u00bb][vc_column_text el_class=\u00bbeffect-description\u00bb]Con el tiempo, el consumo frecuente de setas o trufas podr\u00eda generar una tolerancia desarrollada, lo que significa que podr\u00eda necesitar dosis m\u00e1s altas para lograr los mismos efectos que antes. Si observa que la potencia disminuye con el tiempo, considere un descanso de tolerancia. Esto suele implicar un descanso de 2 semanas del consumo, lo que permite que su cuerpo se reinicie y procese completamente cualquier psilocibina residual.  <\/p>\n<p>Si bien la tolerancia es un factor importante, nuestra calculadora no la tiene en cuenta y asume que los usuarios no tienen tolerancia acumulada. Si ha consumido setas o trufas en las \u00faltimas dos semanas, considere esperar el resto del descanso de dos semanas antes de usar la calculadora. Alternativamente, podr\u00eda aumentar ligeramente la dosis para compensar cualquier posible tolerancia.[\/vc_column_text][\/vc_column_inner][\/vc_row_inner][\/vc_column][\/vc_row][\/vc_section][vc_section full_width=\u00bbstretch_row\u00bb el_class=\u00bbrelated-products show-m\u00bb][vc_row el_class=\u00bbs-our-products\u00bb][vc_column][vc_custom_heading text=\u00bbproductos\u00bb font_container=\u00bbtag:div|text_align:center\u00bb use_theme_fonts=\u00bbyes\u00bb el_class=\u00bbpr-tag\u00bb][vc_custom_heading text=\u00bbNuestros productos\u00bb font_container=\u00bbtag:h3|text_align:center\u00bb use_theme_fonts=\u00bbyes\u00bb el_class=\u00bbeffect-title\u00bb][vc_single_image image=\u00bb56254&#8243; img_size=\u00bbfull\u00bb el_class=\u00bbfix-image\u00bb]<div class=\"woocommerce columns-3 \"><ul class=\"products columns-3\">\n<li class=\"product type-product post-61302 status-publish first instock product_cat-accesorios has-post-thumbnail taxable shipping-taxable purchasable product-type-simple\"   >\n\t<a href=\"https:\/\/go-microdose.com\/es\/producto\/bascula-de-precision\/\" class=\"woocommerce-LoopProduct-link woocommerce-loop-product__link\"><div class=\"image-wrap\"><img decoding=\"async\" width=\"500\" height=\"410\" src=\"https:\/\/go-microdose.com\/wp-content\/uploads\/2022\/11\/PS1-500x410.png\" class=\"attachment-woocommerce_thumbnail size-woocommerce_thumbnail\" alt=\"b\u00e1scula de precisi\u00f3n 2\" srcset=\"https:\/\/go-microdose.com\/wp-content\/uploads\/2022\/11\/PS1-500x410.png 500w, https:\/\/go-microdose.com\/wp-content\/uploads\/2022\/11\/PS1-200x164.png 200w, https:\/\/go-microdose.com\/wp-content\/uploads\/2022\/11\/PS1-1000x820.png 1000w, https:\/\/go-microdose.com\/wp-content\/uploads\/2022\/11\/PS1-300x246.png 300w, https:\/\/go-microdose.com\/wp-content\/uploads\/2022\/11\/PS1-1024x839.png 1024w, https:\/\/go-microdose.com\/wp-content\/uploads\/2022\/11\/PS1-768x630.png 768w, https:\/\/go-microdose.com\/wp-content\/uploads\/2022\/11\/PS1-1536x1259.png 1536w, https:\/\/go-microdose.com\/wp-content\/uploads\/2022\/11\/PS1-2048x1679.png 2048w\" sizes=\"(max-width: 500px) 100vw, 500px\" \/><\/div><div class=\"info-wrap\"><h2 class=\"woocommerce-loop-product__title\">B\u00e1scula de precisi\u00f3n<\/h2><\/a>\n\t<div class=\"woocommerce-product-rating\">\n\t\t<div class=\"star-rating\" role=\"img\" aria-label=\"Valorado con 5.00 de 5\"><span style=\"width:100%\">Valorado con <strong class=\"rating\">5.00<\/strong> de 5 en base a <span class=\"rating\">1<\/span> valoraci\u00f3n de un cliente<\/span><\/div>\t\t\t\t\t\t\t\t<a href=\"#reviews\" class=\"woocommerce-review-link\" rel=\"nofollow\"><span class=\"count\">1<\/span> valoraci\u00f3n<\/a>\n\t\t\t\t\t\t<\/div>\n\n<div class=\"short-description\"><ul>\n<li>De 0 a 500 g con una precisi\u00f3n de 0,01 g<\/li>\n<li>pantalla de 6 d\u00edgitos con retroiluminaci\u00f3n azul<\/li>\n<li>lectura en g, oz, tl o ct<\/li>\n<li>se apaga autom\u00e1ticamente tras 30 segundos<\/li>\n<li>funci\u00f3n de tara y recuento.<\/li>\n<li>dimensiones: largo 11,5 cm (An) 6 cm (Pr) 1,8 cm<\/li>\n<li>funciona con 2 pilas AAA (incluidas)<\/li>\n<li>Manual en ingl\u00e9s.<\/li>\n<\/ul>\n<ul class=\"more\"><li>&amp; m\u00e1s<\/li><\/ul><\/div><\/div><\/a><div class=\"addto-wrap\">\n\t<span class=\"price\"><span class=\"woocommerce-Price-amount amount\"><bdi><span class=\"woocommerce-Price-currencySymbol\">&#36;<\/span>27,50<\/bdi><\/span><\/span>\n<a href=\"\/es\/wp-json\/wp\/v2\/pages\/56490?add-to-cart=61302\" aria-describedby=\"woocommerce_loop_add_to_cart_link_describedby_61302\" data-quantity=\"1\" class=\"button product_type_simple add_to_cart_button ajax_add_to_cart\" data-product_id=\"61302\" data-product_sku=\"\" aria-label=\"A\u00f1adir al carrito: &ldquo;B\u00e1scula de precisi\u00f3n&rdquo;\" rel=\"nofollow\" data-success_message=\"\u00abB\u00e1scula de precisi\u00f3n\u00bb se ha a\u00f1adido a tu carrito\" role=\"button\">+ A\u00f1adir<\/a>\t<span id=\"woocommerce_loop_add_to_cart_link_describedby_61302\" class=\"screen-reader-text\">\n\t\t\t<\/span>\n<span class=\"gtm4wp_productdata\" style=\"display:none; visibility:hidden;\" data-gtm4wp_product_data=\"{&quot;internal_id&quot;:61302,&quot;item_id&quot;:61302,&quot;item_name&quot;:&quot;B\\u00e1scula de precisi\\u00f3n&quot;,&quot;sku&quot;:61302,&quot;price&quot;:27.5,&quot;stocklevel&quot;:null,&quot;stockstatus&quot;:&quot;instock&quot;,&quot;google_business_vertical&quot;:&quot;retail&quot;,&quot;item_category&quot;:&quot;&quot;,&quot;id&quot;:61302,&quot;productlink&quot;:&quot;https:\\\/\\\/go-microdose.com\\\/es\\\/producto\\\/bascula-de-precision\\\/&quot;,&quot;item_list_name&quot;:&quot;Lista general de productos&quot;,&quot;index&quot;:1,&quot;product_type&quot;:&quot;simple&quot;,&quot;item_brand&quot;:&quot;&quot;}\"><\/span><div class=\"more-info\"><a href=https:\/\/go-microdose.com\/es\/producto\/bascula-de-precision\/>Vista<\/a><\/div><\/div><\/li>\n<li class=\"product type-product post-61360 status-publish instock product_cat-microdosis has-post-thumbnail taxable shipping-taxable purchasable product-type-simple\"   >\n\t<a href=\"https:\/\/go-microdose.com\/es\/producto\/comience-como-desee\/\" class=\"woocommerce-LoopProduct-link woocommerce-loop-product__link\"><div class=\"image-wrap\"><img decoding=\"async\" width=\"500\" height=\"410\" src=\"https:\/\/go-microdose.com\/wp-content\/uploads\/2022\/11\/start-as-you-wisht-1-500x410.png\" class=\"attachment-woocommerce_thumbnail size-woocommerce_thumbnail\" alt=\"Comience la microdosis como desee\" srcset=\"https:\/\/go-microdose.com\/wp-content\/uploads\/2022\/11\/start-as-you-wisht-1-500x410.png 500w, https:\/\/go-microdose.com\/wp-content\/uploads\/2022\/11\/start-as-you-wisht-1-300x246.png 300w, https:\/\/go-microdose.com\/wp-content\/uploads\/2022\/11\/start-as-you-wisht-1-1024x839.png 1024w, https:\/\/go-microdose.com\/wp-content\/uploads\/2022\/11\/start-as-you-wisht-1-768x630.png 768w, https:\/\/go-microdose.com\/wp-content\/uploads\/2022\/11\/start-as-you-wisht-1-1536x1259.png 1536w, https:\/\/go-microdose.com\/wp-content\/uploads\/2022\/11\/start-as-you-wisht-1-2048x1679.png 2048w, https:\/\/go-microdose.com\/wp-content\/uploads\/2022\/11\/start-as-you-wisht-1-1000x820.png 1000w, https:\/\/go-microdose.com\/wp-content\/uploads\/2022\/11\/start-as-you-wisht-1-200x164.png 200w\" sizes=\"(max-width: 500px) 100vw, 500px\" \/><\/div><div class=\"info-wrap\"><h2 class=\"woocommerce-loop-product__title\">Comience como desee<\/h2><\/a>\n\t<div class=\"woocommerce-product-rating\">\n\t\t<div class=\"star-rating\" role=\"img\" aria-label=\"Valorado con 5.00 de 5\"><span style=\"width:100%\">Valorado con <strong class=\"rating\">5.00<\/strong> de 5 en base a <span class=\"rating\">14<\/span> valoraci\u00f3n de un cliente<\/span><\/div>\t\t\t\t\t\t\t\t<a href=\"#reviews\" class=\"woocommerce-review-link\" rel=\"nofollow\"><span class=\"count\">14<\/span> rese\u00f1as<\/a>\n\t\t\t\t\t\t<\/div>\n\n<div class=\"short-description\"><ul>\n<li>Una tira contiene 6 microdosis de trufa de 1 gramo<\/li>\n<li>Trufa: Esclerocios de la trufa Mexicana<\/li>\n<li>100% Biol\u00f3gica producida en los Pa\u00edses Bajos<\/li>\n<li>En el frigor\u00edfico, las trufas selladas se conservan de 2 a 3 meses<\/li>\n<li>1 tira es suficiente para unas 2 semanas<\/li>\n<li>Gu\u00eda de uso de microdosis incluida<\/li>\n<li>Enviamos a muchos pa\u00edses <strong><a href=\"https:\/\/go-microdose.com\/shipping\/\">(leer m\u00e1s)<\/a><\/strong><\/li>\n<li>Entrega discreta posible<\/li>\n<\/ul>\n<ul class=\"more\"><li>&amp; m\u00e1s<\/li><\/ul><\/div><\/div><\/a><div class=\"addto-wrap\">\n\t<span class=\"price\"><span class=\"woocommerce-Price-amount amount\"><bdi><span class=\"woocommerce-Price-currencySymbol\">&#36;<\/span>21,75<\/bdi><\/span><\/span>\n<span class=\"icon-vegan\">Vegano<\/span><a href=\"\/es\/wp-json\/wp\/v2\/pages\/56490?add-to-cart=61360\" aria-describedby=\"woocommerce_loop_add_to_cart_link_describedby_61360\" data-quantity=\"1\" class=\"button product_type_simple add_to_cart_button ajax_add_to_cart\" data-product_id=\"61360\" data-product_sku=\"PSB01\" aria-label=\"A\u00f1adir al carrito: &ldquo;Comience como desee&rdquo;\" rel=\"nofollow\" data-success_message=\"\u00abComience como desee\u00bb se ha a\u00f1adido a tu carrito\" role=\"button\">+ A\u00f1adir<\/a>\t<span id=\"woocommerce_loop_add_to_cart_link_describedby_61360\" class=\"screen-reader-text\">\n\t\t\t<\/span>\n<span class=\"gtm4wp_productdata\" style=\"display:none; visibility:hidden;\" data-gtm4wp_product_data=\"{&quot;internal_id&quot;:61360,&quot;item_id&quot;:61360,&quot;item_name&quot;:&quot;Comience como desee&quot;,&quot;sku&quot;:&quot;PSB01&quot;,&quot;price&quot;:21.75,&quot;stocklevel&quot;:null,&quot;stockstatus&quot;:&quot;instock&quot;,&quot;google_business_vertical&quot;:&quot;retail&quot;,&quot;item_category&quot;:&quot;Microdosis&quot;,&quot;id&quot;:61360,&quot;productlink&quot;:&quot;https:\\\/\\\/go-microdose.com\\\/es\\\/producto\\\/comience-como-desee\\\/&quot;,&quot;item_list_name&quot;:&quot;Lista general de productos&quot;,&quot;index&quot;:2,&quot;product_type&quot;:&quot;simple&quot;,&quot;item_brand&quot;:&quot;&quot;}\"><\/span><div class=\"more-info\"><a href=https:\/\/go-microdose.com\/es\/producto\/comience-como-desee\/>Vista<\/a><\/div><\/div><\/li>\n<li class=\"product type-product post-61172 status-publish last instock product_cat-accesorios has-post-thumbnail taxable shipping-taxable purchasable product-type-simple\"   >\n\t<a href=\"https:\/\/go-microdose.com\/es\/producto\/contenedor-de-bolsillo\/\" class=\"woocommerce-LoopProduct-link woocommerce-loop-product__link\"><div class=\"image-wrap\"><img decoding=\"async\" width=\"500\" height=\"410\" src=\"https:\/\/go-microdose.com\/wp-content\/uploads\/2023\/03\/SH3-Copy-500x410.png\" class=\"attachment-woocommerce_thumbnail size-woocommerce_thumbnail\" alt=\"Contenedor de bolsillo\" srcset=\"https:\/\/go-microdose.com\/wp-content\/uploads\/2023\/03\/SH3-Copy-500x410.png 500w, https:\/\/go-microdose.com\/wp-content\/uploads\/2023\/03\/SH3-Copy-200x164.png 200w, https:\/\/go-microdose.com\/wp-content\/uploads\/2023\/03\/SH3-Copy-1000x820.png 1000w, https:\/\/go-microdose.com\/wp-content\/uploads\/2023\/03\/SH3-Copy-300x246.png 300w, https:\/\/go-microdose.com\/wp-content\/uploads\/2023\/03\/SH3-Copy-1024x839.png 1024w, https:\/\/go-microdose.com\/wp-content\/uploads\/2023\/03\/SH3-Copy-768x630.png 768w, https:\/\/go-microdose.com\/wp-content\/uploads\/2023\/03\/SH3-Copy.png 1220w\" sizes=\"(max-width: 500px) 100vw, 500px\" \/><\/div><div class=\"info-wrap\"><h2 class=\"woocommerce-loop-product__title\">Contenedor de bolsillo<\/h2><\/a><div class=\"short-description\"><ul>\n<li>Contenedor de bolsillo para dividir sus dosis diarias<\/li>\n<li>Contiene 3 compartimentos que se pueden desenroscar<\/li>\n<li>Resistente al agua y la humedad<\/li>\n<li>Fabricado en aluminio resistente<\/li>\n<\/ul>\n<ul class=\"more\"><li>&amp; m\u00e1s<\/li><\/ul><\/div><\/div><\/a><div class=\"addto-wrap\">\n\t<span class=\"price\"><span class=\"woocommerce-Price-amount amount\"><bdi><span class=\"woocommerce-Price-currencySymbol\">&#36;<\/span>15,75<\/bdi><\/span><\/span>\n<a href=\"\/es\/wp-json\/wp\/v2\/pages\/56490?add-to-cart=61172\" aria-describedby=\"woocommerce_loop_add_to_cart_link_describedby_61172\" data-quantity=\"1\" class=\"button product_type_simple add_to_cart_button ajax_add_to_cart\" data-product_id=\"61172\" data-product_sku=\"\" aria-label=\"A\u00f1adir al carrito: &ldquo;Contenedor de bolsillo&rdquo;\" rel=\"nofollow\" data-success_message=\"\u00abContenedor de bolsillo\u00bb se ha a\u00f1adido a tu carrito\" role=\"button\">+ A\u00f1adir<\/a>\t<span id=\"woocommerce_loop_add_to_cart_link_describedby_61172\" class=\"screen-reader-text\">\n\t\t\t<\/span>\n<span class=\"gtm4wp_productdata\" style=\"display:none; visibility:hidden;\" data-gtm4wp_product_data=\"{&quot;internal_id&quot;:61172,&quot;item_id&quot;:61172,&quot;item_name&quot;:&quot;Contenedor de bolsillo&quot;,&quot;sku&quot;:61172,&quot;price&quot;:15.75,&quot;stocklevel&quot;:null,&quot;stockstatus&quot;:&quot;instock&quot;,&quot;google_business_vertical&quot;:&quot;retail&quot;,&quot;item_category&quot;:&quot;Accesorios&quot;,&quot;id&quot;:61172,&quot;productlink&quot;:&quot;https:\\\/\\\/go-microdose.com\\\/es\\\/producto\\\/contenedor-de-bolsillo\\\/&quot;,&quot;item_list_name&quot;:&quot;Lista general de productos&quot;,&quot;index&quot;:3,&quot;product_type&quot;:&quot;simple&quot;,&quot;item_brand&quot;:&quot;&quot;}\"><\/span><div class=\"more-info\"><a href=https:\/\/go-microdose.com\/es\/producto\/contenedor-de-bolsillo\/>Vista<\/a><\/div><\/div><\/li>\n<\/ul>\n<\/div>[\/vc_column][\/vc_row][\/vc_section]<\/p>\n<\/div>","protected":false},"excerpt":{"rendered":"<p>[vc_row equal_height=\u00bbyes\u00bb el_class=\u00bbs-mushroom\u00bb][vc_column width=\u00bb5\/12&#8243;][vc_row_inner el_class=\u00bbd-only\u00bb][vc_column_inner][vc_custom_heading text=\u00bbCALCULADORA DE DOSIS\u00bb font_container=\u00bbtag:div|text_align:left\u00bb use_theme_fonts=\u00bbyes\u00bb el_class=\u00bbpr-tag\u00bb][vc_custom_heading source=\u00bbpost_title\u00bb font_container=\u00bbtag:h1|text_align:left\u00bb use_theme_fonts=\u00bbyes\u00bb el_class=\u00bbeffect-title\u00bb][vc_column_text]Utilice nuestra calculadora de dosis para identificar la dosis \u00f3ptima de setas\/trufas m\u00e1gicas seg\u00fan su peso corporal.[\/vc_column_text][\/vc_column_inner][\/vc_row_inner][vc_column_text css=\u00bb\u00bb el_id=\u00bbmore\u00bb]Gu\u00eda para usar la calculadora de dosis Combine los consejos que hemos proporcionado anteriormente con nuestra calculadora de dosis para establecer con precisi\u00f3n [&hellip;]<\/p>\n","protected":false},"author":5548,"featured_media":0,"parent":0,"menu_order":0,"comment_status":"closed","ping_status":"closed","template":"","meta":{"_acf_changed":false,"footnotes":""},"class_list":["post-56490","page","type-page","status-publish","hentry"],"acf":[],"_links":{"self":[{"href":"https:\/\/go-microdose.com\/es\/wp-json\/wp\/v2\/pages\/56490","targetHints":{"allow":["GET"]}}],"collection":[{"href":"https:\/\/go-microdose.com\/es\/wp-json\/wp\/v2\/pages"}],"about":[{"href":"https:\/\/go-microdose.com\/es\/wp-json\/wp\/v2\/types\/page"}],"author":[{"embeddable":true,"href":"https:\/\/go-microdose.com\/es\/wp-json\/wp\/v2\/users\/5548"}],"replies":[{"embeddable":true,"href":"https:\/\/go-microdose.com\/es\/wp-json\/wp\/v2\/comments?post=56490"}],"version-history":[{"count":0,"href":"https:\/\/go-microdose.com\/es\/wp-json\/wp\/v2\/pages\/56490\/revisions"}],"wp:attachment":[{"href":"https:\/\/go-microdose.com\/es\/wp-json\/wp\/v2\/media?parent=56490"}],"curies":[{"name":"wp","href":"https:\/\/api.w.org\/{rel}","templated":true}]}}