{"id":56564,"date":"2026-03-25T11:19:32","date_gmt":"2026-03-25T10:19:32","guid":{"rendered":"https:\/\/go-microdose.com\/aviso-medico\/"},"modified":"2026-03-27T09:11:56","modified_gmt":"2026-03-27T08:11:56","slug":"aviso-medico","status":"publish","type":"page","link":"https:\/\/go-microdose.com\/es\/aviso-medico\/","title":{"rendered":"Aviso m\u00e9dico"},"content":{"rendered":"<div class=\"wpb-content-wrapper\"><p>[vc_section][vc_row][vc_column][vc_custom_heading text=\u00bbAviso m\u00e9dico\u00bb font_container=\u00bbtag:h1|text_align:center\u00bb use_theme_fonts=\u00bbyes\u00bb el_class=\u00bbeffect-title\u00bb][vc_column_text]La informaci\u00f3n proporcionada en este sitio web tiene fines educativos e informativos \u00fanicamente y no pretende sustituir el asesoramiento, diagn\u00f3stico o tratamiento m\u00e9dico profesional. El uso de la microdosificaci\u00f3n con trufas o cualquier otro r\u00e9gimen de salud debe consultarse siempre con un profesional sanitario cualificado. <\/p>\n<p>El contenido de este sitio web no pretende sustituir el asesoramiento, diagn\u00f3stico o tratamiento m\u00e9dico profesional. Consulte siempre a su m\u00e9dico u otro profesional sanitario cualificado si tiene alguna pregunta sobre una afecci\u00f3n m\u00e9dica o un tratamiento, y antes de emprender un nuevo r\u00e9gimen de cuidado de la salud. <\/p>\n<p>La informaci\u00f3n de este sitio web no constituye asesoramiento m\u00e9dico y no pretende diagnosticar, tratar, curar ni prevenir ninguna enfermedad. El uso de la microdosificaci\u00f3n con trufas o cualquier otro r\u00e9gimen de salud puede conllevar riesgos potenciales y solo debe llevarse a cabo bajo la supervisi\u00f3n de un profesional m\u00e9dico cualificado. <\/p>\n<p>Cualquier confianza que deposite en la informaci\u00f3n presentada en este sitio web es bajo su propia responsabilidad. El propietario del sitio web y sus colaboradores no se hacen responsables de ning\u00fan error, omisi\u00f3n o inexactitud en el contenido, ni de las acciones realizadas bas\u00e1ndose en dicha informaci\u00f3n. <\/p>\n<p>Consulte siempre con un profesional sanitario cualificado antes de realizar cualquier cambio en su dieta, rutina de ejercicio o r\u00e9gimen de medicaci\u00f3n. No ignore el asesoramiento m\u00e9dico profesional ni retrase su b\u00fasqueda por algo que haya le\u00eddo en este sitio web. <\/p>\n<p>Al utilizar este sitio web, usted reconoce que ha le\u00eddo este aviso y acepta sus t\u00e9rminos.[\/vc_column_text][\/vc_column][\/vc_row][\/vc_section]<\/p>\n<\/div>","protected":false},"excerpt":{"rendered":"<p>[vc_section][vc_row][vc_column][vc_custom_heading text=\u00bbAviso m\u00e9dico\u00bb font_container=\u00bbtag:h1|text_align:center\u00bb use_theme_fonts=\u00bbyes\u00bb el_class=\u00bbeffect-title\u00bb][vc_column_text]La informaci\u00f3n proporcionada en este sitio web tiene fines educativos e informativos \u00fanicamente y no pretende sustituir el asesoramiento, diagn\u00f3stico o tratamiento m\u00e9dico profesional. El uso de la microdosificaci\u00f3n con trufas o cualquier otro r\u00e9gimen de salud debe consultarse siempre con un profesional sanitario cualificado. El contenido de este sitio [&hellip;]<\/p>\n","protected":false},"author":5548,"featured_media":0,"parent":0,"menu_order":0,"comment_status":"closed","ping_status":"open","template":"page-content.php","meta":{"_acf_changed":false,"footnotes":""},"class_list":["post-56564","page","type-page","status-publish","hentry"],"acf":[],"_links":{"self":[{"href":"https:\/\/go-microdose.com\/es\/wp-json\/wp\/v2\/pages\/56564","targetHints":{"allow":["GET"]}}],"collection":[{"href":"https:\/\/go-microdose.com\/es\/wp-json\/wp\/v2\/pages"}],"about":[{"href":"https:\/\/go-microdose.com\/es\/wp-json\/wp\/v2\/types\/page"}],"author":[{"embeddable":true,"href":"https:\/\/go-microdose.com\/es\/wp-json\/wp\/v2\/users\/5548"}],"replies":[{"embeddable":true,"href":"https:\/\/go-microdose.com\/es\/wp-json\/wp\/v2\/comments?post=56564"}],"version-history":[{"count":0,"href":"https:\/\/go-microdose.com\/es\/wp-json\/wp\/v2\/pages\/56564\/revisions"}],"wp:attachment":[{"href":"https:\/\/go-microdose.com\/es\/wp-json\/wp\/v2\/media?parent=56564"}],"curies":[{"name":"wp","href":"https:\/\/api.w.org\/{rel}","templated":true}]}}