{"id":56568,"date":"2026-03-25T11:19:34","date_gmt":"2026-03-25T10:19:34","guid":{"rendered":"https:\/\/go-microdose.com\/contacto\/"},"modified":"2026-03-27T13:08:46","modified_gmt":"2026-03-27T12:08:46","slug":"contacto","status":"publish","type":"page","link":"https:\/\/go-microdose.com\/es\/contacto\/","title":{"rendered":"Contacto"},"content":{"rendered":"<div class=\"wpb-content-wrapper\"><p>[vc_section full_width=\u00bbstretch_row_content\u00bb el_class=\u00bbcontact-main-section-with-af\u00bb][vc_row el_class=\u00bbcontact-section\u00bb][vc_column el_class=\u00bbcontainer\u00bb][vc_row_inner][vc_column_inner width=\u00bb5\/12&#8243;][vc_custom_heading text=\u00bbContacto\u00bb font_container=\u00bbtag:h5|text_align:left\u00bb use_theme_fonts=\u00bbyes\u00bb el_class=\u00bbpr-tag\u00bb][vc_custom_heading text=\u00bbNuestra direcci\u00f3n\u00bb use_theme_fonts=\u00bbyes\u00bb el_class=\u00bbcontact-text\u00bb][vc_column_text el_class=\u00bbcontact-column\u00bb]<\/p>\n<div class=\"footer-contact\">\n<div class=\"row\">\n<div class=\"col-md-6\"><strong>Direcci\u00f3n postal:<\/strong><a href=\"https:\/\/maps.app.goo.gl\/oqjU55d14rR5Kgep6\" target=\"_blank\" rel=\"noopener\">Joop Geesinkweg 601,<br \/>\n1114AB \u00c1msterdam<br \/>\n<\/a><\/div>\n<div class=\"col-md-6\"><strong>Atenci\u00f3n al cliente<\/strong><br \/>\nLu \u2013 Vi: 9:00 a 17:00 (GMT+1)<br \/>\n<a href=\"mailto:info@go-microdose.com\">info@go-microdose.com<\/a><\/div>\n<\/div>\n<\/div>\n<p class=\"p1\"><strong>KVK:<\/strong> 87887274<br \/>\n<strong>IVA:<\/strong> NL864437584B01<\/p>\n<div class=\"footer-social\">\n<ul class=\"social-media\">\n<li class=\"sm-icon email\"><a href=\"mailto:info@go-microdose.com\"><img decoding=\"async\" src=\"https:\/\/go-microdose.com\/wp-content\/uploads\/2021\/10\/email.svg\" alt=\"correo electr\u00f3nico\" width=\"19\"><\/a><\/li>\n<li class=\"sm-icon face-book\"><a href=\"https:\/\/www.facebook.com\/gomicrodose\" target=\"_blank\" rel=\"noopener\"><img decoding=\"async\" src=\"https:\/\/go-microdose.com\/wp-content\/uploads\/2021\/10\/facebook.svg\" alt=\"facebook\" width=\"9\"><\/a><\/li>\n<li class=\"sm-icon insta\"><a href=\"https:\/\/www.instagram.com\/go.microdose\/\" target=\"_blank\" rel=\"noopener\"><img decoding=\"async\" src=\"https:\/\/go-microdose.com\/wp-content\/uploads\/2021\/10\/instagram.svg\" alt=\"instagram\" width=\"18\"><\/a><\/li>\n<li class=\"sm-icon discord\"><a href=\"https:\/\/discord.gg\/F2HUnHyrdr\" target=\"_blank\" rel=\"noopener\"><img decoding=\"async\" src=\"https:\/\/go-microdose.com\/wp-content\/uploads\/2023\/07\/discord.svg\" alt=\"discord\" width=\"18\"><\/a><\/li>\n<\/ul>\n<\/div>\n<p>[\/vc_column_text][vc_wp_text title=\u00bb\u00bfBusca actualizaciones de seguimiento?\u00bb el_class=\u00bbb-block\u00bb]Para obtener informaci\u00f3n detallada sobre el estado de entrega de su pedido, visite nuestra p\u00e1gina de env\u00edos. All\u00ed tendr\u00e1 la opci\u00f3n de introducir su n\u00famero de seguimiento y obtener actualizaciones en tiempo real sobre el progreso de su env\u00edo. <\/p>\n<p><a class=\"button vc_btn3-style-outline\" href=\"https:\/\/go-microdose.com\/es\/envio\/\">M\u00e1s informaci\u00f3n<\/a>[\/vc_wp_text][\/vc_column_inner][vc_column_inner width=\u00bb1\/12&#8243;][\/vc_column_inner][vc_column_inner width=\u00bb6\/12&#8243;][vc_custom_heading text=\u00bb\u00bfPreguntas o comentarios?\u00bb use_theme_fonts=\u00bbyes\u00bb el_class=\u00bbcontact-form-title\u00bb]\n<div class=\"wpcf7 no-js\" id=\"wpcf7-f57946-o1\" lang=\"es-ES\" dir=\"ltr\" data-wpcf7-id=\"57946\">\n<div class=\"screen-reader-response\"><p role=\"status\" aria-live=\"polite\" aria-atomic=\"true\"><\/p> <ul><\/ul><\/div>\n<form action=\"\/es\/wp-json\/wp\/v2\/pages\/56568#wpcf7-f57946-o1\" method=\"post\" class=\"wpcf7-form init\" aria-label=\"Formulario de contacto\" novalidate=\"novalidate\" data-status=\"init\">\n<fieldset class=\"hidden-fields-container\"><input type=\"hidden\" name=\"_wpcf7\" value=\"57946\" \/><input type=\"hidden\" name=\"_wpcf7_version\" value=\"6.1.5\" \/><input type=\"hidden\" name=\"_wpcf7_locale\" value=\"es_ES\" \/><input type=\"hidden\" name=\"_wpcf7_unit_tag\" value=\"wpcf7-f57946-o1\" \/><input type=\"hidden\" name=\"_wpcf7_container_post\" value=\"0\" \/><input type=\"hidden\" name=\"_wpcf7_posted_data_hash\" value=\"\" \/><input type=\"hidden\" name=\"_wpcf7_recaptcha_response\" value=\"\" \/>\n<\/fieldset>\n<div class=\"contact-form\">\n\t<div class=\"form-row\">\n\t\t<p><span class=\"wpcf7-form-control-wrap\" data-name=\"Naam\"><input size=\"40\" maxlength=\"400\" class=\"wpcf7-form-control wpcf7-text form-field\" aria-invalid=\"false\" placeholder=\"Nombre\" value=\"\" type=\"text\" name=\"Naam\" \/><\/span>\n\t\t<\/p>\n\t<\/div>\n\t<div class=\"form-row\">\n\t\t<p><span class=\"wpcf7-form-control-wrap\" data-name=\"Email\"><input size=\"40\" maxlength=\"400\" class=\"wpcf7-form-control wpcf7-email wpcf7-validates-as-required wpcf7-text wpcf7-validates-as-email form-field\" aria-required=\"true\" aria-invalid=\"false\" placeholder=\"Correo electr\u00f3nico\" value=\"\" type=\"email\" name=\"Email\" \/><\/span>\n\t\t<\/p>\n\t<\/div>\n\t<div class=\"form-row\">\n\t\t<p><span class=\"wpcf7-form-control-wrap\" data-name=\"your-message\"><textarea cols=\"40\" rows=\"10\" maxlength=\"2000\" class=\"wpcf7-form-control wpcf7-textarea form-field\" aria-invalid=\"false\" placeholder=\"Pregunta o comentario\u2026\" name=\"your-message\"><\/textarea><\/span>\n\t\t<\/p>\n\t<\/div>\n\t<div class=\"form-row checkbox\">\n\t\t<p><span class=\"wpcf7-form-control-wrap\" data-name=\"agree\"><span class=\"wpcf7-form-control wpcf7-acceptance\"><span class=\"wpcf7-list-item\"><label><input type=\"checkbox\" name=\"agree\" value=\"1\" aria-invalid=\"false\" \/><span class=\"wpcf7-list-item-label\">Acepto el <a href=\"\/privacy-policy\/\" target=\"_blank\"> aviso de privacidad<\/a><\/span><\/label><\/span><\/span><\/span>\n\t\t<\/p>\n\t<\/div>\n\t<div class=\"form-row\">\n\t<span class=\"wpcf7-form-control-wrap recaptcha\" data-name=\"recaptcha\"><span data-sitekey=\"6LcxYnAUAAAAAK0N-eell9CfBJrJukJ8yVIG3u5S\" class=\"wpcf7-form-control wpcf7-recaptcha g-recaptcha\"><\/span>\r\n<noscript>\r\n\t<div class=\"grecaptcha-noscript\">\r\n\t\t<iframe src=\"https:\/\/www.google.com\/recaptcha\/api\/fallback?k=6LcxYnAUAAAAAK0N-eell9CfBJrJukJ8yVIG3u5S\" frameborder=\"0\" scrolling=\"no\" width=\"310\" height=\"430\">\r\n\t\t<\/iframe>\r\n\t\t<textarea name=\"g-recaptcha-response\" rows=\"3\" cols=\"40\" placeholder=\"Aqu\u00ed la respuesta de reCAPTCHA\">\r\n\t\t<\/textarea>\r\n\t<\/div>\r\n<\/noscript>\r\n<\/span>\n\t<\/div>\n\t<div class=\"form-row submit\">\n\t\t<p><button class=\"button vc_btn3-style-modern\"><input class=\"wpcf7-form-control wpcf7-submit has-spinner\" type=\"submit\" value=\"Enviar\" \/><\/button>\n\t\t<\/p>\n\t<\/div>\n<\/div><div class=\"wpcf7-response-output\" aria-hidden=\"true\"><\/div>\n<\/form>\n<\/div>\n[\/vc_column_inner][\/vc_row_inner][\/vc_column][\/vc_row][\/vc_section]<\/p>\n<\/div>","protected":false},"excerpt":{"rendered":"<p>[vc_section full_width=\u00bbstretch_row_content\u00bb el_class=\u00bbcontact-main-section-with-af\u00bb][vc_row el_class=\u00bbcontact-section\u00bb][vc_column el_class=\u00bbcontainer\u00bb][vc_row_inner][vc_column_inner width=\u00bb5\/12&#8243;][vc_custom_heading text=\u00bbContacto\u00bb font_container=\u00bbtag:h5|text_align:left\u00bb use_theme_fonts=\u00bbyes\u00bb el_class=\u00bbpr-tag\u00bb][vc_custom_heading text=\u00bbNuestra direcci\u00f3n\u00bb use_theme_fonts=\u00bbyes\u00bb el_class=\u00bbcontact-text\u00bb][vc_column_text el_class=\u00bbcontact-column\u00bb] Direcci\u00f3n postal:Joop Geesinkweg 601, 1114AB \u00c1msterdam Atenci\u00f3n al cliente Lu \u2013 Vi: 9:00 a 17:00 (GMT+1) info@go-microdose.com KVK: 87887274 IVA: NL864437584B01 [\/vc_column_text][vc_wp_text title=\u00bb\u00bfBusca actualizaciones de seguimiento?\u00bb el_class=\u00bbb-block\u00bb]Para obtener informaci\u00f3n detallada sobre el estado de entrega de su pedido, visite nuestra [&hellip;]<\/p>\n","protected":false},"author":5548,"featured_media":0,"parent":0,"menu_order":0,"comment_status":"closed","ping_status":"closed","template":"","meta":{"_acf_changed":false,"footnotes":""},"class_list":["post-56568","page","type-page","status-publish","hentry"],"acf":[],"_links":{"self":[{"href":"https:\/\/go-microdose.com\/es\/wp-json\/wp\/v2\/pages\/56568","targetHints":{"allow":["GET"]}}],"collection":[{"href":"https:\/\/go-microdose.com\/es\/wp-json\/wp\/v2\/pages"}],"about":[{"href":"https:\/\/go-microdose.com\/es\/wp-json\/wp\/v2\/types\/page"}],"author":[{"embeddable":true,"href":"https:\/\/go-microdose.com\/es\/wp-json\/wp\/v2\/users\/5548"}],"replies":[{"embeddable":true,"href":"https:\/\/go-microdose.com\/es\/wp-json\/wp\/v2\/comments?post=56568"}],"version-history":[{"count":0,"href":"https:\/\/go-microdose.com\/es\/wp-json\/wp\/v2\/pages\/56568\/revisions"}],"wp:attachment":[{"href":"https:\/\/go-microdose.com\/es\/wp-json\/wp\/v2\/media?parent=56568"}],"curies":[{"name":"wp","href":"https:\/\/api.w.org\/{rel}","templated":true}]}}