{"id":56620,"date":"2026-03-25T11:20:09","date_gmt":"2026-03-25T10:20:09","guid":{"rendered":"https:\/\/go-microdose.com\/terminos-y-condiciones\/"},"modified":"2026-03-30T09:25:13","modified_gmt":"2026-03-30T07:25:13","slug":"terminos-del-servicio-del-programa-de-afiliados-de-go","status":"publish","type":"page","link":"https:\/\/go-microdose.com\/es\/terminos-del-servicio-del-programa-de-afiliados-de-go\/","title":{"rendered":"T\u00e9rminos del servicio del Programa de Afiliados de GO"},"content":{"rendered":"<h1>T\u00e9rminos del servicio del Programa de Afiliados de GO<\/h1>\n<h2>Acuerdo<\/h2>\n<p>Al registrarse para ser Afiliado en el Programa de Afiliados de GO (el \u201cPrograma\u201d), usted acepta quedar vinculado por los siguientes t\u00e9rminos y condiciones (los \u201cT\u00e9rminos del servicio\u201d).<\/p>\n<p><strong>GO<\/strong> se reserva el derecho de actualizar y modificar los T\u00e9rminos del servicio peri\u00f3dicamente y sin previo aviso. Cualquier nueva funcionalidad que ampl\u00ede o mejore el Programa actual, incluida la publicaci\u00f3n de nuevas herramientas y recursos, estar\u00e1 sujeta a los T\u00e9rminos del servicio. El uso continuado del Programa tras dichos cambios constituir\u00e1 su aceptaci\u00f3n de los mismos.<\/p>\n<p>El incumplimiento de cualquiera de los t\u00e9rminos que se indican a continuaci\u00f3n dar\u00e1 lugar a la cancelaci\u00f3n de su Cuenta y a la p\u00e9rdida de cualquier pago de comisiones de afiliado pendiente obtenido durante el incumplimiento. Usted acepta utilizar el Programa de Afiliados bajo su propia responsabilidad.<\/p>\n<h2>Condiciones de la cuenta<\/h2>\n<ul>\n<li>Debe tener 18 a\u00f1os o m\u00e1s para formar parte de este Programa.<\/li>\n<li>Debe residir en Estados Unidos para ser Afiliado.<\/li>\n<li>Debe ser una persona. No se permiten cuentas registradas por \u201cbots\u201d u otros m\u00e9todos automatizados.<\/li>\n<li>Debe proporcionar su nombre legal completo, una direcci\u00f3n de correo electr\u00f3nico v\u00e1lida y cualquier otra informaci\u00f3n solicitada para completar el proceso de registro.<\/li>\n<li>Su acceso solo puede ser utilizado por una persona; no se permite un \u00fanico acceso compartido por varias personas.<\/li>\n<li>Usted es responsable de mantener la seguridad de su cuenta y contrase\u00f1a. <strong>GO<\/strong> no puede ni ser\u00e1 responsable de ninguna p\u00e9rdida o da\u00f1o derivados de su incumplimiento de esta obligaci\u00f3n de seguridad.<\/li>\n<li>Usted es responsable de todo el Contenido publicado y de la actividad que se produzca en su cuenta.<\/li>\n<li>Una persona o entidad jur\u00eddica no puede mantener m\u00e1s de una cuenta.<\/li>\n<li>No puede utilizar el Programa de Afiliados para ning\u00fan fin ilegal o no autorizado. No debe, al utilizar el Servicio, infringir ninguna ley de su jurisdicci\u00f3n (incluidas, entre otras, las leyes de derechos de autor).<\/li>\n<li>No puede utilizar el Programa de Afiliados para ganar dinero con sus propias cuentas de productos de <strong>GO<\/strong>.<\/li>\n<\/ul>\n<h2>Enlaces\/gr\u00e1ficos en su sitio, en sus correos electr\u00f3nicos u otras comunicaciones<\/h2>\n<p>Una vez que se haya registrado en el Programa de Afiliados, se le asignar\u00e1 un C\u00f3digo de Afiliado \u00fanico. Se le permite colocar en su sitio, en sus correos electr\u00f3nicos o en otras comunicaciones enlaces, banners u otros gr\u00e1ficos que le proporcionemos con su C\u00f3digo de Afiliado. Le facilitaremos directrices, estilos de enlace y material gr\u00e1fico para enlazar con <strong>GO<\/strong>. Podemos cambiar el dise\u00f1o del material gr\u00e1fico en cualquier momento sin previo aviso, pero no cambiaremos las dimensiones de las im\u00e1genes sin el aviso correspondiente.<\/p>\n<p>Para permitir un seguimiento, informes y acumulaci\u00f3n de comisiones por recomendaci\u00f3n precisos, le proporcionaremos formatos de enlace especiales que deber\u00e1n utilizarse en todos los enlaces entre su sitio y <strong>GO<\/strong>. Debe asegurarse de que cada uno de los enlaces entre su sitio y <strong>GO<\/strong> utilice correctamente dichos formatos de enlace especiales. Los enlaces a <strong>GO<\/strong> colocados en su sitio conforme a este Acuerdo y que utilicen correctamente dichos formatos de enlace especiales se denominan \u201cEnlaces especiales\u201d. Usted solo obtendr\u00e1 comisiones por recomendaci\u00f3n respecto de las ventas de un producto de <strong>GO<\/strong> que se produzcan directamente a trav\u00e9s de Enlaces especiales; no seremos responsables ante usted por cualquier fallo suyo o de alguien a quien usted remita en el uso de Enlaces especiales o por teclear incorrectamente su C\u00f3digo de Afiliado, incluso en la medida en que dicho fallo pueda dar lugar a una reducci\u00f3n de los importes que, de otro modo, se le pagar\u00edan conforme a este Acuerdo.<\/p>\n<p>Los enlaces de afiliado deben dirigir a la p\u00e1gina del producto que se promociona.<\/p>\n<h2>Comisiones por recomendaci\u00f3n\/comisiones y pago<\/h2>\n<p>Para que la venta de un Producto sea apta para generar una comisi\u00f3n por recomendaci\u00f3n, el cliente debe hacer clic en un Enlace especial desde su sitio, correo electr\u00f3nico u otras comunicaciones hacia <strong>https:\/\/go-microdose.com<\/strong> y completar un pedido de un producto durante esa sesi\u00f3n.<\/p>\n<p>Solo pagaremos comisiones por enlaces que nuestros sistemas rastreen y registren autom\u00e1ticamente. No pagaremos comisiones si alguien afirma que compr\u00f3 o que introdujo un c\u00f3digo de recomendaci\u00f3n si no fue registrado por nuestro sistema. Solo podemos pagar comisiones por negocio generado a trav\u00e9s de enlaces especiales con el formato correcto que hayan sido rastreados autom\u00e1ticamente por nuestros sistemas.<\/p>\n<p>Nos reservamos el derecho de descalificar comisiones obtenidas mediante m\u00e9todos de venta o marketing fraudulentos, ilegales o excesivamente agresivos o cuestionables.<\/p>\n<p>Los pagos solo comienzan una vez que haya obtenido m\u00e1s de <strong>$20<\/strong> en ingresos de afiliado. Si su cuenta de afiliado nunca supera el umbral de <strong>$20<\/strong>, sus comisiones no se har\u00e1n efectivas ni se pagar\u00e1n. Solo somos responsables de pagar a las cuentas que hayan superado el umbral de <strong>$20<\/strong>.<\/p>\n<h2>Identificarse como Afiliado de GO<\/h2>\n<p>No puede emitir ning\u00fan comunicado de prensa con respecto a este Acuerdo o a su participaci\u00f3n en el Programa; dicha acci\u00f3n puede dar lugar a su expulsi\u00f3n del Programa. Adem\u00e1s, no puede, de ninguna manera, tergiversar o exagerar la relaci\u00f3n entre nosotros y usted, afirmar que desarrolla nuestros productos, afirmar que forma parte de <strong>GO<\/strong> ni expresar o insinuar ninguna relaci\u00f3n o afiliaci\u00f3n entre nosotros y usted o cualquier otra persona o entidad, salvo en la medida expresamente permitida por este Acuerdo (incluido expresar o insinuar que apoyamos, patrocinamos, avalamos o aportamos dinero a cualquier organizaci\u00f3n ben\u00e9fica u otra causa).<\/p>\n<p>No puede comprar productos a trav\u00e9s de sus enlaces de afiliado para su propio uso. Dichas compras pueden dar lugar (a nuestra entera discreci\u00f3n) a la retenci\u00f3n de comisiones por recomendaci\u00f3n y\/o a la rescisi\u00f3n de este Acuerdo.<\/p>\n<h2>Calendario de pagos<\/h2>\n<p>Siempre que sus ganancias actuales como afiliado superen los <strong>$20<\/strong>, se le pagar\u00e1 cada mes. Si no ha ganado <strong>$20<\/strong> desde su \u00faltimo pago, se le pagar\u00e1 el mes siguiente despu\u00e9s de superar el umbral.<\/p>\n<h2>Definici\u00f3n de cliente<\/h2>\n<p>Los clientes que compren productos a trav\u00e9s de este Programa se considerar\u00e1n nuestros clientes. En consecuencia, todas nuestras normas, pol\u00edticas y procedimientos operativos relativos a pedidos de clientes, atenci\u00f3n al cliente y ventas de productos se aplicar\u00e1n a dichos clientes. Podemos modificar nuestras pol\u00edticas y procedimientos operativos en cualquier momento. Por ejemplo, determinaremos los precios que se cobrar\u00e1n por los productos vendidos en virtud de este Programa de acuerdo con nuestras propias pol\u00edticas de precios. Los precios y la disponibilidad de los productos pueden variar peri\u00f3dicamente. Dado que los cambios de precio pueden afectar a los Productos que usted haya listado en su sitio, no debe mostrar precios de productos en su sitio. Realizaremos esfuerzos comercialmente razonables para presentar informaci\u00f3n precisa, pero no podemos garantizar la disponibilidad o el precio de ning\u00fan producto en particular.<\/p>\n<h2>Sus responsabilidades<\/h2>\n<p>Usted ser\u00e1 el \u00fanico responsable del desarrollo, funcionamiento y mantenimiento de su sitio y de todos los materiales que aparezcan en \u00e9l. Por ejemplo, usted ser\u00e1 el \u00fanico responsable de:<\/p>\n<p>\u2013 El funcionamiento t\u00e9cnico de su sitio y de todo el equipo relacionado<br \/>\n\u2013 Garantizar que la visualizaci\u00f3n de Enlaces especiales en su sitio no infringe ning\u00fan acuerdo entre usted y un tercero (incluidas, sin limitaci\u00f3n, cualesquiera restricciones o requisitos impuestos por un tercero que aloje su sitio)<br \/>\n\u2013 La exactitud, veracidad y idoneidad de los materiales publicados en su sitio (incluidos, entre otros, todos los materiales relacionados con los Productos y cualquier informaci\u00f3n que usted incluya en los Enlaces especiales o asocie a ellos)<br \/>\n\u2013 Garantizar que los materiales publicados en su sitio no vulneran ni infringen los derechos de terceros (incluidos, por ejemplo, derechos de autor, marcas, privacidad u otros derechos personales o de propiedad)<br \/>\n\u2013 Garantizar que los materiales publicados en su sitio no sean difamatorios ni ilegales de otro modo<br \/>\n\u2013 Garantizar que su sitio revele de forma precisa y adecuada, ya sea mediante una pol\u00edtica de privacidad o de otro modo, c\u00f3mo recopila, utiliza, almacena y divulga los datos recopilados de los visitantes, incluyendo, cuando proceda, que terceros (incluidos anunciantes) pueden ofrecer contenido y\/o anuncios y recopilar informaci\u00f3n directamente de los visitantes, y pueden colocar o reconocer cookies en los navegadores de los visitantes.<\/p>\n<h2>Cumplimiento de la legislaci\u00f3n<\/h2>\n<p>Como condici\u00f3n para su participaci\u00f3n en el Programa, usted acepta que, mientras sea participante del Programa, cumplir\u00e1 todas las leyes, ordenanzas, normas, reglamentos, \u00f3rdenes, licencias, permisos, sentencias, decisiones u otros requisitos de cualquier autoridad gubernamental que tenga jurisdicci\u00f3n sobre usted, tanto si dichas leyes, etc. est\u00e1n actualmente en vigor como si entran en vigor posteriormente durante el tiempo en que usted sea participante del Programa. Sin limitar la obligaci\u00f3n anterior, usted acepta que, como condici\u00f3n para su participaci\u00f3n en el Programa, cumplir\u00e1 todas las leyes aplicables (federales, estatales o de otro tipo) que regulen el correo electr\u00f3nico de marketing, incluidas, sin limitaci\u00f3n, la Ley CAN-SPAM de 2003 y todas las dem\u00e1s leyes anti-spam.<\/p>\n<h2>Vigencia del Acuerdo y del Programa<\/h2>\n<p>La vigencia de este Acuerdo comenzar\u00e1 cuando aceptemos su solicitud al Programa y finalizar\u00e1 cuando cualquiera de las partes lo rescinda. Usted o nosotros podremos rescindir este Acuerdo en cualquier momento, con o sin causa, notific\u00e1ndolo por escrito a la otra parte. Tras la rescisi\u00f3n de este Acuerdo por cualquier motivo, usted dejar\u00e1 de usar inmediatamente y eliminar\u00e1 de su sitio todos los enlaces a <strong>https:\/\/go-microdose.com<\/strong>, as\u00ed como todas nuestras marcas, imagen comercial (trade dress) y logotipos, y todos los dem\u00e1s materiales proporcionados por nosotros o en nuestro nombre a usted en virtud del presente o en relaci\u00f3n con el Programa. <strong>GO<\/strong> se reserva el derecho de finalizar el Programa en cualquier momento. Tras la finalizaci\u00f3n del Programa, <strong>GO<\/strong> pagar\u00e1 cualquier ganancia pendiente acumulada por encima de <strong>$20<\/strong>.<\/p>\n<h2>Rescisi\u00f3n<\/h2>\n<p><strong>GO<\/strong>, a su entera discreci\u00f3n, tiene derecho a suspender o cancelar su cuenta y a rechazar cualquier uso actual o futuro del Programa, o de cualquier otro servicio de <strong>GO<\/strong>, por cualquier motivo y en cualquier momento. Dicha rescisi\u00f3n del Servicio dar\u00e1 lugar a la desactivaci\u00f3n o eliminaci\u00f3n de su Cuenta o de su acceso a su Cuenta, y a la p\u00e9rdida y renuncia de todas las comisiones potenciales o pendientes de pago en su Cuenta si se obtuvieron mediante m\u00e9todos de venta o marketing fraudulentos, ilegales o excesivamente agresivos o cuestionables. <strong>GO<\/strong> se reserva el derecho de rechazar el servicio a cualquier persona por cualquier motivo y en cualquier momento.<\/p>\n<h2>Relaci\u00f3n entre las partes<\/h2>\n<p>Usted y nosotros somos contratistas independientes, y nada en este Acuerdo crear\u00e1 una relaci\u00f3n de sociedad, empresa conjunta, agencia, franquicia, representante de ventas o relaci\u00f3n laboral entre las partes. Usted no tendr\u00e1 autoridad para realizar o aceptar ofertas o declaraciones en nuestro nombre. Usted no realizar\u00e1 ninguna declaraci\u00f3n, ya sea en su sitio o de otro modo, que razonablemente contradiga cualquier aspecto de esta Secci\u00f3n.<\/p>\n<h2>Limitaciones de responsabilidad<\/h2>\n<p>No seremos responsables de da\u00f1os indirectos, especiales o consecuentes (ni de ninguna p\u00e9rdida de ingresos, beneficios o datos) que surjan en relaci\u00f3n con este Acuerdo o el Programa, incluso si se nos ha advertido de la posibilidad de dichos da\u00f1os. Adem\u00e1s, nuestra responsabilidad total derivada de este Acuerdo y del Programa no exceder\u00e1 el total de las comisiones por recomendaci\u00f3n pagadas o pagaderas a usted en virtud de este Acuerdo.<\/p>\n<h2>Exenciones de responsabilidad<\/h2>\n<p>No ofrecemos garant\u00edas ni declaraciones, expresas o impl\u00edcitas, con respecto al Programa o a cualquier producto vendido a trav\u00e9s del Programa (incluidas, sin limitaci\u00f3n, garant\u00edas de idoneidad, comerciabilidad, no infracci\u00f3n o cualquier garant\u00eda impl\u00edcita derivada de un curso de ejecuci\u00f3n, trato o uso comercial). Adem\u00e1s, no declaramos que el funcionamiento de <strong>GO<\/strong> sea ininterrumpido o est\u00e9 libre de errores, y no seremos responsables de las consecuencias de cualquier interrupci\u00f3n o error.<\/p>\n<h2>Investigaci\u00f3n independiente<\/h2>\n<p>USTED RECONOCE QUE HA LE\u00cdDO ESTE ACUERDO Y ACEPTA TODOS SUS T\u00c9RMINOS Y CONDICIONES. USTED ENTIENDE QUE PODEMOS EN CUALQUIER MOMENTO (DIRECTA O INDIRECTAMENTE) SOLICITAR REFERENCIAS DE CLIENTES EN CONDICIONES QUE PUEDEN DIFERIR DE LAS CONTENIDAS EN ESTE ACUERDO U OPERAR SITIOS WEB QUE SEAN SIMILARES A SU SITIO WEB O COMPITAN CON \u00c9L. USTED HA EVALUADO DE FORMA INDEPENDIENTE LA CONVENIENCIA DE PARTICIPAR EN EL PROGRAMA Y NO SE BASA EN NINGUNA REPRESENTACI\u00d3N, GARANT\u00cdA O DECLARACI\u00d3N DISTINTA DE LA ESTABLECIDA EN ESTE ACUERDO.<\/p>\n<h2>Arbitraje<\/h2>\n<p>Cualquier disputa relacionada de cualquier manera con este Acuerdo (incluido cualquier incumplimiento real o presunto del mismo), cualquier transacci\u00f3n o actividad en virtud de este Acuerdo o su relaci\u00f3n con nosotros o con cualquiera de nuestras filiales se someter\u00e1 a arbitraje confidencial, salvo que, en la medida en que usted haya infringido o amenazado con infringir nuestros derechos de propiedad intelectual, podamos solicitar medidas cautelares u otra reparaci\u00f3n adecuada ante cualquier tribunal estatal o federal (y usted consiente la jurisdicci\u00f3n y competencia no exclusivas de dichos tribunales) o cualquier otro tribunal competente. El arbitraje en virtud de este acuerdo se llevar\u00e1 a cabo conforme a las normas vigentes en ese momento de la American Arbitration Association. El laudo del \u00e1rbitro ser\u00e1 vinculante y podr\u00e1 inscribirse como sentencia en cualquier tribunal competente. En la m\u00e1xima medida permitida por la legislaci\u00f3n aplicable, ning\u00fan arbitraje en virtud de este Acuerdo se acumular\u00e1 a un arbitraje que involucre a cualquier otra parte sujeta a este Acuerdo, ya sea mediante procedimientos de arbitraje colectivo o de otro modo.<\/p>\n<h2>Miscel\u00e1nea<\/h2>\n<p>Este Acuerdo se regir\u00e1 por las leyes de Estados Unidos, sin referencia a las normas sobre conflicto de leyes. Usted no puede ceder este Acuerdo, por ministerio de la ley o de otro modo, sin nuestro consentimiento previo por escrito. Sujeto a dicha restricci\u00f3n, este Acuerdo ser\u00e1 vinculante para las partes, redundar\u00e1 en su beneficio y ser\u00e1 exigible frente a ellas y sus respectivos sucesores y cesionarios. El hecho de que no exijamos su cumplimiento estricto de cualquier disposici\u00f3n de este Acuerdo no constituir\u00e1 una renuncia a nuestro derecho a exigir posteriormente el cumplimiento de dicha disposici\u00f3n o de cualquier otra disposici\u00f3n de este Acuerdo.<\/p>\n<p>El hecho de que <strong>GO<\/strong> no ejerza o no haga valer cualquier derecho o disposici\u00f3n de los T\u00e9rminos del servicio no constituir\u00e1 una renuncia a dicho derecho o disposici\u00f3n. Los T\u00e9rminos del servicio constituyen el acuerdo \u00edntegro entre usted y <strong>GO<\/strong> y rigen el uso del Servicio, sustituyendo cualquier acuerdo previo entre usted y <strong>GO<\/strong> (incluidas, entre otras, versiones anteriores de los T\u00e9rminos del servicio).<\/p>\n","protected":false},"excerpt":{"rendered":"<p>T\u00e9rminos del servicio del Programa de Afiliados de GO Acuerdo Al registrarse para ser Afiliado en el Programa de Afiliados de GO (el \u201cPrograma\u201d), usted acepta quedar vinculado por los siguientes t\u00e9rminos y condiciones (los \u201cT\u00e9rminos del servicio\u201d). GO se reserva el derecho de actualizar y modificar los T\u00e9rminos del servicio peri\u00f3dicamente y sin previo [&hellip;]<\/p>\n","protected":false},"author":5548,"featured_media":0,"parent":0,"menu_order":0,"comment_status":"closed","ping_status":"closed","template":"","meta":{"_acf_changed":false,"footnotes":""},"class_list":["post-56620","page","type-page","status-publish","hentry"],"acf":[],"_links":{"self":[{"href":"https:\/\/go-microdose.com\/es\/wp-json\/wp\/v2\/pages\/56620","targetHints":{"allow":["GET"]}}],"collection":[{"href":"https:\/\/go-microdose.com\/es\/wp-json\/wp\/v2\/pages"}],"about":[{"href":"https:\/\/go-microdose.com\/es\/wp-json\/wp\/v2\/types\/page"}],"author":[{"embeddable":true,"href":"https:\/\/go-microdose.com\/es\/wp-json\/wp\/v2\/users\/5548"}],"replies":[{"embeddable":true,"href":"https:\/\/go-microdose.com\/es\/wp-json\/wp\/v2\/comments?post=56620"}],"version-history":[{"count":0,"href":"https:\/\/go-microdose.com\/es\/wp-json\/wp\/v2\/pages\/56620\/revisions"}],"wp:attachment":[{"href":"https:\/\/go-microdose.com\/es\/wp-json\/wp\/v2\/media?parent=56620"}],"curies":[{"name":"wp","href":"https:\/\/api.w.org\/{rel}","templated":true}]}}