{"id":56688,"date":"2026-03-25T11:20:51","date_gmt":"2026-03-25T10:20:51","guid":{"rendered":"https:\/\/go-microdose.com\/como-funciona\/"},"modified":"2026-03-27T09:13:49","modified_gmt":"2026-03-27T08:13:49","slug":"como-funciona","status":"publish","type":"page","link":"https:\/\/go-microdose.com\/es\/como-funciona\/","title":{"rendered":"C\u00f3mo funciona"},"content":{"rendered":"<div class=\"wpb-content-wrapper\"><p>[vc_section full_width=\u00bbstretch_row_content\u00bb full_height=\u00bbyes\u00bb el_class=\u00bbeffect-main-section hoe-het-main-section\u00bb css=\u00bb.vc_custom_1640248116192{padding-bottom: 0px !important;}\u00bb][vc_row full_height=\u00bbyes\u00bb css_animation=\u00bbnone\u00bb el_class=\u00bbhoe-het-werkt-row\u00bb][vc_column el_class=\u00bbcontainer\u00bb][vc_row_inner content_placement=\u00bbmiddle\u00bb el_class=\u00bbrow-reverse\u00bb][vc_column_inner el_class=\u00bbhoe-het-werkt-image-column\u00bb width=\u00bb1\/2&#8243;][vc_single_image image=\u00bb56699&#8243; img_size=\u00bbfull\u00bb css_animation=\u00bbnone\u00bb el_class=\u00bbimage-with-shadow\u00bb][vc_single_image image=\u00bb56254&#8243; img_size=\u00bb248X248&#8243; el_class=\u00bbfix-image\u00bb][\/vc_column_inner][vc_column_inner width=\u00bb1\/2&#8243;][vc_custom_heading text=\u00bbExplicaci\u00f3n\u00bb font_container=\u00bbtag:h5|text_align:left|color:%23b1aca7&#8243; use_theme_fonts=\u00bbyes\u00bb css_animation=\u00bbnone\u00bb el_class=\u00bbpr-tag\u00bb][vc_custom_heading text=\u00bb\u00bfC\u00f3mo se microdosifica?\u00bb font_container=\u00bbtag:h2|text_align:left|color:%23000000&#8243; use_theme_fonts=\u00bbyes\u00bb css_animation=\u00bbnone\u00bb el_class=\u00bbeffect-title\u00bb][vc_column_text css_animation=\u00bbnone\u00bb el_class=\u00bbeffect-description\u00bb]\u00bfSiente curiosidad por la microdosificaci\u00f3n con trufas? Nuestro enfoque estructurado lo hace sencillo. Elija entre nuestros tres cursos, adaptados a principiantes, usuarios con experiencia y entusiastas avanzados, cada uno de los cuales ofrece un camino para explorar los beneficios de la microdosificaci\u00f3n. Tanto si busca aumentar su productividad como si pretende elevar su rendimiento, nuestros cursos le proporcionan el marco para alcanzar sus objetivos.   <\/p>\n<p>Descubra el calendario \u00f3ptimo de d\u00edas con microdosificaci\u00f3n y sin microdosificaci\u00f3n dentro de nuestros cursos. Tras completar 2 meses del curso, deje un periodo de descanso de 2 a 4 semanas para evitar la acumulaci\u00f3n de tolerancia, asegur\u00e1ndose de poder experimentar plenamente los efectos rejuvenecedores al retomarlo. <\/p>\n<p>Aunque inscribirse en un curso ofrece la experiencia m\u00e1s completa, tambi\u00e9n se pueden comprar productos individuales, lo que permite flexibilidad para adaptar su experiencia de microdosificaci\u00f3n seg\u00fan sus preferencias. Elija entre nuestras opciones independientes u opte por un curso de 6 o 12 meses para contar con apoyo y beneficios prolongados.[\/vc_column_text][\/vc_column_inner][\/vc_row_inner][\/vc_column][\/vc_row][vc_row el_class=\u00bbmove-next-section\u00bb][vc_column el_class=\u00bbcontainer\u00bb][vc_btn title=\u00bb\u00bfQu\u00e9 curso se adapta a usted?\u00bb style=\u00bbflat\u00bb color=\u00bbblack\u00bb link=\u00bburl:%23choices|\u00bb][\/vc_column][\/vc_row][\/vc_section][vc_section full_width=\u00bbstretch_row_content\u00bb el_class=\u00bbbutton-section pdf-section\u00bb css=\u00bb.vc_custom_1640248169497{background-image: url(https:\/\/go-microdose.com\/wp-content\/uploads\/2021\/12\/background-01.png?id=962) !important;background-position: center !important;background-repeat: no-repeat !important;background-size: cover !important;}\u00bb el_id=\u00bbchoices\u00bb][vc_row][vc_column el_class=\u00bbcontainer\u00bb][vc_row_inner content_placement=\u00bbmiddle\u00bb el_class=\u00bbrow-reverse about-us-row\u00bb][vc_column_inner width=\u00bb5\/12&#8243;][vc_raw_html]PGRpdiBjbGFzcz0icHJvZHVjdC1hdHQiPgogICAgPHVsIGNsYXNzPSJwci1vcHRpb24iPgogICAgICAgIDxsaSBjbGFzcz0iYmVnaW5uZXJzIj4KICAgICAgICAgICAgPGRpdiBjbGFzcz0ibGlzdGluZyI+CiAgICAgICAgICAgICAgICA8aDM+Q3Vyc288L2gzPgogICAgICAgICAgICAgICAgPGgyPlByaW5jaXBpYW50ZTwvaDI+CiAgICAgICAgICAgICAgICA8ZGl2IGNsYXNzPSJ2Y19idG4zLWNvbnRhaW5lciBjc3RtLWJ0biB2Y19idG4zLWxlZnQiPgogICAgICAgICAgICAgICAgICAgIDxhIGhyZWY9Imh0dHBzOi8vZ28tbWljcm9kb3NlLmNvbS9ubC9wcm9kdWN0by9iZWdpbm5lcnMta3V1ci8iPk3DoXMgaW5mb3JtYWNpw7NuPC9hPgogICAgICAgICAgICAgICAgPC9kaXY+CiAgICAgICAgICAgIDwvZGl2PgogICAgICAgIDwvbGk+CiAgICAgICAgPGxpIGNsYXNzPSJleHBlcmllbmNlZCI+CiAgICAgICAgICAgIDxkaXYgY2xhc3M9Imxpc3RpbmciPgogICAgICAgICAgICAgICAgPGgzPkN1cnNvPC9oMz4KICAgICAgICAgICAgICAgIDxoMj5Db24gZXhwZXJpZW5jaWE8L2gyPgogICAgICAgICAgICAgICAgPGRpdiBjbGFzcz0idmNfYnRuMy1jb250YWluZXIgY3N0bS1idG4gdmNfYnRuMy1sZWZ0Ij4KICAgICAgICAgICAgICAgICAgICA8YSBocmVmPSJodHRwczovL2dvLW1pY3JvZG9zZS5jb20vbmwvcHJvZHVjdG8vZXJ2YXJlbi1rdXVyLyI+TcOhcyBpbmZvcm1hY2nDs248L2E+CiAgICAgICAgICAgICAgICA8L2Rpdj4KICAgICAgICAgICAgPC9kaXY+CiAgICAgICAgPC9saT4KICAgICAgICA8bGkgY2xhc3M9ImFkdmFuY2VkIj4KICAgICAgICAgICAgPGRpdiBjbGFzcz0ibGlzdGluZyI+CiAgICAgICAgICAgICAgICA8aDM+Q3Vyc288L2gzPgogICAgICAgICAgICAgICAgPGgyPkF2YW56YWRvPC9oMj4KICAgICAgICAgICAgICAgIDxkaXYgY2xhc3M9InZjX2J0bjMtY29udGFpbmVyIGNzdG0tYnRuIHZjX2J0bjMtbGVmdCI+CiAgICAgICAgICAgICAgICAgICAgPGEgaHJlZj0iaHR0cHM6Ly9nby1taWNyb2Rvc2UuY29tL25sL3Byb2R1Y3RvL2dldm9yZGVyZGVuLWt1dXIvIj5Nw6FzIGluZm9ybWFjacOzbjwvYT4KICAgICAgICAgICAgICAgIDwvZGl2PgogICAgICAgICAgICA8L2Rpdj4KICAgICAgICA8L2xpPgogICAgPC91bD4KPC9kaXY+[\/vc_raw_html][\/vc_column_inner][vc_column_inner el_class=\u00bbabout-text-column\u00bb width=\u00bb7\/12&#8243;][vc_custom_heading text=\u00bbEspecialmente para usted\u00bb font_container=\u00bbtag:h5|text_align:left\u00bb use_theme_fonts=\u00bbyes\u00bb el_class=\u00bbpr-tag\u00bb][vc_custom_heading text=\u00bb\u00bfC\u00f3mo le gustar\u00eda microdosificar?\u00bb font_container=\u00bbtag:h2|text_align:left|color:%23000000&#8243; use_theme_fonts=\u00bbyes\u00bb][vc_column_text el_class=\u00bbproduct-copy-description\u00bb]Empezar un proceso de microdosificaci\u00f3n adaptado a sus necesidades comienza por seleccionar el curso ideal. Nuestro curso para principiantes sirve como introducci\u00f3n perfecta, permiti\u00e9ndole profundizar en los efectos de la microdosificaci\u00f3n mientras documenta meticulosamente sus observaciones y experiencias. Tanto si opta por nuestro curso para principiantes, para usuarios con experiencia o avanzado, llevar un registro de su progreso en un diario o una app le permite distinguir los matices entre los d\u00edas con y sin microdosificaci\u00f3n. De este modo, podr\u00e1 identificar el curso que mejor se ajusta a sus objetivos y preferencias, garantizando los m\u00e1ximos beneficios adaptados exclusivamente a usted.[\/vc_column_text][vc_btn title=\u00bbDescargue nuestro PDF\u00bb style=\u00bboutline\u00bb color=\u00bbblack\u00bb size=\u00bblg\u00bb align=\u00bbleft\u00bb link=\u00bburl:https%3A%2F%2Fgo-microdose.com%2Fwp-content%2Fuploads%2F2022%2F08%2FGO-Microdose-manual.pdf|target:_blank|\u00bb][\/vc_column_inner][\/vc_row_inner][\/vc_column][\/vc_row][\/vc_section][vc_section full_width=\u00bbstretch_row_content\u00bb el_class=\u00bbbutton-section bottom-visible\u00bb css=\u00bb.vc_custom_1635766573746{background-color: #ffffff !important;}\u00bb][vc_row el_class=\u00bbonly-text-content\u00bb][vc_column el_class=\u00bbcontainer\u00bb][vc_row_inner el_class=\u00bbabout-text-column\u00bb][vc_column_inner width=\u00bb1\/2&#8243;][vc_custom_heading text=\u00bbConsejo\u00bb font_container=\u00bbtag:h5|text_align:left\u00bb use_theme_fonts=\u00bbyes\u00bb el_class=\u00bbpr-tag\u00bb][vc_column_text el_class=\u00bbproduct-copy-description\u00bb]<\/p>\n<h2>Incorpore pausas regulares<\/h2>\n<p>Aunque la tentaci\u00f3n de microdosificar a diario puede ser fuerte, es esencial incorporar pausas para obtener resultados \u00f3ptimos. La microdosificaci\u00f3n continua puede disminuir su capacidad para percibir mejoras en productividad, creatividad y estado de \u00e1nimo respecto a su nivel de referencia. Al igual que ocurre con los efectos de la cafe\u00edna, su organismo puede desarrollar tolerancia a la microdosificaci\u00f3n con el tiempo, reduciendo su potencia y beneficios.  <\/p>\n<p>Para mantener la eficacia de la microdosificaci\u00f3n, recomendamos hacer una pausa de al menos 2 a 4 semanas despu\u00e9s de 2 meses de microdosificaci\u00f3n. Este descanso permite que su organismo se reinicie, garantizando que siga experimentando toda la intensidad y los beneficios de la microdosificaci\u00f3n a largo plazo.[\/vc_column_text][\/vc_column_inner][vc_column_inner width=\u00bb1\/2&#8243;][vc_custom_heading text=\u00bbPreste atenci\u00f3n\u00bb font_container=\u00bbtag:h5|text_align:left\u00bb use_theme_fonts=\u00bbyes\u00bb el_class=\u00bbpr-tag\u00bb][vc_custom_heading text=\u00bbNo microdosifique si\u2026\u00bb font_container=\u00bbtag:h2|text_align:left|color:%23000000&#8243; use_theme_fonts=\u00bbyes\u00bb][vc_column_text el_class=\u00bbeffect-description no-checkbox\u00bb]<\/p>\n<ul>\n<li>Es menor de 18 a\u00f1os<\/li>\n<li>Consume alcohol u otras drogas<\/li>\n<li>Padece una afecci\u00f3n o enfermedad mental o f\u00edsica<\/li>\n<li>Experimenta dificultades incontrolables en su vida<\/li>\n<li>Toma carbonato de litio<\/li>\n<li>Tiene antecedentes de psicosis<\/li>\n<li>Tiene una afecci\u00f3n card\u00edaca<\/li>\n<li>Maneja maquinaria pesada<\/li>\n<\/ul>\n<p>[\/vc_column_text][\/vc_column_inner][\/vc_row_inner][\/vc_column][\/vc_row][vc_row el_class=\u00bbcontact-statc-section\u00bb][vc_column el_class=\u00bbcontainer\u00bb][vc_row_inner gap=\u00bb35&#8243; el_class=\u00bbinnr-row-drk\u00bb css=\u00bb.vc_custom_1640088405088{background-position: 0 0 !important;background-repeat: no-repeat !important;}\u00bb][vc_column_inner width=\u00bb1\/2&#8243;][vc_custom_heading text=\u00bbCONTACTO\u00bb font_container=\u00bbtag:h5|text_align:left\u00bb use_theme_fonts=\u00bbyes\u00bb el_class=\u00bbsmall-dark\u00bb][vc_custom_heading text=\u00bb\u00bfTiene preguntas sobre GO Microdose o su uso?\u00bb font_container=\u00bbtag:h4|text_align:left|color:%23ffffff\u00bb use_theme_fonts=\u00bbyes\u00bb el_class=\u00bbtitle-light\u00bb][\/vc_column_inner][vc_column_inner width=\u00bb1\/2&#8243;][vc_column_text el_class=\u00bblight-text\u00bb]Probablemente encontrar\u00e1 la respuesta en las <a href=\"https:\/\/go-microdose.com\/es\/preguntas-frecuentes\/\">preguntas frecuentes.<\/a><br \/>\n\u00bfTiene otra pregunta? Por favor, <a href=\"https:\/\/go-microdose.com\/es\/contacto\/\">p\u00f3ngase en contacto con nosotros<\/a>.[\/vc_column_text][vc_btn title=\u00bbIr a nuestras preguntas frecuentes\u00bb style=\u00bboutline\u00bb color=\u00bbwhite\u00bb size=\u00bblg\u00bb align=\u00bbleft\u00bb link=\u00bburl:https%3A%2F%2Fgo-microdose.com%2Fes%2Fpreguntas-frecuentes%2F|\u00bb][\/vc_column_inner][\/vc_row_inner][\/vc_column][\/vc_row][\/vc_section]<\/p>\n<\/div>","protected":false},"excerpt":{"rendered":"<p>[vc_section full_width=\u00bbstretch_row_content\u00bb full_height=\u00bbyes\u00bb el_class=\u00bbeffect-main-section hoe-het-main-section\u00bb css=\u00bb.vc_custom_1640248116192{padding-bottom: 0px !important;}\u00bb][vc_row full_height=\u00bbyes\u00bb css_animation=\u00bbnone\u00bb el_class=\u00bbhoe-het-werkt-row\u00bb][vc_column el_class=\u00bbcontainer\u00bb][vc_row_inner content_placement=\u00bbmiddle\u00bb el_class=\u00bbrow-reverse\u00bb][vc_column_inner el_class=\u00bbhoe-het-werkt-image-column\u00bb width=\u00bb1\/2&#8243;][vc_single_image image=\u00bb56699&#8243; img_size=\u00bbfull\u00bb css_animation=\u00bbnone\u00bb el_class=\u00bbimage-with-shadow\u00bb][vc_single_image image=\u00bb56254&#8243; img_size=\u00bb248X248&#8243; el_class=\u00bbfix-image\u00bb][\/vc_column_inner][vc_column_inner width=\u00bb1\/2&#8243;][vc_custom_heading text=\u00bbExplicaci\u00f3n\u00bb font_container=\u00bbtag:h5|text_align:left|color:%23b1aca7&#8243; use_theme_fonts=\u00bbyes\u00bb css_animation=\u00bbnone\u00bb el_class=\u00bbpr-tag\u00bb][vc_custom_heading text=\u00bb\u00bfC\u00f3mo se microdosifica?\u00bb font_container=\u00bbtag:h2|text_align:left|color:%23000000&#8243; use_theme_fonts=\u00bbyes\u00bb css_animation=\u00bbnone\u00bb el_class=\u00bbeffect-title\u00bb][vc_column_text css_animation=\u00bbnone\u00bb el_class=\u00bbeffect-description\u00bb]\u00bfSiente curiosidad por la microdosificaci\u00f3n con trufas? Nuestro enfoque estructurado lo hace sencillo. Elija entre nuestros tres cursos, [&hellip;]<\/p>\n","protected":false},"author":5548,"featured_media":0,"parent":0,"menu_order":0,"comment_status":"closed","ping_status":"closed","template":"","meta":{"_acf_changed":false,"footnotes":""},"class_list":["post-56688","page","type-page","status-publish","hentry"],"acf":[],"_links":{"self":[{"href":"https:\/\/go-microdose.com\/es\/wp-json\/wp\/v2\/pages\/56688","targetHints":{"allow":["GET"]}}],"collection":[{"href":"https:\/\/go-microdose.com\/es\/wp-json\/wp\/v2\/pages"}],"about":[{"href":"https:\/\/go-microdose.com\/es\/wp-json\/wp\/v2\/types\/page"}],"author":[{"embeddable":true,"href":"https:\/\/go-microdose.com\/es\/wp-json\/wp\/v2\/users\/5548"}],"replies":[{"embeddable":true,"href":"https:\/\/go-microdose.com\/es\/wp-json\/wp\/v2\/comments?post=56688"}],"version-history":[{"count":0,"href":"https:\/\/go-microdose.com\/es\/wp-json\/wp\/v2\/pages\/56688\/revisions"}],"wp:attachment":[{"href":"https:\/\/go-microdose.com\/es\/wp-json\/wp\/v2\/media?parent=56688"}],"curies":[{"name":"wp","href":"https:\/\/api.w.org\/{rel}","templated":true}]}}